{"id":827,"date":"2022-04-26T10:02:58","date_gmt":"2022-04-26T08:02:58","guid":{"rendered":"https:\/\/www.drocomplex.pl\/projekt\/?page_id=827"},"modified":"2022-04-27T09:42:19","modified_gmt":"2022-04-27T07:42:19","slug":"bielsko-biala-sita-uklad-drogowy","status":"publish","type":"page","link":"https:\/\/www.drocomplex.pl\/projekt\/galeria\/bielsko-biala-sita-uklad-drogowy\/","title":{"rendered":"Bielsko-Bia\u0142a &#8211; SITA &#8211; uk\u0142ad drogowy"},"content":{"rendered":"<!--themify_builder_content-->\n<div id=\"themify_builder_content-827\" data-postid=\"827\" class=\"themify_builder_content themify_builder_content-827 themify_builder tf_clear\">\n                    <div  data-lazy=\"1\" class=\"module_row themify_builder_row tb_ply2643 tb_first tf_w wow\" data-tf-animation=\"fadeIn\">\n                        <div class=\"row_inner col_align_top tb_col_count_1 tf_box tf_rel\">\n                        <div  data-lazy=\"1\" class=\"module_column tb-column col-full tb_kzmj645 first\">\n                            <\/div>\n                        <\/div>\n        <\/div>\n                        <div  data-lazy=\"1\" class=\"module_row themify_builder_row tb_416p650 tf_w wow\" data-tf-animation=\"fadeIn\">\n                        <div class=\"row_inner col_align_top tb_col_count_1 tf_box tf_rel\">\n                        <div  data-lazy=\"1\" class=\"module_column tb-column col-full tb_6g7a651 first\">\n                    <!-- module text -->\n<div  class=\"module module-text tb_3yvb645    wow\" data-tf-animation=\"fadeIn\" data-tf-animation_delay=\"0.5\" data-lazy=\"1\">\n        <div  class=\"tb_text_wrap\">\n        <h1>Bielsko-Bia\u0142a &#8211; SITA &#8211; uk\u0142ad drogowy<\/h1>\n<p>Stabilizacja gruntu rodzimego spoiwem Terramix &#8211; parkingi i uk\u0142ad drogowy przy hali SITA &#8211; Bielsko-Bia\u0142a ul. Reksia.<br>Zakres rob\u00f3t: 8 000 m2, wykonanie etapami: maj &#8211; sierpie\u0144 2016r.<\/p>    <\/div>\n<\/div>\n<!-- \/module text -->        <\/div>\n                        <\/div>\n        <\/div>\n                        <div  data-lazy=\"1\" class=\"module_row themify_builder_row tb_9eub990 tf_w\">\n                        <div class=\"row_inner col_align_top tb_col_count_1 tf_box tf_rel\">\n                        <div  data-lazy=\"1\" class=\"module_column tb-column col-full tb_wrkx990 first\">\n                    <!-- module gallery -->\n<div  class=\"module gallery module-gallery tb_on92918 layout-grid   wow\" data-tf-animation=\"fadeIn\" data-lazy=\"1\">\n    <div class=\"module-gallery-grid\" style=\"--gald:4;--galt:4;--galm:4\">\n            <dl class=\"gallery-item\">\n            <dt class=\"gallery-icon\">\n            <a data-title=\"no\" title=\"\" href=\"https:\/\/www.drocomplex.pl\/projekt\/wp-content\/uploads\/2022\/04\/Reks01.jpg\" data-rel=\"tb_on92918\" class=\"themify_lightbox\"><img loading=\"lazy\" decoding=\"async\" src=\"https:\/\/www.drocomplex.pl\/projekt\/wp-content\/uploads\/2022\/04\/Reks01-1024x576-300x200.jpg\" width=\"300\" height=\"200\" class=\"wp-post-image wp-image-1421\" title=\"Reks01\" alt=\"Reks01\"><\/a>            <\/dt>\n                    <\/dl>\n            <dl class=\"gallery-item\">\n            <dt class=\"gallery-icon\">\n            <a data-title=\"no\" title=\"\" href=\"https:\/\/www.drocomplex.pl\/projekt\/wp-content\/uploads\/2022\/04\/Reks02.jpg\" data-rel=\"tb_on92918\" class=\"themify_lightbox\"><img loading=\"lazy\" decoding=\"async\" src=\"https:\/\/www.drocomplex.pl\/projekt\/wp-content\/uploads\/2022\/04\/Reks02-1024x576-300x200.jpg\" width=\"300\" height=\"200\" class=\"wp-post-image wp-image-1422\" title=\"Reks02\" alt=\"Reks02\"><\/a>            <\/dt>\n                    <\/dl>\n            <dl class=\"gallery-item\">\n            <dt class=\"gallery-icon\">\n            <a data-title=\"no\" title=\"\" href=\"https:\/\/www.drocomplex.pl\/projekt\/wp-content\/uploads\/2022\/04\/Reks03.jpg\" data-rel=\"tb_on92918\" class=\"themify_lightbox\"><img loading=\"lazy\" decoding=\"async\" src=\"https:\/\/www.drocomplex.pl\/projekt\/wp-content\/uploads\/2022\/04\/Reks03-1024x576-300x200.jpg\" width=\"300\" height=\"200\" class=\"wp-post-image wp-image-1423\" title=\"Reks03\" alt=\"Reks03\"><\/a>            <\/dt>\n                    <\/dl>\n            <dl class=\"gallery-item\">\n            <dt class=\"gallery-icon\">\n            <a data-title=\"no\" title=\"\" href=\"https:\/\/www.drocomplex.pl\/projekt\/wp-content\/uploads\/2022\/04\/Reks04.jpg\" data-rel=\"tb_on92918\" class=\"themify_lightbox\"><img loading=\"lazy\" decoding=\"async\" src=\"https:\/\/www.drocomplex.pl\/projekt\/wp-content\/uploads\/2022\/04\/Reks04-1024x576-300x200.jpg\" width=\"300\" height=\"200\" class=\"wp-post-image wp-image-1424\" title=\"Reks04\" alt=\"Reks04\"><\/a>            <\/dt>\n                    <\/dl>\n            <dl class=\"gallery-item\">\n            <dt class=\"gallery-icon\">\n            <a data-title=\"no\" title=\"\" href=\"https:\/\/www.drocomplex.pl\/projekt\/wp-content\/uploads\/2022\/04\/Reks05.jpg\" data-rel=\"tb_on92918\" class=\"themify_lightbox\"><img loading=\"lazy\" decoding=\"async\" src=\"https:\/\/www.drocomplex.pl\/projekt\/wp-content\/uploads\/2022\/04\/Reks05-1024x576-300x200.jpg\" width=\"300\" height=\"200\" class=\"wp-post-image wp-image-1425\" title=\"Reks05\" alt=\"Reks05\"><\/a>            <\/dt>\n                    <\/dl>\n            <dl class=\"gallery-item\">\n            <dt class=\"gallery-icon\">\n            <a data-title=\"no\" title=\"\" href=\"https:\/\/www.drocomplex.pl\/projekt\/wp-content\/uploads\/2022\/04\/Reks06.jpg\" data-rel=\"tb_on92918\" class=\"themify_lightbox\"><img loading=\"lazy\" decoding=\"async\" src=\"https:\/\/www.drocomplex.pl\/projekt\/wp-content\/uploads\/2022\/04\/Reks06-1024x576-300x200.jpg\" width=\"300\" height=\"200\" class=\"wp-post-image wp-image-1426\" title=\"Reks06\" alt=\"Reks06\"><\/a>            <\/dt>\n                    <\/dl>\n            <dl class=\"gallery-item\">\n            <dt class=\"gallery-icon\">\n            <a data-title=\"no\" title=\"\" href=\"https:\/\/www.drocomplex.pl\/projekt\/wp-content\/uploads\/2022\/04\/Reks07.jpg\" data-rel=\"tb_on92918\" class=\"themify_lightbox\"><img loading=\"lazy\" decoding=\"async\" src=\"https:\/\/www.drocomplex.pl\/projekt\/wp-content\/uploads\/2022\/04\/Reks07-1024x576-300x200.jpg\" width=\"300\" height=\"200\" class=\"wp-post-image wp-image-1427\" title=\"Reks07\" alt=\"Reks07\"><\/a>            <\/dt>\n                    <\/dl>\n            <dl class=\"gallery-item\">\n            <dt class=\"gallery-icon\">\n            <a data-title=\"no\" title=\"\" href=\"https:\/\/www.drocomplex.pl\/projekt\/wp-content\/uploads\/2022\/04\/Reks08.jpg\" data-rel=\"tb_on92918\" class=\"themify_lightbox\"><img loading=\"lazy\" decoding=\"async\" src=\"https:\/\/www.drocomplex.pl\/projekt\/wp-content\/uploads\/2022\/04\/Reks08-1024x576-300x200.jpg\" width=\"300\" height=\"200\" class=\"wp-post-image wp-image-1428\" title=\"Reks08\" alt=\"Reks08\"><\/a>            <\/dt>\n                    <\/dl>\n            <dl class=\"gallery-item\">\n            <dt class=\"gallery-icon\">\n            <a data-title=\"no\" title=\"\" href=\"https:\/\/www.drocomplex.pl\/projekt\/wp-content\/uploads\/2022\/04\/Reks09.jpg\" data-rel=\"tb_on92918\" class=\"themify_lightbox\"><img loading=\"lazy\" decoding=\"async\" src=\"https:\/\/www.drocomplex.pl\/projekt\/wp-content\/uploads\/2022\/04\/Reks09-1024x576-300x200.jpg\" width=\"300\" height=\"200\" class=\"wp-post-image wp-image-1429\" title=\"Reks09\" alt=\"Reks09\"><\/a>            <\/dt>\n                    <\/dl>\n            <dl class=\"gallery-item\">\n            <dt class=\"gallery-icon\">\n            <a data-title=\"no\" title=\"\" href=\"https:\/\/www.drocomplex.pl\/projekt\/wp-content\/uploads\/2022\/04\/Reks10.jpg\" data-rel=\"tb_on92918\" class=\"themify_lightbox\"><img loading=\"lazy\" decoding=\"async\" src=\"https:\/\/www.drocomplex.pl\/projekt\/wp-content\/uploads\/2022\/04\/Reks10-1024x576-300x200.jpg\" width=\"300\" height=\"200\" class=\"wp-post-image wp-image-1430\" title=\"Reks10\" alt=\"Reks10\"><\/a>            <\/dt>\n                    <\/dl>\n            <dl class=\"gallery-item\">\n            <dt class=\"gallery-icon\">\n            <a data-title=\"no\" title=\"\" href=\"https:\/\/www.drocomplex.pl\/projekt\/wp-content\/uploads\/2022\/04\/Reks11.jpg\" data-rel=\"tb_on92918\" class=\"themify_lightbox\"><img loading=\"lazy\" decoding=\"async\" src=\"https:\/\/www.drocomplex.pl\/projekt\/wp-content\/uploads\/2022\/04\/Reks11-1024x576-300x200.jpg\" width=\"300\" height=\"200\" class=\"wp-post-image wp-image-1431\" title=\"Reks11\" alt=\"Reks11\"><\/a>            <\/dt>\n                    <\/dl>\n            <dl class=\"gallery-item\">\n            <dt class=\"gallery-icon\">\n            <a data-title=\"no\" title=\"\" href=\"https:\/\/www.drocomplex.pl\/projekt\/wp-content\/uploads\/2022\/04\/Reks12.jpg\" data-rel=\"tb_on92918\" class=\"themify_lightbox\"><img loading=\"lazy\" decoding=\"async\" src=\"https:\/\/www.drocomplex.pl\/projekt\/wp-content\/uploads\/2022\/04\/Reks12-1024x576-300x200.jpg\" width=\"300\" height=\"200\" class=\"wp-post-image wp-image-1432\" title=\"Reks12\" alt=\"Reks12\"><\/a>            <\/dt>\n                    <\/dl>\n            <dl class=\"gallery-item\">\n            <dt class=\"gallery-icon\">\n            <a data-title=\"no\" title=\"\" href=\"https:\/\/www.drocomplex.pl\/projekt\/wp-content\/uploads\/2022\/04\/Reks13.jpg\" data-rel=\"tb_on92918\" class=\"themify_lightbox\"><img loading=\"lazy\" decoding=\"async\" src=\"https:\/\/www.drocomplex.pl\/projekt\/wp-content\/uploads\/2022\/04\/Reks13-1024x576-300x200.jpg\" width=\"300\" height=\"200\" class=\"wp-post-image wp-image-1433\" title=\"Reks13\" alt=\"Reks13\"><\/a>            <\/dt>\n                    <\/dl>\n            <dl class=\"gallery-item\">\n            <dt class=\"gallery-icon\">\n            <a data-title=\"no\" title=\"\" href=\"https:\/\/www.drocomplex.pl\/projekt\/wp-content\/uploads\/2022\/04\/Reks14.jpg\" data-rel=\"tb_on92918\" class=\"themify_lightbox\"><img loading=\"lazy\" decoding=\"async\" src=\"https:\/\/www.drocomplex.pl\/projekt\/wp-content\/uploads\/2022\/04\/Reks14-1024x576-300x200.jpg\" width=\"300\" height=\"200\" class=\"wp-post-image wp-image-1434\" title=\"Reks14\" alt=\"Reks14\"><\/a>            <\/dt>\n                    <\/dl>\n            <dl class=\"gallery-item\">\n            <dt class=\"gallery-icon\">\n            <a data-title=\"no\" title=\"\" href=\"https:\/\/www.drocomplex.pl\/projekt\/wp-content\/uploads\/2022\/04\/Reks15.jpg\" data-rel=\"tb_on92918\" class=\"themify_lightbox\"><img loading=\"lazy\" decoding=\"async\" src=\"https:\/\/www.drocomplex.pl\/projekt\/wp-content\/uploads\/2022\/04\/Reks15-1024x576-300x200.jpg\" width=\"300\" height=\"200\" class=\"wp-post-image wp-image-1435\" title=\"Reks15\" alt=\"Reks15\"><\/a>            <\/dt>\n                    <\/dl>\n            <dl class=\"gallery-item\">\n            <dt class=\"gallery-icon\">\n            <a data-title=\"no\" title=\"\" href=\"https:\/\/www.drocomplex.pl\/projekt\/wp-content\/uploads\/2022\/04\/Reks16.jpg\" data-rel=\"tb_on92918\" class=\"themify_lightbox\"><img loading=\"lazy\" decoding=\"async\" src=\"https:\/\/www.drocomplex.pl\/projekt\/wp-content\/uploads\/2022\/04\/Reks16-1024x576-300x200.jpg\" width=\"300\" height=\"200\" class=\"wp-post-image wp-image-1436\" title=\"Reks16\" alt=\"Reks16\"><\/a>            <\/dt>\n                    <\/dl>\n            <dl class=\"gallery-item\">\n            <dt class=\"gallery-icon\">\n            <a data-title=\"no\" title=\"\" href=\"https:\/\/www.drocomplex.pl\/projekt\/wp-content\/uploads\/2022\/04\/Reks17.jpg\" data-rel=\"tb_on92918\" class=\"themify_lightbox\"><img loading=\"lazy\" decoding=\"async\" src=\"https:\/\/www.drocomplex.pl\/projekt\/wp-content\/uploads\/2022\/04\/Reks17-1024x576-300x200.jpg\" width=\"300\" height=\"200\" class=\"wp-post-image wp-image-1437\" title=\"Reks17\" alt=\"Reks17\"><\/a>            <\/dt>\n                    <\/dl>\n            <dl class=\"gallery-item\">\n            <dt class=\"gallery-icon\">\n            <a data-title=\"no\" title=\"\" href=\"https:\/\/www.drocomplex.pl\/projekt\/wp-content\/uploads\/2022\/04\/Reks18.jpg\" data-rel=\"tb_on92918\" class=\"themify_lightbox\"><img loading=\"lazy\" decoding=\"async\" src=\"https:\/\/www.drocomplex.pl\/projekt\/wp-content\/uploads\/2022\/04\/Reks18-1024x576-300x200.jpg\" width=\"300\" height=\"200\" class=\"wp-post-image wp-image-1438\" title=\"Reks18\" alt=\"Reks18\"><\/a>            <\/dt>\n                    <\/dl>\n            <dl class=\"gallery-item\">\n            <dt class=\"gallery-icon\">\n            <a data-title=\"no\" title=\"\" href=\"https:\/\/www.drocomplex.pl\/projekt\/wp-content\/uploads\/2022\/04\/Reks19.jpg\" data-rel=\"tb_on92918\" class=\"themify_lightbox\"><img loading=\"lazy\" decoding=\"async\" src=\"https:\/\/www.drocomplex.pl\/projekt\/wp-content\/uploads\/2022\/04\/Reks19-1024x576-300x200.jpg\" width=\"300\" height=\"200\" class=\"wp-post-image wp-image-1439\" title=\"Reks19\" alt=\"Reks19\"><\/a>            <\/dt>\n                    <\/dl>\n            <dl class=\"gallery-item\">\n            <dt class=\"gallery-icon\">\n            <a data-title=\"no\" title=\"\" href=\"https:\/\/www.drocomplex.pl\/projekt\/wp-content\/uploads\/2022\/04\/Reks20.jpg\" data-rel=\"tb_on92918\" class=\"themify_lightbox\"><img loading=\"lazy\" decoding=\"async\" src=\"https:\/\/www.drocomplex.pl\/projekt\/wp-content\/uploads\/2022\/04\/Reks20-1024x576-300x200.jpg\" width=\"300\" height=\"200\" class=\"wp-post-image wp-image-1440\" title=\"Reks20\" alt=\"Reks20\"><\/a>            <\/dt>\n                    <\/dl>\n            <dl class=\"gallery-item\">\n            <dt class=\"gallery-icon\">\n            <a data-title=\"no\" title=\"\" href=\"https:\/\/www.drocomplex.pl\/projekt\/wp-content\/uploads\/2022\/04\/Reks21.jpg\" data-rel=\"tb_on92918\" class=\"themify_lightbox\"><img loading=\"lazy\" decoding=\"async\" src=\"https:\/\/www.drocomplex.pl\/projekt\/wp-content\/uploads\/2022\/04\/Reks21-1024x576-300x200.jpg\" width=\"300\" height=\"200\" class=\"wp-post-image wp-image-1441\" title=\"Reks21\" alt=\"Reks21\"><\/a>            <\/dt>\n                    <\/dl>\n            <dl class=\"gallery-item\">\n            <dt class=\"gallery-icon\">\n            <a data-title=\"no\" title=\"\" href=\"https:\/\/www.drocomplex.pl\/projekt\/wp-content\/uploads\/2022\/04\/Reks22.jpg\" data-rel=\"tb_on92918\" class=\"themify_lightbox\"><img loading=\"lazy\" decoding=\"async\" src=\"https:\/\/www.drocomplex.pl\/projekt\/wp-content\/uploads\/2022\/04\/Reks22-1024x576-300x200.jpg\" width=\"300\" height=\"200\" class=\"wp-post-image wp-image-1442\" title=\"Reks22\" alt=\"Reks22\"><\/a>            <\/dt>\n                    <\/dl>\n            <dl class=\"gallery-item\">\n            <dt class=\"gallery-icon\">\n            <a data-title=\"no\" title=\"\" href=\"https:\/\/www.drocomplex.pl\/projekt\/wp-content\/uploads\/2022\/04\/Reks23.jpg\" data-rel=\"tb_on92918\" class=\"themify_lightbox\"><img loading=\"lazy\" decoding=\"async\" src=\"https:\/\/www.drocomplex.pl\/projekt\/wp-content\/uploads\/2022\/04\/Reks23-1024x576-300x200.jpg\" width=\"300\" height=\"200\" class=\"wp-post-image wp-image-1443\" title=\"Reks23\" alt=\"Reks23\"><\/a>            <\/dt>\n                    <\/dl>\n            <dl class=\"gallery-item\">\n            <dt class=\"gallery-icon\">\n            <a data-title=\"no\" title=\"\" href=\"https:\/\/www.drocomplex.pl\/projekt\/wp-content\/uploads\/2022\/04\/Reks24.jpg\" data-rel=\"tb_on92918\" class=\"themify_lightbox\"><img loading=\"lazy\" decoding=\"async\" src=\"https:\/\/www.drocomplex.pl\/projekt\/wp-content\/uploads\/2022\/04\/Reks24-1024x576-300x200.jpg\" width=\"300\" height=\"200\" class=\"wp-post-image wp-image-1444\" title=\"Reks24\" alt=\"Reks24\"><\/a>            <\/dt>\n                    <\/dl>\n            <dl class=\"gallery-item\">\n            <dt class=\"gallery-icon\">\n            <a data-title=\"no\" title=\"\" href=\"https:\/\/www.drocomplex.pl\/projekt\/wp-content\/uploads\/2022\/04\/Reks25.jpg\" data-rel=\"tb_on92918\" class=\"themify_lightbox\"><img loading=\"lazy\" decoding=\"async\" src=\"https:\/\/www.drocomplex.pl\/projekt\/wp-content\/uploads\/2022\/04\/Reks25-1024x576-300x200.jpg\" width=\"300\" height=\"200\" class=\"wp-post-image wp-image-1445\" title=\"Reks25\" alt=\"Reks25\"><\/a>            <\/dt>\n                    <\/dl>\n            <dl class=\"gallery-item\">\n            <dt class=\"gallery-icon\">\n            <a data-title=\"no\" title=\"\" href=\"https:\/\/www.drocomplex.pl\/projekt\/wp-content\/uploads\/2022\/04\/Reks26.jpg\" data-rel=\"tb_on92918\" class=\"themify_lightbox\"><img loading=\"lazy\" decoding=\"async\" src=\"https:\/\/www.drocomplex.pl\/projekt\/wp-content\/uploads\/2022\/04\/Reks26-1024x576-300x200.jpg\" width=\"300\" height=\"200\" class=\"wp-post-image wp-image-1446\" title=\"Reks26\" alt=\"Reks26\"><\/a>            <\/dt>\n                    <\/dl>\n            <dl class=\"gallery-item\">\n            <dt class=\"gallery-icon\">\n            <a data-title=\"no\" title=\"\" href=\"https:\/\/www.drocomplex.pl\/projekt\/wp-content\/uploads\/2022\/04\/Reks27.jpg\" data-rel=\"tb_on92918\" class=\"themify_lightbox\"><img loading=\"lazy\" decoding=\"async\" src=\"https:\/\/www.drocomplex.pl\/projekt\/wp-content\/uploads\/2022\/04\/Reks27-1024x576-300x200.jpg\" width=\"300\" height=\"200\" class=\"wp-post-image wp-image-1447\" title=\"Reks27\" alt=\"Reks27\"><\/a>            <\/dt>\n                    <\/dl>\n            <dl class=\"gallery-item\">\n            <dt class=\"gallery-icon\">\n            <a data-title=\"no\" title=\"\" href=\"https:\/\/www.drocomplex.pl\/projekt\/wp-content\/uploads\/2022\/04\/Reks28.jpg\" data-rel=\"tb_on92918\" class=\"themify_lightbox\"><img loading=\"lazy\" decoding=\"async\" src=\"https:\/\/www.drocomplex.pl\/projekt\/wp-content\/uploads\/2022\/04\/Reks28-1024x576-300x200.jpg\" width=\"300\" height=\"200\" class=\"wp-post-image wp-image-1448\" title=\"Reks28\" alt=\"Reks28\"><\/a>            <\/dt>\n                    <\/dl>\n            <dl class=\"gallery-item\">\n            <dt class=\"gallery-icon\">\n            <a data-title=\"no\" title=\"\" href=\"https:\/\/www.drocomplex.pl\/projekt\/wp-content\/uploads\/2022\/04\/Reks29.jpg\" data-rel=\"tb_on92918\" class=\"themify_lightbox\"><img loading=\"lazy\" decoding=\"async\" src=\"https:\/\/www.drocomplex.pl\/projekt\/wp-content\/uploads\/2022\/04\/Reks29-1024x576-300x200.jpg\" width=\"300\" height=\"200\" class=\"wp-post-image wp-image-1449\" title=\"Reks29\" alt=\"Reks29\"><\/a>            <\/dt>\n                    <\/dl>\n            <dl class=\"gallery-item\">\n            <dt class=\"gallery-icon\">\n            <a data-title=\"no\" title=\"\" href=\"https:\/\/www.drocomplex.pl\/projekt\/wp-content\/uploads\/2022\/04\/Reks30.jpg\" data-rel=\"tb_on92918\" class=\"themify_lightbox\"><img loading=\"lazy\" decoding=\"async\" src=\"https:\/\/www.drocomplex.pl\/projekt\/wp-content\/uploads\/2022\/04\/Reks30-1024x768-300x200.jpg\" width=\"300\" height=\"200\" class=\"wp-post-image wp-image-1416\" title=\"Reks30\" alt=\"Reks30\"><\/a>            <\/dt>\n                    <\/dl>\n            <dl class=\"gallery-item\">\n            <dt class=\"gallery-icon\">\n            <a data-title=\"no\" title=\"\" href=\"https:\/\/www.drocomplex.pl\/projekt\/wp-content\/uploads\/2022\/04\/Reks31.jpg\" data-rel=\"tb_on92918\" class=\"themify_lightbox\"><img loading=\"lazy\" decoding=\"async\" src=\"https:\/\/www.drocomplex.pl\/projekt\/wp-content\/uploads\/2022\/04\/Reks31-1024x768-300x200.jpg\" width=\"300\" height=\"200\" class=\"wp-post-image wp-image-1417\" title=\"Reks31\" alt=\"Reks31\"><\/a>            <\/dt>\n                    <\/dl>\n            <dl class=\"gallery-item\">\n            <dt class=\"gallery-icon\">\n            <a data-title=\"no\" title=\"\" href=\"https:\/\/www.drocomplex.pl\/projekt\/wp-content\/uploads\/2022\/04\/Reks32.jpg\" data-rel=\"tb_on92918\" class=\"themify_lightbox\"><img loading=\"lazy\" decoding=\"async\" src=\"https:\/\/www.drocomplex.pl\/projekt\/wp-content\/uploads\/2022\/04\/Reks32-1024x768-300x200.jpg\" width=\"300\" height=\"200\" class=\"wp-post-image wp-image-1418\" title=\"Reks32\" alt=\"Reks32\"><\/a>            <\/dt>\n                    <\/dl>\n            <dl class=\"gallery-item\">\n            <dt class=\"gallery-icon\">\n            <a data-title=\"no\" title=\"\" href=\"https:\/\/www.drocomplex.pl\/projekt\/wp-content\/uploads\/2022\/04\/Reks33.jpg\" data-rel=\"tb_on92918\" class=\"themify_lightbox\"><img loading=\"lazy\" decoding=\"async\" src=\"https:\/\/www.drocomplex.pl\/projekt\/wp-content\/uploads\/2022\/04\/Reks33-1024x768-300x200.jpg\" width=\"300\" height=\"200\" class=\"wp-post-image wp-image-1419\" title=\"Reks33\" alt=\"Reks33\"><\/a>            <\/dt>\n                    <\/dl>\n            <dl class=\"gallery-item\">\n            <dt class=\"gallery-icon\">\n            <a data-title=\"no\" title=\"\" href=\"https:\/\/www.drocomplex.pl\/projekt\/wp-content\/uploads\/2022\/04\/Reks34.jpg\" data-rel=\"tb_on92918\" class=\"themify_lightbox\"><img loading=\"lazy\" decoding=\"async\" src=\"https:\/\/www.drocomplex.pl\/projekt\/wp-content\/uploads\/2022\/04\/Reks34-1024x768-300x200.jpg\" width=\"300\" height=\"200\" class=\"wp-post-image wp-image-1420\" title=\"Reks34\" alt=\"Reks34\"><\/a>            <\/dt>\n                    <\/dl>\n    <\/div>\n<\/div>\n<!-- \/module gallery -->        <\/div>\n                        <\/div>\n        <\/div>\n        <\/div>\n<!--\/themify_builder_content-->","protected":false},"excerpt":{"rendered":"<p>Bielsko-Bia\u0142a &#8211; SITA &#8211; uk\u0142ad drogowy Stabilizacja gruntu rodzimego spoiwem Terramix &#8211; parkingi i uk\u0142ad drogowy przy hali SITA &#8211; Bielsko-Bia\u0142a ul. Reksia.Zakres rob\u00f3t: 8 000 m2, wykonanie etapami: maj &#8211; sierpie\u0144 2016r.<\/p>\n","protected":false},"author":2,"featured_media":0,"parent":326,"menu_order":14,"comment_status":"closed","ping_status":"closed","template":"","meta":{"footnotes":""},"class_list":["post-827","page","type-page","status-publish","hentry","has-post-title","has-post-date","has-post-category","has-post-tag","has-post-comment","has-post-author",""],"builder_content":"<h1>Bielsko-Bia\u0142a - SITA - uk\u0142ad drogowy<\/h1> <p>Stabilizacja gruntu rodzimego spoiwem Terramix - parkingi i uk\u0142ad drogowy przy hali SITA - Bielsko-Bia\u0142a ul. Reksia.<br>Zakres rob\u00f3t: 8 000 m2, wykonanie etapami: maj - sierpie\u0144 2016r.<\/p>\n[gallery ids=\"1421,1422,1423,1424,1425,1426,1427,1428,1429,1430,1431,1432,1433,1434,1435,1436,1437,1438,1439,1440,1441,1442,1443,1444,1445,1446,1447,1448,1449,1416,1417,1418,1419,1420\"]","_links":{"self":[{"href":"https:\/\/www.drocomplex.pl\/projekt\/wp-json\/wp\/v2\/pages\/827","targetHints":{"allow":["GET"]}}],"collection":[{"href":"https:\/\/www.drocomplex.pl\/projekt\/wp-json\/wp\/v2\/pages"}],"about":[{"href":"https:\/\/www.drocomplex.pl\/projekt\/wp-json\/wp\/v2\/types\/page"}],"author":[{"embeddable":true,"href":"https:\/\/www.drocomplex.pl\/projekt\/wp-json\/wp\/v2\/users\/2"}],"replies":[{"embeddable":true,"href":"https:\/\/www.drocomplex.pl\/projekt\/wp-json\/wp\/v2\/comments?post=827"}],"version-history":[{"count":6,"href":"https:\/\/www.drocomplex.pl\/projekt\/wp-json\/wp\/v2\/pages\/827\/revisions"}],"predecessor-version":[{"id":2058,"href":"https:\/\/www.drocomplex.pl\/projekt\/wp-json\/wp\/v2\/pages\/827\/revisions\/2058"}],"up":[{"embeddable":true,"href":"https:\/\/www.drocomplex.pl\/projekt\/wp-json\/wp\/v2\/pages\/326"}],"wp:attachment":[{"href":"https:\/\/www.drocomplex.pl\/projekt\/wp-json\/wp\/v2\/media?parent=827"}],"curies":[{"name":"wp","href":"https:\/\/api.w.org\/{rel}","templated":true}]}}