{"id":821,"date":"2022-04-26T10:01:06","date_gmt":"2022-04-26T08:01:06","guid":{"rendered":"https:\/\/www.drocomplex.pl\/projekt\/?page_id=821"},"modified":"2022-04-27T09:40:45","modified_gmt":"2022-04-27T07:40:45","slug":"gluchowo-wronczyn-s5","status":"publish","type":"page","link":"https:\/\/www.drocomplex.pl\/projekt\/galeria\/gluchowo-wronczyn-s5\/","title":{"rendered":"G\u0142uchowo &#8211; Wronczyn, S5"},"content":{"rendered":"<!--themify_builder_content-->\n<div id=\"themify_builder_content-821\" data-postid=\"821\" class=\"themify_builder_content themify_builder_content-821 themify_builder tf_clear\">\n                    <div  data-lazy=\"1\" class=\"module_row themify_builder_row tb_ply2643 tb_first tf_w wow\" data-tf-animation=\"fadeIn\">\n                        <div class=\"row_inner col_align_top tb_col_count_1 tf_box tf_rel\">\n                        <div  data-lazy=\"1\" class=\"module_column tb-column col-full tb_kzmj645 first\">\n                            <\/div>\n                        <\/div>\n        <\/div>\n                        <div  data-lazy=\"1\" class=\"module_row themify_builder_row tb_416p650 tf_w wow\" data-tf-animation=\"fadeIn\">\n                        <div class=\"row_inner col_align_top tb_col_count_1 tf_box tf_rel\">\n                        <div  data-lazy=\"1\" class=\"module_column tb-column col-full tb_6g7a651 first\">\n                    <!-- module text -->\n<div  class=\"module module-text tb_3yvb645    wow\" data-tf-animation=\"fadeIn\" data-tf-animation_delay=\"0.5\" data-lazy=\"1\">\n        <div  class=\"tb_text_wrap\">\n        <h1>G\u0142uchowo &#8211; Wronczyn, S5<\/h1>\n<p>Stabilizacja gruntu rodzimego spoiwem Hydratech i cementem, drogi ekspresowej S5, odcinek G\u0142uchowo &#8211; Wronczyn.<br>Zakres rob\u00f3t: 410 000 m2, wykonanie etapami: czerwiec &#8211; wrzesie\u0144 2016r.<\/p>    <\/div>\n<\/div>\n<!-- \/module text -->        <\/div>\n                        <\/div>\n        <\/div>\n                        <div  data-lazy=\"1\" class=\"module_row themify_builder_row tb_9eub990 tf_w\">\n                        <div class=\"row_inner col_align_top tb_col_count_1 tf_box tf_rel\">\n                        <div  data-lazy=\"1\" class=\"module_column tb-column col-full tb_wrkx990 first\">\n                    <!-- module gallery -->\n<div  class=\"module gallery module-gallery tb_on92918 layout-grid   wow\" data-tf-animation=\"fadeIn\" data-lazy=\"1\">\n    <div class=\"module-gallery-grid\" style=\"--gald:4;--galt:4;--galm:4\">\n            <dl class=\"gallery-item\">\n            <dt class=\"gallery-icon\">\n            <a data-title=\"no\" title=\"\" href=\"https:\/\/www.drocomplex.pl\/projekt\/wp-content\/uploads\/2022\/04\/S501.jpg\" data-rel=\"tb_on92918\" class=\"themify_lightbox\"><img loading=\"lazy\" decoding=\"async\" src=\"https:\/\/www.drocomplex.pl\/projekt\/wp-content\/uploads\/2022\/04\/S501-1024x768-300x200.jpg\" width=\"300\" height=\"200\" class=\"wp-post-image wp-image-1412\" title=\"S501\" alt=\"S501\"><\/a>            <\/dt>\n                    <\/dl>\n            <dl class=\"gallery-item\">\n            <dt class=\"gallery-icon\">\n            <a data-title=\"no\" title=\"\" href=\"https:\/\/www.drocomplex.pl\/projekt\/wp-content\/uploads\/2022\/04\/S502.jpg\" data-rel=\"tb_on92918\" class=\"themify_lightbox\"><img loading=\"lazy\" decoding=\"async\" src=\"https:\/\/www.drocomplex.pl\/projekt\/wp-content\/uploads\/2022\/04\/S502-1024x768-300x200.jpg\" width=\"300\" height=\"200\" class=\"wp-post-image wp-image-1413\" title=\"S502\" alt=\"S502\"><\/a>            <\/dt>\n                    <\/dl>\n            <dl class=\"gallery-item\">\n            <dt class=\"gallery-icon\">\n            <a data-title=\"no\" title=\"\" href=\"https:\/\/www.drocomplex.pl\/projekt\/wp-content\/uploads\/2022\/04\/S503.jpg\" data-rel=\"tb_on92918\" class=\"themify_lightbox\"><img loading=\"lazy\" decoding=\"async\" src=\"https:\/\/www.drocomplex.pl\/projekt\/wp-content\/uploads\/2022\/04\/S503-1024x768-300x200.jpg\" width=\"300\" height=\"200\" class=\"wp-post-image wp-image-1414\" title=\"S503\" alt=\"S503\"><\/a>            <\/dt>\n                    <\/dl>\n            <dl class=\"gallery-item\">\n            <dt class=\"gallery-icon\">\n            <a data-title=\"no\" title=\"\" href=\"https:\/\/www.drocomplex.pl\/projekt\/wp-content\/uploads\/2022\/04\/S504.jpg\" data-rel=\"tb_on92918\" class=\"themify_lightbox\"><img loading=\"lazy\" decoding=\"async\" src=\"https:\/\/www.drocomplex.pl\/projekt\/wp-content\/uploads\/2022\/04\/S504-1024x768-300x200.jpg\" width=\"300\" height=\"200\" class=\"wp-post-image wp-image-1375\" title=\"S504\" alt=\"S504\"><\/a>            <\/dt>\n                    <\/dl>\n            <dl class=\"gallery-item\">\n            <dt class=\"gallery-icon\">\n            <a data-title=\"no\" title=\"\" href=\"https:\/\/www.drocomplex.pl\/projekt\/wp-content\/uploads\/2022\/04\/S505.jpg\" data-rel=\"tb_on92918\" class=\"themify_lightbox\"><img loading=\"lazy\" decoding=\"async\" src=\"https:\/\/www.drocomplex.pl\/projekt\/wp-content\/uploads\/2022\/04\/S505-1024x768-300x200.jpg\" width=\"300\" height=\"200\" class=\"wp-post-image wp-image-1376\" title=\"S505\" alt=\"S505\"><\/a>            <\/dt>\n                    <\/dl>\n            <dl class=\"gallery-item\">\n            <dt class=\"gallery-icon\">\n            <a data-title=\"no\" title=\"\" href=\"https:\/\/www.drocomplex.pl\/projekt\/wp-content\/uploads\/2022\/04\/S506.jpg\" data-rel=\"tb_on92918\" class=\"themify_lightbox\"><img loading=\"lazy\" decoding=\"async\" src=\"https:\/\/www.drocomplex.pl\/projekt\/wp-content\/uploads\/2022\/04\/S506-1024x768-300x200.jpg\" width=\"300\" height=\"200\" class=\"wp-post-image wp-image-1377\" title=\"S506\" alt=\"S506\"><\/a>            <\/dt>\n                    <\/dl>\n            <dl class=\"gallery-item\">\n            <dt class=\"gallery-icon\">\n            <a data-title=\"no\" title=\"\" href=\"https:\/\/www.drocomplex.pl\/projekt\/wp-content\/uploads\/2022\/04\/S507.jpg\" data-rel=\"tb_on92918\" class=\"themify_lightbox\"><img loading=\"lazy\" decoding=\"async\" src=\"https:\/\/www.drocomplex.pl\/projekt\/wp-content\/uploads\/2022\/04\/S507-1024x768-300x200.jpg\" width=\"300\" height=\"200\" class=\"wp-post-image wp-image-1378\" title=\"S507\" alt=\"S507\"><\/a>            <\/dt>\n                    <\/dl>\n            <dl class=\"gallery-item\">\n            <dt class=\"gallery-icon\">\n            <a data-title=\"no\" title=\"\" href=\"https:\/\/www.drocomplex.pl\/projekt\/wp-content\/uploads\/2022\/04\/S508.jpg\" data-rel=\"tb_on92918\" class=\"themify_lightbox\"><img loading=\"lazy\" decoding=\"async\" src=\"https:\/\/www.drocomplex.pl\/projekt\/wp-content\/uploads\/2022\/04\/S508-1024x768-300x200.jpg\" width=\"300\" height=\"200\" class=\"wp-post-image wp-image-1379\" title=\"S508\" alt=\"S508\"><\/a>            <\/dt>\n                    <\/dl>\n            <dl class=\"gallery-item\">\n            <dt class=\"gallery-icon\">\n            <a data-title=\"no\" title=\"\" href=\"https:\/\/www.drocomplex.pl\/projekt\/wp-content\/uploads\/2022\/04\/S509.jpg\" data-rel=\"tb_on92918\" class=\"themify_lightbox\"><img loading=\"lazy\" decoding=\"async\" src=\"https:\/\/www.drocomplex.pl\/projekt\/wp-content\/uploads\/2022\/04\/S509-1024x768-300x200.jpg\" width=\"300\" height=\"200\" class=\"wp-post-image wp-image-1380\" title=\"S509\" alt=\"S509\"><\/a>            <\/dt>\n                    <\/dl>\n            <dl class=\"gallery-item\">\n            <dt class=\"gallery-icon\">\n            <a data-title=\"no\" title=\"\" href=\"https:\/\/www.drocomplex.pl\/projekt\/wp-content\/uploads\/2022\/04\/S510.jpg\" data-rel=\"tb_on92918\" class=\"themify_lightbox\"><img loading=\"lazy\" decoding=\"async\" src=\"https:\/\/www.drocomplex.pl\/projekt\/wp-content\/uploads\/2022\/04\/S510-1024x768-300x200.jpg\" width=\"300\" height=\"200\" class=\"wp-post-image wp-image-1381\" title=\"S510\" alt=\"S510\"><\/a>            <\/dt>\n                    <\/dl>\n            <dl class=\"gallery-item\">\n            <dt class=\"gallery-icon\">\n            <a data-title=\"no\" title=\"\" href=\"https:\/\/www.drocomplex.pl\/projekt\/wp-content\/uploads\/2022\/04\/S511.jpg\" data-rel=\"tb_on92918\" class=\"themify_lightbox\"><img loading=\"lazy\" decoding=\"async\" src=\"https:\/\/www.drocomplex.pl\/projekt\/wp-content\/uploads\/2022\/04\/S511-1024x768-300x200.jpg\" width=\"300\" height=\"200\" class=\"wp-post-image wp-image-1382\" title=\"S511\" alt=\"S511\"><\/a>            <\/dt>\n                    <\/dl>\n            <dl class=\"gallery-item\">\n            <dt class=\"gallery-icon\">\n            <a data-title=\"no\" title=\"\" href=\"https:\/\/www.drocomplex.pl\/projekt\/wp-content\/uploads\/2022\/04\/S512.jpg\" data-rel=\"tb_on92918\" class=\"themify_lightbox\"><img loading=\"lazy\" decoding=\"async\" src=\"https:\/\/www.drocomplex.pl\/projekt\/wp-content\/uploads\/2022\/04\/S512-1024x768-300x200.jpg\" width=\"300\" height=\"200\" class=\"wp-post-image wp-image-1383\" title=\"S512\" alt=\"S512\"><\/a>            <\/dt>\n                    <\/dl>\n            <dl class=\"gallery-item\">\n            <dt class=\"gallery-icon\">\n            <a data-title=\"no\" title=\"\" href=\"https:\/\/www.drocomplex.pl\/projekt\/wp-content\/uploads\/2022\/04\/S513.jpg\" data-rel=\"tb_on92918\" class=\"themify_lightbox\"><img loading=\"lazy\" decoding=\"async\" src=\"https:\/\/www.drocomplex.pl\/projekt\/wp-content\/uploads\/2022\/04\/S513-1024x768-300x200.jpg\" width=\"300\" height=\"200\" class=\"wp-post-image wp-image-1384\" title=\"S513\" alt=\"S513\"><\/a>            <\/dt>\n                    <\/dl>\n            <dl class=\"gallery-item\">\n            <dt class=\"gallery-icon\">\n            <a data-title=\"no\" title=\"\" href=\"https:\/\/www.drocomplex.pl\/projekt\/wp-content\/uploads\/2022\/04\/S514.jpg\" data-rel=\"tb_on92918\" class=\"themify_lightbox\"><img loading=\"lazy\" decoding=\"async\" src=\"https:\/\/www.drocomplex.pl\/projekt\/wp-content\/uploads\/2022\/04\/S514-1024x768-300x200.jpg\" width=\"300\" height=\"200\" class=\"wp-post-image wp-image-1385\" title=\"S514\" alt=\"S514\"><\/a>            <\/dt>\n                    <\/dl>\n            <dl class=\"gallery-item\">\n            <dt class=\"gallery-icon\">\n            <a data-title=\"no\" title=\"\" href=\"https:\/\/www.drocomplex.pl\/projekt\/wp-content\/uploads\/2022\/04\/S515.jpg\" data-rel=\"tb_on92918\" class=\"themify_lightbox\"><img loading=\"lazy\" decoding=\"async\" src=\"https:\/\/www.drocomplex.pl\/projekt\/wp-content\/uploads\/2022\/04\/S515-1024x768-300x200.jpg\" width=\"300\" height=\"200\" class=\"wp-post-image wp-image-1386\" title=\"S515\" alt=\"S515\"><\/a>            <\/dt>\n                    <\/dl>\n            <dl class=\"gallery-item\">\n            <dt class=\"gallery-icon\">\n            <a data-title=\"no\" title=\"\" href=\"https:\/\/www.drocomplex.pl\/projekt\/wp-content\/uploads\/2022\/04\/S516.jpg\" data-rel=\"tb_on92918\" class=\"themify_lightbox\"><img loading=\"lazy\" decoding=\"async\" src=\"https:\/\/www.drocomplex.pl\/projekt\/wp-content\/uploads\/2022\/04\/S516-1024x768-300x200.jpg\" width=\"300\" height=\"200\" class=\"wp-post-image wp-image-1387\" title=\"S516\" alt=\"S516\"><\/a>            <\/dt>\n                    <\/dl>\n            <dl class=\"gallery-item\">\n            <dt class=\"gallery-icon\">\n            <a data-title=\"no\" title=\"\" href=\"https:\/\/www.drocomplex.pl\/projekt\/wp-content\/uploads\/2022\/04\/S517.jpg\" data-rel=\"tb_on92918\" class=\"themify_lightbox\"><img loading=\"lazy\" decoding=\"async\" src=\"https:\/\/www.drocomplex.pl\/projekt\/wp-content\/uploads\/2022\/04\/S517-1024x768-300x200.jpg\" width=\"300\" height=\"200\" class=\"wp-post-image wp-image-1388\" title=\"S517\" alt=\"S517\"><\/a>            <\/dt>\n                    <\/dl>\n            <dl class=\"gallery-item\">\n            <dt class=\"gallery-icon\">\n            <a data-title=\"no\" title=\"\" href=\"https:\/\/www.drocomplex.pl\/projekt\/wp-content\/uploads\/2022\/04\/S518.jpg\" data-rel=\"tb_on92918\" class=\"themify_lightbox\"><img loading=\"lazy\" decoding=\"async\" src=\"https:\/\/www.drocomplex.pl\/projekt\/wp-content\/uploads\/2022\/04\/S518-1024x768-300x200.jpg\" width=\"300\" height=\"200\" class=\"wp-post-image wp-image-1389\" title=\"S518\" alt=\"S518\"><\/a>            <\/dt>\n                    <\/dl>\n            <dl class=\"gallery-item\">\n            <dt class=\"gallery-icon\">\n            <a data-title=\"no\" title=\"\" href=\"https:\/\/www.drocomplex.pl\/projekt\/wp-content\/uploads\/2022\/04\/S519.jpg\" data-rel=\"tb_on92918\" class=\"themify_lightbox\"><img loading=\"lazy\" decoding=\"async\" src=\"https:\/\/www.drocomplex.pl\/projekt\/wp-content\/uploads\/2022\/04\/S519-1024x768-300x200.jpg\" width=\"300\" height=\"200\" class=\"wp-post-image wp-image-1390\" title=\"S519\" alt=\"S519\"><\/a>            <\/dt>\n                    <\/dl>\n            <dl class=\"gallery-item\">\n            <dt class=\"gallery-icon\">\n            <a data-title=\"no\" title=\"\" href=\"https:\/\/www.drocomplex.pl\/projekt\/wp-content\/uploads\/2022\/04\/S520.jpg\" data-rel=\"tb_on92918\" class=\"themify_lightbox\"><img loading=\"lazy\" decoding=\"async\" src=\"https:\/\/www.drocomplex.pl\/projekt\/wp-content\/uploads\/2022\/04\/S520-1024x768-300x200.jpg\" width=\"300\" height=\"200\" class=\"wp-post-image wp-image-1391\" title=\"S520\" alt=\"S520\"><\/a>            <\/dt>\n                    <\/dl>\n            <dl class=\"gallery-item\">\n            <dt class=\"gallery-icon\">\n            <a data-title=\"no\" title=\"\" href=\"https:\/\/www.drocomplex.pl\/projekt\/wp-content\/uploads\/2022\/04\/S521.jpg\" data-rel=\"tb_on92918\" class=\"themify_lightbox\"><img loading=\"lazy\" decoding=\"async\" src=\"https:\/\/www.drocomplex.pl\/projekt\/wp-content\/uploads\/2022\/04\/S521-1024x768-300x200.jpg\" width=\"300\" height=\"200\" class=\"wp-post-image wp-image-1392\" title=\"S521\" alt=\"S521\"><\/a>            <\/dt>\n                    <\/dl>\n            <dl class=\"gallery-item\">\n            <dt class=\"gallery-icon\">\n            <a data-title=\"no\" title=\"\" href=\"https:\/\/www.drocomplex.pl\/projekt\/wp-content\/uploads\/2022\/04\/S522.jpg\" data-rel=\"tb_on92918\" class=\"themify_lightbox\"><img loading=\"lazy\" decoding=\"async\" src=\"https:\/\/www.drocomplex.pl\/projekt\/wp-content\/uploads\/2022\/04\/S522-1024x768-300x200.jpg\" width=\"300\" height=\"200\" class=\"wp-post-image wp-image-1393\" title=\"S522\" alt=\"S522\"><\/a>            <\/dt>\n                    <\/dl>\n            <dl class=\"gallery-item\">\n            <dt class=\"gallery-icon\">\n            <a data-title=\"no\" title=\"\" href=\"https:\/\/www.drocomplex.pl\/projekt\/wp-content\/uploads\/2022\/04\/S523.jpg\" data-rel=\"tb_on92918\" class=\"themify_lightbox\"><img loading=\"lazy\" decoding=\"async\" src=\"https:\/\/www.drocomplex.pl\/projekt\/wp-content\/uploads\/2022\/04\/S523-1024x768-300x200.jpg\" width=\"300\" height=\"200\" class=\"wp-post-image wp-image-1394\" title=\"S523\" alt=\"S523\"><\/a>            <\/dt>\n                    <\/dl>\n            <dl class=\"gallery-item\">\n            <dt class=\"gallery-icon\">\n            <a data-title=\"no\" title=\"\" href=\"https:\/\/www.drocomplex.pl\/projekt\/wp-content\/uploads\/2022\/04\/S524.jpg\" data-rel=\"tb_on92918\" class=\"themify_lightbox\"><img loading=\"lazy\" decoding=\"async\" src=\"https:\/\/www.drocomplex.pl\/projekt\/wp-content\/uploads\/2022\/04\/S524-1024x768-300x200.jpg\" width=\"300\" height=\"200\" class=\"wp-post-image wp-image-1395\" title=\"S524\" alt=\"S524\"><\/a>            <\/dt>\n                    <\/dl>\n            <dl class=\"gallery-item\">\n            <dt class=\"gallery-icon\">\n            <a data-title=\"no\" title=\"\" href=\"https:\/\/www.drocomplex.pl\/projekt\/wp-content\/uploads\/2022\/04\/S525.jpg\" data-rel=\"tb_on92918\" class=\"themify_lightbox\"><img loading=\"lazy\" decoding=\"async\" src=\"https:\/\/www.drocomplex.pl\/projekt\/wp-content\/uploads\/2022\/04\/S525-1024x768-300x200.jpg\" width=\"300\" height=\"200\" class=\"wp-post-image wp-image-1396\" title=\"S525\" alt=\"S525\"><\/a>            <\/dt>\n                    <\/dl>\n            <dl class=\"gallery-item\">\n            <dt class=\"gallery-icon\">\n            <a data-title=\"no\" title=\"\" href=\"https:\/\/www.drocomplex.pl\/projekt\/wp-content\/uploads\/2022\/04\/S526.jpg\" data-rel=\"tb_on92918\" class=\"themify_lightbox\"><img loading=\"lazy\" decoding=\"async\" src=\"https:\/\/www.drocomplex.pl\/projekt\/wp-content\/uploads\/2022\/04\/S526-1024x768-300x200.jpg\" width=\"300\" height=\"200\" class=\"wp-post-image wp-image-1397\" title=\"S526\" alt=\"S526\"><\/a>            <\/dt>\n                    <\/dl>\n            <dl class=\"gallery-item\">\n            <dt class=\"gallery-icon\">\n            <a data-title=\"no\" title=\"\" href=\"https:\/\/www.drocomplex.pl\/projekt\/wp-content\/uploads\/2022\/04\/S527.jpg\" data-rel=\"tb_on92918\" class=\"themify_lightbox\"><img loading=\"lazy\" decoding=\"async\" src=\"https:\/\/www.drocomplex.pl\/projekt\/wp-content\/uploads\/2022\/04\/S527-1024x768-300x200.jpg\" width=\"300\" height=\"200\" class=\"wp-post-image wp-image-1398\" title=\"S527\" alt=\"S527\"><\/a>            <\/dt>\n                    <\/dl>\n            <dl class=\"gallery-item\">\n            <dt class=\"gallery-icon\">\n            <a data-title=\"no\" title=\"\" href=\"https:\/\/www.drocomplex.pl\/projekt\/wp-content\/uploads\/2022\/04\/S528.jpg\" data-rel=\"tb_on92918\" class=\"themify_lightbox\"><img loading=\"lazy\" decoding=\"async\" src=\"https:\/\/www.drocomplex.pl\/projekt\/wp-content\/uploads\/2022\/04\/S528-1024x768-300x200.jpg\" width=\"300\" height=\"200\" class=\"wp-post-image wp-image-1399\" title=\"S528\" alt=\"S528\"><\/a>            <\/dt>\n                    <\/dl>\n            <dl class=\"gallery-item\">\n            <dt class=\"gallery-icon\">\n            <a data-title=\"no\" title=\"\" href=\"https:\/\/www.drocomplex.pl\/projekt\/wp-content\/uploads\/2022\/04\/S529.jpg\" data-rel=\"tb_on92918\" class=\"themify_lightbox\"><img loading=\"lazy\" decoding=\"async\" src=\"https:\/\/www.drocomplex.pl\/projekt\/wp-content\/uploads\/2022\/04\/S529-1024x768-300x200.jpg\" width=\"300\" height=\"200\" class=\"wp-post-image wp-image-1400\" title=\"S529\" alt=\"S529\"><\/a>            <\/dt>\n                    <\/dl>\n            <dl class=\"gallery-item\">\n            <dt class=\"gallery-icon\">\n            <a data-title=\"no\" title=\"\" href=\"https:\/\/www.drocomplex.pl\/projekt\/wp-content\/uploads\/2022\/04\/S530.jpg\" data-rel=\"tb_on92918\" class=\"themify_lightbox\"><img loading=\"lazy\" decoding=\"async\" src=\"https:\/\/www.drocomplex.pl\/projekt\/wp-content\/uploads\/2022\/04\/S530-1024x768-300x200.jpg\" width=\"300\" height=\"200\" class=\"wp-post-image wp-image-1401\" title=\"S530\" alt=\"S530\"><\/a>            <\/dt>\n                    <\/dl>\n            <dl class=\"gallery-item\">\n            <dt class=\"gallery-icon\">\n            <a data-title=\"no\" title=\"\" href=\"https:\/\/www.drocomplex.pl\/projekt\/wp-content\/uploads\/2022\/04\/S531.jpg\" data-rel=\"tb_on92918\" class=\"themify_lightbox\"><img loading=\"lazy\" decoding=\"async\" src=\"https:\/\/www.drocomplex.pl\/projekt\/wp-content\/uploads\/2022\/04\/S531-1024x768-300x200.jpg\" width=\"300\" height=\"200\" class=\"wp-post-image wp-image-1402\" title=\"S531\" alt=\"S531\"><\/a>            <\/dt>\n                    <\/dl>\n            <dl class=\"gallery-item\">\n            <dt class=\"gallery-icon\">\n            <a data-title=\"no\" title=\"\" href=\"https:\/\/www.drocomplex.pl\/projekt\/wp-content\/uploads\/2022\/04\/S532.jpg\" data-rel=\"tb_on92918\" class=\"themify_lightbox\"><img loading=\"lazy\" decoding=\"async\" src=\"https:\/\/www.drocomplex.pl\/projekt\/wp-content\/uploads\/2022\/04\/S532-1024x768-300x200.jpg\" width=\"300\" height=\"200\" class=\"wp-post-image wp-image-1403\" title=\"S532\" alt=\"S532\"><\/a>            <\/dt>\n                    <\/dl>\n            <dl class=\"gallery-item\">\n            <dt class=\"gallery-icon\">\n            <a data-title=\"no\" title=\"\" href=\"https:\/\/www.drocomplex.pl\/projekt\/wp-content\/uploads\/2022\/04\/S533.jpg\" data-rel=\"tb_on92918\" class=\"themify_lightbox\"><img loading=\"lazy\" decoding=\"async\" src=\"https:\/\/www.drocomplex.pl\/projekt\/wp-content\/uploads\/2022\/04\/S533-1024x768-300x200.jpg\" width=\"300\" height=\"200\" class=\"wp-post-image wp-image-1404\" title=\"S533\" alt=\"S533\"><\/a>            <\/dt>\n                    <\/dl>\n            <dl class=\"gallery-item\">\n            <dt class=\"gallery-icon\">\n            <a data-title=\"no\" title=\"\" href=\"https:\/\/www.drocomplex.pl\/projekt\/wp-content\/uploads\/2022\/04\/S534.jpg\" data-rel=\"tb_on92918\" class=\"themify_lightbox\"><img loading=\"lazy\" decoding=\"async\" src=\"https:\/\/www.drocomplex.pl\/projekt\/wp-content\/uploads\/2022\/04\/S534-1024x768-300x200.jpg\" width=\"300\" height=\"200\" class=\"wp-post-image wp-image-1405\" title=\"S534\" alt=\"S534\"><\/a>            <\/dt>\n                    <\/dl>\n            <dl class=\"gallery-item\">\n            <dt class=\"gallery-icon\">\n            <a data-title=\"no\" title=\"\" href=\"https:\/\/www.drocomplex.pl\/projekt\/wp-content\/uploads\/2022\/04\/S535.jpg\" data-rel=\"tb_on92918\" class=\"themify_lightbox\"><img loading=\"lazy\" decoding=\"async\" src=\"https:\/\/www.drocomplex.pl\/projekt\/wp-content\/uploads\/2022\/04\/S535-1024x768-300x200.jpg\" width=\"300\" height=\"200\" class=\"wp-post-image wp-image-1406\" title=\"S535\" alt=\"S535\"><\/a>            <\/dt>\n                    <\/dl>\n            <dl class=\"gallery-item\">\n            <dt class=\"gallery-icon\">\n            <a data-title=\"no\" title=\"\" href=\"https:\/\/www.drocomplex.pl\/projekt\/wp-content\/uploads\/2022\/04\/S536.jpg\" data-rel=\"tb_on92918\" class=\"themify_lightbox\"><img loading=\"lazy\" decoding=\"async\" src=\"https:\/\/www.drocomplex.pl\/projekt\/wp-content\/uploads\/2022\/04\/S536-1024x768-300x200.jpg\" width=\"300\" height=\"200\" class=\"wp-post-image wp-image-1407\" title=\"S536\" alt=\"S536\"><\/a>            <\/dt>\n                    <\/dl>\n            <dl class=\"gallery-item\">\n            <dt class=\"gallery-icon\">\n            <a data-title=\"no\" title=\"\" href=\"https:\/\/www.drocomplex.pl\/projekt\/wp-content\/uploads\/2022\/04\/S537.jpg\" data-rel=\"tb_on92918\" class=\"themify_lightbox\"><img loading=\"lazy\" decoding=\"async\" src=\"https:\/\/www.drocomplex.pl\/projekt\/wp-content\/uploads\/2022\/04\/S537-1024x768-300x200.jpg\" width=\"300\" height=\"200\" class=\"wp-post-image wp-image-1408\" title=\"S537\" alt=\"S537\"><\/a>            <\/dt>\n                    <\/dl>\n            <dl class=\"gallery-item\">\n            <dt class=\"gallery-icon\">\n            <a data-title=\"no\" title=\"\" href=\"https:\/\/www.drocomplex.pl\/projekt\/wp-content\/uploads\/2022\/04\/S538.jpg\" data-rel=\"tb_on92918\" class=\"themify_lightbox\"><img loading=\"lazy\" decoding=\"async\" src=\"https:\/\/www.drocomplex.pl\/projekt\/wp-content\/uploads\/2022\/04\/S538-1024x768-300x200.jpg\" width=\"300\" height=\"200\" class=\"wp-post-image wp-image-1409\" title=\"S538\" alt=\"S538\"><\/a>            <\/dt>\n                    <\/dl>\n            <dl class=\"gallery-item\">\n            <dt class=\"gallery-icon\">\n            <a data-title=\"no\" title=\"\" href=\"https:\/\/www.drocomplex.pl\/projekt\/wp-content\/uploads\/2022\/04\/S539.jpg\" data-rel=\"tb_on92918\" class=\"themify_lightbox\"><img loading=\"lazy\" decoding=\"async\" src=\"https:\/\/www.drocomplex.pl\/projekt\/wp-content\/uploads\/2022\/04\/S539-1024x768-300x200.jpg\" width=\"300\" height=\"200\" class=\"wp-post-image wp-image-1410\" title=\"S539\" alt=\"S539\"><\/a>            <\/dt>\n                    <\/dl>\n            <dl class=\"gallery-item\">\n            <dt class=\"gallery-icon\">\n            <a data-title=\"no\" title=\"\" href=\"https:\/\/www.drocomplex.pl\/projekt\/wp-content\/uploads\/2022\/04\/S540.jpg\" data-rel=\"tb_on92918\" class=\"themify_lightbox\"><img loading=\"lazy\" decoding=\"async\" src=\"https:\/\/www.drocomplex.pl\/projekt\/wp-content\/uploads\/2022\/04\/S540-1024x768-300x200.jpg\" width=\"300\" height=\"200\" class=\"wp-post-image wp-image-1411\" title=\"S540\" alt=\"S540\"><\/a>            <\/dt>\n                    <\/dl>\n    <\/div>\n<\/div>\n<!-- \/module gallery -->        <\/div>\n                        <\/div>\n        <\/div>\n        <\/div>\n<!--\/themify_builder_content-->","protected":false},"excerpt":{"rendered":"<p>G\u0142uchowo &#8211; Wronczyn, S5 Stabilizacja gruntu rodzimego spoiwem Hydratech i cementem, drogi ekspresowej S5, odcinek G\u0142uchowo &#8211; Wronczyn.Zakres rob\u00f3t: 410 000 m2, wykonanie etapami: czerwiec &#8211; wrzesie\u0144 2016r.<\/p>\n","protected":false},"author":2,"featured_media":0,"parent":326,"menu_order":13,"comment_status":"closed","ping_status":"closed","template":"","meta":{"footnotes":""},"class_list":["post-821","page","type-page","status-publish","hentry","has-post-title","has-post-date","has-post-category","has-post-tag","has-post-comment","has-post-author",""],"builder_content":"<h1>G\u0142uchowo - Wronczyn, S5<\/h1> <p>Stabilizacja gruntu rodzimego spoiwem Hydratech i cementem, drogi ekspresowej S5, odcinek G\u0142uchowo - Wronczyn.<br>Zakres rob\u00f3t: 410 000 m2, wykonanie etapami: czerwiec - wrzesie\u0144 2016r.<\/p>\n[gallery ids=\"1412,1413,1414,1375,1376,1377,1378,1379,1380,1381,1382,1383,1384,1385,1386,1387,1388,1389,1390,1391,1392,1393,1394,1395,1396,1397,1398,1399,1400,1401,1402,1403,1404,1405,1406,1407,1408,1409,1410,1411\"]","_links":{"self":[{"href":"https:\/\/www.drocomplex.pl\/projekt\/wp-json\/wp\/v2\/pages\/821","targetHints":{"allow":["GET"]}}],"collection":[{"href":"https:\/\/www.drocomplex.pl\/projekt\/wp-json\/wp\/v2\/pages"}],"about":[{"href":"https:\/\/www.drocomplex.pl\/projekt\/wp-json\/wp\/v2\/types\/page"}],"author":[{"embeddable":true,"href":"https:\/\/www.drocomplex.pl\/projekt\/wp-json\/wp\/v2\/users\/2"}],"replies":[{"embeddable":true,"href":"https:\/\/www.drocomplex.pl\/projekt\/wp-json\/wp\/v2\/comments?post=821"}],"version-history":[{"count":5,"href":"https:\/\/www.drocomplex.pl\/projekt\/wp-json\/wp\/v2\/pages\/821\/revisions"}],"predecessor-version":[{"id":2057,"href":"https:\/\/www.drocomplex.pl\/projekt\/wp-json\/wp\/v2\/pages\/821\/revisions\/2057"}],"up":[{"embeddable":true,"href":"https:\/\/www.drocomplex.pl\/projekt\/wp-json\/wp\/v2\/pages\/326"}],"wp:attachment":[{"href":"https:\/\/www.drocomplex.pl\/projekt\/wp-json\/wp\/v2\/media?parent=821"}],"curies":[{"name":"wp","href":"https:\/\/api.w.org\/{rel}","templated":true}]}}