{"id":817,"date":"2022-04-26T10:00:05","date_gmt":"2022-04-26T08:00:05","guid":{"rendered":"https:\/\/www.drocomplex.pl\/projekt\/?page_id=817"},"modified":"2022-04-27T09:38:31","modified_gmt":"2022-04-27T07:38:31","slug":"sosnowiec-ul-3-maja","status":"publish","type":"page","link":"https:\/\/www.drocomplex.pl\/projekt\/galeria\/sosnowiec-ul-3-maja\/","title":{"rendered":"Sosnowiec ul. 3 Maja"},"content":{"rendered":"<!--themify_builder_content-->\n<div id=\"themify_builder_content-817\" data-postid=\"817\" class=\"themify_builder_content themify_builder_content-817 themify_builder tf_clear\">\n                    <div  data-lazy=\"1\" class=\"module_row themify_builder_row tb_ply2643 tb_first tf_w wow\" data-tf-animation=\"fadeIn\">\n                        <div class=\"row_inner col_align_top tb_col_count_1 tf_box tf_rel\">\n                        <div  data-lazy=\"1\" class=\"module_column tb-column col-full tb_kzmj645 first\">\n                            <\/div>\n                        <\/div>\n        <\/div>\n                        <div  data-lazy=\"1\" class=\"module_row themify_builder_row tb_416p650 tf_w wow\" data-tf-animation=\"fadeIn\">\n                        <div class=\"row_inner col_align_top tb_col_count_1 tf_box tf_rel\">\n                        <div  data-lazy=\"1\" class=\"module_column tb-column col-full tb_6g7a651 first\">\n                    <!-- module text -->\n<div  class=\"module module-text tb_3yvb645    wow\" data-tf-animation=\"fadeIn\" data-tf-animation_delay=\"0.5\" data-lazy=\"1\">\n        <div  class=\"tb_text_wrap\">\n        <h1>Sosnowiec ul. 3 Maja<\/h1>\n<p>Stabilizacja gruntu cementem na g\u0142. 20 cm w Sosnowcu, ul. 3 Maja.<br>Zakres rob\u00f3t: 51 000 m2, wykonanie maj &#8211; pa\u017adziernik 2017r.<\/p>    <\/div>\n<\/div>\n<!-- \/module text -->        <\/div>\n                        <\/div>\n        <\/div>\n                        <div  data-lazy=\"1\" class=\"module_row themify_builder_row tb_9eub990 tf_w\">\n                        <div class=\"row_inner col_align_top tb_col_count_1 tf_box tf_rel\">\n                        <div  data-lazy=\"1\" class=\"module_column tb-column col-full tb_wrkx990 first\">\n                    <!-- module gallery -->\n<div  class=\"module gallery module-gallery tb_on92918 layout-grid   wow\" data-tf-animation=\"fadeIn\" data-lazy=\"1\">\n    <div class=\"module-gallery-grid\" style=\"--gald:4;--galt:4;--galm:4\">\n            <dl class=\"gallery-item\">\n            <dt class=\"gallery-icon\">\n            <a data-title=\"no\" title=\"\" href=\"https:\/\/www.drocomplex.pl\/projekt\/wp-content\/uploads\/2022\/04\/Sos3M02.jpg\" data-rel=\"tb_on92918\" class=\"themify_lightbox\"><img loading=\"lazy\" decoding=\"async\" src=\"https:\/\/www.drocomplex.pl\/projekt\/wp-content\/uploads\/2022\/04\/Sos3M02-1024x576-300x200.jpg\" width=\"300\" height=\"200\" class=\"wp-post-image wp-image-1368\" title=\"Sos3M02\" alt=\"Sos3M02\"><\/a>            <\/dt>\n                    <\/dl>\n            <dl class=\"gallery-item\">\n            <dt class=\"gallery-icon\">\n            <a data-title=\"no\" title=\"\" href=\"https:\/\/www.drocomplex.pl\/projekt\/wp-content\/uploads\/2022\/04\/Sos3M03.jpg\" data-rel=\"tb_on92918\" class=\"themify_lightbox\"><img loading=\"lazy\" decoding=\"async\" src=\"https:\/\/www.drocomplex.pl\/projekt\/wp-content\/uploads\/2022\/04\/Sos3M03-1024x576-300x200.jpg\" width=\"300\" height=\"200\" class=\"wp-post-image wp-image-1369\" title=\"Sos3M03\" alt=\"Sos3M03\"><\/a>            <\/dt>\n                    <\/dl>\n            <dl class=\"gallery-item\">\n            <dt class=\"gallery-icon\">\n            <a data-title=\"no\" title=\"\" href=\"https:\/\/www.drocomplex.pl\/projekt\/wp-content\/uploads\/2022\/04\/Sos3M04.jpg\" data-rel=\"tb_on92918\" class=\"themify_lightbox\"><img loading=\"lazy\" decoding=\"async\" src=\"https:\/\/www.drocomplex.pl\/projekt\/wp-content\/uploads\/2022\/04\/Sos3M04-1024x576-300x200.jpg\" width=\"300\" height=\"200\" class=\"wp-post-image wp-image-1370\" title=\"Sos3M04\" alt=\"Sos3M04\"><\/a>            <\/dt>\n                    <\/dl>\n            <dl class=\"gallery-item\">\n            <dt class=\"gallery-icon\">\n            <a data-title=\"no\" title=\"\" href=\"https:\/\/www.drocomplex.pl\/projekt\/wp-content\/uploads\/2022\/04\/Sos3M05.jpg\" data-rel=\"tb_on92918\" class=\"themify_lightbox\"><img loading=\"lazy\" decoding=\"async\" src=\"https:\/\/www.drocomplex.pl\/projekt\/wp-content\/uploads\/2022\/04\/Sos3M05-1024x576-300x200.jpg\" width=\"300\" height=\"200\" class=\"wp-post-image wp-image-1371\" title=\"Sos3M05\" alt=\"Sos3M05\"><\/a>            <\/dt>\n                    <\/dl>\n            <dl class=\"gallery-item\">\n            <dt class=\"gallery-icon\">\n            <a data-title=\"no\" title=\"\" href=\"https:\/\/www.drocomplex.pl\/projekt\/wp-content\/uploads\/2022\/04\/Sos3M06.jpg\" data-rel=\"tb_on92918\" class=\"themify_lightbox\"><img loading=\"lazy\" decoding=\"async\" src=\"https:\/\/www.drocomplex.pl\/projekt\/wp-content\/uploads\/2022\/04\/Sos3M06-1024x576-300x200.jpg\" width=\"300\" height=\"200\" class=\"wp-post-image wp-image-1372\" title=\"Sos3M06\" alt=\"Sos3M06\"><\/a>            <\/dt>\n                    <\/dl>\n            <dl class=\"gallery-item\">\n            <dt class=\"gallery-icon\">\n            <a data-title=\"no\" title=\"\" href=\"https:\/\/www.drocomplex.pl\/projekt\/wp-content\/uploads\/2022\/04\/Sos3M07.jpg\" data-rel=\"tb_on92918\" class=\"themify_lightbox\"><img loading=\"lazy\" decoding=\"async\" src=\"https:\/\/www.drocomplex.pl\/projekt\/wp-content\/uploads\/2022\/04\/Sos3M07-1024x576-300x200.jpg\" width=\"300\" height=\"200\" class=\"wp-post-image wp-image-1343\" title=\"Sos3M07\" alt=\"Sos3M07\"><\/a>            <\/dt>\n                    <\/dl>\n            <dl class=\"gallery-item\">\n            <dt class=\"gallery-icon\">\n            <a data-title=\"no\" title=\"\" href=\"https:\/\/www.drocomplex.pl\/projekt\/wp-content\/uploads\/2022\/04\/Sos3M08.jpg\" data-rel=\"tb_on92918\" class=\"themify_lightbox\"><img loading=\"lazy\" decoding=\"async\" src=\"https:\/\/www.drocomplex.pl\/projekt\/wp-content\/uploads\/2022\/04\/Sos3M08-1024x576-300x200.jpg\" width=\"300\" height=\"200\" class=\"wp-post-image wp-image-1344\" title=\"Sos3M08\" alt=\"Sos3M08\"><\/a>            <\/dt>\n                    <\/dl>\n            <dl class=\"gallery-item\">\n            <dt class=\"gallery-icon\">\n            <a data-title=\"no\" title=\"\" href=\"https:\/\/www.drocomplex.pl\/projekt\/wp-content\/uploads\/2022\/04\/Sos3M09.jpg\" data-rel=\"tb_on92918\" class=\"themify_lightbox\"><img loading=\"lazy\" decoding=\"async\" src=\"https:\/\/www.drocomplex.pl\/projekt\/wp-content\/uploads\/2022\/04\/Sos3M09-1024x576-300x200.jpg\" width=\"300\" height=\"200\" class=\"wp-post-image wp-image-1345\" title=\"Sos3M09\" alt=\"Sos3M09\"><\/a>            <\/dt>\n                    <\/dl>\n            <dl class=\"gallery-item\">\n            <dt class=\"gallery-icon\">\n            <a data-title=\"no\" title=\"\" href=\"https:\/\/www.drocomplex.pl\/projekt\/wp-content\/uploads\/2022\/04\/Sos3M10.jpg\" data-rel=\"tb_on92918\" class=\"themify_lightbox\"><img loading=\"lazy\" decoding=\"async\" src=\"https:\/\/www.drocomplex.pl\/projekt\/wp-content\/uploads\/2022\/04\/Sos3M10-1024x576-300x200.jpg\" width=\"300\" height=\"200\" class=\"wp-post-image wp-image-1346\" title=\"Sos3M10\" alt=\"Sos3M10\"><\/a>            <\/dt>\n                    <\/dl>\n            <dl class=\"gallery-item\">\n            <dt class=\"gallery-icon\">\n            <a data-title=\"no\" title=\"\" href=\"https:\/\/www.drocomplex.pl\/projekt\/wp-content\/uploads\/2022\/04\/Sos3M11.jpg\" data-rel=\"tb_on92918\" class=\"themify_lightbox\"><img loading=\"lazy\" decoding=\"async\" src=\"https:\/\/www.drocomplex.pl\/projekt\/wp-content\/uploads\/2022\/04\/Sos3M11-1024x576-300x200.jpg\" width=\"300\" height=\"200\" class=\"wp-post-image wp-image-1347\" title=\"Sos3M11\" alt=\"Sos3M11\"><\/a>            <\/dt>\n                    <\/dl>\n            <dl class=\"gallery-item\">\n            <dt class=\"gallery-icon\">\n            <a data-title=\"no\" title=\"\" href=\"https:\/\/www.drocomplex.pl\/projekt\/wp-content\/uploads\/2022\/04\/Sos3M12.jpg\" data-rel=\"tb_on92918\" class=\"themify_lightbox\"><img loading=\"lazy\" decoding=\"async\" src=\"https:\/\/www.drocomplex.pl\/projekt\/wp-content\/uploads\/2022\/04\/Sos3M12-1024x576-300x200.jpg\" width=\"300\" height=\"200\" class=\"wp-post-image wp-image-1348\" title=\"Sos3M12\" alt=\"Sos3M12\"><\/a>            <\/dt>\n                    <\/dl>\n            <dl class=\"gallery-item\">\n            <dt class=\"gallery-icon\">\n            <a data-title=\"no\" title=\"\" href=\"https:\/\/www.drocomplex.pl\/projekt\/wp-content\/uploads\/2022\/04\/Sos3M13.jpg\" data-rel=\"tb_on92918\" class=\"themify_lightbox\"><img loading=\"lazy\" decoding=\"async\" src=\"https:\/\/www.drocomplex.pl\/projekt\/wp-content\/uploads\/2022\/04\/Sos3M13-1024x576-300x200.jpg\" width=\"300\" height=\"200\" class=\"wp-post-image wp-image-1349\" title=\"Sos3M13\" alt=\"Sos3M13\"><\/a>            <\/dt>\n                    <\/dl>\n            <dl class=\"gallery-item\">\n            <dt class=\"gallery-icon\">\n            <a data-title=\"no\" title=\"\" href=\"https:\/\/www.drocomplex.pl\/projekt\/wp-content\/uploads\/2022\/04\/Sos3M14.jpg\" data-rel=\"tb_on92918\" class=\"themify_lightbox\"><img loading=\"lazy\" decoding=\"async\" src=\"https:\/\/www.drocomplex.pl\/projekt\/wp-content\/uploads\/2022\/04\/Sos3M14-1024x576-300x200.jpg\" width=\"300\" height=\"200\" class=\"wp-post-image wp-image-1350\" title=\"Sos3M14\" alt=\"Sos3M14\"><\/a>            <\/dt>\n                    <\/dl>\n            <dl class=\"gallery-item\">\n            <dt class=\"gallery-icon\">\n            <a data-title=\"no\" title=\"\" href=\"https:\/\/www.drocomplex.pl\/projekt\/wp-content\/uploads\/2022\/04\/Sos3M15.jpg\" data-rel=\"tb_on92918\" class=\"themify_lightbox\"><img loading=\"lazy\" decoding=\"async\" src=\"https:\/\/www.drocomplex.pl\/projekt\/wp-content\/uploads\/2022\/04\/Sos3M15-1024x576-300x200.jpg\" width=\"300\" height=\"200\" class=\"wp-post-image wp-image-1351\" title=\"Sos3M15\" alt=\"Sos3M15\"><\/a>            <\/dt>\n                    <\/dl>\n            <dl class=\"gallery-item\">\n            <dt class=\"gallery-icon\">\n            <a data-title=\"no\" title=\"\" href=\"https:\/\/www.drocomplex.pl\/projekt\/wp-content\/uploads\/2022\/04\/Sos3M16.jpg\" data-rel=\"tb_on92918\" class=\"themify_lightbox\"><img loading=\"lazy\" decoding=\"async\" src=\"https:\/\/www.drocomplex.pl\/projekt\/wp-content\/uploads\/2022\/04\/Sos3M16-1024x576-300x200.jpg\" width=\"300\" height=\"200\" class=\"wp-post-image wp-image-1352\" title=\"Sos3M16\" alt=\"Sos3M16\"><\/a>            <\/dt>\n                    <\/dl>\n            <dl class=\"gallery-item\">\n            <dt class=\"gallery-icon\">\n            <a data-title=\"no\" title=\"\" href=\"https:\/\/www.drocomplex.pl\/projekt\/wp-content\/uploads\/2022\/04\/Sos3M17.jpg\" data-rel=\"tb_on92918\" class=\"themify_lightbox\"><img loading=\"lazy\" decoding=\"async\" src=\"https:\/\/www.drocomplex.pl\/projekt\/wp-content\/uploads\/2022\/04\/Sos3M17-1024x576-300x200.jpg\" width=\"300\" height=\"200\" class=\"wp-post-image wp-image-1353\" title=\"Sos3M17\" alt=\"Sos3M17\"><\/a>            <\/dt>\n                    <\/dl>\n            <dl class=\"gallery-item\">\n            <dt class=\"gallery-icon\">\n            <a data-title=\"no\" title=\"\" href=\"https:\/\/www.drocomplex.pl\/projekt\/wp-content\/uploads\/2022\/04\/Sos3M18.jpg\" data-rel=\"tb_on92918\" class=\"themify_lightbox\"><img loading=\"lazy\" decoding=\"async\" src=\"https:\/\/www.drocomplex.pl\/projekt\/wp-content\/uploads\/2022\/04\/Sos3M18-1024x576-300x200.jpg\" width=\"300\" height=\"200\" class=\"wp-post-image wp-image-1354\" title=\"Sos3M18\" alt=\"Sos3M18\"><\/a>            <\/dt>\n                    <\/dl>\n            <dl class=\"gallery-item\">\n            <dt class=\"gallery-icon\">\n            <a data-title=\"no\" title=\"\" href=\"https:\/\/www.drocomplex.pl\/projekt\/wp-content\/uploads\/2022\/04\/Sos3M19.jpg\" data-rel=\"tb_on92918\" class=\"themify_lightbox\"><img loading=\"lazy\" decoding=\"async\" src=\"https:\/\/www.drocomplex.pl\/projekt\/wp-content\/uploads\/2022\/04\/Sos3M19-1024x576-300x200.jpg\" width=\"300\" height=\"200\" class=\"wp-post-image wp-image-1355\" title=\"Sos3M19\" alt=\"Sos3M19\"><\/a>            <\/dt>\n                    <\/dl>\n            <dl class=\"gallery-item\">\n            <dt class=\"gallery-icon\">\n            <a data-title=\"no\" title=\"\" href=\"https:\/\/www.drocomplex.pl\/projekt\/wp-content\/uploads\/2022\/04\/Sos3M20.jpg\" data-rel=\"tb_on92918\" class=\"themify_lightbox\"><img loading=\"lazy\" decoding=\"async\" src=\"https:\/\/www.drocomplex.pl\/projekt\/wp-content\/uploads\/2022\/04\/Sos3M20-1024x576-300x200.jpg\" width=\"300\" height=\"200\" class=\"wp-post-image wp-image-1356\" title=\"Sos3M20\" alt=\"Sos3M20\"><\/a>            <\/dt>\n                    <\/dl>\n            <dl class=\"gallery-item\">\n            <dt class=\"gallery-icon\">\n            <a data-title=\"no\" title=\"\" href=\"https:\/\/www.drocomplex.pl\/projekt\/wp-content\/uploads\/2022\/04\/Sos3M21.jpg\" data-rel=\"tb_on92918\" class=\"themify_lightbox\"><img loading=\"lazy\" decoding=\"async\" src=\"https:\/\/www.drocomplex.pl\/projekt\/wp-content\/uploads\/2022\/04\/Sos3M21-1024x576-300x200.jpg\" width=\"300\" height=\"200\" class=\"wp-post-image wp-image-1357\" title=\"Sos3M21\" alt=\"Sos3M21\"><\/a>            <\/dt>\n                    <\/dl>\n            <dl class=\"gallery-item\">\n            <dt class=\"gallery-icon\">\n            <a data-title=\"no\" title=\"\" href=\"https:\/\/www.drocomplex.pl\/projekt\/wp-content\/uploads\/2022\/04\/Sos3M22.jpg\" data-rel=\"tb_on92918\" class=\"themify_lightbox\"><img loading=\"lazy\" decoding=\"async\" src=\"https:\/\/www.drocomplex.pl\/projekt\/wp-content\/uploads\/2022\/04\/Sos3M22-1024x576-300x200.jpg\" width=\"300\" height=\"200\" class=\"wp-post-image wp-image-1358\" title=\"Sos3M22\" alt=\"Sos3M22\"><\/a>            <\/dt>\n                    <\/dl>\n            <dl class=\"gallery-item\">\n            <dt class=\"gallery-icon\">\n            <a data-title=\"no\" title=\"\" href=\"https:\/\/www.drocomplex.pl\/projekt\/wp-content\/uploads\/2022\/04\/Sos3M23.jpg\" data-rel=\"tb_on92918\" class=\"themify_lightbox\"><img loading=\"lazy\" decoding=\"async\" src=\"https:\/\/www.drocomplex.pl\/projekt\/wp-content\/uploads\/2022\/04\/Sos3M23-1024x576-300x200.jpg\" width=\"300\" height=\"200\" class=\"wp-post-image wp-image-1359\" title=\"Sos3M23\" alt=\"Sos3M23\"><\/a>            <\/dt>\n                    <\/dl>\n            <dl class=\"gallery-item\">\n            <dt class=\"gallery-icon\">\n            <a data-title=\"no\" title=\"\" href=\"https:\/\/www.drocomplex.pl\/projekt\/wp-content\/uploads\/2022\/04\/Sos3M24.jpg\" data-rel=\"tb_on92918\" class=\"themify_lightbox\"><img loading=\"lazy\" decoding=\"async\" src=\"https:\/\/www.drocomplex.pl\/projekt\/wp-content\/uploads\/2022\/04\/Sos3M24-1024x576-300x200.jpg\" width=\"300\" height=\"200\" class=\"wp-post-image wp-image-1360\" title=\"Sos3M24\" alt=\"Sos3M24\"><\/a>            <\/dt>\n                    <\/dl>\n            <dl class=\"gallery-item\">\n            <dt class=\"gallery-icon\">\n            <a data-title=\"no\" title=\"\" href=\"https:\/\/www.drocomplex.pl\/projekt\/wp-content\/uploads\/2022\/04\/Sos3M25.jpg\" data-rel=\"tb_on92918\" class=\"themify_lightbox\"><img loading=\"lazy\" decoding=\"async\" src=\"https:\/\/www.drocomplex.pl\/projekt\/wp-content\/uploads\/2022\/04\/Sos3M25-1024x576-300x200.jpg\" width=\"300\" height=\"200\" class=\"wp-post-image wp-image-1361\" title=\"Sos3M25\" alt=\"Sos3M25\"><\/a>            <\/dt>\n                    <\/dl>\n            <dl class=\"gallery-item\">\n            <dt class=\"gallery-icon\">\n            <a data-title=\"no\" title=\"\" href=\"https:\/\/www.drocomplex.pl\/projekt\/wp-content\/uploads\/2022\/04\/Sos3M26.jpg\" data-rel=\"tb_on92918\" class=\"themify_lightbox\"><img loading=\"lazy\" decoding=\"async\" src=\"https:\/\/www.drocomplex.pl\/projekt\/wp-content\/uploads\/2022\/04\/Sos3M26-1024x576-300x200.jpg\" width=\"300\" height=\"200\" class=\"wp-post-image wp-image-1362\" title=\"Sos3M26\" alt=\"Sos3M26\"><\/a>            <\/dt>\n                    <\/dl>\n            <dl class=\"gallery-item\">\n            <dt class=\"gallery-icon\">\n            <a data-title=\"no\" title=\"\" href=\"https:\/\/www.drocomplex.pl\/projekt\/wp-content\/uploads\/2022\/04\/Sos3M27.jpg\" data-rel=\"tb_on92918\" class=\"themify_lightbox\"><img loading=\"lazy\" decoding=\"async\" src=\"https:\/\/www.drocomplex.pl\/projekt\/wp-content\/uploads\/2022\/04\/Sos3M27-1024x576-300x200.jpg\" width=\"300\" height=\"200\" class=\"wp-post-image wp-image-1363\" title=\"Sos3M27\" alt=\"Sos3M27\"><\/a>            <\/dt>\n                    <\/dl>\n            <dl class=\"gallery-item\">\n            <dt class=\"gallery-icon\">\n            <a data-title=\"no\" title=\"\" href=\"https:\/\/www.drocomplex.pl\/projekt\/wp-content\/uploads\/2022\/04\/Sos3M28.jpg\" data-rel=\"tb_on92918\" class=\"themify_lightbox\"><img loading=\"lazy\" decoding=\"async\" src=\"https:\/\/www.drocomplex.pl\/projekt\/wp-content\/uploads\/2022\/04\/Sos3M28-1024x576-300x200.jpg\" width=\"300\" height=\"200\" class=\"wp-post-image wp-image-1364\" title=\"Sos3M28\" alt=\"Sos3M28\"><\/a>            <\/dt>\n                    <\/dl>\n            <dl class=\"gallery-item\">\n            <dt class=\"gallery-icon\">\n            <a data-title=\"no\" title=\"\" href=\"https:\/\/www.drocomplex.pl\/projekt\/wp-content\/uploads\/2022\/04\/Sos3M29.jpg\" data-rel=\"tb_on92918\" class=\"themify_lightbox\"><img loading=\"lazy\" decoding=\"async\" src=\"https:\/\/www.drocomplex.pl\/projekt\/wp-content\/uploads\/2022\/04\/Sos3M29-1024x576-300x200.jpg\" width=\"300\" height=\"200\" class=\"wp-post-image wp-image-1365\" title=\"Sos3M29\" alt=\"Sos3M29\"><\/a>            <\/dt>\n                    <\/dl>\n            <dl class=\"gallery-item\">\n            <dt class=\"gallery-icon\">\n            <a data-title=\"no\" title=\"\" href=\"https:\/\/www.drocomplex.pl\/projekt\/wp-content\/uploads\/2022\/04\/Sos3M30.jpg\" data-rel=\"tb_on92918\" class=\"themify_lightbox\"><img loading=\"lazy\" decoding=\"async\" src=\"https:\/\/www.drocomplex.pl\/projekt\/wp-content\/uploads\/2022\/04\/Sos3M30-1024x576-300x200.jpg\" width=\"300\" height=\"200\" class=\"wp-post-image wp-image-1366\" title=\"Sos3M30\" alt=\"Sos3M30\"><\/a>            <\/dt>\n                    <\/dl>\n            <dl class=\"gallery-item\">\n            <dt class=\"gallery-icon\">\n            <a data-title=\"no\" title=\"\" href=\"https:\/\/www.drocomplex.pl\/projekt\/wp-content\/uploads\/2022\/04\/Sos3M31.jpg\" data-rel=\"tb_on92918\" class=\"themify_lightbox\"><img loading=\"lazy\" decoding=\"async\" src=\"https:\/\/www.drocomplex.pl\/projekt\/wp-content\/uploads\/2022\/04\/Sos3M31-1024x576-300x200.jpg\" width=\"300\" height=\"200\" class=\"wp-post-image wp-image-1367\" title=\"Sos3M31\" alt=\"Sos3M31\"><\/a>            <\/dt>\n                    <\/dl>\n    <\/div>\n<\/div>\n<!-- \/module gallery -->        <\/div>\n                        <\/div>\n        <\/div>\n        <\/div>\n<!--\/themify_builder_content-->","protected":false},"excerpt":{"rendered":"<p>Sosnowiec ul. 3 Maja Stabilizacja gruntu cementem na g\u0142. 20 cm w Sosnowcu, ul. 3 Maja.Zakres rob\u00f3t: 51 000 m2, wykonanie maj &#8211; pa\u017adziernik 2017r.<\/p>\n","protected":false},"author":2,"featured_media":0,"parent":326,"menu_order":12,"comment_status":"closed","ping_status":"closed","template":"","meta":{"footnotes":""},"class_list":["post-817","page","type-page","status-publish","hentry","has-post-title","has-post-date","has-post-category","has-post-tag","has-post-comment","has-post-author",""],"builder_content":"<h1>Sosnowiec ul. 3 Maja<\/h1> <p>Stabilizacja gruntu cementem na g\u0142. 20 cm w Sosnowcu, ul. 3 Maja.<br>Zakres rob\u00f3t: 51 000 m2, wykonanie maj - pa\u017adziernik 2017r.<\/p>\n[gallery ids=\"1368,1369,1370,1371,1372,1343,1344,1345,1346,1347,1348,1349,1350,1351,1352,1353,1354,1355,1356,1357,1358,1359,1360,1361,1362,1363,1364,1365,1366,1367\"]","_links":{"self":[{"href":"https:\/\/www.drocomplex.pl\/projekt\/wp-json\/wp\/v2\/pages\/817","targetHints":{"allow":["GET"]}}],"collection":[{"href":"https:\/\/www.drocomplex.pl\/projekt\/wp-json\/wp\/v2\/pages"}],"about":[{"href":"https:\/\/www.drocomplex.pl\/projekt\/wp-json\/wp\/v2\/types\/page"}],"author":[{"embeddable":true,"href":"https:\/\/www.drocomplex.pl\/projekt\/wp-json\/wp\/v2\/users\/2"}],"replies":[{"embeddable":true,"href":"https:\/\/www.drocomplex.pl\/projekt\/wp-json\/wp\/v2\/comments?post=817"}],"version-history":[{"count":7,"href":"https:\/\/www.drocomplex.pl\/projekt\/wp-json\/wp\/v2\/pages\/817\/revisions"}],"predecessor-version":[{"id":2056,"href":"https:\/\/www.drocomplex.pl\/projekt\/wp-json\/wp\/v2\/pages\/817\/revisions\/2056"}],"up":[{"embeddable":true,"href":"https:\/\/www.drocomplex.pl\/projekt\/wp-json\/wp\/v2\/pages\/326"}],"wp:attachment":[{"href":"https:\/\/www.drocomplex.pl\/projekt\/wp-json\/wp\/v2\/media?parent=817"}],"curies":[{"name":"wp","href":"https:\/\/api.w.org\/{rel}","templated":true}]}}