{"id":795,"date":"2022-04-26T09:43:00","date_gmt":"2022-04-26T07:43:00","guid":{"rendered":"https:\/\/www.drocomplex.pl\/projekt\/?page_id=795"},"modified":"2022-04-27T09:31:29","modified_gmt":"2022-04-27T07:31:29","slug":"radlin-parking-tir","status":"publish","type":"page","link":"https:\/\/www.drocomplex.pl\/projekt\/galeria\/radlin-parking-tir\/","title":{"rendered":"Radlin &#8211; parking TIR"},"content":{"rendered":"<!--themify_builder_content-->\n<div id=\"themify_builder_content-795\" data-postid=\"795\" class=\"themify_builder_content themify_builder_content-795 themify_builder tf_clear\">\n                    <div  data-lazy=\"1\" class=\"module_row themify_builder_row tb_ply2643 tb_first tf_w wow\" data-tf-animation=\"fadeIn\">\n                        <div class=\"row_inner col_align_top tb_col_count_1 tf_box tf_rel\">\n                        <div  data-lazy=\"1\" class=\"module_column tb-column col-full tb_kzmj645 first\">\n                            <\/div>\n                        <\/div>\n        <\/div>\n                        <div  data-lazy=\"1\" class=\"module_row themify_builder_row tb_416p650 tf_w wow\" data-tf-animation=\"fadeIn\">\n                        <div class=\"row_inner col_align_top tb_col_count_1 tf_box tf_rel\">\n                        <div  data-lazy=\"1\" class=\"module_column tb-column col-full tb_6g7a651 first\">\n                    <!-- module text -->\n<div  class=\"module module-text tb_3yvb645    wow\" data-tf-animation=\"fadeIn\" data-tf-animation_delay=\"0.5\" data-lazy=\"1\">\n        <div  class=\"tb_text_wrap\">\n        <h1>Radlin &#8211; parking TIR<\/h1>\n<p>Stabilizacja gruntu cementem, pod parking pojazd\u00f3w ci\u0119\u017carowych w Radlinie.<br>Zakres rob\u00f3t: 8 500 m2, wykonanie wrzesie\u0144 2017r.<\/p>    <\/div>\n<\/div>\n<!-- \/module text -->        <\/div>\n                        <\/div>\n        <\/div>\n                        <div  data-lazy=\"1\" class=\"module_row themify_builder_row tb_9eub990 tf_w\">\n                        <div class=\"row_inner col_align_top tb_col_count_1 tf_box tf_rel\">\n                        <div  data-lazy=\"1\" class=\"module_column tb-column col-full tb_wrkx990 first\">\n                    <!-- module gallery -->\n<div  class=\"module gallery module-gallery tb_on92918 layout-grid   wow\" data-tf-animation=\"fadeIn\" data-lazy=\"1\">\n    <div class=\"module-gallery-grid\" style=\"--gald:4;--galt:4;--galm:4\">\n            <dl class=\"gallery-item\">\n            <dt class=\"gallery-icon\">\n            <a data-title=\"no\" title=\"\" href=\"https:\/\/www.drocomplex.pl\/projekt\/wp-content\/uploads\/2022\/04\/Rad01.jpg\" data-rel=\"tb_on92918\" class=\"themify_lightbox\"><img loading=\"lazy\" decoding=\"async\" src=\"https:\/\/www.drocomplex.pl\/projekt\/wp-content\/uploads\/2022\/04\/Rad01-1024x576-300x200.jpg\" width=\"300\" height=\"200\" class=\"wp-post-image wp-image-1183\" title=\"Rad01\" alt=\"Rad01\"><\/a>            <\/dt>\n                    <\/dl>\n            <dl class=\"gallery-item\">\n            <dt class=\"gallery-icon\">\n            <a data-title=\"no\" title=\"\" href=\"https:\/\/www.drocomplex.pl\/projekt\/wp-content\/uploads\/2022\/04\/Rad02.jpg\" data-rel=\"tb_on92918\" class=\"themify_lightbox\"><img loading=\"lazy\" decoding=\"async\" src=\"https:\/\/www.drocomplex.pl\/projekt\/wp-content\/uploads\/2022\/04\/Rad02-1024x576-300x200.jpg\" width=\"300\" height=\"200\" class=\"wp-post-image wp-image-1184\" title=\"Rad02\" alt=\"Rad02\"><\/a>            <\/dt>\n                    <\/dl>\n            <dl class=\"gallery-item\">\n            <dt class=\"gallery-icon\">\n            <a data-title=\"no\" title=\"\" href=\"https:\/\/www.drocomplex.pl\/projekt\/wp-content\/uploads\/2022\/04\/Rad03.jpg\" data-rel=\"tb_on92918\" class=\"themify_lightbox\"><img loading=\"lazy\" decoding=\"async\" src=\"https:\/\/www.drocomplex.pl\/projekt\/wp-content\/uploads\/2022\/04\/Rad03-1024x576-300x200.jpg\" width=\"300\" height=\"200\" class=\"wp-post-image wp-image-1185\" title=\"Rad03\" alt=\"Rad03\"><\/a>            <\/dt>\n                    <\/dl>\n            <dl class=\"gallery-item\">\n            <dt class=\"gallery-icon\">\n            <a data-title=\"no\" title=\"\" href=\"https:\/\/www.drocomplex.pl\/projekt\/wp-content\/uploads\/2022\/04\/Rad04.jpg\" data-rel=\"tb_on92918\" class=\"themify_lightbox\"><img loading=\"lazy\" decoding=\"async\" src=\"https:\/\/www.drocomplex.pl\/projekt\/wp-content\/uploads\/2022\/04\/Rad04-1024x576-300x200.jpg\" width=\"300\" height=\"200\" class=\"wp-post-image wp-image-1186\" title=\"Rad04\" alt=\"Rad04\"><\/a>            <\/dt>\n                    <\/dl>\n            <dl class=\"gallery-item\">\n            <dt class=\"gallery-icon\">\n            <a data-title=\"no\" title=\"\" href=\"https:\/\/www.drocomplex.pl\/projekt\/wp-content\/uploads\/2022\/04\/Rad05.jpg\" data-rel=\"tb_on92918\" class=\"themify_lightbox\"><img loading=\"lazy\" decoding=\"async\" src=\"https:\/\/www.drocomplex.pl\/projekt\/wp-content\/uploads\/2022\/04\/Rad05-1024x576-300x200.jpg\" width=\"300\" height=\"200\" class=\"wp-post-image wp-image-1187\" title=\"Rad05\" alt=\"Rad05\"><\/a>            <\/dt>\n                    <\/dl>\n            <dl class=\"gallery-item\">\n            <dt class=\"gallery-icon\">\n            <a data-title=\"no\" title=\"\" href=\"https:\/\/www.drocomplex.pl\/projekt\/wp-content\/uploads\/2022\/04\/Rad06.jpg\" data-rel=\"tb_on92918\" class=\"themify_lightbox\"><img loading=\"lazy\" decoding=\"async\" src=\"https:\/\/www.drocomplex.pl\/projekt\/wp-content\/uploads\/2022\/04\/Rad06-1024x576-300x200.jpg\" width=\"300\" height=\"200\" class=\"wp-post-image wp-image-1188\" title=\"Rad06\" alt=\"Rad06\"><\/a>            <\/dt>\n                    <\/dl>\n            <dl class=\"gallery-item\">\n            <dt class=\"gallery-icon\">\n            <a data-title=\"no\" title=\"\" href=\"https:\/\/www.drocomplex.pl\/projekt\/wp-content\/uploads\/2022\/04\/Rad07.jpg\" data-rel=\"tb_on92918\" class=\"themify_lightbox\"><img loading=\"lazy\" decoding=\"async\" src=\"https:\/\/www.drocomplex.pl\/projekt\/wp-content\/uploads\/2022\/04\/Rad07-1024x576-300x200.jpg\" width=\"300\" height=\"200\" class=\"wp-post-image wp-image-1172\" title=\"Rad07\" alt=\"Rad07\"><\/a>            <\/dt>\n                    <\/dl>\n            <dl class=\"gallery-item\">\n            <dt class=\"gallery-icon\">\n            <a data-title=\"no\" title=\"\" href=\"https:\/\/www.drocomplex.pl\/projekt\/wp-content\/uploads\/2022\/04\/Rad08.jpg\" data-rel=\"tb_on92918\" class=\"themify_lightbox\"><img loading=\"lazy\" decoding=\"async\" src=\"https:\/\/www.drocomplex.pl\/projekt\/wp-content\/uploads\/2022\/04\/Rad08-1024x576-300x200.jpg\" width=\"300\" height=\"200\" class=\"wp-post-image wp-image-1173\" title=\"Rad08\" alt=\"Rad08\"><\/a>            <\/dt>\n                    <\/dl>\n            <dl class=\"gallery-item\">\n            <dt class=\"gallery-icon\">\n            <a data-title=\"no\" title=\"\" href=\"https:\/\/www.drocomplex.pl\/projekt\/wp-content\/uploads\/2022\/04\/Rad09.jpg\" data-rel=\"tb_on92918\" class=\"themify_lightbox\"><img loading=\"lazy\" decoding=\"async\" src=\"https:\/\/www.drocomplex.pl\/projekt\/wp-content\/uploads\/2022\/04\/Rad09-1024x576-300x200.jpg\" width=\"300\" height=\"200\" class=\"wp-post-image wp-image-1174\" title=\"Rad09\" alt=\"Rad09\"><\/a>            <\/dt>\n                    <\/dl>\n            <dl class=\"gallery-item\">\n            <dt class=\"gallery-icon\">\n            <a data-title=\"no\" title=\"\" href=\"https:\/\/www.drocomplex.pl\/projekt\/wp-content\/uploads\/2022\/04\/Rad10.jpg\" data-rel=\"tb_on92918\" class=\"themify_lightbox\"><img loading=\"lazy\" decoding=\"async\" src=\"https:\/\/www.drocomplex.pl\/projekt\/wp-content\/uploads\/2022\/04\/Rad10-1024x576-300x200.jpg\" width=\"300\" height=\"200\" class=\"wp-post-image wp-image-1175\" title=\"Rad10\" alt=\"Rad10\"><\/a>            <\/dt>\n                    <\/dl>\n            <dl class=\"gallery-item\">\n            <dt class=\"gallery-icon\">\n            <a data-title=\"no\" title=\"\" href=\"https:\/\/www.drocomplex.pl\/projekt\/wp-content\/uploads\/2022\/04\/Rad11.jpg\" data-rel=\"tb_on92918\" class=\"themify_lightbox\"><img loading=\"lazy\" decoding=\"async\" src=\"https:\/\/www.drocomplex.pl\/projekt\/wp-content\/uploads\/2022\/04\/Rad11-1024x576-300x200.jpg\" width=\"300\" height=\"200\" class=\"wp-post-image wp-image-1176\" title=\"Rad11\" alt=\"Rad11\"><\/a>            <\/dt>\n                    <\/dl>\n            <dl class=\"gallery-item\">\n            <dt class=\"gallery-icon\">\n            <a data-title=\"no\" title=\"\" href=\"https:\/\/www.drocomplex.pl\/projekt\/wp-content\/uploads\/2022\/04\/Rad12.jpg\" data-rel=\"tb_on92918\" class=\"themify_lightbox\"><img loading=\"lazy\" decoding=\"async\" src=\"https:\/\/www.drocomplex.pl\/projekt\/wp-content\/uploads\/2022\/04\/Rad12-1024x576-300x200.jpg\" width=\"300\" height=\"200\" class=\"wp-post-image wp-image-1177\" title=\"Rad12\" alt=\"Rad12\"><\/a>            <\/dt>\n                    <\/dl>\n            <dl class=\"gallery-item\">\n            <dt class=\"gallery-icon\">\n            <a data-title=\"no\" title=\"\" href=\"https:\/\/www.drocomplex.pl\/projekt\/wp-content\/uploads\/2022\/04\/Rad13.jpg\" data-rel=\"tb_on92918\" class=\"themify_lightbox\"><img loading=\"lazy\" decoding=\"async\" src=\"https:\/\/www.drocomplex.pl\/projekt\/wp-content\/uploads\/2022\/04\/Rad13-1024x576-300x200.jpg\" width=\"300\" height=\"200\" class=\"wp-post-image wp-image-1178\" title=\"Rad13\" alt=\"Rad13\"><\/a>            <\/dt>\n                    <\/dl>\n            <dl class=\"gallery-item\">\n            <dt class=\"gallery-icon\">\n            <a data-title=\"no\" title=\"\" href=\"https:\/\/www.drocomplex.pl\/projekt\/wp-content\/uploads\/2022\/04\/Rad14.jpg\" data-rel=\"tb_on92918\" class=\"themify_lightbox\"><img loading=\"lazy\" decoding=\"async\" src=\"https:\/\/www.drocomplex.pl\/projekt\/wp-content\/uploads\/2022\/04\/Rad14-1024x576-300x200.jpg\" width=\"300\" height=\"200\" class=\"wp-post-image wp-image-1179\" title=\"Rad14\" alt=\"Rad14\"><\/a>            <\/dt>\n                    <\/dl>\n            <dl class=\"gallery-item\">\n            <dt class=\"gallery-icon\">\n            <a data-title=\"no\" title=\"\" href=\"https:\/\/www.drocomplex.pl\/projekt\/wp-content\/uploads\/2022\/04\/Rad15.jpg\" data-rel=\"tb_on92918\" class=\"themify_lightbox\"><img loading=\"lazy\" decoding=\"async\" src=\"https:\/\/www.drocomplex.pl\/projekt\/wp-content\/uploads\/2022\/04\/Rad15-1024x576-300x200.jpg\" width=\"300\" height=\"200\" class=\"wp-post-image wp-image-1180\" title=\"Rad15\" alt=\"Rad15\"><\/a>            <\/dt>\n                    <\/dl>\n            <dl class=\"gallery-item\">\n            <dt class=\"gallery-icon\">\n            <a data-title=\"no\" title=\"\" href=\"https:\/\/www.drocomplex.pl\/projekt\/wp-content\/uploads\/2022\/04\/Rad16.jpg\" data-rel=\"tb_on92918\" class=\"themify_lightbox\"><img loading=\"lazy\" decoding=\"async\" src=\"https:\/\/www.drocomplex.pl\/projekt\/wp-content\/uploads\/2022\/04\/Rad16-1024x576-300x200.jpg\" width=\"300\" height=\"200\" class=\"wp-post-image wp-image-1181\" title=\"Rad16\" alt=\"Rad16\"><\/a>            <\/dt>\n                    <\/dl>\n            <dl class=\"gallery-item\">\n            <dt class=\"gallery-icon\">\n            <a data-title=\"no\" title=\"\" href=\"https:\/\/www.drocomplex.pl\/projekt\/wp-content\/uploads\/2022\/04\/Rad17.jpg\" data-rel=\"tb_on92918\" class=\"themify_lightbox\"><img loading=\"lazy\" decoding=\"async\" src=\"https:\/\/www.drocomplex.pl\/projekt\/wp-content\/uploads\/2022\/04\/Rad17-1024x576-300x200.jpg\" width=\"300\" height=\"200\" class=\"wp-post-image wp-image-1182\" title=\"Rad17\" alt=\"Rad17\"><\/a>            <\/dt>\n                    <\/dl>\n    <\/div>\n<\/div>\n<!-- \/module gallery -->        <\/div>\n                        <\/div>\n        <\/div>\n        <\/div>\n<!--\/themify_builder_content-->","protected":false},"excerpt":{"rendered":"<p>Radlin &#8211; parking TIR Stabilizacja gruntu cementem, pod parking pojazd\u00f3w ci\u0119\u017carowych w Radlinie.Zakres rob\u00f3t: 8 500 m2, wykonanie wrzesie\u0144 2017r.<\/p>\n","protected":false},"author":2,"featured_media":0,"parent":326,"menu_order":7,"comment_status":"closed","ping_status":"closed","template":"","meta":{"footnotes":""},"class_list":["post-795","page","type-page","status-publish","hentry","has-post-title","has-post-date","has-post-category","has-post-tag","has-post-comment","has-post-author",""],"builder_content":"<h1>Radlin - parking TIR<\/h1> <p>Stabilizacja gruntu cementem, pod parking pojazd\u00f3w ci\u0119\u017carowych w Radlinie.<br>Zakres rob\u00f3t: 8 500 m2, wykonanie wrzesie\u0144 2017r.<\/p>\n[gallery ids=\"1183,1184,1185,1186,1187,1188,1172,1173,1174,1175,1176,1177,1178,1179,1180,1181,1182\"]","_links":{"self":[{"href":"https:\/\/www.drocomplex.pl\/projekt\/wp-json\/wp\/v2\/pages\/795","targetHints":{"allow":["GET"]}}],"collection":[{"href":"https:\/\/www.drocomplex.pl\/projekt\/wp-json\/wp\/v2\/pages"}],"about":[{"href":"https:\/\/www.drocomplex.pl\/projekt\/wp-json\/wp\/v2\/types\/page"}],"author":[{"embeddable":true,"href":"https:\/\/www.drocomplex.pl\/projekt\/wp-json\/wp\/v2\/users\/2"}],"replies":[{"embeddable":true,"href":"https:\/\/www.drocomplex.pl\/projekt\/wp-json\/wp\/v2\/comments?post=795"}],"version-history":[{"count":5,"href":"https:\/\/www.drocomplex.pl\/projekt\/wp-json\/wp\/v2\/pages\/795\/revisions"}],"predecessor-version":[{"id":2051,"href":"https:\/\/www.drocomplex.pl\/projekt\/wp-json\/wp\/v2\/pages\/795\/revisions\/2051"}],"up":[{"embeddable":true,"href":"https:\/\/www.drocomplex.pl\/projekt\/wp-json\/wp\/v2\/pages\/326"}],"wp:attachment":[{"href":"https:\/\/www.drocomplex.pl\/projekt\/wp-json\/wp\/v2\/media?parent=795"}],"curies":[{"name":"wp","href":"https:\/\/api.w.org\/{rel}","templated":true}]}}