{"id":772,"date":"2022-04-26T09:31:14","date_gmt":"2022-04-26T07:31:14","guid":{"rendered":"https:\/\/www.drocomplex.pl\/projekt\/?page_id=772"},"modified":"2022-04-27T09:24:49","modified_gmt":"2022-04-27T07:24:49","slug":"katowice-ul-sadowa-wezel-przesiadkowy","status":"publish","type":"page","link":"https:\/\/www.drocomplex.pl\/projekt\/galeria\/katowice-ul-sadowa-wezel-przesiadkowy\/","title":{"rendered":"Katowice ul. S\u0105dowa W\u0119ze\u0142 przesiadkowy"},"content":{"rendered":"<!--themify_builder_content-->\n<div id=\"themify_builder_content-772\" data-postid=\"772\" class=\"themify_builder_content themify_builder_content-772 themify_builder tf_clear\">\n                    <div  data-lazy=\"1\" class=\"module_row themify_builder_row tb_ply2643 tb_first tf_w wow\" data-tf-animation=\"fadeIn\">\n                        <div class=\"row_inner col_align_top tb_col_count_1 tf_box tf_rel\">\n                        <div  data-lazy=\"1\" class=\"module_column tb-column col-full tb_kzmj645 first\">\n                            <\/div>\n                        <\/div>\n        <\/div>\n                        <div  data-lazy=\"1\" class=\"module_row themify_builder_row tb_416p650 tf_w wow\" data-tf-animation=\"fadeIn\">\n                        <div class=\"row_inner col_align_top tb_col_count_1 tf_box tf_rel\">\n                        <div  data-lazy=\"1\" class=\"module_column tb-column col-full tb_6g7a651 first\">\n                    <!-- module text -->\n<div  class=\"module module-text tb_3yvb645    wow\" data-tf-animation=\"fadeIn\" data-tf-animation_delay=\"0.5\" data-lazy=\"1\">\n        <div  class=\"tb_text_wrap\">\n        <h1>Katowice ul. S\u0105dowa &#8211; W\u0119ze\u0142 przesiadkowy<\/h1>\n<p>Stabilizacja gruntu &#8211; budowa w\u0119z\u0142a przesiadkowego Katowice ul. S\u0105dowa<br>Zakres rob\u00f3t: 20 000 m2, wykonanie etapami czerwiec 2018r &#8211; wrzesie\u0144 2019r.<\/p>    <\/div>\n<\/div>\n<!-- \/module text -->        <\/div>\n                        <\/div>\n        <\/div>\n                        <div  data-lazy=\"1\" class=\"module_row themify_builder_row tb_9eub990 tf_w\">\n                        <div class=\"row_inner col_align_top tb_col_count_1 tf_box tf_rel\">\n                        <div  data-lazy=\"1\" class=\"module_column tb-column col-full tb_wrkx990 first\">\n                    <!-- module gallery -->\n<div  class=\"module gallery module-gallery tb_on92918 layout-grid   wow\" data-tf-animation=\"fadeIn\" data-lazy=\"1\">\n    <div class=\"module-gallery-grid\" style=\"--gald:4;--galt:4;--galm:4\">\n            <dl class=\"gallery-item\">\n            <dt class=\"gallery-icon\">\n            <a data-title=\"no\" title=\"\" href=\"https:\/\/www.drocomplex.pl\/projekt\/wp-content\/uploads\/2022\/04\/katsad01.jpg\" data-rel=\"tb_on92918\" class=\"themify_lightbox\"><img loading=\"lazy\" decoding=\"async\" src=\"https:\/\/www.drocomplex.pl\/projekt\/wp-content\/uploads\/2022\/04\/katsad01-1024x576-300x200.jpg\" width=\"300\" height=\"200\" class=\"wp-post-image wp-image-901\" title=\"katsad01\" alt=\"katsad01\"><\/a>            <\/dt>\n                    <\/dl>\n            <dl class=\"gallery-item\">\n            <dt class=\"gallery-icon\">\n            <a data-title=\"no\" title=\"\" href=\"https:\/\/www.drocomplex.pl\/projekt\/wp-content\/uploads\/2022\/04\/katsad02.jpg\" data-rel=\"tb_on92918\" class=\"themify_lightbox\"><img loading=\"lazy\" decoding=\"async\" src=\"https:\/\/www.drocomplex.pl\/projekt\/wp-content\/uploads\/2022\/04\/katsad02-1024x576-300x200.jpg\" width=\"300\" height=\"200\" class=\"wp-post-image wp-image-871\" title=\"katsad02\" alt=\"katsad02\"><\/a>            <\/dt>\n                    <\/dl>\n            <dl class=\"gallery-item\">\n            <dt class=\"gallery-icon\">\n            <a data-title=\"no\" title=\"\" href=\"https:\/\/www.drocomplex.pl\/projekt\/wp-content\/uploads\/2022\/04\/katsad03.jpg\" data-rel=\"tb_on92918\" class=\"themify_lightbox\"><img loading=\"lazy\" decoding=\"async\" src=\"https:\/\/www.drocomplex.pl\/projekt\/wp-content\/uploads\/2022\/04\/katsad03-1024x576-300x200.jpg\" width=\"300\" height=\"200\" class=\"wp-post-image wp-image-872\" title=\"katsad03\" alt=\"katsad03\"><\/a>            <\/dt>\n                    <\/dl>\n            <dl class=\"gallery-item\">\n            <dt class=\"gallery-icon\">\n            <a data-title=\"no\" title=\"\" href=\"https:\/\/www.drocomplex.pl\/projekt\/wp-content\/uploads\/2022\/04\/katsad04.jpg\" data-rel=\"tb_on92918\" class=\"themify_lightbox\"><img loading=\"lazy\" decoding=\"async\" src=\"https:\/\/www.drocomplex.pl\/projekt\/wp-content\/uploads\/2022\/04\/katsad04-1024x576-300x200.jpg\" width=\"300\" height=\"200\" class=\"wp-post-image wp-image-873\" title=\"katsad04\" alt=\"katsad04\"><\/a>            <\/dt>\n                    <\/dl>\n            <dl class=\"gallery-item\">\n            <dt class=\"gallery-icon\">\n            <a data-title=\"no\" title=\"\" href=\"https:\/\/www.drocomplex.pl\/projekt\/wp-content\/uploads\/2022\/04\/katsad05.jpg\" data-rel=\"tb_on92918\" class=\"themify_lightbox\"><img loading=\"lazy\" decoding=\"async\" src=\"https:\/\/www.drocomplex.pl\/projekt\/wp-content\/uploads\/2022\/04\/katsad05-1024x497-300x200.jpg\" width=\"300\" height=\"200\" class=\"wp-post-image wp-image-874\" title=\"katsad05\" alt=\"katsad05\"><\/a>            <\/dt>\n                    <\/dl>\n            <dl class=\"gallery-item\">\n            <dt class=\"gallery-icon\">\n            <a data-title=\"no\" title=\"\" href=\"https:\/\/www.drocomplex.pl\/projekt\/wp-content\/uploads\/2022\/04\/katsad06.jpg\" data-rel=\"tb_on92918\" class=\"themify_lightbox\"><img loading=\"lazy\" decoding=\"async\" src=\"https:\/\/www.drocomplex.pl\/projekt\/wp-content\/uploads\/2022\/04\/katsad06-1024x497-300x200.jpg\" width=\"300\" height=\"200\" class=\"wp-post-image wp-image-875\" title=\"katsad06\" alt=\"katsad06\"><\/a>            <\/dt>\n                    <\/dl>\n            <dl class=\"gallery-item\">\n            <dt class=\"gallery-icon\">\n            <a data-title=\"no\" title=\"\" href=\"https:\/\/www.drocomplex.pl\/projekt\/wp-content\/uploads\/2022\/04\/katsad07.jpg\" data-rel=\"tb_on92918\" class=\"themify_lightbox\"><img loading=\"lazy\" decoding=\"async\" src=\"https:\/\/www.drocomplex.pl\/projekt\/wp-content\/uploads\/2022\/04\/katsad07-1024x497-300x200.jpg\" width=\"300\" height=\"200\" class=\"wp-post-image wp-image-876\" title=\"katsad07\" alt=\"katsad07\"><\/a>            <\/dt>\n                    <\/dl>\n            <dl class=\"gallery-item\">\n            <dt class=\"gallery-icon\">\n            <a data-title=\"no\" title=\"\" href=\"https:\/\/www.drocomplex.pl\/projekt\/wp-content\/uploads\/2022\/04\/katsad08.jpg\" data-rel=\"tb_on92918\" class=\"themify_lightbox\"><img loading=\"lazy\" decoding=\"async\" src=\"https:\/\/www.drocomplex.pl\/projekt\/wp-content\/uploads\/2022\/04\/katsad08-1024x497-300x200.jpg\" width=\"300\" height=\"200\" class=\"wp-post-image wp-image-877\" title=\"katsad08\" alt=\"katsad08\"><\/a>            <\/dt>\n                    <\/dl>\n            <dl class=\"gallery-item\">\n            <dt class=\"gallery-icon\">\n            <a data-title=\"no\" title=\"\" href=\"https:\/\/www.drocomplex.pl\/projekt\/wp-content\/uploads\/2022\/04\/katsad09.jpg\" data-rel=\"tb_on92918\" class=\"themify_lightbox\"><img loading=\"lazy\" decoding=\"async\" src=\"https:\/\/www.drocomplex.pl\/projekt\/wp-content\/uploads\/2022\/04\/katsad09-1024x497-300x200.jpg\" width=\"300\" height=\"200\" class=\"wp-post-image wp-image-878\" title=\"katsad09\" alt=\"katsad09\"><\/a>            <\/dt>\n                    <\/dl>\n            <dl class=\"gallery-item\">\n            <dt class=\"gallery-icon\">\n            <a data-title=\"no\" title=\"\" href=\"https:\/\/www.drocomplex.pl\/projekt\/wp-content\/uploads\/2022\/04\/katsad10.jpg\" data-rel=\"tb_on92918\" class=\"themify_lightbox\"><img loading=\"lazy\" decoding=\"async\" src=\"https:\/\/www.drocomplex.pl\/projekt\/wp-content\/uploads\/2022\/04\/katsad10-1024x497-300x200.jpg\" width=\"300\" height=\"200\" class=\"wp-post-image wp-image-879\" title=\"katsad10\" alt=\"katsad10\"><\/a>            <\/dt>\n                    <\/dl>\n            <dl class=\"gallery-item\">\n            <dt class=\"gallery-icon\">\n            <a data-title=\"no\" title=\"\" href=\"https:\/\/www.drocomplex.pl\/projekt\/wp-content\/uploads\/2022\/04\/katsad11.jpg\" data-rel=\"tb_on92918\" class=\"themify_lightbox\"><img loading=\"lazy\" decoding=\"async\" src=\"https:\/\/www.drocomplex.pl\/projekt\/wp-content\/uploads\/2022\/04\/katsad11-1024x497-300x200.jpg\" width=\"300\" height=\"200\" class=\"wp-post-image wp-image-880\" title=\"katsad11\" alt=\"katsad11\"><\/a>            <\/dt>\n                    <\/dl>\n            <dl class=\"gallery-item\">\n            <dt class=\"gallery-icon\">\n            <a data-title=\"no\" title=\"\" href=\"https:\/\/www.drocomplex.pl\/projekt\/wp-content\/uploads\/2022\/04\/katsad12.jpg\" data-rel=\"tb_on92918\" class=\"themify_lightbox\"><img loading=\"lazy\" decoding=\"async\" src=\"https:\/\/www.drocomplex.pl\/projekt\/wp-content\/uploads\/2022\/04\/katsad12-1024x497-300x200.jpg\" width=\"300\" height=\"200\" class=\"wp-post-image wp-image-881\" title=\"katsad12\" alt=\"katsad12\"><\/a>            <\/dt>\n                    <\/dl>\n            <dl class=\"gallery-item\">\n            <dt class=\"gallery-icon\">\n            <a data-title=\"no\" title=\"\" href=\"https:\/\/www.drocomplex.pl\/projekt\/wp-content\/uploads\/2022\/04\/katsad13.jpg\" data-rel=\"tb_on92918\" class=\"themify_lightbox\"><img loading=\"lazy\" decoding=\"async\" src=\"https:\/\/www.drocomplex.pl\/projekt\/wp-content\/uploads\/2022\/04\/katsad13-1024x497-300x200.jpg\" width=\"300\" height=\"200\" class=\"wp-post-image wp-image-882\" title=\"katsad13\" alt=\"katsad13\"><\/a>            <\/dt>\n                    <\/dl>\n            <dl class=\"gallery-item\">\n            <dt class=\"gallery-icon\">\n            <a data-title=\"no\" title=\"\" href=\"https:\/\/www.drocomplex.pl\/projekt\/wp-content\/uploads\/2022\/04\/katsad14.jpg\" data-rel=\"tb_on92918\" class=\"themify_lightbox\"><img loading=\"lazy\" decoding=\"async\" src=\"https:\/\/www.drocomplex.pl\/projekt\/wp-content\/uploads\/2022\/04\/katsad14-1024x497-300x200.jpg\" width=\"300\" height=\"200\" class=\"wp-post-image wp-image-883\" title=\"katsad14\" alt=\"katsad14\"><\/a>            <\/dt>\n                    <\/dl>\n            <dl class=\"gallery-item\">\n            <dt class=\"gallery-icon\">\n            <a data-title=\"no\" title=\"\" href=\"https:\/\/www.drocomplex.pl\/projekt\/wp-content\/uploads\/2022\/04\/katsad15.jpg\" data-rel=\"tb_on92918\" class=\"themify_lightbox\"><img loading=\"lazy\" decoding=\"async\" src=\"https:\/\/www.drocomplex.pl\/projekt\/wp-content\/uploads\/2022\/04\/katsad15-1024x497-300x200.jpg\" width=\"300\" height=\"200\" class=\"wp-post-image wp-image-884\" title=\"katsad15\" alt=\"katsad15\"><\/a>            <\/dt>\n                    <\/dl>\n    <\/div>\n<\/div>\n<!-- \/module gallery -->        <\/div>\n                        <\/div>\n        <\/div>\n        <\/div>\n<!--\/themify_builder_content-->","protected":false},"excerpt":{"rendered":"<p>Katowice ul. S\u0105dowa &#8211; W\u0119ze\u0142 przesiadkowy Stabilizacja gruntu &#8211; budowa w\u0119z\u0142a przesiadkowego Katowice ul. S\u0105dowaZakres rob\u00f3t: 20 000 m2, wykonanie etapami czerwiec 2018r &#8211; wrzesie\u0144 2019r.<\/p>\n","protected":false},"author":2,"featured_media":0,"parent":326,"menu_order":2,"comment_status":"closed","ping_status":"closed","template":"","meta":{"footnotes":""},"class_list":["post-772","page","type-page","status-publish","hentry","has-post-title","has-post-date","has-post-category","has-post-tag","has-post-comment","has-post-author",""],"builder_content":"<h1>Katowice ul. S\u0105dowa - W\u0119ze\u0142 przesiadkowy<\/h1> <p>Stabilizacja gruntu - budowa w\u0119z\u0142a przesiadkowego Katowice ul. S\u0105dowa<br>Zakres rob\u00f3t: 20 000 m2, wykonanie etapami czerwiec 2018r - wrzesie\u0144 2019r.<\/p>\n[gallery ids=\"901,871,872,873,874,875,876,877,878,879,880,881,882,883,884\"]","_links":{"self":[{"href":"https:\/\/www.drocomplex.pl\/projekt\/wp-json\/wp\/v2\/pages\/772","targetHints":{"allow":["GET"]}}],"collection":[{"href":"https:\/\/www.drocomplex.pl\/projekt\/wp-json\/wp\/v2\/pages"}],"about":[{"href":"https:\/\/www.drocomplex.pl\/projekt\/wp-json\/wp\/v2\/types\/page"}],"author":[{"embeddable":true,"href":"https:\/\/www.drocomplex.pl\/projekt\/wp-json\/wp\/v2\/users\/2"}],"replies":[{"embeddable":true,"href":"https:\/\/www.drocomplex.pl\/projekt\/wp-json\/wp\/v2\/comments?post=772"}],"version-history":[{"count":8,"href":"https:\/\/www.drocomplex.pl\/projekt\/wp-json\/wp\/v2\/pages\/772\/revisions"}],"predecessor-version":[{"id":2046,"href":"https:\/\/www.drocomplex.pl\/projekt\/wp-json\/wp\/v2\/pages\/772\/revisions\/2046"}],"up":[{"embeddable":true,"href":"https:\/\/www.drocomplex.pl\/projekt\/wp-json\/wp\/v2\/pages\/326"}],"wp:attachment":[{"href":"https:\/\/www.drocomplex.pl\/projekt\/wp-json\/wp\/v2\/media?parent=772"}],"curies":[{"name":"wp","href":"https:\/\/api.w.org\/{rel}","templated":true}]}}