{"id":694,"date":"2022-04-11T12:15:36","date_gmt":"2022-04-11T10:15:36","guid":{"rendered":"https:\/\/www.drocomplex.pl\/projekt\/?page_id=694"},"modified":"2022-04-20T15:15:01","modified_gmt":"2022-04-20T13:15:01","slug":"praca","status":"publish","type":"page","link":"https:\/\/www.drocomplex.pl\/projekt\/praca\/","title":{"rendered":"Praca"},"content":{"rendered":"<!--themify_builder_content-->\n<div id=\"themify_builder_content-694\" data-postid=\"694\" class=\"themify_builder_content themify_builder_content-694 themify_builder tf_clear\">\n                    <div  data-lazy=\"1\" class=\"module_row themify_builder_row tb_ply2643 tb_first tf_w wow\" data-tf-animation=\"fadeIn\">\n                        <div class=\"row_inner col_align_top tb_col_count_1 tf_box tf_rel\">\n                        <div  data-lazy=\"1\" class=\"module_column tb-column col-full tb_kzmj645 first\">\n                            <\/div>\n                        <\/div>\n        <\/div>\n                        <div  data-lazy=\"1\" class=\"module_row themify_builder_row tb_416p650 tf_w wow\" data-tf-animation=\"fadeIn\">\n                        <div class=\"row_inner col_align_top tb_col_count_1 tf_box tf_rel\">\n                        <div  data-lazy=\"1\" class=\"module_column tb-column col-full tb_6g7a651 first\">\n                    <!-- module text -->\n<div  class=\"module module-text tb_3yvb645    wow\" data-tf-animation=\"fadeIn\" data-tf-animation_delay=\"0.5\" data-lazy=\"1\">\n        <div  class=\"tb_text_wrap\">\n        <h1>Praca<\/h1>    <\/div>\n<\/div>\n<!-- \/module text -->        <\/div>\n                        <\/div>\n        <\/div>\n                        <div  data-lazy=\"1\" class=\"module_row themify_builder_row tb_t1km405 tf_w\">\n                        <div class=\"row_inner col_align_middle tb_col_count_1 tf_box tf_rel\">\n                        <div  data-lazy=\"1\" class=\"module_column tb-column col-full tb_ip3e405 first\">\n                    <!-- module accordion -->\n<div  class=\"module module-accordion tb_m8e6111 \" data-behavior=\"accordion\" data-lazy=\"1\">\n    \n    <ul class=\"ui module-accordion   tb_default_color\">\n            <li class=\"builder-accordion-active\">\n            <div class=\"accordion-title tf_rel\">\n                <a href=\"#acc-m8e6111-0\" class=\"tb_title_accordion\" aria-controls=\"acc-m8e6111-0-content\" aria-expanded=\"true\">\n                    <i class=\"accordion-icon tf_hide\"><svg  class=\"tf_fa tf-fas-angle-double-up\" aria-hidden=\"true\"><use href=\"#tf-fas-angle-double-up\"><\/use><\/svg><\/i>                    <i class=\"accordion-active-icon\"><svg  class=\"tf_fa tf-fas-angle-double-down\" aria-hidden=\"true\"><use href=\"#tf-fas-angle-double-down\"><\/use><\/svg><\/i>                    Majster rob\u00f3t drogowych                <\/a>\n            <\/div><!-- .accordion-title -->\n            <div id=\"acc-m8e6111-0-content\" data-id=\"acc-m8e6111-0\" aria-hidden=\"false\" class=\"accordion-content tf_clearfix\">\n                                    <div class=\"tb_text_wrap\">\n                        <p><strong><img loading=\"lazy\" decoding=\"async\" class=\"alignright wp-image-706\" src=\"https:\/\/www.drocomplex.pl\/projekt\/wp-content\/uploads\/2022\/04\/majster-1024x456.jpg\" alt=\"\" width=\"400\" height=\"178\" srcset=\"https:\/\/www.drocomplex.pl\/projekt\/wp-content\/uploads\/2022\/04\/majster-1024x456.jpg 1024w, https:\/\/www.drocomplex.pl\/projekt\/wp-content\/uploads\/2022\/04\/majster-300x134.jpg 300w, https:\/\/www.drocomplex.pl\/projekt\/wp-content\/uploads\/2022\/04\/majster-768x342.jpg 768w, https:\/\/www.drocomplex.pl\/projekt\/wp-content\/uploads\/2022\/04\/majster.jpg 1200w\" sizes=\"auto, (max-width: 400px) 100vw, 400px\" \/>ZAKRES OBOWI\u0104ZK\u00d3W:<\/strong><\/p>\n<ul>\n<li>odpowiedzialno\u015b\u0107 za wykonanie rob\u00f3t zgodnie z dokumentacj\u0105 projektow\u0105,<\/li>\n<li>odpowiedzialno\u015b\u0107 za jako\u015b\u0107 realizowanych rob\u00f3t,<\/li>\n<li>prowadzenie obmiaru rob\u00f3t wykonanych oraz raportu dziennego,<\/li>\n<li>realizacja rob\u00f3t zgodnie z przyj\u0119tym harmonogramem,<\/li>\n<li>nadz\u00f3r nad zespo\u0142em pracownik\u00f3w oraz optymalne wykorzystanie materia\u0142\u00f3w, paliwa i powierzonego sprz\u0119tu,<\/li>\n<li>koordynowanie zam\u00f3wie\u0144 materia\u0142\u00f3w i analizowanie ilo\u015bci wbudowanych z wymogami specyfikacji technicznej,<\/li>\n<li>koordynowanie rob\u00f3t z innymi podwykonawcami,<\/li>\n<li>nadzorowanie nad prawid\u0142ow\u0105 eksploatacj\u0105 i zabezpieczeniem sprz\u0119tu w\u0142asnego.<\/li>\n<\/ul>\n<p><strong>WYMAGANIA:<\/strong><\/p>\n<ul>\n<li>wykszta\u0142cenie min. \u015brednie,<\/li>\n<li>do\u015bwiadczenie zawodowe w kierowaniu robotami budowlanymi \u2013 drogowymi (min. 2-letnie do\u015bwiadczenie na stanowisku Majstra rob\u00f3t drogowych),<\/li>\n<li>znajomo\u015b\u0107 technologii stabilizacji gruntu, norm i specyfikacji technicznych,<\/li>\n<li>umiej\u0119tno\u015b\u0107 efektywnej organizacji pod wzgl\u0119dem technicznym, logistycznym, ekonomicznym,<\/li>\n<li>obs\u0142uga niwelatora, tachimetru,<\/li>\n<li>umiej\u0119tno\u015b\u0107 poszukiwania rozwi\u0105za\u0144 i podejmowania decyzji,<\/li>\n<li>sumienno\u015b\u0107, odpowiedzialno\u015b\u0107,<\/li>\n<li>dyspozycyjno\u015b\u0107 (prawo jazdy kat. B ).<\/li>\n<\/ul>\n<p><strong>ZAPEWNIAMY:<\/strong><\/p>\n<ul>\n<li>stabilne zatrudnienie: umowa o prac\u0119 na czas nieokre\u015blony,<\/li>\n<li>konkurencyjne i terminowe wynagrodzenie,<\/li>\n<li>mo\u017cliwo\u015b\u0107 rozwoju zawodowego, dofinansowanie szkole\u0144 i kurs\u00f3w,<\/li>\n<li>prac\u0119 w firmie o ugruntowanej pozycji na rynku,<\/li>\n<li>zakwaterowanie (w przypadku pracy poza miejscem zamieszkania),<\/li>\n<li>dodatkowe ubezpieczenie na \u017cycie i zdrowie dla pracownik\u00f3w i ich rodzin,<\/li>\n<li>wsparcie do\u015bwiadczonego zespo\u0142u.<\/li>\n<\/ul>\n<p>Zainteresowane osoby prosimy o kontakt telefoniczny lub osobisty w biurze firmy Drocomplex<\/p>                    <\/div>\n                            <\/div><!-- .accordion-content -->\n        <\/li>\n            <li>\n            <div class=\"accordion-title tf_rel\">\n                <a href=\"#acc-m8e6111-1\" class=\"tb_title_accordion\" aria-controls=\"acc-m8e6111-1-content\" aria-expanded=\"false\">\n                    <i class=\"accordion-icon\"><svg  class=\"tf_fa tf-fas-angle-double-up\" aria-hidden=\"true\"><use href=\"#tf-fas-angle-double-up\"><\/use><\/svg><\/i>                    <i class=\"accordion-active-icon tf_hide\"><svg  class=\"tf_fa tf-fas-angle-double-down\" aria-hidden=\"true\"><use href=\"#tf-fas-angle-double-down\"><\/use><\/svg><\/i>                    Kierowca \/ Operator ci\u0105gnika rolniczego                <\/a>\n            <\/div><!-- .accordion-title -->\n            <div id=\"acc-m8e6111-1-content\" data-id=\"acc-m8e6111-1\" aria-hidden=\"true\" class=\"accordion-content tf_hide tf_clearfix\">\n                                    <div class=\"tb_text_wrap\">\n                        <p><strong><img loading=\"lazy\" decoding=\"async\" class=\"alignright wp-image-707\" src=\"https:\/\/www.drocomplex.pl\/projekt\/wp-content\/uploads\/2022\/04\/operatorciagnika.jpg\" alt=\"\" width=\"400\" height=\"289\" srcset=\"https:\/\/www.drocomplex.pl\/projekt\/wp-content\/uploads\/2022\/04\/operatorciagnika.jpg 1200w, https:\/\/www.drocomplex.pl\/projekt\/wp-content\/uploads\/2022\/04\/operatorciagnika-300x217.jpg 300w, https:\/\/www.drocomplex.pl\/projekt\/wp-content\/uploads\/2022\/04\/operatorciagnika-1024x741.jpg 1024w, https:\/\/www.drocomplex.pl\/projekt\/wp-content\/uploads\/2022\/04\/operatorciagnika-768x556.jpg 768w\" sizes=\"auto, (max-width: 400px) 100vw, 400px\" \/>ZAKRES OBOWI\u0104ZK\u00d3W:<\/strong><\/p>\n<ul>\n<li>obs\u0142uga pojazdu zgodnie z uprawnieniami, tj. ci\u0105gnika rolniczego z przyczep\u0105 (rozsypywaczem cementu), recyklera, beczki na wod\u0119,<\/li>\n<li>wykonywanie prac towarzysz\u0105cych przy obs\u0142udze pojazdu,<\/li>\n<li>wykonywanie prac konserwacyjnych i przegl\u0105d\u00f3w bie\u017c\u0105cych,<\/li>\n<li>prace pomocnicze na budowie \u2013 roboty drogowe,<\/li>\n<li>praca w delegacji na terenie ca\u0142ego kraju.<\/li>\n<\/ul>\n<p><strong>WYMAGANIA:<\/strong><\/p>\n<ul>\n<li>wykszta\u0142cenie min. podstawowe,<\/li>\n<li>uprawnienia \u2013 prawo jazdy kat. BE lub T,<\/li>\n<li>do\u015bwiadczenie zawodowe w kierowaniu ci\u0105gnikami rolniczymi,<\/li>\n<li>dyspozycyjno\u015b\u0107,<\/li>\n<li>dobra organizacja pracy, fachowo\u015b\u0107, zaanga\u017cowanie w powierzone obowi\u0105zki,<\/li>\n<li>komunikatywno\u015b\u0107 i umiej\u0119tno\u015b\u0107 pracy w zespole,<\/li>\n<li>istotne znaczenie przywi\u0105zujemy do cech osobowo\u015bci tj.: uczciwo\u015b\u0107, dok\u0142adno\u015b\u0107, lojalno\u015b\u0107.<\/li>\n<\/ul>\n<p><strong>ZAPEWNIAMY:<\/strong><\/p>\n<ul>\n<li>stabilne zatrudnienie: umowa o prac\u0119 na czas nieokre\u015blony,<\/li>\n<li>konkurencyjne i terminowe wynagrodzenie,<\/li>\n<li>mo\u017cliwo\u015b\u0107 rozwoju zawodowego oraz dofinansowanie szkole\u0144 i kurs\u00f3w,<\/li>\n<li>prac\u0119 w firmie o ugruntowanej pozycji na rynku,<\/li>\n<li>zakwaterowanie (w przypadku pracy poza miejscem zamieszkania),<\/li>\n<li>dodatkowe ubezpieczenie na \u017cycie i zdrowie dla pracownik\u00f3w i ich rodzin,<\/li>\n<li>wsparcie do\u015bwiadczonego zespo\u0142u.<\/li>\n<\/ul>\n<p>Zainteresowane osoby prosimy o kontakt telefoniczny lub osobisty w biurze firmy Drocomplex<\/p>                    <\/div>\n                            <\/div><!-- .accordion-content -->\n        <\/li>\n            <li>\n            <div class=\"accordion-title tf_rel\">\n                <a href=\"#acc-m8e6111-2\" class=\"tb_title_accordion\" aria-controls=\"acc-m8e6111-2-content\" aria-expanded=\"false\">\n                    <i class=\"accordion-icon\"><svg  class=\"tf_fa tf-fas-angle-double-up\" aria-hidden=\"true\"><use href=\"#tf-fas-angle-double-up\"><\/use><\/svg><\/i>                    <i class=\"accordion-active-icon tf_hide\"><svg  class=\"tf_fa tf-fas-angle-double-down\" aria-hidden=\"true\"><use href=\"#tf-fas-angle-double-down\"><\/use><\/svg><\/i>                    Operator walca                <\/a>\n            <\/div><!-- .accordion-title -->\n            <div id=\"acc-m8e6111-2-content\" data-id=\"acc-m8e6111-2\" aria-hidden=\"true\" class=\"accordion-content tf_hide tf_clearfix\">\n                                    <div class=\"tb_text_wrap\">\n                        <p style=\"font-weight: 400;\"><strong><img loading=\"lazy\" decoding=\"async\" class=\"alignright wp-image-708\" src=\"https:\/\/www.drocomplex.pl\/projekt\/wp-content\/uploads\/2022\/04\/walcowy.jpg\" alt=\"\" width=\"400\" height=\"300\" srcset=\"https:\/\/www.drocomplex.pl\/projekt\/wp-content\/uploads\/2022\/04\/walcowy.jpg 1200w, https:\/\/www.drocomplex.pl\/projekt\/wp-content\/uploads\/2022\/04\/walcowy-300x225.jpg 300w, https:\/\/www.drocomplex.pl\/projekt\/wp-content\/uploads\/2022\/04\/walcowy-1024x768.jpg 1024w, https:\/\/www.drocomplex.pl\/projekt\/wp-content\/uploads\/2022\/04\/walcowy-768x576.jpg 768w\" sizes=\"auto, (max-width: 400px) 100vw, 400px\" \/>ZAKRES OBOWI\u0104ZK\u00d3W:<\/strong><\/p>\n<ul>\n<li style=\"font-weight: 400;\">obs\u0142uga walca zgodnie z uprawnieniami,<\/li>\n<li style=\"font-weight: 400;\">wykonywanie prac towarzysz\u0105cych przy obs\u0142udze pojazdu,<\/li>\n<li style=\"font-weight: 400;\">wykonywanie prac konserwacyjnych i przegl\u0105d\u00f3w bie\u017c\u0105cych,<\/li>\n<li style=\"font-weight: 400;\">prace pomocnicze na budowie \u2013 roboty drogowe,<\/li>\n<li style=\"font-weight: 400;\">praca w delegacji na terenie ca\u0142ego kraju.<\/li>\n<\/ul>\n<p style=\"font-weight: 400;\"><strong>WYMAGANIA:<\/strong><\/p>\n<ul>\n<li style=\"font-weight: 400;\">wykszta\u0142cenie min. podstawowe,<\/li>\n<li style=\"font-weight: 400;\">do\u015bwiadczenie zawodowe operatora walca,<\/li>\n<li style=\"font-weight: 400;\">dyspozycyjno\u015b\u0107 (prawo jazdy kat. B ),<\/li>\n<li style=\"font-weight: 400;\">dobra organizacja pracy, fachowo\u015b\u0107, zaanga\u017cowanie w powierzone obowi\u0105zki,<\/li>\n<li style=\"font-weight: 400;\">komunikatywno\u015b\u0107 i umiej\u0119tno\u015b\u0107 pracy w zespole,<\/li>\n<li style=\"font-weight: 400;\">istotne znaczenie przywi\u0105zujemy do cech osobowo\u015bci tj. uczciwo\u015b\u0107, dok\u0142adno\u015b\u0107, lojalno\u015b\u0107.<\/li>\n<\/ul>\n<p style=\"font-weight: 400;\"><strong>ZAPEWNIAMY:<\/strong><\/p>\n<ul>\n<li style=\"font-weight: 400;\">stabilne zatrudnienie: umowa o prac\u0119 na czas nieokre\u015blony,<\/li>\n<li style=\"font-weight: 400;\">konkurencyjne i terminowe wynagrodzenie,<\/li>\n<li style=\"font-weight: 400;\">mo\u017cliwo\u015b\u0107 rozwoju zawodowego oraz dofinansowanie szkole\u0144 i kurs\u00f3w,<\/li>\n<li style=\"font-weight: 400;\">prac\u0119 w firmie o ugruntowanej pozycji na rynku,<\/li>\n<li style=\"font-weight: 400;\">zakwaterowanie (w przypadku pracy poza miejscem zamieszkania),<\/li>\n<li style=\"font-weight: 400;\">dodatkowe ubezpieczenie na \u017cycie i zdrowie dla pracownik\u00f3w i ich rodzin,<\/li>\n<li style=\"font-weight: 400;\">wsparcie do\u015bwiadczonego zespo\u0142u.<\/li>\n<\/ul>\n<p style=\"font-weight: 400;\">Zainteresowane osoby prosimy o kontakt telefoniczny lub osobisty w biurze firmy Drocomplex<\/p>                    <\/div>\n                            <\/div><!-- .accordion-content -->\n        <\/li>\n            <li>\n            <div class=\"accordion-title tf_rel\">\n                <a href=\"#acc-m8e6111-3\" class=\"tb_title_accordion\" aria-controls=\"acc-m8e6111-3-content\" aria-expanded=\"false\">\n                    <i class=\"accordion-icon\"><svg  class=\"tf_fa tf-fas-angle-double-up\" aria-hidden=\"true\"><use href=\"#tf-fas-angle-double-up\"><\/use><\/svg><\/i>                    <i class=\"accordion-active-icon tf_hide\"><svg  class=\"tf_fa tf-fas-angle-double-down\" aria-hidden=\"true\"><use href=\"#tf-fas-angle-double-down\"><\/use><\/svg><\/i>                    Kierowca zestawu niskopodwoziowego (najlepiej z okolic Wodzis\u0142aw\/Racib\u00f3rz\/Rybnik).                <\/a>\n            <\/div><!-- .accordion-title -->\n            <div id=\"acc-m8e6111-3-content\" data-id=\"acc-m8e6111-3\" aria-hidden=\"true\" class=\"accordion-content tf_hide tf_clearfix\">\n                                    <div class=\"tb_text_wrap\">\n                        <p style=\"font-weight: 400;\"><strong><img loading=\"lazy\" decoding=\"async\" class=\"alignright wp-image-709\" src=\"https:\/\/www.drocomplex.pl\/projekt\/wp-content\/uploads\/2022\/04\/20210302_072937-2-1024x576.jpg\" alt=\"\" width=\"400\" height=\"225\" srcset=\"https:\/\/www.drocomplex.pl\/projekt\/wp-content\/uploads\/2022\/04\/20210302_072937-2-1024x576.jpg 1024w, https:\/\/www.drocomplex.pl\/projekt\/wp-content\/uploads\/2022\/04\/20210302_072937-2-300x169.jpg 300w, https:\/\/www.drocomplex.pl\/projekt\/wp-content\/uploads\/2022\/04\/20210302_072937-2-768x432.jpg 768w, https:\/\/www.drocomplex.pl\/projekt\/wp-content\/uploads\/2022\/04\/20210302_072937-2.jpg 1200w\" sizes=\"auto, (max-width: 400px) 100vw, 400px\" \/>ZAKRES OBOWI\u0104ZK\u00d3W:<\/strong><\/p>\n<ul>\n<li style=\"font-weight: 400;\">\u00a0przewo\u017cenie maszyn budowlanych mi\u0119dzy budowami g\u0142\u00f3wnie na terenie po\u0142udnia kraju.<\/li>\n<\/ul>\n<p style=\"font-weight: 400;\"><strong>ZAPEWNIAMY:<\/strong><\/p>\n<ul>\n<li style=\"font-weight: 400;\">\u00a0stabilne zatrudnienie: umowa o prac\u0119 na czas nieokre\u015blony,<\/li>\n<li style=\"font-weight: 400;\">konkurencyjne i terminowe wynagrodzenie,<\/li>\n<li style=\"font-weight: 400;\">prac\u0119 w firmie o ugruntowanej pozycji na rynku.<\/li>\n<\/ul>\n<p style=\"font-weight: 400;\"><strong>WYMAGANIA:<\/strong><\/p>\n<ul>\n<li style=\"font-weight: 400;\">prawo jazdy kat. C+E,<\/li>\n<li style=\"font-weight: 400;\">wa\u017cne badania,<\/li>\n<li style=\"font-weight: 400;\">karta kierowcy,<\/li>\n<li style=\"font-weight: 400;\">umiej\u0119tno\u015b\u0107 pracy w zespole,<\/li>\n<li style=\"font-weight: 400;\">dba\u0142o\u015b\u0107 o powierzony sprz\u0119t,<\/li>\n<li style=\"font-weight: 400;\">dodatkowe ubezpieczenie na \u017cycie i zdrowie dla pracownik\u00f3w i ich rodzin,<\/li>\n<li style=\"font-weight: 400;\">wsparcie do\u015bwiadczonego zespo\u0142u.<\/li>\n<\/ul>\n<p style=\"font-weight: 400;\">Zainteresowane osoby prosimy o kontakt telefoniczny lub osobisty w biurze firmy Drocomplex<\/p>                    <\/div>\n                            <\/div><!-- .accordion-content -->\n        <\/li>\n        <\/ul>\n\n<\/div><!-- \/module accordion -->        <\/div>\n                        <\/div>\n        <\/div>\n        <\/div>\n<!--\/themify_builder_content-->","protected":false},"excerpt":{"rendered":"<p>Praca Majster rob\u00f3t drogowych ZAKRES OBOWI\u0104ZK\u00d3W: odpowiedzialno\u015b\u0107 za wykonanie rob\u00f3t zgodnie z dokumentacj\u0105 projektow\u0105, odpowiedzialno\u015b\u0107 za jako\u015b\u0107 realizowanych rob\u00f3t, prowadzenie obmiaru rob\u00f3t wykonanych oraz raportu dziennego, realizacja rob\u00f3t zgodnie z przyj\u0119tym harmonogramem, nadz\u00f3r nad zespo\u0142em pracownik\u00f3w oraz optymalne wykorzystanie materia\u0142\u00f3w, paliwa i powierzonego sprz\u0119tu, koordynowanie zam\u00f3wie\u0144 materia\u0142\u00f3w i analizowanie ilo\u015bci wbudowanych z wymogami specyfikacji technicznej, [&hellip;]<\/p>\n","protected":false},"author":2,"featured_media":0,"parent":0,"menu_order":0,"comment_status":"closed","ping_status":"closed","template":"","meta":{"footnotes":""},"class_list":["post-694","page","type-page","status-publish","hentry","has-post-title","has-post-date","has-post-category","has-post-tag","has-post-comment","has-post-author",""],"builder_content":"<h1>Praca<\/h1>\n<ul><li><h4>Majster rob\u00f3t drogowych<\/h4><p><strong><img src=\"https:\/\/www.drocomplex.pl\/projekt\/wp-content\/uploads\/2022\/04\/majster-1024x456.jpg\" alt=\"\" width=\"400\" height=\"178\">ZAKRES OBOWI\u0104ZK\u00d3W:<\/strong><\/p> <ul> <li>odpowiedzialno\u015b\u0107 za wykonanie rob\u00f3t zgodnie z dokumentacj\u0105 projektow\u0105,<\/li> <li>odpowiedzialno\u015b\u0107 za jako\u015b\u0107 realizowanych rob\u00f3t,<\/li> <li>prowadzenie obmiaru rob\u00f3t wykonanych oraz raportu dziennego,<\/li> <li>realizacja rob\u00f3t zgodnie z przyj\u0119tym harmonogramem,<\/li> <li>nadz\u00f3r nad zespo\u0142em pracownik\u00f3w oraz optymalne wykorzystanie materia\u0142\u00f3w, paliwa i powierzonego sprz\u0119tu,<\/li> <li>koordynowanie zam\u00f3wie\u0144 materia\u0142\u00f3w i analizowanie ilo\u015bci wbudowanych z wymogami specyfikacji technicznej,<\/li> <li>koordynowanie rob\u00f3t z innymi podwykonawcami,<\/li> <li>nadzorowanie nad prawid\u0142ow\u0105 eksploatacj\u0105 i zabezpieczeniem sprz\u0119tu w\u0142asnego.<\/li> <\/ul> <p><strong>WYMAGANIA:<\/strong><\/p> <ul> <li>wykszta\u0142cenie min. \u015brednie,<\/li> <li>do\u015bwiadczenie zawodowe w kierowaniu robotami budowlanymi \u2013 drogowymi (min. 2-letnie do\u015bwiadczenie na stanowisku Majstra rob\u00f3t drogowych),<\/li> <li>znajomo\u015b\u0107 technologii stabilizacji gruntu, norm i specyfikacji technicznych,<\/li> <li>umiej\u0119tno\u015b\u0107 efektywnej organizacji pod wzgl\u0119dem technicznym, logistycznym, ekonomicznym,<\/li> <li>obs\u0142uga niwelatora, tachimetru,<\/li> <li>umiej\u0119tno\u015b\u0107 poszukiwania rozwi\u0105za\u0144 i podejmowania decyzji,<\/li> <li>sumienno\u015b\u0107, odpowiedzialno\u015b\u0107,<\/li> <li>dyspozycyjno\u015b\u0107 (prawo jazdy kat. B ).<\/li> <\/ul> <p><strong>ZAPEWNIAMY:<\/strong><\/p> <ul> <li>stabilne zatrudnienie: umowa o prac\u0119 na czas nieokre\u015blony,<\/li> <li>konkurencyjne i terminowe wynagrodzenie,<\/li> <li>mo\u017cliwo\u015b\u0107 rozwoju zawodowego, dofinansowanie szkole\u0144 i kurs\u00f3w,<\/li> <li>prac\u0119 w firmie o ugruntowanej pozycji na rynku,<\/li> <li>zakwaterowanie (w przypadku pracy poza miejscem zamieszkania),<\/li> <li>dodatkowe ubezpieczenie na \u017cycie i zdrowie dla pracownik\u00f3w i ich rodzin,<\/li> <li>wsparcie do\u015bwiadczonego zespo\u0142u.<\/li> <\/ul> <p>Zainteresowane osoby prosimy o kontakt telefoniczny lub osobisty w biurze firmy Drocomplex<\/p><\/li><li><h4>Kierowca \/ Operator ci\u0105gnika rolniczego<\/h4><p><strong><img src=\"https:\/\/www.drocomplex.pl\/projekt\/wp-content\/uploads\/2022\/04\/operatorciagnika.jpg\" alt=\"\" width=\"400\" height=\"289\">ZAKRES OBOWI\u0104ZK\u00d3W:<\/strong><\/p> <ul> <li>obs\u0142uga pojazdu zgodnie z uprawnieniami, tj. ci\u0105gnika rolniczego z przyczep\u0105 (rozsypywaczem cementu), recyklera, beczki na wod\u0119,<\/li> <li>wykonywanie prac towarzysz\u0105cych przy obs\u0142udze pojazdu,<\/li> <li>wykonywanie prac konserwacyjnych i przegl\u0105d\u00f3w bie\u017c\u0105cych,<\/li> <li>prace pomocnicze na budowie \u2013 roboty drogowe,<\/li> <li>praca w delegacji na terenie ca\u0142ego kraju.<\/li> <\/ul> <p><strong>WYMAGANIA:<\/strong><\/p> <ul> <li>wykszta\u0142cenie min. podstawowe,<\/li> <li>uprawnienia \u2013 prawo jazdy kat. BE lub T,<\/li> <li>do\u015bwiadczenie zawodowe w kierowaniu ci\u0105gnikami rolniczymi,<\/li> <li>dyspozycyjno\u015b\u0107,<\/li> <li>dobra organizacja pracy, fachowo\u015b\u0107, zaanga\u017cowanie w powierzone obowi\u0105zki,<\/li> <li>komunikatywno\u015b\u0107 i umiej\u0119tno\u015b\u0107 pracy w zespole,<\/li> <li>istotne znaczenie przywi\u0105zujemy do cech osobowo\u015bci tj.: uczciwo\u015b\u0107, dok\u0142adno\u015b\u0107, lojalno\u015b\u0107.<\/li> <\/ul> <p><strong>ZAPEWNIAMY:<\/strong><\/p> <ul> <li>stabilne zatrudnienie: umowa o prac\u0119 na czas nieokre\u015blony,<\/li> <li>konkurencyjne i terminowe wynagrodzenie,<\/li> <li>mo\u017cliwo\u015b\u0107 rozwoju zawodowego oraz dofinansowanie szkole\u0144 i kurs\u00f3w,<\/li> <li>prac\u0119 w firmie o ugruntowanej pozycji na rynku,<\/li> <li>zakwaterowanie (w przypadku pracy poza miejscem zamieszkania),<\/li> <li>dodatkowe ubezpieczenie na \u017cycie i zdrowie dla pracownik\u00f3w i ich rodzin,<\/li> <li>wsparcie do\u015bwiadczonego zespo\u0142u.<\/li> <\/ul> <p>Zainteresowane osoby prosimy o kontakt telefoniczny lub osobisty w biurze firmy Drocomplex<\/p><\/li><li><h4>Operator walca<\/h4><p style=\"font-weight: 400;\"><strong><img src=\"https:\/\/www.drocomplex.pl\/projekt\/wp-content\/uploads\/2022\/04\/walcowy.jpg\" alt=\"\" width=\"400\" height=\"300\">ZAKRES OBOWI\u0104ZK\u00d3W:<\/strong><\/p> <ul> <li style=\"font-weight: 400;\">obs\u0142uga walca zgodnie z uprawnieniami,<\/li> <li style=\"font-weight: 400;\">wykonywanie prac towarzysz\u0105cych przy obs\u0142udze pojazdu,<\/li> <li style=\"font-weight: 400;\">wykonywanie prac konserwacyjnych i przegl\u0105d\u00f3w bie\u017c\u0105cych,<\/li> <li style=\"font-weight: 400;\">prace pomocnicze na budowie \u2013 roboty drogowe,<\/li> <li style=\"font-weight: 400;\">praca w delegacji na terenie ca\u0142ego kraju.<\/li> <\/ul> <p style=\"font-weight: 400;\"><strong>WYMAGANIA:<\/strong><\/p> <ul> <li style=\"font-weight: 400;\">wykszta\u0142cenie min. podstawowe,<\/li> <li style=\"font-weight: 400;\">do\u015bwiadczenie zawodowe operatora walca,<\/li> <li style=\"font-weight: 400;\">dyspozycyjno\u015b\u0107 (prawo jazdy kat. B ),<\/li> <li style=\"font-weight: 400;\">dobra organizacja pracy, fachowo\u015b\u0107, zaanga\u017cowanie w powierzone obowi\u0105zki,<\/li> <li style=\"font-weight: 400;\">komunikatywno\u015b\u0107 i umiej\u0119tno\u015b\u0107 pracy w zespole,<\/li> <li style=\"font-weight: 400;\">istotne znaczenie przywi\u0105zujemy do cech osobowo\u015bci tj. uczciwo\u015b\u0107, dok\u0142adno\u015b\u0107, lojalno\u015b\u0107.<\/li> <\/ul> <p style=\"font-weight: 400;\"><strong>ZAPEWNIAMY:<\/strong><\/p> <ul> <li style=\"font-weight: 400;\">stabilne zatrudnienie: umowa o prac\u0119 na czas nieokre\u015blony,<\/li> <li style=\"font-weight: 400;\">konkurencyjne i terminowe wynagrodzenie,<\/li> <li style=\"font-weight: 400;\">mo\u017cliwo\u015b\u0107 rozwoju zawodowego oraz dofinansowanie szkole\u0144 i kurs\u00f3w,<\/li> <li style=\"font-weight: 400;\">prac\u0119 w firmie o ugruntowanej pozycji na rynku,<\/li> <li style=\"font-weight: 400;\">zakwaterowanie (w przypadku pracy poza miejscem zamieszkania),<\/li> <li style=\"font-weight: 400;\">dodatkowe ubezpieczenie na \u017cycie i zdrowie dla pracownik\u00f3w i ich rodzin,<\/li> <li style=\"font-weight: 400;\">wsparcie do\u015bwiadczonego zespo\u0142u.<\/li> <\/ul> <p style=\"font-weight: 400;\">Zainteresowane osoby prosimy o kontakt telefoniczny lub osobisty w biurze firmy Drocomplex<\/p><\/li><li><h4>Kierowca zestawu niskopodwoziowego (najlepiej z okolic Wodzis\u0142aw\/Racib\u00f3rz\/Rybnik).<\/h4><p style=\"font-weight: 400;\"><strong><img src=\"https:\/\/www.drocomplex.pl\/projekt\/wp-content\/uploads\/2022\/04\/20210302_072937-2-1024x576.jpg\" alt=\"\" width=\"400\" height=\"225\">ZAKRES OBOWI\u0104ZK\u00d3W:<\/strong><\/p> <ul> <li style=\"font-weight: 400;\">\u00a0przewo\u017cenie maszyn budowlanych mi\u0119dzy budowami g\u0142\u00f3wnie na terenie po\u0142udnia kraju.<\/li> <\/ul> <p style=\"font-weight: 400;\"><strong>ZAPEWNIAMY:<\/strong><\/p> <ul> <li style=\"font-weight: 400;\">\u00a0stabilne zatrudnienie: umowa o prac\u0119 na czas nieokre\u015blony,<\/li> <li style=\"font-weight: 400;\">konkurencyjne i terminowe wynagrodzenie,<\/li> <li style=\"font-weight: 400;\">prac\u0119 w firmie o ugruntowanej pozycji na rynku.<\/li> <\/ul> <p style=\"font-weight: 400;\"><strong>WYMAGANIA:<\/strong><\/p> <ul> <li style=\"font-weight: 400;\">prawo jazdy kat. C+E,<\/li> <li style=\"font-weight: 400;\">wa\u017cne badania,<\/li> <li style=\"font-weight: 400;\">karta kierowcy,<\/li> <li style=\"font-weight: 400;\">umiej\u0119tno\u015b\u0107 pracy w zespole,<\/li> <li style=\"font-weight: 400;\">dba\u0142o\u015b\u0107 o powierzony sprz\u0119t,<\/li> <li style=\"font-weight: 400;\">dodatkowe ubezpieczenie na \u017cycie i zdrowie dla pracownik\u00f3w i ich rodzin,<\/li> <li style=\"font-weight: 400;\">wsparcie do\u015bwiadczonego zespo\u0142u.<\/li> <\/ul> <p style=\"font-weight: 400;\">Zainteresowane osoby prosimy o kontakt telefoniczny lub osobisty w biurze firmy Drocomplex<\/p><\/li><\/ul>","_links":{"self":[{"href":"https:\/\/www.drocomplex.pl\/projekt\/wp-json\/wp\/v2\/pages\/694","targetHints":{"allow":["GET"]}}],"collection":[{"href":"https:\/\/www.drocomplex.pl\/projekt\/wp-json\/wp\/v2\/pages"}],"about":[{"href":"https:\/\/www.drocomplex.pl\/projekt\/wp-json\/wp\/v2\/types\/page"}],"author":[{"embeddable":true,"href":"https:\/\/www.drocomplex.pl\/projekt\/wp-json\/wp\/v2\/users\/2"}],"replies":[{"embeddable":true,"href":"https:\/\/www.drocomplex.pl\/projekt\/wp-json\/wp\/v2\/comments?post=694"}],"version-history":[{"count":10,"href":"https:\/\/www.drocomplex.pl\/projekt\/wp-json\/wp\/v2\/pages\/694\/revisions"}],"predecessor-version":[{"id":740,"href":"https:\/\/www.drocomplex.pl\/projekt\/wp-json\/wp\/v2\/pages\/694\/revisions\/740"}],"wp:attachment":[{"href":"https:\/\/www.drocomplex.pl\/projekt\/wp-json\/wp\/v2\/media?parent=694"}],"curies":[{"name":"wp","href":"https:\/\/api.w.org\/{rel}","templated":true}]}}