{"id":590,"date":"2022-04-06T11:59:54","date_gmt":"2022-04-06T09:59:54","guid":{"rendered":"https:\/\/www.drocomplex.pl\/projekt\/?page_id=590"},"modified":"2022-04-20T15:10:19","modified_gmt":"2022-04-20T13:10:19","slug":"rok-2014","status":"publish","type":"page","link":"https:\/\/www.drocomplex.pl\/projekt\/realizacje\/rok-2014\/","title":{"rendered":"Rok 2014"},"content":{"rendered":"<!--themify_builder_content-->\n<div id=\"themify_builder_content-590\" data-postid=\"590\" class=\"themify_builder_content themify_builder_content-590 themify_builder tf_clear\">\n                    <div  data-lazy=\"1\" class=\"module_row themify_builder_row tb_ply2643 tb_first tf_w wow\" data-tf-animation=\"fadeIn\">\n                        <div class=\"row_inner col_align_top tb_col_count_1 tf_box tf_rel\">\n                        <div  data-lazy=\"1\" class=\"module_column tb-column col-full tb_kzmj645 first\">\n                            <\/div>\n                        <\/div>\n        <\/div>\n                        <div  data-lazy=\"1\" class=\"module_row themify_builder_row tb_416p650 tf_w wow\" data-tf-animation=\"fadeIn\">\n                        <div class=\"row_inner col_align_top tb_col_count_1 tf_box tf_rel\">\n                        <div  data-lazy=\"1\" class=\"module_column tb-column col-full tb_6g7a651 first\">\n                    <!-- module text -->\n<div  class=\"module module-text tb_3yvb645    wow\" data-tf-animation=\"fadeIn\" data-tf-animation_delay=\"0.5\" data-lazy=\"1\">\n        <div  class=\"tb_text_wrap\">\n        <h1>Rok 2014<\/h1>    <\/div>\n<\/div>\n<!-- \/module text -->        <\/div>\n                        <\/div>\n        <\/div>\n                        <div  data-lazy=\"1\" class=\"module_row themify_builder_row tb_qjx6306 tf_w\">\n                        <div class=\"row_inner col_align_top tb_col_count_1 tf_box tf_rel\">\n                        <div  data-lazy=\"1\" class=\"module_column tb-column col-full tb_5vrq306 first\">\n                    <!-- module text -->\n<div  class=\"module module-text tb_5qsn851    wow\" data-tf-animation=\"fadeIn\" data-lazy=\"1\">\n        <div  class=\"tb_text_wrap\">\n        <table class=\"dol\">\n<tbody>\n<tr class=\"code\" bgcolor=\"#434343\">\n<td class=\"dol\">MIEJSCE<\/td>\n<td>ZADANIE<\/td>\n<td>INWESTOR<br>G\u0141. WYKONAWCA<\/td>\n<td>PRZEDMIOT ROB\u00d3T<\/td>\n<td>TERMIN REALIZACJI<\/td>\n<\/tr>\n<tr bgcolor=\"#F2F0F1\">\n<td><a class=\"black\" title=\"galeria\" href=\"https:\/\/www.drocomplex.pl\/galeriaSMT.html\">Tychy<br>(63 zdj\u0119cia)<\/a><\/td>\n<td>Stadion Miejski<br>5 500 m<sup>2<\/sup><\/td>\n<td class=\"code1\">Mostostal Warszawa<\/td>\n<td>stabilizacja gruntu spoiwem Terramix F<\/td>\n<td>XII 2013 &#8211; V 2014<\/td>\n<\/tr>\n<tr bgcolor=\"#DFE9FF\">\n<td><a class=\"black\" title=\"galeria\" href=\"https:\/\/www.drocomplex.pl\/galeriaAmazon.html\">Bielany Wroc\u0142awskie<br>(72 zdj\u0119cia)<\/a><\/td>\n<td>Amazon<br>50 000 m<sup>2<\/sup><\/td>\n<td class=\"code1\">Pannattoni<\/td>\n<td>stabilizacja gruntu cementem<\/td>\n<td>II &#8211; VII 2014<\/td>\n<\/tr>\n<tr bgcolor=\"#F2F0F1\">\n<td><a class=\"black\" title=\"galeria\" href=\"https:\/\/www.drocomplex.pl\/galeriaTosz.html\">Toszek &#8211; Wielowie\u015b<br>(39 zdj\u0119\u0107)<\/a><\/td>\n<td>DW 907<br>39 000 m<sup>2<\/sup><\/td>\n<td class=\"code1\">ZDW w Katowicach<\/td>\n<td>stabilizacja gruntu cementem<br>+ Geost\u0105 K1<\/td>\n<td>kontynuacja<br>II -VII 2014<\/td>\n<\/tr>\n<tr bgcolor=\"#DFE9FF\">\n<td>Zabrze<\/td>\n<td>ulica Handlowa<br>1 200 m<sup>2<\/sup><\/td>\n<td class=\"code1\">Urz\u0105d Miasta Zabrze<\/td>\n<td>stabilizacja gruntu<br>cementem + EN-1<\/td>\n<td>kontynuacja<br>III 2014<\/td>\n<\/tr>\n<tr bgcolor=\"#F2F0F1\">\n<td>Olkusz<\/td>\n<td>suszarnia solarna osadu<br>5 000 m<sup>2<\/sup><\/td>\n<td class=\"code1\">Urz\u0105d Miasta Olkusz<\/td>\n<td>stabilizacja gruntu spoiwem Terramix N<\/td>\n<td>III 2014<\/td>\n<\/tr>\n<tr bgcolor=\"#DFE9FF\">\n<td>Rybnik<\/td>\n<td>ul. By\u0142ych Wi\u0119\u017ani\u00f3w Politycznych<br>1 300 m<sup>2<\/sup><\/td>\n<td class=\"code1\">Urz\u0105d Miasta Rybnik<\/td>\n<td>stabilizacja gruntu cementem<\/td>\n<td>IV 2014<\/td>\n<\/tr>\n<tr bgcolor=\"#F2F0F1\">\n<td>D\u0105browa G\u00f3rnicza<\/td>\n<td>ulica Rodzinna<br>2 900 m<sup>2<\/sup><\/td>\n<td class=\"code1\">Urz\u0105d Miasta D\u0105browa G\u00f3rnicza<\/td>\n<td>stabilizacja gruntu cementem<\/td>\n<td>IV 2014<\/td>\n<\/tr>\n<tr bgcolor=\"#DFE9FF\">\n<td><a class=\"black\" title=\"galeria\" href=\"https:\/\/www.drocomplex.pl\/galeriaLog.html\">Bielany Wroc\u0142awskie<br>(54 zdj\u0119cia)<\/a><\/td>\n<td>hala, drogi + parkingi<br>40 000 m<sup>2<\/sup><\/td>\n<td class=\"code1\">Pannattoni<\/td>\n<td>stabilizacja gruntu cementem<\/td>\n<td>V &#8211; VII 2014<\/td>\n<\/tr>\n<tr bgcolor=\"#F2F0F1\">\n<td>Miko\u0142\u00f3w<\/td>\n<td>DW 927<br>3 000 m<sup>2<\/sup><\/td>\n<td class=\"code1\">ZDW Katowice<\/td>\n<td>stabilizacja gruntu wapnem<\/td>\n<td>IV &#8211; V 2014<\/td>\n<\/tr>\n<tr bgcolor=\"#DFE9FF\">\n<td>Wielu\u0144<\/td>\n<td>ulica Matejki<br>1 200 m<sup>2<\/sup><\/td>\n<td class=\"code1\">Gmina Wielu\u0144<\/td>\n<td>stabilizacja gruntu cementem<\/td>\n<td>V 2014<\/td>\n<\/tr>\n<tr bgcolor=\"#F2F0F1\">\n<td>Gliwice Bojk\u00f3w<\/td>\n<td>hala, drogi + parkingi<br>17 000 m<sup>2<\/sup><\/td>\n<td class=\"code1\">Pannattoni<\/td>\n<td>stabilizacja gruntu cementem<\/td>\n<td>V &#8211; VIII 2014<\/td>\n<\/tr>\n<tr bgcolor=\"#DFE9FF\">\n<td><a class=\"black\" title=\"galeria\" href=\"https:\/\/www.drocomplex.pl\/galeriarac.html\">Racib\u00f3rz<br>(23 zdj\u0119cia)<\/a><\/td>\n<td>budowa suchego zbiornika<br>3 000 m<sup>2<\/sup><\/td>\n<td class=\"code1\">Dragados<\/td>\n<td>stabilizacja gruntu wapnem<\/td>\n<td>V 2014<\/td>\n<\/tr>\n<tr bgcolor=\"#F2F0F1\">\n<td>Jaworze<\/td>\n<td>hala, drogi + parkingi<br>14 500 m<sup>2<\/sup><\/td>\n<td class=\"code1\">market Netto<\/td>\n<td>stabilizacja gruntu spoiwem Terramix N<\/td>\n<td>V &#8211; VII 2014<\/td>\n<\/tr>\n<tr bgcolor=\"#DFE9FF\">\n<td><a class=\"black\" title=\"galeria\" href=\"https:\/\/www.drocomplex.pl\/galeriaChebzie.html\">Ruda \u015al\u0105ska Chebzie<br>(38 zdj\u0119\u0107)<\/a><\/td>\n<td>podtorze linii kolejowej E30<br>2 700 m<sup>2<\/sup><\/td>\n<td class=\"code1\">PKP<\/td>\n<td>stabilizacja podtorza spoiwem Terramix N<\/td>\n<td>VI &#8211; VIII 2014<\/td>\n<\/tr>\n<tr bgcolor=\"#F2F0F1\">\n<td><a class=\"black\" title=\"galeria\" href=\"https:\/\/www.drocomplex.pl\/galeriaMCK.html\">Katowice<br>(15 zdj\u0119\u0107)<\/a><\/td>\n<td>Mi\u0119dzynarodowe Centrum Kongresowe<br>1 700 m<sup>2<\/sup><\/td>\n<td class=\"code1\">Urz\u0105d Miasta Katowice<\/td>\n<td>stabilizacja gruntu spoiwem Terramix N<\/td>\n<td>VI 2014<\/td>\n<\/tr>\n<tr bgcolor=\"#DFE9FF\">\n<td>Sosnowiec<\/td>\n<td>Zak\u0142adu Przetwarzania i Unieszkodliwiania Odpad\u00f3w Komunalnych<br>2 000 m<sup>2<\/sup><\/td>\n<td class=\"code1\">Urz\u0105d Miasta Sosnowiec<\/td>\n<td>stabilizacja gruntu cementem<\/td>\n<td>VI 2014<\/td>\n<\/tr>\n<tr bgcolor=\"#F2F0F1\">\n<td>Zadro\u017ce<\/td>\n<td>remont placu<br>budowa miejsc postojowych<br>1 500 m<sup>2<\/sup><\/td>\n<td class=\"code1\">Urz\u0105d Gminy<\/td>\n<td>stabilizacja gruntu cementem<\/td>\n<td>VI 2014<\/td>\n<\/tr>\n<tr bgcolor=\"#DFE9FF\">\n<td>Nowa Wie\u015b &#8211; Krzy\u017cowice<\/td>\n<td>droga powiatowej nr 1243<br>5 100 m<sup>2<\/sup><\/td>\n<td class=\"code1\">Zarz\u0105d Dr\u00f3g Powiatowych<\/td>\n<td>stabilizacja gruntu cementem<\/td>\n<td>VII 2014<\/td>\n<\/tr>\n<tr bgcolor=\"#F2F0F1\">\n<td><a class=\"black\" title=\"galeria\" href=\"https:\/\/www.drocomplex.pl\/galeriaCzDz.html\">Czechowice-Dziedzice<br>(27 zdj\u0119\u0107)<\/a><\/td>\n<td>DK 1<br>20 000 m<sup>2<\/sup><\/td>\n<td class=\"code1\">GDDKiA<\/td>\n<td>stabilizacja gruntu spoiwem Terramix N<\/td>\n<td>VII &#8211; IX 2014<\/td>\n<\/tr>\n<tr bgcolor=\"#DFE9FF\">\n<td>\u015aciborzyce Wielkie<\/td>\n<td>droga powiatowa nr 1291<br>6 000 m<sup>2<\/sup><\/td>\n<td class=\"code1\">Zarz\u0105d Dr\u00f3g Powiatowych<\/td>\n<td>MCE<\/td>\n<td>VIII 2014<\/td>\n<\/tr>\n<tr bgcolor=\"#F2F0F1\">\n<td>\u015awi\u0119toch\u0142owice<\/td>\n<td>DT\u015a &#8211; zjazd do strefy<br>4 300 m<sup>2<\/sup><\/td>\n<td class=\"code1\">RPBD S.A.<\/td>\n<td>stabilizacja gruntu cementem<\/td>\n<td>VIII 2014<\/td>\n<\/tr>\n<tr bgcolor=\"#DFE9FF\">\n<td>Nowy Targ<\/td>\n<td>drogi dojazdowa do strefy<br>1 800 m<sup>2<\/sup><\/td>\n<td class=\"code1\">Urz\u0105d Gminy<br>w Nowym Targu<\/td>\n<td>stabilizacja gruntu cementem<\/td>\n<td>VIII 2014<\/td>\n<\/tr>\n<tr bgcolor=\"#F2F0F1\">\n<td>Ha\u017clach<\/td>\n<td>ulica Graniczna<br>1 800 m<sup>2<\/sup><\/td>\n<td class=\"code1\">Urz\u0105d Gminy Ha\u017clach<\/td>\n<td>stabilizacja gruntu cementem<\/td>\n<td>VIII 2014<\/td>\n<\/tr>\n<tr bgcolor=\"#DFE9FF\">\n<td>Opole<\/td>\n<td>parkingi<br>2 800 m<sup>2<\/sup><\/td>\n<td class=\"code1\">Pa\u0144stwowa Stra\u017c Po\u017carna<\/td>\n<td>stabilizacja gruntu cementem<\/td>\n<td>VIII 2014<\/td>\n<\/tr>\n<tr bgcolor=\"#F2F0F1\">\n<td>Strzelin<\/td>\n<td>droga po\u017carowa<br>2 000 m<sup>2<\/sup><\/td>\n<td class=\"code1\">Lasy Pa\u0144stwowe<\/td>\n<td>stabilizacja gruntu cementem<\/td>\n<td>IX 2014<\/td>\n<\/tr>\n<tr bgcolor=\"#DFE9FF\">\n<td>K\u0142omnice<\/td>\n<td>ulica Gwiezdna<br>5 600 m<sup>2<\/sup><\/td>\n<td class=\"code1\">Urz\u0105d Gminy<br>w K\u0142omnicach<\/td>\n<td>stabilizacja gruntu cementem<\/td>\n<td>IX &#8211; X 2014<\/td>\n<\/tr>\n<tr bgcolor=\"#F2F0F1\">\n<td>S\u0142awk\u00f3w<\/td>\n<td>drogi + parkingi na terminalu LHS<br>14 100 m<sup>2<\/sup><\/td>\n<td class=\"code1\">LHS<\/td>\n<td>stabilizacja gruntu cementem<\/td>\n<td>IX &#8211; X 2014<\/td>\n<\/tr>\n<tr bgcolor=\"#DFE9FF\">\n<td><a class=\"black\" title=\"galeria\" href=\"https:\/\/www.drocomplex.pl\/galeriaKas.html\">Kasinka Ma\u0142a<br>(21 zdj\u0119\u0107)<\/a><\/td>\n<td>droga gminna nr 2509007<br>6 300 m<sup>2<\/sup><\/td>\n<td class=\"code1\">Urz\u0105d Gminy<br>w Mszanie Dolnej<\/td>\n<td>stabilizacja gruntu cementem<\/td>\n<td>IX 2014<\/td>\n<\/tr>\n<tr bgcolor=\"#F2F0F1\">\n<td>Nadle\u015bnictwo Czajkowa<\/td>\n<td>droga le\u015bna<br>26 500 m<sup>2<\/sup><\/td>\n<td class=\"code1\">Lasy Pa\u0144stwowe<\/td>\n<td>stabilizacja gruntu spoiwem Gruntar<\/td>\n<td>IX 2014<\/td>\n<\/tr>\n<tr bgcolor=\"#DFE9FF\">\n<td>Le\u015bnictwo Komorno<br>i Polkowskie<\/td>\n<td>drogi le\u015bne<br>10 400 m<sup>2<\/sup><\/td>\n<td class=\"code1\">Lasy Pa\u0144stwowe<\/td>\n<td>stabilizacja gruntu spoiwem Terramix N<\/td>\n<td>X 2014<\/td>\n<\/tr>\n<tr bgcolor=\"#F2F0F1\">\n<td><a class=\"black\" title=\"galeria\" href=\"https:\/\/www.drocomplex.pl\/galeriastawowa.html\">Mszana Dolna<br>(21 zdj\u0119\u0107)<\/a><\/td>\n<td>ulica Stawowa<br>2 100 m<sup>2<\/sup><\/td>\n<td class=\"code1\">Urz\u0105d Gminy<br>w Mszanie Dolnej<\/td>\n<td>stabilizacja gruntu cementem<\/td>\n<td>X 2014<\/td>\n<\/tr>\n<tr bgcolor=\"#DFE9FF\">\n<td><a class=\"black\" title=\"galeria\" href=\"https:\/\/www.drocomplex.pl\/galeriaWarsz.html\">Warszowice<br>(18 zdj\u0119\u0107)<\/a><\/td>\n<td>parking dla TIR<br>5 000 m<sup>2<\/sup><\/td>\n<td class=\"code1\">JAS FBG<\/td>\n<td>stabilizacja gruntu cementem<\/td>\n<td>X 2014<\/td>\n<\/tr>\n<tr bgcolor=\"#F2F0F1\">\n<td>Opole<\/td>\n<td>podtorze linii kolejowej stacja Opole G\u0142.<br>2 000 m<sup>2<\/sup><\/td>\n<td class=\"code1\">PKP<\/td>\n<td>stabilizacja gruntu cementem<\/td>\n<td>X 2014<\/td>\n<\/tr>\n<tr bgcolor=\"#DFE9FF\">\n<td><a class=\"black\" title=\"galeria\" href=\"https:\/\/www.drocomplex.pl\/galeriaNawara.html\">Katowice<br>(45 zdj\u0119\u0107)<\/a><\/td>\n<td>droga<br>4 800 m<sup>2<\/sup><\/td>\n<td class=\"code1\">Urz\u0105d Miasta Katowice<\/td>\n<td>stabilizacja gruntu cementem<\/td>\n<td>X 2014<\/td>\n<\/tr>\n<tr bgcolor=\"#F2F0F1\">\n<td><a class=\"black\" title=\"galeria\" href=\"https:\/\/www.drocomplex.pl\/galeriasyrynia.html\">Syrynia<br>(20 zdj\u0119\u0107)<\/a><\/td>\n<td>droga + parkingi<br>2 500 m<sup>2<\/sup><\/td>\n<td class=\"code1\">Biedronka<\/td>\n<td>stabilizacja gruntu cementem<\/td>\n<td>X 2014<\/td>\n<\/tr>\n<tr bgcolor=\"#DFE9FF\">\n<td>Bielsko-Bia\u0142a<\/td>\n<td>parking przy ul. Miodowej<br>2 000 m<sup>2<\/sup><\/td>\n<td class=\"code1\">Murapol<\/td>\n<td>stabilizacja gruntu spoiwem Terramix N<\/td>\n<td>XI 2014<\/td>\n<\/tr>\n<tr bgcolor=\"#F2F0F1\">\n<td><a class=\"black\" title=\"galeria\" href=\"https:\/\/www.drocomplex.pl\/galeriaprzyslopek.html\">Lubomierz<br>(32 zdj\u0119cia)<\/a><\/td>\n<td>droga do os Przys\u0142opek<br>6 000 m<sup>2<\/sup><\/td>\n<td class=\"code1\">Urz\u0105d Gminy<br>w Mszanie Dolnej<\/td>\n<td>stabilizacja gruntu cementem<\/td>\n<td>XI 2014<\/td>\n<\/tr>\n<tr bgcolor=\"#DFE9FF\">\n<td>Pruchna<\/td>\n<td>budowa ronda DW 938<br>1 500 m<sup>2<\/sup><\/td>\n<td class=\"code1\">ZDW Katowice<\/td>\n<td>stabilizacja gruntu cementem + Infracrete<\/td>\n<td>XI &#8211; XII 2014<\/td>\n<\/tr>\n<tr bgcolor=\"#F2F0F1\">\n<td>Tychy<\/td>\n<td>stacja kontroli pojazd\u00f3w<br>2 000 m<sup>2<\/sup><\/td>\n<td class=\"code1\">Trans Truck Serwis<\/td>\n<td>stabilizacja gruntu spoiwem Terramix N<\/td>\n<td>XI 2014<\/td>\n<\/tr>\n<tr bgcolor=\"#DFE9FF\">\n<td>Sosnowiec<\/td>\n<td>salon Nissan<br>1 200 m<sup>2<\/sup><\/td>\n<td class=\"code1\">Nissan<\/td>\n<td>stabilizacja gruntu cementem<\/td>\n<td>XI 2014<\/td>\n<\/tr>\n<tr bgcolor=\"#F2F0F1\">\n<td><a class=\"black\" title=\"galeria\" href=\"https:\/\/www.drocomplex.pl\/galeriaGlipok.html\">Gliwice<br>(29 zdj\u0119\u0107)<\/a><\/td>\n<td>Instalacja przetwarzania odpad\u00f3w komunalnych<br>9 000 m<sup>2<\/sup><\/td>\n<td class=\"code1\">Centrum Recyklingu<\/td>\n<td>stabilizacja gruntu spoiwem Terramix N<\/td>\n<td>XII 2014<\/td>\n<\/tr>\n<tr bgcolor=\"#DFE9FF\">\n<td><a class=\"black\" title=\"galeria\" href=\"https:\/\/www.drocomplex.pl\/galeriaSzam.html\">Szamotu\u0142y<br>(15 zdj\u0119\u0107)<\/a><\/td>\n<td>sk\u0142ad kontener\u00f3w<br>2 500 m<sup>2<\/sup><\/td>\n<td class=\"code1\">Optiko<\/td>\n<td>stabilizacja gruntu cementem<\/td>\n<td>XII 2014<\/td>\n<\/tr>\n<\/tbody>\n<\/table>    <\/div>\n<\/div>\n<!-- \/module text -->        <\/div>\n                        <\/div>\n        <\/div>\n        <\/div>\n<!--\/themify_builder_content-->","protected":false},"excerpt":{"rendered":"<p>Rok 2014 MIEJSCE ZADANIE INWESTORG\u0141. WYKONAWCA PRZEDMIOT ROB\u00d3T TERMIN REALIZACJI Tychy(63 zdj\u0119cia) Stadion Miejski5 500 m2 Mostostal Warszawa stabilizacja gruntu spoiwem Terramix F XII 2013 &#8211; V 2014 Bielany Wroc\u0142awskie(72 zdj\u0119cia) Amazon50 000 m2 Pannattoni stabilizacja gruntu cementem II &#8211; VII 2014 Toszek &#8211; Wielowie\u015b(39 zdj\u0119\u0107) DW 90739 000 m2 ZDW w Katowicach stabilizacja gruntu [&hellip;]<\/p>\n","protected":false},"author":2,"featured_media":0,"parent":515,"menu_order":0,"comment_status":"closed","ping_status":"closed","template":"","meta":{"footnotes":""},"class_list":["post-590","page","type-page","status-publish","hentry","has-post-title","has-post-date","has-post-category","has-post-tag","has-post-comment","has-post-author",""],"builder_content":"<h1>Rok 2014<\/h1>\n<table> <tbody> <tr bgcolor=\"#434343\"> <td>MIEJSCE<\/td> <td>ZADANIE<\/td> <td>INWESTOR<br>G\u0141. WYKONAWCA<\/td> <td>PRZEDMIOT ROB\u00d3T<\/td> <td>TERMIN REALIZACJI<\/td> <\/tr> <tr bgcolor=\"#F2F0F1\"> <td><a title=\"galeria\" href=\"https:\/\/www.drocomplex.pl\/galeriaSMT.html\">Tychy<br>(63 zdj\u0119cia)<\/a><\/td> <td>Stadion Miejski<br>5 500 m<sup>2<\/sup><\/td> <td>Mostostal Warszawa<\/td> <td>stabilizacja gruntu spoiwem Terramix F<\/td> <td>XII 2013 - V 2014<\/td> <\/tr> <tr bgcolor=\"#DFE9FF\"> <td><a title=\"galeria\" href=\"https:\/\/www.drocomplex.pl\/galeriaAmazon.html\">Bielany Wroc\u0142awskie<br>(72 zdj\u0119cia)<\/a><\/td> <td>Amazon<br>50 000 m<sup>2<\/sup><\/td> <td>Pannattoni<\/td> <td>stabilizacja gruntu cementem<\/td> <td>II - VII 2014<\/td> <\/tr> <tr bgcolor=\"#F2F0F1\"> <td><a title=\"galeria\" href=\"https:\/\/www.drocomplex.pl\/galeriaTosz.html\">Toszek - Wielowie\u015b<br>(39 zdj\u0119\u0107)<\/a><\/td> <td>DW 907<br>39 000 m<sup>2<\/sup><\/td> <td>ZDW w Katowicach<\/td> <td>stabilizacja gruntu cementem<br>+ Geost\u0105 K1<\/td> <td>kontynuacja<br>II -VII 2014<\/td> <\/tr> <tr bgcolor=\"#DFE9FF\"> <td>Zabrze<\/td> <td>ulica Handlowa<br>1 200 m<sup>2<\/sup><\/td> <td>Urz\u0105d Miasta Zabrze<\/td> <td>stabilizacja gruntu<br>cementem + EN-1<\/td> <td>kontynuacja<br>III 2014<\/td> <\/tr> <tr bgcolor=\"#F2F0F1\"> <td>Olkusz<\/td> <td>suszarnia solarna osadu<br>5 000 m<sup>2<\/sup><\/td> <td>Urz\u0105d Miasta Olkusz<\/td> <td>stabilizacja gruntu spoiwem Terramix N<\/td> <td>III 2014<\/td> <\/tr> <tr bgcolor=\"#DFE9FF\"> <td>Rybnik<\/td> <td>ul. By\u0142ych Wi\u0119\u017ani\u00f3w Politycznych<br>1 300 m<sup>2<\/sup><\/td> <td>Urz\u0105d Miasta Rybnik<\/td> <td>stabilizacja gruntu cementem<\/td> <td>IV 2014<\/td> <\/tr> <tr bgcolor=\"#F2F0F1\"> <td>D\u0105browa G\u00f3rnicza<\/td> <td>ulica Rodzinna<br>2 900 m<sup>2<\/sup><\/td> <td>Urz\u0105d Miasta D\u0105browa G\u00f3rnicza<\/td> <td>stabilizacja gruntu cementem<\/td> <td>IV 2014<\/td> <\/tr> <tr bgcolor=\"#DFE9FF\"> <td><a title=\"galeria\" href=\"https:\/\/www.drocomplex.pl\/galeriaLog.html\">Bielany Wroc\u0142awskie<br>(54 zdj\u0119cia)<\/a><\/td> <td>hala, drogi + parkingi<br>40 000 m<sup>2<\/sup><\/td> <td>Pannattoni<\/td> <td>stabilizacja gruntu cementem<\/td> <td>V - VII 2014<\/td> <\/tr> <tr bgcolor=\"#F2F0F1\"> <td>Miko\u0142\u00f3w<\/td> <td>DW 927<br>3 000 m<sup>2<\/sup><\/td> <td>ZDW Katowice<\/td> <td>stabilizacja gruntu wapnem<\/td> <td>IV - V 2014<\/td> <\/tr> <tr bgcolor=\"#DFE9FF\"> <td>Wielu\u0144<\/td> <td>ulica Matejki<br>1 200 m<sup>2<\/sup><\/td> <td>Gmina Wielu\u0144<\/td> <td>stabilizacja gruntu cementem<\/td> <td>V 2014<\/td> <\/tr> <tr bgcolor=\"#F2F0F1\"> <td>Gliwice Bojk\u00f3w<\/td> <td>hala, drogi + parkingi<br>17 000 m<sup>2<\/sup><\/td> <td>Pannattoni<\/td> <td>stabilizacja gruntu cementem<\/td> <td>V - VIII 2014<\/td> <\/tr> <tr bgcolor=\"#DFE9FF\"> <td><a title=\"galeria\" href=\"https:\/\/www.drocomplex.pl\/galeriarac.html\">Racib\u00f3rz<br>(23 zdj\u0119cia)<\/a><\/td> <td>budowa suchego zbiornika<br>3 000 m<sup>2<\/sup><\/td> <td>Dragados<\/td> <td>stabilizacja gruntu wapnem<\/td> <td>V 2014<\/td> <\/tr> <tr bgcolor=\"#F2F0F1\"> <td>Jaworze<\/td> <td>hala, drogi + parkingi<br>14 500 m<sup>2<\/sup><\/td> <td>market Netto<\/td> <td>stabilizacja gruntu spoiwem Terramix N<\/td> <td>V - VII 2014<\/td> <\/tr> <tr bgcolor=\"#DFE9FF\"> <td><a title=\"galeria\" href=\"https:\/\/www.drocomplex.pl\/galeriaChebzie.html\">Ruda \u015al\u0105ska Chebzie<br>(38 zdj\u0119\u0107)<\/a><\/td> <td>podtorze linii kolejowej E30<br>2 700 m<sup>2<\/sup><\/td> <td>PKP<\/td> <td>stabilizacja podtorza spoiwem Terramix N<\/td> <td>VI - VIII 2014<\/td> <\/tr> <tr bgcolor=\"#F2F0F1\"> <td><a title=\"galeria\" href=\"https:\/\/www.drocomplex.pl\/galeriaMCK.html\">Katowice<br>(15 zdj\u0119\u0107)<\/a><\/td> <td>Mi\u0119dzynarodowe Centrum Kongresowe<br>1 700 m<sup>2<\/sup><\/td> <td>Urz\u0105d Miasta Katowice<\/td> <td>stabilizacja gruntu spoiwem Terramix N<\/td> <td>VI 2014<\/td> <\/tr> <tr bgcolor=\"#DFE9FF\"> <td>Sosnowiec<\/td> <td>Zak\u0142adu Przetwarzania i Unieszkodliwiania Odpad\u00f3w Komunalnych<br>2 000 m<sup>2<\/sup><\/td> <td>Urz\u0105d Miasta Sosnowiec<\/td> <td>stabilizacja gruntu cementem<\/td> <td>VI 2014<\/td> <\/tr> <tr bgcolor=\"#F2F0F1\"> <td>Zadro\u017ce<\/td> <td>remont placu<br>budowa miejsc postojowych<br>1 500 m<sup>2<\/sup><\/td> <td>Urz\u0105d Gminy<\/td> <td>stabilizacja gruntu cementem<\/td> <td>VI 2014<\/td> <\/tr> <tr bgcolor=\"#DFE9FF\"> <td>Nowa Wie\u015b - Krzy\u017cowice<\/td> <td>droga powiatowej nr 1243<br>5 100 m<sup>2<\/sup><\/td> <td>Zarz\u0105d Dr\u00f3g Powiatowych<\/td> <td>stabilizacja gruntu cementem<\/td> <td>VII 2014<\/td> <\/tr> <tr bgcolor=\"#F2F0F1\"> <td><a title=\"galeria\" href=\"https:\/\/www.drocomplex.pl\/galeriaCzDz.html\">Czechowice-Dziedzice<br>(27 zdj\u0119\u0107)<\/a><\/td> <td>DK 1<br>20 000 m<sup>2<\/sup><\/td> <td>GDDKiA<\/td> <td>stabilizacja gruntu spoiwem Terramix N<\/td> <td>VII - IX 2014<\/td> <\/tr> <tr bgcolor=\"#DFE9FF\"> <td>\u015aciborzyce Wielkie<\/td> <td>droga powiatowa nr 1291<br>6 000 m<sup>2<\/sup><\/td> <td>Zarz\u0105d Dr\u00f3g Powiatowych<\/td> <td>MCE<\/td> <td>VIII 2014<\/td> <\/tr> <tr bgcolor=\"#F2F0F1\"> <td>\u015awi\u0119toch\u0142owice<\/td> <td>DT\u015a - zjazd do strefy<br>4 300 m<sup>2<\/sup><\/td> <td>RPBD S.A.<\/td> <td>stabilizacja gruntu cementem<\/td> <td>VIII 2014<\/td> <\/tr> <tr bgcolor=\"#DFE9FF\"> <td>Nowy Targ<\/td> <td>drogi dojazdowa do strefy<br>1 800 m<sup>2<\/sup><\/td> <td>Urz\u0105d Gminy<br>w Nowym Targu<\/td> <td>stabilizacja gruntu cementem<\/td> <td>VIII 2014<\/td> <\/tr> <tr bgcolor=\"#F2F0F1\"> <td>Ha\u017clach<\/td> <td>ulica Graniczna<br>1 800 m<sup>2<\/sup><\/td> <td>Urz\u0105d Gminy Ha\u017clach<\/td> <td>stabilizacja gruntu cementem<\/td> <td>VIII 2014<\/td> <\/tr> <tr bgcolor=\"#DFE9FF\"> <td>Opole<\/td> <td>parkingi<br>2 800 m<sup>2<\/sup><\/td> <td>Pa\u0144stwowa Stra\u017c Po\u017carna<\/td> <td>stabilizacja gruntu cementem<\/td> <td>VIII 2014<\/td> <\/tr> <tr bgcolor=\"#F2F0F1\"> <td>Strzelin<\/td> <td>droga po\u017carowa<br>2 000 m<sup>2<\/sup><\/td> <td>Lasy Pa\u0144stwowe<\/td> <td>stabilizacja gruntu cementem<\/td> <td>IX 2014<\/td> <\/tr> <tr bgcolor=\"#DFE9FF\"> <td>K\u0142omnice<\/td> <td>ulica Gwiezdna<br>5 600 m<sup>2<\/sup><\/td> <td>Urz\u0105d Gminy<br>w K\u0142omnicach<\/td> <td>stabilizacja gruntu cementem<\/td> <td>IX - X 2014<\/td> <\/tr> <tr bgcolor=\"#F2F0F1\"> <td>S\u0142awk\u00f3w<\/td> <td>drogi + parkingi na terminalu LHS<br>14 100 m<sup>2<\/sup><\/td> <td>LHS<\/td> <td>stabilizacja gruntu cementem<\/td> <td>IX - X 2014<\/td> <\/tr> <tr bgcolor=\"#DFE9FF\"> <td><a title=\"galeria\" href=\"https:\/\/www.drocomplex.pl\/galeriaKas.html\">Kasinka Ma\u0142a<br>(21 zdj\u0119\u0107)<\/a><\/td> <td>droga gminna nr 2509007<br>6 300 m<sup>2<\/sup><\/td> <td>Urz\u0105d Gminy<br>w Mszanie Dolnej<\/td> <td>stabilizacja gruntu cementem<\/td> <td>IX 2014<\/td> <\/tr> <tr bgcolor=\"#F2F0F1\"> <td>Nadle\u015bnictwo Czajkowa<\/td> <td>droga le\u015bna<br>26 500 m<sup>2<\/sup><\/td> <td>Lasy Pa\u0144stwowe<\/td> <td>stabilizacja gruntu spoiwem Gruntar<\/td> <td>IX 2014<\/td> <\/tr> <tr bgcolor=\"#DFE9FF\"> <td>Le\u015bnictwo Komorno<br>i Polkowskie<\/td> <td>drogi le\u015bne<br>10 400 m<sup>2<\/sup><\/td> <td>Lasy Pa\u0144stwowe<\/td> <td>stabilizacja gruntu spoiwem Terramix N<\/td> <td>X 2014<\/td> <\/tr> <tr bgcolor=\"#F2F0F1\"> <td><a title=\"galeria\" href=\"https:\/\/www.drocomplex.pl\/galeriastawowa.html\">Mszana Dolna<br>(21 zdj\u0119\u0107)<\/a><\/td> <td>ulica Stawowa<br>2 100 m<sup>2<\/sup><\/td> <td>Urz\u0105d Gminy<br>w Mszanie Dolnej<\/td> <td>stabilizacja gruntu cementem<\/td> <td>X 2014<\/td> <\/tr> <tr bgcolor=\"#DFE9FF\"> <td><a title=\"galeria\" href=\"https:\/\/www.drocomplex.pl\/galeriaWarsz.html\">Warszowice<br>(18 zdj\u0119\u0107)<\/a><\/td> <td>parking dla TIR<br>5 000 m<sup>2<\/sup><\/td> <td>JAS FBG<\/td> <td>stabilizacja gruntu cementem<\/td> <td>X 2014<\/td> <\/tr> <tr bgcolor=\"#F2F0F1\"> <td>Opole<\/td> <td>podtorze linii kolejowej stacja Opole G\u0142.<br>2 000 m<sup>2<\/sup><\/td> <td>PKP<\/td> <td>stabilizacja gruntu cementem<\/td> <td>X 2014<\/td> <\/tr> <tr bgcolor=\"#DFE9FF\"> <td><a title=\"galeria\" href=\"https:\/\/www.drocomplex.pl\/galeriaNawara.html\">Katowice<br>(45 zdj\u0119\u0107)<\/a><\/td> <td>droga<br>4 800 m<sup>2<\/sup><\/td> <td>Urz\u0105d Miasta Katowice<\/td> <td>stabilizacja gruntu cementem<\/td> <td>X 2014<\/td> <\/tr> <tr bgcolor=\"#F2F0F1\"> <td><a title=\"galeria\" href=\"https:\/\/www.drocomplex.pl\/galeriasyrynia.html\">Syrynia<br>(20 zdj\u0119\u0107)<\/a><\/td> <td>droga + parkingi<br>2 500 m<sup>2<\/sup><\/td> <td>Biedronka<\/td> <td>stabilizacja gruntu cementem<\/td> <td>X 2014<\/td> <\/tr> <tr bgcolor=\"#DFE9FF\"> <td>Bielsko-Bia\u0142a<\/td> <td>parking przy ul. Miodowej<br>2 000 m<sup>2<\/sup><\/td> <td>Murapol<\/td> <td>stabilizacja gruntu spoiwem Terramix N<\/td> <td>XI 2014<\/td> <\/tr> <tr bgcolor=\"#F2F0F1\"> <td><a title=\"galeria\" href=\"https:\/\/www.drocomplex.pl\/galeriaprzyslopek.html\">Lubomierz<br>(32 zdj\u0119cia)<\/a><\/td> <td>droga do os Przys\u0142opek<br>6 000 m<sup>2<\/sup><\/td> <td>Urz\u0105d Gminy<br>w Mszanie Dolnej<\/td> <td>stabilizacja gruntu cementem<\/td> <td>XI 2014<\/td> <\/tr> <tr bgcolor=\"#DFE9FF\"> <td>Pruchna<\/td> <td>budowa ronda DW 938<br>1 500 m<sup>2<\/sup><\/td> <td>ZDW Katowice<\/td> <td>stabilizacja gruntu cementem + Infracrete<\/td> <td>XI - XII 2014<\/td> <\/tr> <tr bgcolor=\"#F2F0F1\"> <td>Tychy<\/td> <td>stacja kontroli pojazd\u00f3w<br>2 000 m<sup>2<\/sup><\/td> <td>Trans Truck Serwis<\/td> <td>stabilizacja gruntu spoiwem Terramix N<\/td> <td>XI 2014<\/td> <\/tr> <tr bgcolor=\"#DFE9FF\"> <td>Sosnowiec<\/td> <td>salon Nissan<br>1 200 m<sup>2<\/sup><\/td> <td>Nissan<\/td> <td>stabilizacja gruntu cementem<\/td> <td>XI 2014<\/td> <\/tr> <tr bgcolor=\"#F2F0F1\"> <td><a title=\"galeria\" href=\"https:\/\/www.drocomplex.pl\/galeriaGlipok.html\">Gliwice<br>(29 zdj\u0119\u0107)<\/a><\/td> <td>Instalacja przetwarzania odpad\u00f3w komunalnych<br>9 000 m<sup>2<\/sup><\/td> <td>Centrum Recyklingu<\/td> <td>stabilizacja gruntu spoiwem Terramix N<\/td> <td>XII 2014<\/td> <\/tr> <tr bgcolor=\"#DFE9FF\"> <td><a title=\"galeria\" href=\"https:\/\/www.drocomplex.pl\/galeriaSzam.html\">Szamotu\u0142y<br>(15 zdj\u0119\u0107)<\/a><\/td> <td>sk\u0142ad kontener\u00f3w<br>2 500 m<sup>2<\/sup><\/td> <td>Optiko<\/td> <td>stabilizacja gruntu cementem<\/td> <td>XII 2014<\/td> <\/tr> <\/tbody> <\/table>","_links":{"self":[{"href":"https:\/\/www.drocomplex.pl\/projekt\/wp-json\/wp\/v2\/pages\/590","targetHints":{"allow":["GET"]}}],"collection":[{"href":"https:\/\/www.drocomplex.pl\/projekt\/wp-json\/wp\/v2\/pages"}],"about":[{"href":"https:\/\/www.drocomplex.pl\/projekt\/wp-json\/wp\/v2\/types\/page"}],"author":[{"embeddable":true,"href":"https:\/\/www.drocomplex.pl\/projekt\/wp-json\/wp\/v2\/users\/2"}],"replies":[{"embeddable":true,"href":"https:\/\/www.drocomplex.pl\/projekt\/wp-json\/wp\/v2\/comments?post=590"}],"version-history":[{"count":4,"href":"https:\/\/www.drocomplex.pl\/projekt\/wp-json\/wp\/v2\/pages\/590\/revisions"}],"predecessor-version":[{"id":729,"href":"https:\/\/www.drocomplex.pl\/projekt\/wp-json\/wp\/v2\/pages\/590\/revisions\/729"}],"up":[{"embeddable":true,"href":"https:\/\/www.drocomplex.pl\/projekt\/wp-json\/wp\/v2\/pages\/515"}],"wp:attachment":[{"href":"https:\/\/www.drocomplex.pl\/projekt\/wp-json\/wp\/v2\/media?parent=590"}],"curies":[{"name":"wp","href":"https:\/\/api.w.org\/{rel}","templated":true}]}}