{"id":587,"date":"2022-04-06T11:59:43","date_gmt":"2022-04-06T09:59:43","guid":{"rendered":"https:\/\/www.drocomplex.pl\/projekt\/?page_id=587"},"modified":"2022-04-20T15:09:58","modified_gmt":"2022-04-20T13:09:58","slug":"rok-2013","status":"publish","type":"page","link":"https:\/\/www.drocomplex.pl\/projekt\/realizacje\/rok-2013\/","title":{"rendered":"Rok 2013"},"content":{"rendered":"<!--themify_builder_content-->\n<div id=\"themify_builder_content-587\" data-postid=\"587\" class=\"themify_builder_content themify_builder_content-587 themify_builder tf_clear\">\n                    <div  data-lazy=\"1\" class=\"module_row themify_builder_row tb_ply2643 tb_first tf_w wow\" data-tf-animation=\"fadeIn\">\n                        <div class=\"row_inner col_align_top tb_col_count_1 tf_box tf_rel\">\n                        <div  data-lazy=\"1\" class=\"module_column tb-column col-full tb_kzmj645 first\">\n                            <\/div>\n                        <\/div>\n        <\/div>\n                        <div  data-lazy=\"1\" class=\"module_row themify_builder_row tb_416p650 tf_w wow\" data-tf-animation=\"fadeIn\">\n                        <div class=\"row_inner col_align_top tb_col_count_1 tf_box tf_rel\">\n                        <div  data-lazy=\"1\" class=\"module_column tb-column col-full tb_6g7a651 first\">\n                    <!-- module text -->\n<div  class=\"module module-text tb_3yvb645    wow\" data-tf-animation=\"fadeIn\" data-tf-animation_delay=\"0.5\" data-lazy=\"1\">\n        <div  class=\"tb_text_wrap\">\n        <h1>Rok 2013<\/h1>    <\/div>\n<\/div>\n<!-- \/module text -->        <\/div>\n                        <\/div>\n        <\/div>\n                        <div  data-lazy=\"1\" class=\"module_row themify_builder_row tb_qjx6306 tf_w\">\n                        <div class=\"row_inner col_align_top tb_col_count_1 tf_box tf_rel\">\n                        <div  data-lazy=\"1\" class=\"module_column tb-column col-full tb_5vrq306 first\">\n                    <!-- module text -->\n<div  class=\"module module-text tb_5qsn851    wow\" data-tf-animation=\"fadeIn\" data-lazy=\"1\">\n        <div  class=\"tb_text_wrap\">\n        <table class=\"dol\">\n<tbody>\n<tr class=\"code\" bgcolor=\"#434343\">\n<td class=\"dol\">MIEJSCE<\/td>\n<td>ZADANIE<\/td>\n<td>INWESTOR<br>G\u0141. WYKONAWCA<\/td>\n<td>PRZEDMIOT ROB\u00d3T<\/td>\n<td>TERMIN REALIZACJI<\/td>\n<\/tr>\n<tr bgcolor=\"#F2F0F1\">\n<td><a class=\"black\" title=\"galeria\" href=\"https:\/\/www.drocomplex.pl\/galeriaPaw.html\">Paw\u0142owice<br>(27 zdj\u0119\u0107)<\/a><\/td>\n<td>DW 938<br>6 600 m<sup>2<\/sup><\/td>\n<td class=\"code1\">ZDW w Katowicach<\/td>\n<td>stabilizacja gruntu cementem + Geost\u0105 K1<\/td>\n<td>XI 2012, IV 2013<\/td>\n<\/tr>\n<tr bgcolor=\"#DFE9FF\">\n<td><a class=\"black\" title=\"galeria\" href=\"https:\/\/www.drocomplex.pl\/galeriaPszcz.html\">Pszczyna<br>(60 zdj\u0119\u0107)<\/a><\/td>\n<td>obwodnica Pszczyny DW 935<br>20 000 m<sup>2<\/sup><\/td>\n<td class=\"code1\">ZDW w Katowicach<\/td>\n<td>stabilizacja gruntu spoiwem Teramix<\/td>\n<td>kontynuacja<br>IV &#8211; XI 2013<\/td>\n<\/tr>\n<tr bgcolor=\"#F2F0F1\">\n<td>Tychy<\/td>\n<td>budowa ronda<br>2 500 m<sup>2<\/sup><\/td>\n<td class=\"code1\">Urz\u0105d Miasta Tychy<\/td>\n<td>stabilizacja piasku cementem<\/td>\n<td>IV 2013<\/td>\n<\/tr>\n<tr bgcolor=\"#DFE9FF\">\n<td>Jaworzno<\/td>\n<td>drogi + parkingi<br>3 500 m<sup>2<\/sup><\/td>\n<td class=\"code1\">MPO w Jaworznie<\/td>\n<td>stabilizacja gruntu gliniastego<\/td>\n<td>IV 2013<\/td>\n<\/tr>\n<tr bgcolor=\"#F2F0F1\">\n<td><a class=\"black\" title=\"galeria\" href=\"https:\/\/www.drocomplex.pl\/galeriaZaw.html\">Zawiercie<br>(23 zdj\u0119cia)<\/a><\/td>\n<td>droga do Strefy Aktywno\u015bci Gospodarczej<br>17 000 m<sup>2<\/sup><\/td>\n<td class=\"code1\">Urz\u0105d Miasta Zawiercie<\/td>\n<td>stabilizacja gruntu gliniastego<\/td>\n<td>IV &#8211; VII 2013<\/td>\n<\/tr>\n<tr bgcolor=\"#DFE9FF\">\n<td>Niepo\u0142omice<\/td>\n<td>ulica Pod\u0142\u0119ska<br>3 100 m<sup>2<\/sup><\/td>\n<td class=\"code1\">Urz\u0105d Gminy Niepo\u0142omice<\/td>\n<td>g\u0142\u0119boki recykling<\/td>\n<td>IV 2013<\/td>\n<\/tr>\n<tr bgcolor=\"#F2F0F1\">\n<td><a class=\"black\" title=\"galeria\" href=\"https:\/\/www.drocomplex.pl\/galeriaSS.html\">So\u015bnicowice<br>(36 zdj\u0119\u0107)<\/a><\/td>\n<td>DW 408<br>18 000 m<sup>2<\/sup><\/td>\n<td class=\"code1\">ZDW w Katowicach<\/td>\n<td>stabilizacja gruntu<br>cementem + Geost\u0105 K1<\/td>\n<td>IV &#8211; IX 2013<\/td>\n<\/tr>\n<tr bgcolor=\"#DFE9FF\">\n<td>Ruda \u015al\u0105ska<\/td>\n<td>drogi + parkingi<br>30 000 m<sup>2<\/sup><\/td>\n<td class=\"code1\">Zak\u0142ady mi\u0119sne<\/td>\n<td>stabilizacja gruntu gliniastego<\/td>\n<td>kontynuacja<br>V &#8211; X 2013<\/td>\n<\/tr>\n<tr bgcolor=\"#F2F0F1\">\n<td><a class=\"black\" title=\"galeria\" href=\"https:\/\/www.drocomplex.pl\/galeriaLub.html\">Lubomierz<br>(24 zdj\u0119cia)<\/a><\/td>\n<td>droga gminna nr 2509010<br>6 300 m<sup>2<\/sup><\/td>\n<td class=\"code1\">Urz\u0105d Gminy<br>w Mszanie Dolnej<\/td>\n<td>G\u0142\u0119boki recykling<br>cementem + EN-1<\/td>\n<td>V 2013<\/td>\n<\/tr>\n<tr bgcolor=\"#DFE9FF\">\n<td>G\u00f3rki Wielkie<\/td>\n<td>droga gminna &#8211; ulica Dzielowy<br>1 000 m<sup>2<\/sup><\/td>\n<td class=\"code1\">Gmina Brenna<\/td>\n<td>remont drogi<\/td>\n<td>VI 2013<\/td>\n<\/tr>\n<tr bgcolor=\"#F2F0F1\">\n<td><a class=\"black\" title=\"galeria\" href=\"https:\/\/www.drocomplex.pl\/galeriaSiem.html\">Siemianowice \u015al\u0105skie<br>(12 zdj\u0119\u0107)<\/a><\/td>\n<td>Budowa ronda<br>5 000 m<sup>2<\/sup><\/td>\n<td class=\"code1\">Urz\u0105d Miasta<br>w Siemianowicach<\/td>\n<td>stabilizacja gruntu cementem<\/td>\n<td>VI &#8211; VII 2013<\/td>\n<\/tr>\n<tr bgcolor=\"#DFE9FF\">\n<td><a class=\"black\" title=\"galeria\" href=\"https:\/\/www.drocomplex.pl\/galeriaBoch.html\">Bochnia &#8211; Brzesko<br>(42 zdj\u0119cia)<\/a><\/td>\n<td>linia kolejowa E30\/C-E 30<br>10 000 m<sup>2<\/sup><\/td>\n<td class=\"code1\">PKP<\/td>\n<td>stabilizacja gruntu cementem<\/td>\n<td>VI 2013<\/td>\n<\/tr>\n<tr bgcolor=\"#F2F0F1\">\n<td>Czechowice-Dziedzice<\/td>\n<td>ulica Wary\u0144skiego<br>4 000 m<sup>2<\/sup><\/td>\n<td class=\"code1\">Zarz\u0105d Dr\u00f3g Powiatowych<\/td>\n<td>stabilizacja gruntu cementem<\/td>\n<td>VI &#8211; VII 2013<\/td>\n<\/tr>\n<tr bgcolor=\"#DFE9FF\">\n<td>Gliwice<\/td>\n<td>hala, drogi<br>3 800 m<sup>2<\/sup><\/td>\n<td class=\"code1\">Autorobot &#8211; Strefa<br>Sp. z o.o.<\/td>\n<td>stabilizacja gruntu cementem<\/td>\n<td>VIII 2013<\/td>\n<\/tr>\n<tr bgcolor=\"#F2F0F1\">\n<td><a class=\"black\" title=\"galeria\" href=\"https:\/\/www.drocomplex.pl\/galeriaOpole.html\">Opole<br>(96 zdj\u0119\u0107)<\/a><\/td>\n<td>hala\u00a0<i>Polaris<\/i>, drogi i parkingi<br>67 000 m<sup>2<\/sup><\/td>\n<td class=\"code1\">Panattoni<\/td>\n<td>stabilizacja gruntu cementem<\/td>\n<td>VIII &#8211; XI 2013<\/td>\n<\/tr>\n<tr bgcolor=\"#DFE9FF\">\n<td>Jastrz\u0119bie Zdr\u00f3j<\/td>\n<td>droga do KSSE<br>2 300 m<sup>2<\/sup><\/td>\n<td class=\"code1\">Urz\u0105d Miasta<br>w Jastrz\u0119biu Zdroju<\/td>\n<td>stabilizacja gruntu cementem<\/td>\n<td>VIII 2013<\/td>\n<\/tr>\n<tr bgcolor=\"#F2F0F1\">\n<td>Wilamowice<\/td>\n<td>droga powiatowa nr 4485S<br>1 900 m<sup>2<\/sup><\/td>\n<td class=\"code1\">Zarz\u0105d Dr\u00f3g Powiatowych<\/td>\n<td>stabilizacja gruntu<br>cementem + EN-1<\/td>\n<td>IX 2013<\/td>\n<\/tr>\n<tr bgcolor=\"#DFE9FF\">\n<td>Bielsko-Bia\u0142a<\/td>\n<td>ulica Jana III Sobieskiego<br>2 600 m<sup>2<\/sup><\/td>\n<td class=\"code1\">Urz\u0105d Miasta<br>w Bielsku-Bia\u0142ej<\/td>\n<td>stabilizacja gruntu cementem<\/td>\n<td>IX 2013<\/td>\n<\/tr>\n<tr bgcolor=\"#F2F0F1\">\n<td><a class=\"black\" title=\"galeria\" href=\"https:\/\/www.drocomplex.pl\/galeriaTosz.html\">Toszek &#8211; Wielowie\u015b<br>(39 zdj\u0119\u0107)<\/a><\/td>\n<td>DW 907<br>30 000 m<sup>2<\/sup><\/td>\n<td class=\"code1\">ZDW w Katowicach<\/td>\n<td>stabilizacja gruntu cementem<br>+ Geost\u0105 K1<\/td>\n<td>IX &#8211; XI 2013<\/td>\n<\/tr>\n<tr bgcolor=\"#DFE9FF\">\n<td>Ha\u017clach<\/td>\n<td>ulica Graniczna<br>1 700 m<sup>2<\/sup><\/td>\n<td class=\"code1\">Urz\u0105d Gminy w Ha\u017clachu<\/td>\n<td>stabilizacja gruntu cementem<\/td>\n<td>IX 2013<\/td>\n<\/tr>\n<tr bgcolor=\"#F2F0F1\">\n<td>Stanowice<\/td>\n<td>stacja paliw<br>2 500 m<sup>2<\/sup><\/td>\n<td class=\"code1\">RPBD S.A.<\/td>\n<td>stabilizacja gruntu gliniastego<\/td>\n<td>IX &#8211; XI 2013<\/td>\n<\/tr>\n<tr bgcolor=\"#DFE9FF\">\n<td>Pustkowie K\u0142omnickie<\/td>\n<td>drogi dojazdowe do grunt\u00f3w rolnych<br>3 500 m<sup>2<\/sup><\/td>\n<td class=\"code1\">Urz\u0105d Gminy<br>w K\u0142omnicach<\/td>\n<td>stabilizacja gruntu cementem<\/td>\n<td>X 2013<\/td>\n<\/tr>\n<tr bgcolor=\"#F2F0F1\">\n<td>Wilamowice<\/td>\n<td>ulica Pielgrzym\u00f3w<br>3 800 m<sup>2<\/sup><\/td>\n<td class=\"code1\">Urz\u0105d Gminy Wilamowice<\/td>\n<td>stabilizacja gruntu cementem<\/td>\n<td>XI 2013<\/td>\n<\/tr>\n<tr bgcolor=\"#DFE9FF\">\n<td>Pielgrzymowice<\/td>\n<td>ulice Akacjowa<br>2 700 m<sup>2<\/sup><\/td>\n<td class=\"code1\">Urz\u0105d Gminy<br>w Paw\u0142owicach<\/td>\n<td>stabilizacja gruntu cementem<\/td>\n<td>XI 2013<\/td>\n<\/tr>\n<tr bgcolor=\"#F2F0F1\">\n<td>Zabrze<\/td>\n<td>ulica Handlowa<br>7 000 m<sup>2<\/sup><\/td>\n<td class=\"code1\">Urz\u0105d Miasta Zabrze<\/td>\n<td>stabilizacja gruntu<br>cementem + EN-1<\/td>\n<td>XI 2013<\/td>\n<\/tr>\n<tr bgcolor=\"#DFE9FF\">\n<td><a class=\"black\" title=\"galeria\" href=\"https:\/\/www.drocomplex.pl\/galeriaDub.html\">Dubiecko<br>(27 zdj\u0119\u0107)<\/a><\/td>\n<td>droga le\u015bna<br>3 500 m<sup>2<\/sup><\/td>\n<td class=\"code1\">Lasy Pa\u0144stwowe<\/td>\n<td>stabilizacja gruntu cementem<\/td>\n<td>XI 2013<\/td>\n<\/tr>\n<\/tbody>\n<\/table>    <\/div>\n<\/div>\n<!-- \/module text -->        <\/div>\n                        <\/div>\n        <\/div>\n        <\/div>\n<!--\/themify_builder_content-->","protected":false},"excerpt":{"rendered":"<p>Rok 2013 MIEJSCE ZADANIE INWESTORG\u0141. WYKONAWCA PRZEDMIOT ROB\u00d3T TERMIN REALIZACJI Paw\u0142owice(27 zdj\u0119\u0107) DW 9386 600 m2 ZDW w Katowicach stabilizacja gruntu cementem + Geost\u0105 K1 XI 2012, IV 2013 Pszczyna(60 zdj\u0119\u0107) obwodnica Pszczyny DW 93520 000 m2 ZDW w Katowicach stabilizacja gruntu spoiwem Teramix kontynuacjaIV &#8211; XI 2013 Tychy budowa ronda2 500 m2 Urz\u0105d Miasta [&hellip;]<\/p>\n","protected":false},"author":2,"featured_media":0,"parent":515,"menu_order":0,"comment_status":"closed","ping_status":"closed","template":"","meta":{"footnotes":""},"class_list":["post-587","page","type-page","status-publish","hentry","has-post-title","has-post-date","has-post-category","has-post-tag","has-post-comment","has-post-author",""],"builder_content":"<h1>Rok 2013<\/h1>\n<table> <tbody> <tr bgcolor=\"#434343\"> <td>MIEJSCE<\/td> <td>ZADANIE<\/td> <td>INWESTOR<br>G\u0141. WYKONAWCA<\/td> <td>PRZEDMIOT ROB\u00d3T<\/td> <td>TERMIN REALIZACJI<\/td> <\/tr> <tr bgcolor=\"#F2F0F1\"> <td><a title=\"galeria\" href=\"https:\/\/www.drocomplex.pl\/galeriaPaw.html\">Paw\u0142owice<br>(27 zdj\u0119\u0107)<\/a><\/td> <td>DW 938<br>6 600 m<sup>2<\/sup><\/td> <td>ZDW w Katowicach<\/td> <td>stabilizacja gruntu cementem + Geost\u0105 K1<\/td> <td>XI 2012, IV 2013<\/td> <\/tr> <tr bgcolor=\"#DFE9FF\"> <td><a title=\"galeria\" href=\"https:\/\/www.drocomplex.pl\/galeriaPszcz.html\">Pszczyna<br>(60 zdj\u0119\u0107)<\/a><\/td> <td>obwodnica Pszczyny DW 935<br>20 000 m<sup>2<\/sup><\/td> <td>ZDW w Katowicach<\/td> <td>stabilizacja gruntu spoiwem Teramix<\/td> <td>kontynuacja<br>IV - XI 2013<\/td> <\/tr> <tr bgcolor=\"#F2F0F1\"> <td>Tychy<\/td> <td>budowa ronda<br>2 500 m<sup>2<\/sup><\/td> <td>Urz\u0105d Miasta Tychy<\/td> <td>stabilizacja piasku cementem<\/td> <td>IV 2013<\/td> <\/tr> <tr bgcolor=\"#DFE9FF\"> <td>Jaworzno<\/td> <td>drogi + parkingi<br>3 500 m<sup>2<\/sup><\/td> <td>MPO w Jaworznie<\/td> <td>stabilizacja gruntu gliniastego<\/td> <td>IV 2013<\/td> <\/tr> <tr bgcolor=\"#F2F0F1\"> <td><a title=\"galeria\" href=\"https:\/\/www.drocomplex.pl\/galeriaZaw.html\">Zawiercie<br>(23 zdj\u0119cia)<\/a><\/td> <td>droga do Strefy Aktywno\u015bci Gospodarczej<br>17 000 m<sup>2<\/sup><\/td> <td>Urz\u0105d Miasta Zawiercie<\/td> <td>stabilizacja gruntu gliniastego<\/td> <td>IV - VII 2013<\/td> <\/tr> <tr bgcolor=\"#DFE9FF\"> <td>Niepo\u0142omice<\/td> <td>ulica Pod\u0142\u0119ska<br>3 100 m<sup>2<\/sup><\/td> <td>Urz\u0105d Gminy Niepo\u0142omice<\/td> <td>g\u0142\u0119boki recykling<\/td> <td>IV 2013<\/td> <\/tr> <tr bgcolor=\"#F2F0F1\"> <td><a title=\"galeria\" href=\"https:\/\/www.drocomplex.pl\/galeriaSS.html\">So\u015bnicowice<br>(36 zdj\u0119\u0107)<\/a><\/td> <td>DW 408<br>18 000 m<sup>2<\/sup><\/td> <td>ZDW w Katowicach<\/td> <td>stabilizacja gruntu<br>cementem + Geost\u0105 K1<\/td> <td>IV - IX 2013<\/td> <\/tr> <tr bgcolor=\"#DFE9FF\"> <td>Ruda \u015al\u0105ska<\/td> <td>drogi + parkingi<br>30 000 m<sup>2<\/sup><\/td> <td>Zak\u0142ady mi\u0119sne<\/td> <td>stabilizacja gruntu gliniastego<\/td> <td>kontynuacja<br>V - X 2013<\/td> <\/tr> <tr bgcolor=\"#F2F0F1\"> <td><a title=\"galeria\" href=\"https:\/\/www.drocomplex.pl\/galeriaLub.html\">Lubomierz<br>(24 zdj\u0119cia)<\/a><\/td> <td>droga gminna nr 2509010<br>6 300 m<sup>2<\/sup><\/td> <td>Urz\u0105d Gminy<br>w Mszanie Dolnej<\/td> <td>G\u0142\u0119boki recykling<br>cementem + EN-1<\/td> <td>V 2013<\/td> <\/tr> <tr bgcolor=\"#DFE9FF\"> <td>G\u00f3rki Wielkie<\/td> <td>droga gminna - ulica Dzielowy<br>1 000 m<sup>2<\/sup><\/td> <td>Gmina Brenna<\/td> <td>remont drogi<\/td> <td>VI 2013<\/td> <\/tr> <tr bgcolor=\"#F2F0F1\"> <td><a title=\"galeria\" href=\"https:\/\/www.drocomplex.pl\/galeriaSiem.html\">Siemianowice \u015al\u0105skie<br>(12 zdj\u0119\u0107)<\/a><\/td> <td>Budowa ronda<br>5 000 m<sup>2<\/sup><\/td> <td>Urz\u0105d Miasta<br>w Siemianowicach<\/td> <td>stabilizacja gruntu cementem<\/td> <td>VI - VII 2013<\/td> <\/tr> <tr bgcolor=\"#DFE9FF\"> <td><a title=\"galeria\" href=\"https:\/\/www.drocomplex.pl\/galeriaBoch.html\">Bochnia - Brzesko<br>(42 zdj\u0119cia)<\/a><\/td> <td>linia kolejowa E30\/C-E 30<br>10 000 m<sup>2<\/sup><\/td> <td>PKP<\/td> <td>stabilizacja gruntu cementem<\/td> <td>VI 2013<\/td> <\/tr> <tr bgcolor=\"#F2F0F1\"> <td>Czechowice-Dziedzice<\/td> <td>ulica Wary\u0144skiego<br>4 000 m<sup>2<\/sup><\/td> <td>Zarz\u0105d Dr\u00f3g Powiatowych<\/td> <td>stabilizacja gruntu cementem<\/td> <td>VI - VII 2013<\/td> <\/tr> <tr bgcolor=\"#DFE9FF\"> <td>Gliwice<\/td> <td>hala, drogi<br>3 800 m<sup>2<\/sup><\/td> <td>Autorobot - Strefa<br>Sp. z o.o.<\/td> <td>stabilizacja gruntu cementem<\/td> <td>VIII 2013<\/td> <\/tr> <tr bgcolor=\"#F2F0F1\"> <td><a title=\"galeria\" href=\"https:\/\/www.drocomplex.pl\/galeriaOpole.html\">Opole<br>(96 zdj\u0119\u0107)<\/a><\/td> <td>hala\u00a0<i>Polaris<\/i>, drogi i parkingi<br>67 000 m<sup>2<\/sup><\/td> <td>Panattoni<\/td> <td>stabilizacja gruntu cementem<\/td> <td>VIII - XI 2013<\/td> <\/tr> <tr bgcolor=\"#DFE9FF\"> <td>Jastrz\u0119bie Zdr\u00f3j<\/td> <td>droga do KSSE<br>2 300 m<sup>2<\/sup><\/td> <td>Urz\u0105d Miasta<br>w Jastrz\u0119biu Zdroju<\/td> <td>stabilizacja gruntu cementem<\/td> <td>VIII 2013<\/td> <\/tr> <tr bgcolor=\"#F2F0F1\"> <td>Wilamowice<\/td> <td>droga powiatowa nr 4485S<br>1 900 m<sup>2<\/sup><\/td> <td>Zarz\u0105d Dr\u00f3g Powiatowych<\/td> <td>stabilizacja gruntu<br>cementem + EN-1<\/td> <td>IX 2013<\/td> <\/tr> <tr bgcolor=\"#DFE9FF\"> <td>Bielsko-Bia\u0142a<\/td> <td>ulica Jana III Sobieskiego<br>2 600 m<sup>2<\/sup><\/td> <td>Urz\u0105d Miasta<br>w Bielsku-Bia\u0142ej<\/td> <td>stabilizacja gruntu cementem<\/td> <td>IX 2013<\/td> <\/tr> <tr bgcolor=\"#F2F0F1\"> <td><a title=\"galeria\" href=\"https:\/\/www.drocomplex.pl\/galeriaTosz.html\">Toszek - Wielowie\u015b<br>(39 zdj\u0119\u0107)<\/a><\/td> <td>DW 907<br>30 000 m<sup>2<\/sup><\/td> <td>ZDW w Katowicach<\/td> <td>stabilizacja gruntu cementem<br>+ Geost\u0105 K1<\/td> <td>IX - XI 2013<\/td> <\/tr> <tr bgcolor=\"#DFE9FF\"> <td>Ha\u017clach<\/td> <td>ulica Graniczna<br>1 700 m<sup>2<\/sup><\/td> <td>Urz\u0105d Gminy w Ha\u017clachu<\/td> <td>stabilizacja gruntu cementem<\/td> <td>IX 2013<\/td> <\/tr> <tr bgcolor=\"#F2F0F1\"> <td>Stanowice<\/td> <td>stacja paliw<br>2 500 m<sup>2<\/sup><\/td> <td>RPBD S.A.<\/td> <td>stabilizacja gruntu gliniastego<\/td> <td>IX - XI 2013<\/td> <\/tr> <tr bgcolor=\"#DFE9FF\"> <td>Pustkowie K\u0142omnickie<\/td> <td>drogi dojazdowe do grunt\u00f3w rolnych<br>3 500 m<sup>2<\/sup><\/td> <td>Urz\u0105d Gminy<br>w K\u0142omnicach<\/td> <td>stabilizacja gruntu cementem<\/td> <td>X 2013<\/td> <\/tr> <tr bgcolor=\"#F2F0F1\"> <td>Wilamowice<\/td> <td>ulica Pielgrzym\u00f3w<br>3 800 m<sup>2<\/sup><\/td> <td>Urz\u0105d Gminy Wilamowice<\/td> <td>stabilizacja gruntu cementem<\/td> <td>XI 2013<\/td> <\/tr> <tr bgcolor=\"#DFE9FF\"> <td>Pielgrzymowice<\/td> <td>ulice Akacjowa<br>2 700 m<sup>2<\/sup><\/td> <td>Urz\u0105d Gminy<br>w Paw\u0142owicach<\/td> <td>stabilizacja gruntu cementem<\/td> <td>XI 2013<\/td> <\/tr> <tr bgcolor=\"#F2F0F1\"> <td>Zabrze<\/td> <td>ulica Handlowa<br>7 000 m<sup>2<\/sup><\/td> <td>Urz\u0105d Miasta Zabrze<\/td> <td>stabilizacja gruntu<br>cementem + EN-1<\/td> <td>XI 2013<\/td> <\/tr> <tr bgcolor=\"#DFE9FF\"> <td><a title=\"galeria\" href=\"https:\/\/www.drocomplex.pl\/galeriaDub.html\">Dubiecko<br>(27 zdj\u0119\u0107)<\/a><\/td> <td>droga le\u015bna<br>3 500 m<sup>2<\/sup><\/td> <td>Lasy Pa\u0144stwowe<\/td> <td>stabilizacja gruntu cementem<\/td> <td>XI 2013<\/td> <\/tr> <\/tbody> <\/table>","_links":{"self":[{"href":"https:\/\/www.drocomplex.pl\/projekt\/wp-json\/wp\/v2\/pages\/587","targetHints":{"allow":["GET"]}}],"collection":[{"href":"https:\/\/www.drocomplex.pl\/projekt\/wp-json\/wp\/v2\/pages"}],"about":[{"href":"https:\/\/www.drocomplex.pl\/projekt\/wp-json\/wp\/v2\/types\/page"}],"author":[{"embeddable":true,"href":"https:\/\/www.drocomplex.pl\/projekt\/wp-json\/wp\/v2\/users\/2"}],"replies":[{"embeddable":true,"href":"https:\/\/www.drocomplex.pl\/projekt\/wp-json\/wp\/v2\/comments?post=587"}],"version-history":[{"count":5,"href":"https:\/\/www.drocomplex.pl\/projekt\/wp-json\/wp\/v2\/pages\/587\/revisions"}],"predecessor-version":[{"id":728,"href":"https:\/\/www.drocomplex.pl\/projekt\/wp-json\/wp\/v2\/pages\/587\/revisions\/728"}],"up":[{"embeddable":true,"href":"https:\/\/www.drocomplex.pl\/projekt\/wp-json\/wp\/v2\/pages\/515"}],"wp:attachment":[{"href":"https:\/\/www.drocomplex.pl\/projekt\/wp-json\/wp\/v2\/media?parent=587"}],"curies":[{"name":"wp","href":"https:\/\/api.w.org\/{rel}","templated":true}]}}