{"id":584,"date":"2022-04-06T11:59:05","date_gmt":"2022-04-06T09:59:05","guid":{"rendered":"https:\/\/www.drocomplex.pl\/projekt\/?page_id=584"},"modified":"2022-04-20T15:09:36","modified_gmt":"2022-04-20T13:09:36","slug":"rok-2012","status":"publish","type":"page","link":"https:\/\/www.drocomplex.pl\/projekt\/realizacje\/rok-2012\/","title":{"rendered":"Rok 2012"},"content":{"rendered":"<!--themify_builder_content-->\n<div id=\"themify_builder_content-584\" data-postid=\"584\" class=\"themify_builder_content themify_builder_content-584 themify_builder tf_clear\">\n                    <div  data-lazy=\"1\" class=\"module_row themify_builder_row tb_ply2643 tb_first tf_w wow\" data-tf-animation=\"fadeIn\">\n                        <div class=\"row_inner col_align_top tb_col_count_1 tf_box tf_rel\">\n                        <div  data-lazy=\"1\" class=\"module_column tb-column col-full tb_kzmj645 first\">\n                            <\/div>\n                        <\/div>\n        <\/div>\n                        <div  data-lazy=\"1\" class=\"module_row themify_builder_row tb_416p650 tf_w wow\" data-tf-animation=\"fadeIn\">\n                        <div class=\"row_inner col_align_top tb_col_count_1 tf_box tf_rel\">\n                        <div  data-lazy=\"1\" class=\"module_column tb-column col-full tb_6g7a651 first\">\n                    <!-- module text -->\n<div  class=\"module module-text tb_3yvb645    wow\" data-tf-animation=\"fadeIn\" data-tf-animation_delay=\"0.5\" data-lazy=\"1\">\n        <div  class=\"tb_text_wrap\">\n        <h1>Rok 2012<\/h1>    <\/div>\n<\/div>\n<!-- \/module text -->        <\/div>\n                        <\/div>\n        <\/div>\n                        <div  data-lazy=\"1\" class=\"module_row themify_builder_row tb_qjx6306 tf_w\">\n                        <div class=\"row_inner col_align_top tb_col_count_1 tf_box tf_rel\">\n                        <div  data-lazy=\"1\" class=\"module_column tb-column col-full tb_5vrq306 first\">\n                    <!-- module text -->\n<div  class=\"module module-text tb_5qsn851    wow\" data-tf-animation=\"fadeIn\" data-lazy=\"1\">\n        <div  class=\"tb_text_wrap\">\n        <table class=\"dol\">\n<tbody>\n<tr class=\"code\" bgcolor=\"#434343\">\n<td class=\"dol\">MIEJSCE<\/td>\n<td>ZADANIE<\/td>\n<td>INWESTOR<br>G\u0141\u00d3WNY WYKONAWCA<\/td>\n<td>PRZEDMIOT ROB\u00d3T<\/td>\n<td>TERMIN REALIZACJI<\/td>\n<\/tr>\n<tr bgcolor=\"#F2F0F1\">\n<td>Gliwice SSE<\/td>\n<td>hala + parkingi + drogi<br>21 500 m<sup>2<\/sup><\/td>\n<td class=\"code1\">Segro Poland, Mapei<\/td>\n<td>stabilizacja gruntu gliniastego<\/td>\n<td>III &#8211; VI 2012<\/td>\n<\/tr>\n<tr bgcolor=\"#DFE9FF\">\n<td>Ruda \u015al\u0105ska<\/td>\n<td>hala<br>17 800 m<sup>2<\/sup><\/td>\n<td class=\"code1\">Zak\u0142ady Mi\u0119sne<\/td>\n<td>stabilizacja gruntu gliniastego<\/td>\n<td>III &#8211; V 2012<\/td>\n<\/tr>\n<tr bgcolor=\"#F2F0F1\">\n<td>Niepo\u0142omicka SE<\/td>\n<td>parkingi + drogi<br>1 600 m<sup>2<\/sup><\/td>\n<td class=\"code1\">Zak\u0142ady Meblarskie<\/td>\n<td>stabilizacja gruntu gliniastego<\/td>\n<td>III 2012<\/td>\n<\/tr>\n<tr bgcolor=\"#DFE9FF\">\n<td><a class=\"black\" title=\"galeria\" href=\"https:\/\/www.drocomplex.pl\/galeriaSL.html\">S\u0142awk\u00f3w<br>(9 zdj\u0119\u0107)<\/a><\/td>\n<td>Drogi na terminalu LHS<br>8 700 m<sup>2<\/sup><\/td>\n<td class=\"code1\">LHS<\/td>\n<td>stabilizacja piasku cementem<\/td>\n<td>IV, VIII 2012<\/td>\n<\/tr>\n<tr bgcolor=\"#F2F0F1\">\n<td>\u017bywiec<\/td>\n<td>ulica Pierwog\u00f3ra<\/td>\n<td class=\"code1\">Urz\u0105d Gminy w \u017bywcu<\/td>\n<td>stabilizacja gruntu spoiwem Teramix<\/td>\n<td>IV 2012<\/td>\n<\/tr>\n<tr bgcolor=\"#DFE9FF\">\n<td>S\u0142awk\u00f3w<\/td>\n<td>ulica PCK + Sikorskiego<br>2 500 m<sup>2<\/sup><\/td>\n<td class=\"code1\">Urz\u0105d Gminy w S\u0142awkowie<\/td>\n<td>stabilizacja gruntu cementem<\/td>\n<td>IV, VIII 2012<\/td>\n<\/tr>\n<tr bgcolor=\"#F2F0F1\">\n<td><a class=\"black\" title=\"galeria\" href=\"https:\/\/www.drocomplex.pl\/galeriaMZ.html\">Maza\u0144cowice &#8211; Ligota<br>(22 zdj\u0119cia)<\/a><\/td>\n<td>droga powiatowa nr 4426S<br>12 000 m<sup>2<\/sup><\/td>\n<td class=\"code1\">Zarz\u0105d Dr\u00f3g Powiatowych<\/td>\n<td>g\u0142\u0119boki recykling spoiwem Teramix<\/td>\n<td>V &#8211; VI 2012<\/td>\n<\/tr>\n<tr bgcolor=\"#DFE9FF\">\n<td>Pyrzowice<\/td>\n<td>Droga Ekspresowa S-1<br>5 000 m<sup>2<\/sup><\/td>\n<td class=\"code1\">Strabag Sp. z o.o.<\/td>\n<td>mieszanie warstwy ods\u0105czaj\u0105cej<\/td>\n<td>V 2012<\/td>\n<\/tr>\n<tr bgcolor=\"#F2F0F1\">\n<td><a class=\"black\" title=\"galeria\" href=\"https:\/\/www.drocomplex.pl\/galeriaA1M.html\">Skrzysz\u00f3w, Mszana<br>(45 zdj\u0119\u0107)<\/a><\/td>\n<td>Autostrada A-1<br>41 000 m<sup>2<\/sup><\/td>\n<td class=\"code1\">Alpine<\/td>\n<td>stabilizacja gruntu wapnem<\/td>\n<td>V &#8211; VIII 2012<\/td>\n<\/tr>\n<tr bgcolor=\"#DFE9FF\">\n<td>Zator &#8211; Strefa AG<\/td>\n<td>drogi<br>5 300 m<sup>2<\/sup><\/td>\n<td class=\"code1\">Zarz\u0105d dr\u00f3g Powiatowych<\/td>\n<td>stabilizacja gruntu gliniastego<\/td>\n<td>VI, VIII 2012<\/td>\n<\/tr>\n<tr bgcolor=\"#F2F0F1\">\n<td>Zabrze &#8211; Giera\u0142towice<\/td>\n<td>\u015bcie\u017cki rowerowe<br>5 300 m<sup>2<\/sup><\/td>\n<td class=\"code1\">Urz\u0105d Gminy w Giera\u0142towicach<\/td>\n<td>stabilizacja gruntu cementem<\/td>\n<td>VI 2012<\/td>\n<\/tr>\n<tr bgcolor=\"#DFE9FF\">\n<td><a class=\"black\" title=\"galeria\" href=\"https:\/\/www.drocomplex.pl\/galeriaKAT.html\">Katowice<br>(12 zdj\u0119\u0107)<\/a><\/td>\n<td>parking<br>600 m<sup>2<\/sup><\/td>\n<td class=\"code1\">Zarz\u0105d Dr\u00f3g Wojew\u00f3dzkich<\/td>\n<td>stabilizacja gruntu cementem + Geosta<\/td>\n<td>VI 2012<\/td>\n<\/tr>\n<tr bgcolor=\"#F2F0F1\">\n<td><a class=\"black\" title=\"galeria\" href=\"https:\/\/www.drocomplex.pl\/galeriaDB.html\">Dobra<br>(24 zdj\u0119cia)<\/a><\/td>\n<td>droga powiatowa nr 1622K<br>14 000 m<sup>2<\/sup><\/td>\n<td class=\"code1\">Zarz\u0105d Dr\u00f3g Powiatowych<\/td>\n<td>g\u0142\u0119boki recykling cementem + EN-1<\/td>\n<td>VI 2012<\/td>\n<\/tr>\n<tr bgcolor=\"#DFE9FF\">\n<td><a class=\"black\" title=\"galeria\" href=\"https:\/\/www.drocomplex.pl\/galeriaBP.html\">Bartkowice<br>(21 zdj\u0119\u0107)<\/a><\/td>\n<td>droga powiatowa nr 1029S<br>15 600 m<sup>2<\/sup><\/td>\n<td class=\"code1\">Zarz\u0105d Dr\u00f3g Powiatowych<\/td>\n<td>stabilizacja gruntu cementem<\/td>\n<td>VI, VII 2012<\/td>\n<\/tr>\n<tr bgcolor=\"#F2F0F1\">\n<td><a class=\"black\" title=\"galeria\" href=\"https:\/\/www.drocomplex.pl\/galeriaDK1.html\">Tychy<br>(36 zdj\u0119\u0107)<\/a><\/td>\n<td>DK 86\/DK 1<br>30 000 m<sup>2<\/sup><\/td>\n<td class=\"code1\">Polimex Mostostal S.A.<\/td>\n<td>stabilizacja gruntu cementem<\/td>\n<td>VII &#8211; XI 2012<\/td>\n<\/tr>\n<tr bgcolor=\"#DFE9FF\">\n<td>Tychy<\/td>\n<td>parking<br>1 700 m<sup>2<\/sup><\/td>\n<td class=\"code1\">Urz\u0105d Miejski w Tychach<\/td>\n<td>stabilizacja gruntu cementem + EN-1<\/td>\n<td>VII 2012<\/td>\n<\/tr>\n<tr bgcolor=\"#F2F0F1\">\n<td><a class=\"black\" title=\"galeria\" href=\"https:\/\/www.drocomplex.pl\/galeria977.html\">Gorlice<br>(14 zdj\u0119\u0107)<\/a><\/td>\n<td>DW 977<br>2 300 m<sup>2<\/sup><\/td>\n<td class=\"code1\">Zarz\u0105d Dr\u00f3g Wojew\u00f3dzkich<\/td>\n<td>stabilizacja gruntu cementem<\/td>\n<td>IX 2012<\/td>\n<\/tr>\n<tr bgcolor=\"#DFE9FF\">\n<td><a class=\"black\" title=\"galeria\" href=\"https:\/\/www.drocomplex.pl\/galeriaSum.html\">Sumina<br>(36 zdj\u0119\u0107)<\/a><\/td>\n<td>podtorze lini kolejowej nr 173<br>Sumina &#8211; Jejkowice<br>13 000 m<sup>2<\/sup><\/td>\n<td class=\"code1\">PLK S.A.<\/td>\n<td>stabilizacja piasku cementem<\/td>\n<td>IX 2012<\/td>\n<\/tr>\n<tr bgcolor=\"#F2F0F1\">\n<td>Kozieg\u0142\u00f3wki<\/td>\n<td>ulica Lipowa<br>6 800 m<sup>2<\/sup><\/td>\n<td class=\"code1\">Urz\u0105d Gminy<\/td>\n<td>stabilizacja gruntu cementem<\/td>\n<td>X 2012<\/td>\n<\/tr>\n<tr bgcolor=\"#DFE9FF\">\n<td>Sosnowiec<\/td>\n<td>\u015bcie\u017cki rowerowe<br>w Skate Parku<br>2 000 m<sup>2<\/sup><\/td>\n<td class=\"code1\">Urz\u0105d Miasta w Sosnowcu<\/td>\n<td>stabilizacja gruntu gliniastego<\/td>\n<td>X 2012<\/td>\n<\/tr>\n<tr bgcolor=\"#F2F0F1\">\n<td><a class=\"black\" title=\"galeria\" href=\"https:\/\/www.drocomplex.pl\/galeriaBar.html\">Barwa\u0142d G\u00f3rny<br>(57 zdj\u0119\u0107)<\/a><\/td>\n<td>droga le\u015bna<br>8 200 m<sup>2<\/sup><\/td>\n<td class=\"code1\">Nadle\u015bnictwo Barwa\u0142d<\/td>\n<td>stabilizacja gruntu gliniastego<\/td>\n<td>X 2012<\/td>\n<\/tr>\n<tr bgcolor=\"#DFE9FF\">\n<td><a class=\"black\" title=\"galeria\" href=\"https:\/\/www.drocomplex.pl\/galeriaPszcz.html\">Pszczyna<br>(60 zdj\u0119\u0107)<\/a><\/td>\n<td>obwodnica Pszczyny<br>20 000 m<sup>2<\/sup><\/td>\n<td class=\"code1\">Zarz\u0105d Dr\u00f3g Wojew\u00f3dzkich<\/td>\n<td>stabilizacja gruntu<\/td>\n<td>X &#8211; XI 2012<\/td>\n<\/tr>\n<tr bgcolor=\"#F2F0F1\">\n<td>Ha\u017clach<\/td>\n<td>rondo DW 938\/DW 937<br>3 500 m<sup>2<\/sup><\/td>\n<td class=\"code1\">Zarz\u0105d Dr\u00f3g Wojew\u00f3dzkich<\/td>\n<td>stabilizacja gruntu cementem + Geosta<\/td>\n<td>XI 2012<\/td>\n<\/tr>\n<\/tbody>\n<\/table>    <\/div>\n<\/div>\n<!-- \/module text -->        <\/div>\n                        <\/div>\n        <\/div>\n        <\/div>\n<!--\/themify_builder_content-->","protected":false},"excerpt":{"rendered":"<p>Rok 2012 MIEJSCE ZADANIE INWESTORG\u0141\u00d3WNY WYKONAWCA PRZEDMIOT ROB\u00d3T TERMIN REALIZACJI Gliwice SSE hala + parkingi + drogi21 500 m2 Segro Poland, Mapei stabilizacja gruntu gliniastego III &#8211; VI 2012 Ruda \u015al\u0105ska hala17 800 m2 Zak\u0142ady Mi\u0119sne stabilizacja gruntu gliniastego III &#8211; V 2012 Niepo\u0142omicka SE parkingi + drogi1 600 m2 Zak\u0142ady Meblarskie stabilizacja gruntu gliniastego [&hellip;]<\/p>\n","protected":false},"author":2,"featured_media":0,"parent":515,"menu_order":0,"comment_status":"closed","ping_status":"closed","template":"","meta":{"footnotes":""},"class_list":["post-584","page","type-page","status-publish","hentry","has-post-title","has-post-date","has-post-category","has-post-tag","has-post-comment","has-post-author",""],"builder_content":"<h1>Rok 2012<\/h1>\n<table> <tbody> <tr bgcolor=\"#434343\"> <td>MIEJSCE<\/td> <td>ZADANIE<\/td> <td>INWESTOR<br>G\u0141\u00d3WNY WYKONAWCA<\/td> <td>PRZEDMIOT ROB\u00d3T<\/td> <td>TERMIN REALIZACJI<\/td> <\/tr> <tr bgcolor=\"#F2F0F1\"> <td>Gliwice SSE<\/td> <td>hala + parkingi + drogi<br>21 500 m<sup>2<\/sup><\/td> <td>Segro Poland, Mapei<\/td> <td>stabilizacja gruntu gliniastego<\/td> <td>III - VI 2012<\/td> <\/tr> <tr bgcolor=\"#DFE9FF\"> <td>Ruda \u015al\u0105ska<\/td> <td>hala<br>17 800 m<sup>2<\/sup><\/td> <td>Zak\u0142ady Mi\u0119sne<\/td> <td>stabilizacja gruntu gliniastego<\/td> <td>III - V 2012<\/td> <\/tr> <tr bgcolor=\"#F2F0F1\"> <td>Niepo\u0142omicka SE<\/td> <td>parkingi + drogi<br>1 600 m<sup>2<\/sup><\/td> <td>Zak\u0142ady Meblarskie<\/td> <td>stabilizacja gruntu gliniastego<\/td> <td>III 2012<\/td> <\/tr> <tr bgcolor=\"#DFE9FF\"> <td><a title=\"galeria\" href=\"https:\/\/www.drocomplex.pl\/galeriaSL.html\">S\u0142awk\u00f3w<br>(9 zdj\u0119\u0107)<\/a><\/td> <td>Drogi na terminalu LHS<br>8 700 m<sup>2<\/sup><\/td> <td>LHS<\/td> <td>stabilizacja piasku cementem<\/td> <td>IV, VIII 2012<\/td> <\/tr> <tr bgcolor=\"#F2F0F1\"> <td>\u017bywiec<\/td> <td>ulica Pierwog\u00f3ra<\/td> <td>Urz\u0105d Gminy w \u017bywcu<\/td> <td>stabilizacja gruntu spoiwem Teramix<\/td> <td>IV 2012<\/td> <\/tr> <tr bgcolor=\"#DFE9FF\"> <td>S\u0142awk\u00f3w<\/td> <td>ulica PCK + Sikorskiego<br>2 500 m<sup>2<\/sup><\/td> <td>Urz\u0105d Gminy w S\u0142awkowie<\/td> <td>stabilizacja gruntu cementem<\/td> <td>IV, VIII 2012<\/td> <\/tr> <tr bgcolor=\"#F2F0F1\"> <td><a title=\"galeria\" href=\"https:\/\/www.drocomplex.pl\/galeriaMZ.html\">Maza\u0144cowice - Ligota<br>(22 zdj\u0119cia)<\/a><\/td> <td>droga powiatowa nr 4426S<br>12 000 m<sup>2<\/sup><\/td> <td>Zarz\u0105d Dr\u00f3g Powiatowych<\/td> <td>g\u0142\u0119boki recykling spoiwem Teramix<\/td> <td>V - VI 2012<\/td> <\/tr> <tr bgcolor=\"#DFE9FF\"> <td>Pyrzowice<\/td> <td>Droga Ekspresowa S-1<br>5 000 m<sup>2<\/sup><\/td> <td>Strabag Sp. z o.o.<\/td> <td>mieszanie warstwy ods\u0105czaj\u0105cej<\/td> <td>V 2012<\/td> <\/tr> <tr bgcolor=\"#F2F0F1\"> <td><a title=\"galeria\" href=\"https:\/\/www.drocomplex.pl\/galeriaA1M.html\">Skrzysz\u00f3w, Mszana<br>(45 zdj\u0119\u0107)<\/a><\/td> <td>Autostrada A-1<br>41 000 m<sup>2<\/sup><\/td> <td>Alpine<\/td> <td>stabilizacja gruntu wapnem<\/td> <td>V - VIII 2012<\/td> <\/tr> <tr bgcolor=\"#DFE9FF\"> <td>Zator - Strefa AG<\/td> <td>drogi<br>5 300 m<sup>2<\/sup><\/td> <td>Zarz\u0105d dr\u00f3g Powiatowych<\/td> <td>stabilizacja gruntu gliniastego<\/td> <td>VI, VIII 2012<\/td> <\/tr> <tr bgcolor=\"#F2F0F1\"> <td>Zabrze - Giera\u0142towice<\/td> <td>\u015bcie\u017cki rowerowe<br>5 300 m<sup>2<\/sup><\/td> <td>Urz\u0105d Gminy w Giera\u0142towicach<\/td> <td>stabilizacja gruntu cementem<\/td> <td>VI 2012<\/td> <\/tr> <tr bgcolor=\"#DFE9FF\"> <td><a title=\"galeria\" href=\"https:\/\/www.drocomplex.pl\/galeriaKAT.html\">Katowice<br>(12 zdj\u0119\u0107)<\/a><\/td> <td>parking<br>600 m<sup>2<\/sup><\/td> <td>Zarz\u0105d Dr\u00f3g Wojew\u00f3dzkich<\/td> <td>stabilizacja gruntu cementem + Geosta<\/td> <td>VI 2012<\/td> <\/tr> <tr bgcolor=\"#F2F0F1\"> <td><a title=\"galeria\" href=\"https:\/\/www.drocomplex.pl\/galeriaDB.html\">Dobra<br>(24 zdj\u0119cia)<\/a><\/td> <td>droga powiatowa nr 1622K<br>14 000 m<sup>2<\/sup><\/td> <td>Zarz\u0105d Dr\u00f3g Powiatowych<\/td> <td>g\u0142\u0119boki recykling cementem + EN-1<\/td> <td>VI 2012<\/td> <\/tr> <tr bgcolor=\"#DFE9FF\"> <td><a title=\"galeria\" href=\"https:\/\/www.drocomplex.pl\/galeriaBP.html\">Bartkowice<br>(21 zdj\u0119\u0107)<\/a><\/td> <td>droga powiatowa nr 1029S<br>15 600 m<sup>2<\/sup><\/td> <td>Zarz\u0105d Dr\u00f3g Powiatowych<\/td> <td>stabilizacja gruntu cementem<\/td> <td>VI, VII 2012<\/td> <\/tr> <tr bgcolor=\"#F2F0F1\"> <td><a title=\"galeria\" href=\"https:\/\/www.drocomplex.pl\/galeriaDK1.html\">Tychy<br>(36 zdj\u0119\u0107)<\/a><\/td> <td>DK 86\/DK 1<br>30 000 m<sup>2<\/sup><\/td> <td>Polimex Mostostal S.A.<\/td> <td>stabilizacja gruntu cementem<\/td> <td>VII - XI 2012<\/td> <\/tr> <tr bgcolor=\"#DFE9FF\"> <td>Tychy<\/td> <td>parking<br>1 700 m<sup>2<\/sup><\/td> <td>Urz\u0105d Miejski w Tychach<\/td> <td>stabilizacja gruntu cementem + EN-1<\/td> <td>VII 2012<\/td> <\/tr> <tr bgcolor=\"#F2F0F1\"> <td><a title=\"galeria\" href=\"https:\/\/www.drocomplex.pl\/galeria977.html\">Gorlice<br>(14 zdj\u0119\u0107)<\/a><\/td> <td>DW 977<br>2 300 m<sup>2<\/sup><\/td> <td>Zarz\u0105d Dr\u00f3g Wojew\u00f3dzkich<\/td> <td>stabilizacja gruntu cementem<\/td> <td>IX 2012<\/td> <\/tr> <tr bgcolor=\"#DFE9FF\"> <td><a title=\"galeria\" href=\"https:\/\/www.drocomplex.pl\/galeriaSum.html\">Sumina<br>(36 zdj\u0119\u0107)<\/a><\/td> <td>podtorze lini kolejowej nr 173<br>Sumina - Jejkowice<br>13 000 m<sup>2<\/sup><\/td> <td>PLK S.A.<\/td> <td>stabilizacja piasku cementem<\/td> <td>IX 2012<\/td> <\/tr> <tr bgcolor=\"#F2F0F1\"> <td>Kozieg\u0142\u00f3wki<\/td> <td>ulica Lipowa<br>6 800 m<sup>2<\/sup><\/td> <td>Urz\u0105d Gminy<\/td> <td>stabilizacja gruntu cementem<\/td> <td>X 2012<\/td> <\/tr> <tr bgcolor=\"#DFE9FF\"> <td>Sosnowiec<\/td> <td>\u015bcie\u017cki rowerowe<br>w Skate Parku<br>2 000 m<sup>2<\/sup><\/td> <td>Urz\u0105d Miasta w Sosnowcu<\/td> <td>stabilizacja gruntu gliniastego<\/td> <td>X 2012<\/td> <\/tr> <tr bgcolor=\"#F2F0F1\"> <td><a title=\"galeria\" href=\"https:\/\/www.drocomplex.pl\/galeriaBar.html\">Barwa\u0142d G\u00f3rny<br>(57 zdj\u0119\u0107)<\/a><\/td> <td>droga le\u015bna<br>8 200 m<sup>2<\/sup><\/td> <td>Nadle\u015bnictwo Barwa\u0142d<\/td> <td>stabilizacja gruntu gliniastego<\/td> <td>X 2012<\/td> <\/tr> <tr bgcolor=\"#DFE9FF\"> <td><a title=\"galeria\" href=\"https:\/\/www.drocomplex.pl\/galeriaPszcz.html\">Pszczyna<br>(60 zdj\u0119\u0107)<\/a><\/td> <td>obwodnica Pszczyny<br>20 000 m<sup>2<\/sup><\/td> <td>Zarz\u0105d Dr\u00f3g Wojew\u00f3dzkich<\/td> <td>stabilizacja gruntu<\/td> <td>X - XI 2012<\/td> <\/tr> <tr bgcolor=\"#F2F0F1\"> <td>Ha\u017clach<\/td> <td>rondo DW 938\/DW 937<br>3 500 m<sup>2<\/sup><\/td> <td>Zarz\u0105d Dr\u00f3g Wojew\u00f3dzkich<\/td> <td>stabilizacja gruntu cementem + Geosta<\/td> <td>XI 2012<\/td> <\/tr> <\/tbody> <\/table>","_links":{"self":[{"href":"https:\/\/www.drocomplex.pl\/projekt\/wp-json\/wp\/v2\/pages\/584","targetHints":{"allow":["GET"]}}],"collection":[{"href":"https:\/\/www.drocomplex.pl\/projekt\/wp-json\/wp\/v2\/pages"}],"about":[{"href":"https:\/\/www.drocomplex.pl\/projekt\/wp-json\/wp\/v2\/types\/page"}],"author":[{"embeddable":true,"href":"https:\/\/www.drocomplex.pl\/projekt\/wp-json\/wp\/v2\/users\/2"}],"replies":[{"embeddable":true,"href":"https:\/\/www.drocomplex.pl\/projekt\/wp-json\/wp\/v2\/comments?post=584"}],"version-history":[{"count":4,"href":"https:\/\/www.drocomplex.pl\/projekt\/wp-json\/wp\/v2\/pages\/584\/revisions"}],"predecessor-version":[{"id":727,"href":"https:\/\/www.drocomplex.pl\/projekt\/wp-json\/wp\/v2\/pages\/584\/revisions\/727"}],"up":[{"embeddable":true,"href":"https:\/\/www.drocomplex.pl\/projekt\/wp-json\/wp\/v2\/pages\/515"}],"wp:attachment":[{"href":"https:\/\/www.drocomplex.pl\/projekt\/wp-json\/wp\/v2\/media?parent=584"}],"curies":[{"name":"wp","href":"https:\/\/api.w.org\/{rel}","templated":true}]}}