{"id":581,"date":"2022-04-06T11:58:55","date_gmt":"2022-04-06T09:58:55","guid":{"rendered":"https:\/\/www.drocomplex.pl\/projekt\/?page_id=581"},"modified":"2022-04-20T15:09:03","modified_gmt":"2022-04-20T13:09:03","slug":"rok-2011","status":"publish","type":"page","link":"https:\/\/www.drocomplex.pl\/projekt\/realizacje\/rok-2011\/","title":{"rendered":"Rok 2011"},"content":{"rendered":"<!--themify_builder_content-->\n<div id=\"themify_builder_content-581\" data-postid=\"581\" class=\"themify_builder_content themify_builder_content-581 themify_builder tf_clear\">\n                    <div  data-lazy=\"1\" class=\"module_row themify_builder_row tb_ply2643 tb_first tf_w wow\" data-tf-animation=\"fadeIn\">\n                        <div class=\"row_inner col_align_top tb_col_count_1 tf_box tf_rel\">\n                        <div  data-lazy=\"1\" class=\"module_column tb-column col-full tb_kzmj645 first\">\n                            <\/div>\n                        <\/div>\n        <\/div>\n                        <div  data-lazy=\"1\" class=\"module_row themify_builder_row tb_416p650 tf_w wow\" data-tf-animation=\"fadeIn\">\n                        <div class=\"row_inner col_align_top tb_col_count_1 tf_box tf_rel\">\n                        <div  data-lazy=\"1\" class=\"module_column tb-column col-full tb_6g7a651 first\">\n                    <!-- module text -->\n<div  class=\"module module-text tb_3yvb645    wow\" data-tf-animation=\"fadeIn\" data-tf-animation_delay=\"0.5\" data-lazy=\"1\">\n        <div  class=\"tb_text_wrap\">\n        <h1>Rok 2011<\/h1>    <\/div>\n<\/div>\n<!-- \/module text -->        <\/div>\n                        <\/div>\n        <\/div>\n                        <div  data-lazy=\"1\" class=\"module_row themify_builder_row tb_qjx6306 tf_w\">\n                        <div class=\"row_inner col_align_top tb_col_count_1 tf_box tf_rel\">\n                        <div  data-lazy=\"1\" class=\"module_column tb-column col-full tb_5vrq306 first\">\n                    <!-- module text -->\n<div  class=\"module module-text tb_5qsn851    wow\" data-tf-animation=\"fadeIn\" data-lazy=\"1\">\n        <div  class=\"tb_text_wrap\">\n        <table class=\"dol\">\n<tbody>\n<tr class=\"code\" bgcolor=\"#434343\">\n<td class=\"dol\">MIEJSCE<\/td>\n<td>ZADANIE<\/td>\n<td>INWESTOR<br>G\u0141. WYKONAWCA<\/td>\n<td>PRZEDMIOT ROB\u00d3T<\/td>\n<td>TERMIN REALIZACJI<\/td>\n<\/tr>\n<tr bgcolor=\"#F2F0F1\">\n<td>Gliwice, ul. Bojkowska<\/td>\n<td>hala + parkingi + drogi<br>45 000 m<sup>2<\/sup><\/td>\n<td class=\"code1\">Segro Poland<\/td>\n<td>stabilizacja gruntu gliniastego<\/td>\n<td>III-V 2011<\/td>\n<\/tr>\n<tr bgcolor=\"#DFE9FF\">\n<td>Tarn\u00f3w<\/td>\n<td>plac sk\u0142adowania kruszywa<br>5 500 m<sup>2<\/sup><\/td>\n<td class=\"code1\">Mota Engil Polska S.A.<\/td>\n<td>stabilizacja gruntu gliniastego<\/td>\n<td>III 2011<\/td>\n<\/tr>\n<tr bgcolor=\"#F2F0F1\">\n<td>Tychy<\/td>\n<td>ulica Serdeczna<br>1 800 m<sup>2<\/sup><\/td>\n<td class=\"code1\">Skanska S.A.<\/td>\n<td>stabilizacja gruntu gliniastego<\/td>\n<td>IV 2011<\/td>\n<\/tr>\n<tr bgcolor=\"#DFE9FF\">\n<td>D\u0105browa G\u00f3rnicza<\/td>\n<td>drogi + parkingi<br>4 500 m<sup>2<\/sup><\/td>\n<td class=\"code1\">DSS Recykling<\/td>\n<td>stabilizacja gruntu gliniasto-piaszczystego<\/td>\n<td>V 2011<\/td>\n<\/tr>\n<tr bgcolor=\"#F2F0F1\">\n<td><a class=\"black\" title=\"galeria\" href=\"https:\/\/www.drocomplex.pl\/galeriaOB.html\">Bytom<br>(8 zdj\u0119\u0107)<\/a><\/td>\n<td>Obwodnica P\u0142n. III etap<\/td>\n<td class=\"code1\">Eurovia Polska S.A.<\/td>\n<td>stabilizacja gruntu wapnem<\/td>\n<td>IV &#8211; V 2011<\/td>\n<\/tr>\n<tr bgcolor=\"#DFE9FF\">\n<td>Rybnik<\/td>\n<td>ul. Reymonta i Kotucza<br>9 600 m<sup>2<\/sup><\/td>\n<td class=\"code1\">Urz\u0105d Miasta<br>w Rybniku<\/td>\n<td>stabilizacja piasku cementem<\/td>\n<td>IV &#8211; IX 2011<\/td>\n<\/tr>\n<tr bgcolor=\"#F2F0F1\">\n<td><a class=\"black\" title=\"galeria\" href=\"https:\/\/www.drocomplex.pl\/galeriaB.html\">Brzezimierz<br>(5 zdj\u0119\u0107)<\/a><\/td>\n<td>plac postojowy dla TIR<br>2 700 m<sup>2<\/sup><\/td>\n<td class=\"code1\">Mota Engil Polska S.A.<\/td>\n<td>stabilizacja gruntu gliniastego<\/td>\n<td>VI 2011<\/td>\n<\/tr>\n<tr bgcolor=\"#DFE9FF\">\n<td>Rowie\u0144<\/td>\n<td>Autostrada A-1<\/td>\n<td class=\"code1\">Strabag Sp. z o.o.<\/td>\n<td>stabilizacja gruntu gliniastego<\/td>\n<td>VI 2011<\/td>\n<\/tr>\n<tr bgcolor=\"#F2F0F1\">\n<td><a class=\"black\" title=\"galeria\" href=\"https:\/\/www.drocomplex.pl\/galeriaTL.html\">Tomasz\u00f3w Lubelski<br>(8 zdj\u0119\u0107)<\/a><\/td>\n<td>Izba Celna<br>2 600 m<sup>2<\/sup><\/td>\n<td class=\"code1\">Urz\u0105d Celny<\/td>\n<td>stabilizacja gruntu gliniasto-piaszczystego<\/td>\n<td>VI 2011<\/td>\n<\/tr>\n<tr bgcolor=\"#DFE9FF\">\n<td><a class=\"black\" title=\"galeria\" href=\"https:\/\/www.drocomplex.pl\/galeriaM.html\">Mszczon\u00f3w<br>(3 zdj\u0119cia)<\/a><\/td>\n<td>parking\u00a0<i>Biedronka<\/i><br>8 000 m<sup>2<\/sup><\/td>\n<td class=\"code1\">Jeronimo Martins<\/td>\n<td>stabilizacja piasku cementem<\/td>\n<td>VI 2011<\/td>\n<\/tr>\n<tr bgcolor=\"#F2F0F1\">\n<td><a class=\"black\" title=\"galeria\" href=\"https:\/\/www.drocomplex.pl\/galeriaSL.html\">S\u0142awk\u00f3w<br>(9 zdj\u0119\u0107)<\/a><\/td>\n<td>Drogi na terminalu LHS<br>6 000 m<sup>2<\/sup><\/td>\n<td class=\"code1\">LHS<\/td>\n<td>stabilizacja piasku cementem<\/td>\n<td>VI &#8211; IX 2011<\/td>\n<\/tr>\n<tr bgcolor=\"#DFE9FF\">\n<td><a class=\"black\" title=\"galeria\" href=\"https:\/\/www.drocomplex.pl\/galeriaS.html\">Pyrzowice<br>(4 zdj\u0119cia)<\/a><\/td>\n<td>Droga Ekspresowa S-1<br>50 000 m<sup>2<\/sup><\/td>\n<td class=\"code1\">Strabag Sp. z o.o.<\/td>\n<td>mieszanie warstwy ods\u0105czaj\u0105cej<\/td>\n<td>VI &#8211; XII 2011<\/td>\n<\/tr>\n<tr bgcolor=\"#F2F0F1\">\n<td>Grojec<\/td>\n<td>Droga Powiatowa nr 1867 K<br>5 100 m<sup>2<\/sup><\/td>\n<td class=\"code1\">Zarz\u0105d Dr\u00f3g Powiatowych<br>w O\u015bwi\u0119cimiu<\/td>\n<td>recykling asf.-betonu + podbudowy cementem + EN-1<\/td>\n<td>VII 2011<\/td>\n<\/tr>\n<tr bgcolor=\"#DFE9FF\">\n<td><a class=\"black\" title=\"galeria\" href=\"https:\/\/www.drocomplex.pl\/galeriaGP.html\">Gliwice, ul. Pszczy\u0144ska<br>(10 zdj\u0119\u0107)<\/a><\/td>\n<td>hala + parkingi + drogi<br>35 000 m<sup>2<\/sup><\/td>\n<td class=\"code1\">Panattoni<\/td>\n<td>stabilizacja gruntu gliniastego<\/td>\n<td>VII &#8211; XI 2011<\/td>\n<\/tr>\n<tr bgcolor=\"#F2F0F1\">\n<td>\u017bory<\/td>\n<td>hala<br>9 500 m<sup>2<\/sup><\/td>\n<td class=\"code1\">Nifro Korea Poland<\/td>\n<td>stabilizacja + osuszanie gruntu gliniastego<\/td>\n<td>VII 2011<\/td>\n<\/tr>\n<tr bgcolor=\"#DFE9FF\">\n<td>Siemianowice \u015al\u0105skie<\/td>\n<td>plac<br>2 000 m<sup>2<\/sup><\/td>\n<td class=\"code1\">Johnson Controls<\/td>\n<td>stabilizacja gruntu gliniastego<\/td>\n<td>VII 2011<\/td>\n<\/tr>\n<tr bgcolor=\"#F2F0F1\">\n<td><a class=\"black\" title=\"galeria\" href=\"https:\/\/www.drocomplex.pl\/galeriaSO.html\">Sosnowiec<\/a><\/td>\n<td>ulica B\u0119dzi\u0144ska<br>6 000 m<sup>2<\/sup><\/td>\n<td class=\"code1\">Urz\u0105d Miasta<br>w Sosnowcu<\/td>\n<td>MCE<\/td>\n<td>VII 2011<\/td>\n<\/tr>\n<tr bgcolor=\"#DFE9FF\">\n<td>Chrzan\u00f3w<\/td>\n<td>Obwodnica Chrzanowa<br>2 850 m<sup>2<\/sup><\/td>\n<td class=\"code1\">Eurovia Polska S.A.<\/td>\n<td>stabilizacja gruntu gliniastego<\/td>\n<td>VIII 2011<\/td>\n<\/tr>\n<tr bgcolor=\"#F2F0F1\">\n<td>Pni\u00f3wek<\/td>\n<td>Droga Wojew\u00f3dzka nr 933<br>4 200 m<sup>2<\/sup><\/td>\n<td class=\"code1\">Zarz\u0105d Dr\u00f3g Wojew\u00f3dzkich<br>w Katowicach<\/td>\n<td>recykling asf.-betonu<br>+ podbudowy cementem + EN-1<\/td>\n<td>IX 2011<\/td>\n<\/tr>\n<tr bgcolor=\"#DFE9FF\">\n<td>T\u0119goborze<\/td>\n<td>budowa boiska\u00a0<i>Orlik<\/i><br>3 400 m<sup>2<\/sup><\/td>\n<td class=\"code1\">Gmina T\u0119goborze<\/td>\n<td>stabilizacja gruntu gliniastego<\/td>\n<td>X 2011<\/td>\n<\/tr>\n<tr bgcolor=\"#F2F0F1\">\n<td><a class=\"black\" title=\"galeria\" href=\"https:\/\/www.drocomplex.pl\/galeriaNIE.html\">Niepo\u0142omicka SE<br>(12 zdj\u0119\u0107)<\/a><\/td>\n<td>hala<br>3 300 m<sup>2<\/sup><\/td>\n<td class=\"code1\">Zak\u0142ady Meblarskie<\/td>\n<td>stabilizacja gruntu gliniastego<\/td>\n<td>X 2011<\/td>\n<\/tr>\n<tr bgcolor=\"#DFE9FF\">\n<td><a class=\"black\" title=\"galeria\" href=\"https:\/\/www.drocomplex.pl\/galeriaA1.html\">Skrzysz\u00f3w<br>(6 zdj\u0119\u0107)<\/a><\/td>\n<td>Autostrada A-1<br>30 000 m<sup>2<\/sup><\/td>\n<td class=\"code1\">Alpine<\/td>\n<td>stabilizacja gruntu wapnem<\/td>\n<td>XI 2011<\/td>\n<\/tr>\n<tr bgcolor=\"#F2F0F1\">\n<td><a class=\"black\" title=\"galeria\" href=\"https:\/\/www.drocomplex.pl\/galeriaGDK.html\">Gliwice SSE<br>(33 zdj\u0119cia)<\/a><\/td>\n<td>hala + parkingi + drogi<br>40 000 m<sup>2<\/sup><\/td>\n<td class=\"code1\">Segro Poland<\/td>\n<td>stabilizacja gruntu gliniastego<\/td>\n<td>XI &#8211; XII 2011<\/td>\n<\/tr>\n<tr bgcolor=\"#DFE9FF\">\n<td><a class=\"black\" title=\"galeria\" href=\"https:\/\/www.drocomplex.pl\/galeriaGM.html\">Gliwice SSE<br>(9 zdj\u0119\u0107)<\/a><\/td>\n<td>parkingi<br>5 000 m<sup>2<\/sup><\/td>\n<td class=\"code1\">Mapei<\/td>\n<td>stabilizacja gruntu gliniastego<\/td>\n<td>XII 2011<\/td>\n<\/tr>\n<tr bgcolor=\"#F2F0F1\">\n<td><a class=\"black\" title=\"galeria\" href=\"https:\/\/www.drocomplex.pl\/galeriaSC.html\">B\u0119dzin<br>(15 zdj\u0119\u0107)<\/a><\/td>\n<td>\u015bcie\u017cka rowerowa na wa\u0142ach powodziowych<br>8 000 m<sup>2<\/sup><\/td>\n<td class=\"code1\">Urz\u0105d Miasta w B\u0119dzinie<\/td>\n<td>stabilizacja gruntu gliniastego<\/td>\n<td>V &#8211; XII 2011<\/td>\n<\/tr>\n<\/tbody>\n<\/table>    <\/div>\n<\/div>\n<!-- \/module text -->        <\/div>\n                        <\/div>\n        <\/div>\n        <\/div>\n<!--\/themify_builder_content-->","protected":false},"excerpt":{"rendered":"<p>Rok 2011 MIEJSCE ZADANIE INWESTORG\u0141. WYKONAWCA PRZEDMIOT ROB\u00d3T TERMIN REALIZACJI Gliwice, ul. Bojkowska hala + parkingi + drogi45 000 m2 Segro Poland stabilizacja gruntu gliniastego III-V 2011 Tarn\u00f3w plac sk\u0142adowania kruszywa5 500 m2 Mota Engil Polska S.A. stabilizacja gruntu gliniastego III 2011 Tychy ulica Serdeczna1 800 m2 Skanska S.A. stabilizacja gruntu gliniastego IV 2011 D\u0105browa [&hellip;]<\/p>\n","protected":false},"author":2,"featured_media":0,"parent":515,"menu_order":0,"comment_status":"closed","ping_status":"closed","template":"","meta":{"footnotes":""},"class_list":["post-581","page","type-page","status-publish","hentry","has-post-title","has-post-date","has-post-category","has-post-tag","has-post-comment","has-post-author",""],"builder_content":"<h1>Rok 2011<\/h1>\n<table> <tbody> <tr bgcolor=\"#434343\"> <td>MIEJSCE<\/td> <td>ZADANIE<\/td> <td>INWESTOR<br>G\u0141. WYKONAWCA<\/td> <td>PRZEDMIOT ROB\u00d3T<\/td> <td>TERMIN REALIZACJI<\/td> <\/tr> <tr bgcolor=\"#F2F0F1\"> <td>Gliwice, ul. Bojkowska<\/td> <td>hala + parkingi + drogi<br>45 000 m<sup>2<\/sup><\/td> <td>Segro Poland<\/td> <td>stabilizacja gruntu gliniastego<\/td> <td>III-V 2011<\/td> <\/tr> <tr bgcolor=\"#DFE9FF\"> <td>Tarn\u00f3w<\/td> <td>plac sk\u0142adowania kruszywa<br>5 500 m<sup>2<\/sup><\/td> <td>Mota Engil Polska S.A.<\/td> <td>stabilizacja gruntu gliniastego<\/td> <td>III 2011<\/td> <\/tr> <tr bgcolor=\"#F2F0F1\"> <td>Tychy<\/td> <td>ulica Serdeczna<br>1 800 m<sup>2<\/sup><\/td> <td>Skanska S.A.<\/td> <td>stabilizacja gruntu gliniastego<\/td> <td>IV 2011<\/td> <\/tr> <tr bgcolor=\"#DFE9FF\"> <td>D\u0105browa G\u00f3rnicza<\/td> <td>drogi + parkingi<br>4 500 m<sup>2<\/sup><\/td> <td>DSS Recykling<\/td> <td>stabilizacja gruntu gliniasto-piaszczystego<\/td> <td>V 2011<\/td> <\/tr> <tr bgcolor=\"#F2F0F1\"> <td><a title=\"galeria\" href=\"https:\/\/www.drocomplex.pl\/galeriaOB.html\">Bytom<br>(8 zdj\u0119\u0107)<\/a><\/td> <td>Obwodnica P\u0142n. III etap<\/td> <td>Eurovia Polska S.A.<\/td> <td>stabilizacja gruntu wapnem<\/td> <td>IV - V 2011<\/td> <\/tr> <tr bgcolor=\"#DFE9FF\"> <td>Rybnik<\/td> <td>ul. Reymonta i Kotucza<br>9 600 m<sup>2<\/sup><\/td> <td>Urz\u0105d Miasta<br>w Rybniku<\/td> <td>stabilizacja piasku cementem<\/td> <td>IV - IX 2011<\/td> <\/tr> <tr bgcolor=\"#F2F0F1\"> <td><a title=\"galeria\" href=\"https:\/\/www.drocomplex.pl\/galeriaB.html\">Brzezimierz<br>(5 zdj\u0119\u0107)<\/a><\/td> <td>plac postojowy dla TIR<br>2 700 m<sup>2<\/sup><\/td> <td>Mota Engil Polska S.A.<\/td> <td>stabilizacja gruntu gliniastego<\/td> <td>VI 2011<\/td> <\/tr> <tr bgcolor=\"#DFE9FF\"> <td>Rowie\u0144<\/td> <td>Autostrada A-1<\/td> <td>Strabag Sp. z o.o.<\/td> <td>stabilizacja gruntu gliniastego<\/td> <td>VI 2011<\/td> <\/tr> <tr bgcolor=\"#F2F0F1\"> <td><a title=\"galeria\" href=\"https:\/\/www.drocomplex.pl\/galeriaTL.html\">Tomasz\u00f3w Lubelski<br>(8 zdj\u0119\u0107)<\/a><\/td> <td>Izba Celna<br>2 600 m<sup>2<\/sup><\/td> <td>Urz\u0105d Celny<\/td> <td>stabilizacja gruntu gliniasto-piaszczystego<\/td> <td>VI 2011<\/td> <\/tr> <tr bgcolor=\"#DFE9FF\"> <td><a title=\"galeria\" href=\"https:\/\/www.drocomplex.pl\/galeriaM.html\">Mszczon\u00f3w<br>(3 zdj\u0119cia)<\/a><\/td> <td>parking\u00a0<i>Biedronka<\/i><br>8 000 m<sup>2<\/sup><\/td> <td>Jeronimo Martins<\/td> <td>stabilizacja piasku cementem<\/td> <td>VI 2011<\/td> <\/tr> <tr bgcolor=\"#F2F0F1\"> <td><a title=\"galeria\" href=\"https:\/\/www.drocomplex.pl\/galeriaSL.html\">S\u0142awk\u00f3w<br>(9 zdj\u0119\u0107)<\/a><\/td> <td>Drogi na terminalu LHS<br>6 000 m<sup>2<\/sup><\/td> <td>LHS<\/td> <td>stabilizacja piasku cementem<\/td> <td>VI - IX 2011<\/td> <\/tr> <tr bgcolor=\"#DFE9FF\"> <td><a title=\"galeria\" href=\"https:\/\/www.drocomplex.pl\/galeriaS.html\">Pyrzowice<br>(4 zdj\u0119cia)<\/a><\/td> <td>Droga Ekspresowa S-1<br>50 000 m<sup>2<\/sup><\/td> <td>Strabag Sp. z o.o.<\/td> <td>mieszanie warstwy ods\u0105czaj\u0105cej<\/td> <td>VI - XII 2011<\/td> <\/tr> <tr bgcolor=\"#F2F0F1\"> <td>Grojec<\/td> <td>Droga Powiatowa nr 1867 K<br>5 100 m<sup>2<\/sup><\/td> <td>Zarz\u0105d Dr\u00f3g Powiatowych<br>w O\u015bwi\u0119cimiu<\/td> <td>recykling asf.-betonu + podbudowy cementem + EN-1<\/td> <td>VII 2011<\/td> <\/tr> <tr bgcolor=\"#DFE9FF\"> <td><a title=\"galeria\" href=\"https:\/\/www.drocomplex.pl\/galeriaGP.html\">Gliwice, ul. Pszczy\u0144ska<br>(10 zdj\u0119\u0107)<\/a><\/td> <td>hala + parkingi + drogi<br>35 000 m<sup>2<\/sup><\/td> <td>Panattoni<\/td> <td>stabilizacja gruntu gliniastego<\/td> <td>VII - XI 2011<\/td> <\/tr> <tr bgcolor=\"#F2F0F1\"> <td>\u017bory<\/td> <td>hala<br>9 500 m<sup>2<\/sup><\/td> <td>Nifro Korea Poland<\/td> <td>stabilizacja + osuszanie gruntu gliniastego<\/td> <td>VII 2011<\/td> <\/tr> <tr bgcolor=\"#DFE9FF\"> <td>Siemianowice \u015al\u0105skie<\/td> <td>plac<br>2 000 m<sup>2<\/sup><\/td> <td>Johnson Controls<\/td> <td>stabilizacja gruntu gliniastego<\/td> <td>VII 2011<\/td> <\/tr> <tr bgcolor=\"#F2F0F1\"> <td><a title=\"galeria\" href=\"https:\/\/www.drocomplex.pl\/galeriaSO.html\">Sosnowiec<\/a><\/td> <td>ulica B\u0119dzi\u0144ska<br>6 000 m<sup>2<\/sup><\/td> <td>Urz\u0105d Miasta<br>w Sosnowcu<\/td> <td>MCE<\/td> <td>VII 2011<\/td> <\/tr> <tr bgcolor=\"#DFE9FF\"> <td>Chrzan\u00f3w<\/td> <td>Obwodnica Chrzanowa<br>2 850 m<sup>2<\/sup><\/td> <td>Eurovia Polska S.A.<\/td> <td>stabilizacja gruntu gliniastego<\/td> <td>VIII 2011<\/td> <\/tr> <tr bgcolor=\"#F2F0F1\"> <td>Pni\u00f3wek<\/td> <td>Droga Wojew\u00f3dzka nr 933<br>4 200 m<sup>2<\/sup><\/td> <td>Zarz\u0105d Dr\u00f3g Wojew\u00f3dzkich<br>w Katowicach<\/td> <td>recykling asf.-betonu<br>+ podbudowy cementem + EN-1<\/td> <td>IX 2011<\/td> <\/tr> <tr bgcolor=\"#DFE9FF\"> <td>T\u0119goborze<\/td> <td>budowa boiska\u00a0<i>Orlik<\/i><br>3 400 m<sup>2<\/sup><\/td> <td>Gmina T\u0119goborze<\/td> <td>stabilizacja gruntu gliniastego<\/td> <td>X 2011<\/td> <\/tr> <tr bgcolor=\"#F2F0F1\"> <td><a title=\"galeria\" href=\"https:\/\/www.drocomplex.pl\/galeriaNIE.html\">Niepo\u0142omicka SE<br>(12 zdj\u0119\u0107)<\/a><\/td> <td>hala<br>3 300 m<sup>2<\/sup><\/td> <td>Zak\u0142ady Meblarskie<\/td> <td>stabilizacja gruntu gliniastego<\/td> <td>X 2011<\/td> <\/tr> <tr bgcolor=\"#DFE9FF\"> <td><a title=\"galeria\" href=\"https:\/\/www.drocomplex.pl\/galeriaA1.html\">Skrzysz\u00f3w<br>(6 zdj\u0119\u0107)<\/a><\/td> <td>Autostrada A-1<br>30 000 m<sup>2<\/sup><\/td> <td>Alpine<\/td> <td>stabilizacja gruntu wapnem<\/td> <td>XI 2011<\/td> <\/tr> <tr bgcolor=\"#F2F0F1\"> <td><a title=\"galeria\" href=\"https:\/\/www.drocomplex.pl\/galeriaGDK.html\">Gliwice SSE<br>(33 zdj\u0119cia)<\/a><\/td> <td>hala + parkingi + drogi<br>40 000 m<sup>2<\/sup><\/td> <td>Segro Poland<\/td> <td>stabilizacja gruntu gliniastego<\/td> <td>XI - XII 2011<\/td> <\/tr> <tr bgcolor=\"#DFE9FF\"> <td><a title=\"galeria\" href=\"https:\/\/www.drocomplex.pl\/galeriaGM.html\">Gliwice SSE<br>(9 zdj\u0119\u0107)<\/a><\/td> <td>parkingi<br>5 000 m<sup>2<\/sup><\/td> <td>Mapei<\/td> <td>stabilizacja gruntu gliniastego<\/td> <td>XII 2011<\/td> <\/tr> <tr bgcolor=\"#F2F0F1\"> <td><a title=\"galeria\" href=\"https:\/\/www.drocomplex.pl\/galeriaSC.html\">B\u0119dzin<br>(15 zdj\u0119\u0107)<\/a><\/td> <td>\u015bcie\u017cka rowerowa na wa\u0142ach powodziowych<br>8 000 m<sup>2<\/sup><\/td> <td>Urz\u0105d Miasta w B\u0119dzinie<\/td> <td>stabilizacja gruntu gliniastego<\/td> <td>V - XII 2011<\/td> <\/tr> <\/tbody> <\/table>","_links":{"self":[{"href":"https:\/\/www.drocomplex.pl\/projekt\/wp-json\/wp\/v2\/pages\/581","targetHints":{"allow":["GET"]}}],"collection":[{"href":"https:\/\/www.drocomplex.pl\/projekt\/wp-json\/wp\/v2\/pages"}],"about":[{"href":"https:\/\/www.drocomplex.pl\/projekt\/wp-json\/wp\/v2\/types\/page"}],"author":[{"embeddable":true,"href":"https:\/\/www.drocomplex.pl\/projekt\/wp-json\/wp\/v2\/users\/2"}],"replies":[{"embeddable":true,"href":"https:\/\/www.drocomplex.pl\/projekt\/wp-json\/wp\/v2\/comments?post=581"}],"version-history":[{"count":5,"href":"https:\/\/www.drocomplex.pl\/projekt\/wp-json\/wp\/v2\/pages\/581\/revisions"}],"predecessor-version":[{"id":726,"href":"https:\/\/www.drocomplex.pl\/projekt\/wp-json\/wp\/v2\/pages\/581\/revisions\/726"}],"up":[{"embeddable":true,"href":"https:\/\/www.drocomplex.pl\/projekt\/wp-json\/wp\/v2\/pages\/515"}],"wp:attachment":[{"href":"https:\/\/www.drocomplex.pl\/projekt\/wp-json\/wp\/v2\/media?parent=581"}],"curies":[{"name":"wp","href":"https:\/\/api.w.org\/{rel}","templated":true}]}}