{"id":578,"date":"2022-04-06T11:58:35","date_gmt":"2022-04-06T09:58:35","guid":{"rendered":"https:\/\/www.drocomplex.pl\/projekt\/?page_id=578"},"modified":"2022-04-20T15:08:22","modified_gmt":"2022-04-20T13:08:22","slug":"rok-2010","status":"publish","type":"page","link":"https:\/\/www.drocomplex.pl\/projekt\/realizacje\/rok-2010\/","title":{"rendered":"Rok 2010"},"content":{"rendered":"<!--themify_builder_content-->\n<div id=\"themify_builder_content-578\" data-postid=\"578\" class=\"themify_builder_content themify_builder_content-578 themify_builder tf_clear\">\n                    <div  data-lazy=\"1\" class=\"module_row themify_builder_row tb_ply2643 tb_first tf_w wow\" data-tf-animation=\"fadeIn\">\n                        <div class=\"row_inner col_align_top tb_col_count_1 tf_box tf_rel\">\n                        <div  data-lazy=\"1\" class=\"module_column tb-column col-full tb_kzmj645 first\">\n                            <\/div>\n                        <\/div>\n        <\/div>\n                        <div  data-lazy=\"1\" class=\"module_row themify_builder_row tb_416p650 tf_w wow\" data-tf-animation=\"fadeIn\">\n                        <div class=\"row_inner col_align_top tb_col_count_1 tf_box tf_rel\">\n                        <div  data-lazy=\"1\" class=\"module_column tb-column col-full tb_6g7a651 first\">\n                    <!-- module text -->\n<div  class=\"module module-text tb_3yvb645    wow\" data-tf-animation=\"fadeIn\" data-tf-animation_delay=\"0.5\" data-lazy=\"1\">\n        <div  class=\"tb_text_wrap\">\n        <h1>Rok 2010<\/h1>    <\/div>\n<\/div>\n<!-- \/module text -->        <\/div>\n                        <\/div>\n        <\/div>\n                        <div  data-lazy=\"1\" class=\"module_row themify_builder_row tb_qjx6306 tf_w\">\n                        <div class=\"row_inner col_align_top tb_col_count_1 tf_box tf_rel\">\n                        <div  data-lazy=\"1\" class=\"module_column tb-column col-full tb_5vrq306 first\">\n                    <!-- module text -->\n<div  class=\"module module-text tb_5qsn851    wow\" data-tf-animation=\"fadeIn\" data-lazy=\"1\">\n        <div  class=\"tb_text_wrap\">\n        <table class=\"dol\">\n<tbody>\n<tr class=\"code\" bgcolor=\"#434343\">\n<td class=\"dol\">MIEJSCE<\/td>\n<td>ZADANIE<\/td>\n<td>INWESTOR<br>G\u0141. WYKONAWCA<\/td>\n<td>PRZEDMIOT ROB\u00d3T<\/td>\n<td>TERMIN REALIZACJI<\/td>\n<\/tr>\n<tr bgcolor=\"#F2F0F1\">\n<td><a class=\"black\" title=\"galeria\" href=\"https:\/\/www.drocomplex.pl\/galeriaA1ZM.html\">Autostrada A1<br>So\u015bnica &#8211; Maciej\u00f3w<br>(9 zdj\u0119\u0107)<\/a><\/td>\n<td>budowa autostrady A1<\/td>\n<td class=\"code1\">GDDKiA<\/td>\n<td>stabilizacja wapnem<\/td>\n<td>IV 2010<\/td>\n<\/tr>\n<tr bgcolor=\"#DFE9FF\">\n<td>Marklowice<\/td>\n<td>remont ul. Krakusa<br>9000 m<sup>2<\/sup><\/td>\n<td class=\"code1\">Gmina Marklowice<\/td>\n<td>recykling asf.-betonu + podbudowy cementem + EN-1<\/td>\n<td>IV 2010<\/td>\n<\/tr>\n<tr bgcolor=\"#F2F0F1\">\n<td>Jastrz\u0119bie Zdr\u00f3j<\/td>\n<td>budowa nowej drogi od ronda do ulicy Jagie\u0142\u0142y<\/td>\n<td class=\"code1\">Urz\u0105d Miasta Jastrz\u0119bie Zdr\u00f3j<\/td>\n<td>stabilizacja gruntu gliniastego<\/td>\n<td>V 2010<\/td>\n<\/tr>\n<tr bgcolor=\"#DFE9FF\">\n<td>\u0141ososina Dolna &#8211; Laskowa<\/td>\n<td>remont drogi powiatowej 1555K<br>50 000 m<sup>2<\/sup><\/td>\n<td class=\"code1\">Zarz\u0105d Dr\u00f3g Powiatowych<br>w Nowym S\u0105czu i Limanowej<\/td>\n<td>recykling asf.-betonu<br>+ podbudowy<\/td>\n<td>IX 2009 \u2013 V 2010<\/td>\n<\/tr>\n<tr bgcolor=\"#F2F0F1\">\n<td>D\u0105browa G\u00f3rnicza<\/td>\n<td>budowa drogi zak\u0142adowej<br>2 500 m<sup>2<\/sup><\/td>\n<td class=\"code1\">Saint Gobain Sekurit Hans Glass<\/td>\n<td>stabilizacja piasku<\/td>\n<td>VI 2010<\/td>\n<\/tr>\n<tr bgcolor=\"#DFE9FF\">\n<td><a class=\"black\" title=\"galeria\" href=\"https:\/\/www.drocomplex.pl\/galeriaGR.html\">Gr\u00f3dek n\/Dunajcem<br>(5 zdj\u0119\u0107)<\/a><\/td>\n<td>remont dr\u00f3g gminnych<br>2 500 m<sup>2<\/sup><\/td>\n<td class=\"code1\">Urz\u0105d Gminy<\/td>\n<td>g\u0142\u0119boki recykling<\/td>\n<td>VI 2010<\/td>\n<\/tr>\n<tr bgcolor=\"#F2F0F1\">\n<td>Gliwice<\/td>\n<td>budowa drogi zak\u0142adowej<\/td>\n<td class=\"code1\">Instytutu Metalurgii<\/td>\n<td>stabilizacja piasku<\/td>\n<td>VI 2010<\/td>\n<\/tr>\n<tr bgcolor=\"#DFE9FF\">\n<td>Skarbimierz<\/td>\n<td>budowa dr\u00f3g i parking\u00f3w dla centrum dystrybucji Biedronka<br>\u00a0 16 000 m<sup>2<\/sup><\/td>\n<td class=\"code1\">Jeronimo Martins<\/td>\n<td>stabilizacja gruntu gliniastego<\/td>\n<td>VI &#8211; X 2010<\/td>\n<\/tr>\n<tr bgcolor=\"#F2F0F1\">\n<td>Kobiernice<\/td>\n<td>budowa hali i dr\u00f3g<br>\u00a0 5 500 m<sup>2<\/sup><\/td>\n<td class=\"code1\">ATK s.c.<\/td>\n<td>stabilizacja gruntu gliniastego<\/td>\n<td>VIII 2010<\/td>\n<\/tr>\n<tr bgcolor=\"#DFE9FF\">\n<td>Cz\u0119stochowa<\/td>\n<td>remont skrzy\u017cowania ul. \u015aw. Jadwigi i Kard. Wyszy\u0144skiego<br>\u00a0 4 000 m<sup>2<\/sup><\/td>\n<td class=\"code1\">Miejski Zarz\u0105d Dr\u00f3g<br>w Cz\u0119stochowie<\/td>\n<td>stabilizacja gruntu gliniastego<\/td>\n<td>VIII 2010<\/td>\n<\/tr>\n<tr bgcolor=\"#F2F0F1\">\n<td>Katowice<\/td>\n<td>budowa hali i dr\u00f3g zak\u0142adowych<br>4 000 m<sup>2<\/sup><\/td>\n<td class=\"code1\">Famur S.A.<\/td>\n<td>stabilizacja gruntu piaszczysto-gliniastego<\/td>\n<td>VIII 2010<\/td>\n<\/tr>\n<tr bgcolor=\"#DFE9FF\">\n<td>Zabrze<\/td>\n<td>budowa ulicy Nowopaderewskiego<br>5 000 m<sup>2<\/sup><\/td>\n<td class=\"code1\">Urz\u0105d Miasta Zabrze<\/td>\n<td>stabilizacja gruntu<\/td>\n<td>VIII &#8211; IX 2010<\/td>\n<\/tr>\n<tr bgcolor=\"#F2F0F1\">\n<td><a class=\"black\" title=\"galeria\" href=\"https:\/\/www.drocomplex.pl\/galeriaGG.html\">Giera\u0142towice<br>(5 zdj\u0119\u0107)<\/a><\/td>\n<td>Budowa ul. Granicznej<br>10 000 m<sup>2<\/sup><\/td>\n<td class=\"code1\">Gmina Giera\u0142towice<\/td>\n<td>stabilizacja gruntu gliniastego<\/td>\n<td>VIII 2010<\/td>\n<\/tr>\n<tr bgcolor=\"#DFE9FF\">\n<td>Jab\u0142onka<\/td>\n<td>budowa drogi ul. Sp\u00f3\u0142dzielcza<br>3 500 m<sup>2<\/sup><\/td>\n<td class=\"code1\">Gmina Jab\u0142onka<\/td>\n<td>stabilizacja gruntu<\/td>\n<td>IX 2010<\/td>\n<\/tr>\n<tr bgcolor=\"#F2F0F1\">\n<td>Tychy<\/td>\n<td>remont ulicy Urbanowickiej<\/td>\n<td class=\"code1\">Urz\u0105d Miasta Tychy<\/td>\n<td>stabilizacja gruntu<\/td>\n<td>IX 2010<\/td>\n<\/tr>\n<tr bgcolor=\"#DFE9FF\">\n<td>Dobra<\/td>\n<td>remont rynku<br>4 500 m<sup>2<\/sup><\/td>\n<td class=\"code1\">Gmina Dobra<\/td>\n<td>stabilizacja gruntu gliniastego<\/td>\n<td>IX 2010<\/td>\n<\/tr>\n<tr bgcolor=\"#F2F0F1\">\n<td>Lubie\u0144<\/td>\n<td>remont drogi gminnej Smugawa &#8211; Krzecz\u00f3w<br>3 500 m<sup>2<\/sup><\/td>\n<td class=\"code1\">Gmina Lubie\u0144<\/td>\n<td>recykling asf.-betonu<br>+ podbudowy<\/td>\n<td>X 2010<\/td>\n<\/tr>\n<tr bgcolor=\"#DFE9FF\">\n<td><a class=\"black\" title=\"galeria\" href=\"https:\/\/www.drocomplex.pl\/galeriaWT.html\">Witowice &#8211; Ro\u017cn\u00f3w<br>(6 zdj\u0119\u0107)<\/a><\/td>\n<td>remont drogi powiatowej nr 1556 K<br>30 000 m<sup>2<\/sup><\/td>\n<td class=\"code1\">Gmina Ro\u017cn\u00f3w<\/td>\n<td>recykling asf.-betonu<br>+ podbudowy<\/td>\n<td>X 2010 i V 2011<\/td>\n<\/tr>\n<tr bgcolor=\"#F2F0F1\">\n<td>Rybnik<\/td>\n<td>remont drogi wojew\u00f3dzkiej nr 935 &#8211; ul. Raciborska<br>13 000 m<sup>2<\/sup><\/td>\n<td class=\"code1\">Urz\u0105d Miasta Rybnik<\/td>\n<td>stabilizacja gruntu gliniastego<\/td>\n<td>VIII &#8211; XI 2010<\/td>\n<\/tr>\n<tr bgcolor=\"#DFE9FF\">\n<td>Gliwice<\/td>\n<td>budowa hali i parking\u00f3w<br>17 500 m<sup>2<\/sup><\/td>\n<td class=\"code1\">Leroy Merlin<\/td>\n<td>stabilizacja gruntu gliniastego<\/td>\n<td>X 2010<\/td>\n<\/tr>\n<\/tbody>\n<\/table>    <\/div>\n<\/div>\n<!-- \/module text -->        <\/div>\n                        <\/div>\n        <\/div>\n        <\/div>\n<!--\/themify_builder_content-->","protected":false},"excerpt":{"rendered":"<p>Rok 2010 MIEJSCE ZADANIE INWESTORG\u0141. WYKONAWCA PRZEDMIOT ROB\u00d3T TERMIN REALIZACJI Autostrada A1So\u015bnica &#8211; Maciej\u00f3w(9 zdj\u0119\u0107) budowa autostrady A1 GDDKiA stabilizacja wapnem IV 2010 Marklowice remont ul. Krakusa9000 m2 Gmina Marklowice recykling asf.-betonu + podbudowy cementem + EN-1 IV 2010 Jastrz\u0119bie Zdr\u00f3j budowa nowej drogi od ronda do ulicy Jagie\u0142\u0142y Urz\u0105d Miasta Jastrz\u0119bie Zdr\u00f3j stabilizacja gruntu [&hellip;]<\/p>\n","protected":false},"author":2,"featured_media":0,"parent":515,"menu_order":0,"comment_status":"closed","ping_status":"closed","template":"","meta":{"footnotes":""},"class_list":["post-578","page","type-page","status-publish","hentry","has-post-title","has-post-date","has-post-category","has-post-tag","has-post-comment","has-post-author",""],"builder_content":"<h1>Rok 2010<\/h1>\n<table> <tbody> <tr bgcolor=\"#434343\"> <td>MIEJSCE<\/td> <td>ZADANIE<\/td> <td>INWESTOR<br>G\u0141. WYKONAWCA<\/td> <td>PRZEDMIOT ROB\u00d3T<\/td> <td>TERMIN REALIZACJI<\/td> <\/tr> <tr bgcolor=\"#F2F0F1\"> <td><a title=\"galeria\" href=\"https:\/\/www.drocomplex.pl\/galeriaA1ZM.html\">Autostrada A1<br>So\u015bnica - Maciej\u00f3w<br>(9 zdj\u0119\u0107)<\/a><\/td> <td>budowa autostrady A1<\/td> <td>GDDKiA<\/td> <td>stabilizacja wapnem<\/td> <td>IV 2010<\/td> <\/tr> <tr bgcolor=\"#DFE9FF\"> <td>Marklowice<\/td> <td>remont ul. Krakusa<br>9000 m<sup>2<\/sup><\/td> <td>Gmina Marklowice<\/td> <td>recykling asf.-betonu + podbudowy cementem + EN-1<\/td> <td>IV 2010<\/td> <\/tr> <tr bgcolor=\"#F2F0F1\"> <td>Jastrz\u0119bie Zdr\u00f3j<\/td> <td>budowa nowej drogi od ronda do ulicy Jagie\u0142\u0142y<\/td> <td>Urz\u0105d Miasta Jastrz\u0119bie Zdr\u00f3j<\/td> <td>stabilizacja gruntu gliniastego<\/td> <td>V 2010<\/td> <\/tr> <tr bgcolor=\"#DFE9FF\"> <td>\u0141ososina Dolna - Laskowa<\/td> <td>remont drogi powiatowej 1555K<br>50 000 m<sup>2<\/sup><\/td> <td>Zarz\u0105d Dr\u00f3g Powiatowych<br>w Nowym S\u0105czu i Limanowej<\/td> <td>recykling asf.-betonu<br>+ podbudowy<\/td> <td>IX 2009 \u2013 V 2010<\/td> <\/tr> <tr bgcolor=\"#F2F0F1\"> <td>D\u0105browa G\u00f3rnicza<\/td> <td>budowa drogi zak\u0142adowej<br>2 500 m<sup>2<\/sup><\/td> <td>Saint Gobain Sekurit Hans Glass<\/td> <td>stabilizacja piasku<\/td> <td>VI 2010<\/td> <\/tr> <tr bgcolor=\"#DFE9FF\"> <td><a title=\"galeria\" href=\"https:\/\/www.drocomplex.pl\/galeriaGR.html\">Gr\u00f3dek n\/Dunajcem<br>(5 zdj\u0119\u0107)<\/a><\/td> <td>remont dr\u00f3g gminnych<br>2 500 m<sup>2<\/sup><\/td> <td>Urz\u0105d Gminy<\/td> <td>g\u0142\u0119boki recykling<\/td> <td>VI 2010<\/td> <\/tr> <tr bgcolor=\"#F2F0F1\"> <td>Gliwice<\/td> <td>budowa drogi zak\u0142adowej<\/td> <td>Instytutu Metalurgii<\/td> <td>stabilizacja piasku<\/td> <td>VI 2010<\/td> <\/tr> <tr bgcolor=\"#DFE9FF\"> <td>Skarbimierz<\/td> <td>budowa dr\u00f3g i parking\u00f3w dla centrum dystrybucji Biedronka<br>\u00a0 16 000 m<sup>2<\/sup><\/td> <td>Jeronimo Martins<\/td> <td>stabilizacja gruntu gliniastego<\/td> <td>VI - X 2010<\/td> <\/tr> <tr bgcolor=\"#F2F0F1\"> <td>Kobiernice<\/td> <td>budowa hali i dr\u00f3g<br>\u00a0 5 500 m<sup>2<\/sup><\/td> <td>ATK s.c.<\/td> <td>stabilizacja gruntu gliniastego<\/td> <td>VIII 2010<\/td> <\/tr> <tr bgcolor=\"#DFE9FF\"> <td>Cz\u0119stochowa<\/td> <td>remont skrzy\u017cowania ul. \u015aw. Jadwigi i Kard. Wyszy\u0144skiego<br>\u00a0 4 000 m<sup>2<\/sup><\/td> <td>Miejski Zarz\u0105d Dr\u00f3g<br>w Cz\u0119stochowie<\/td> <td>stabilizacja gruntu gliniastego<\/td> <td>VIII 2010<\/td> <\/tr> <tr bgcolor=\"#F2F0F1\"> <td>Katowice<\/td> <td>budowa hali i dr\u00f3g zak\u0142adowych<br>4 000 m<sup>2<\/sup><\/td> <td>Famur S.A.<\/td> <td>stabilizacja gruntu piaszczysto-gliniastego<\/td> <td>VIII 2010<\/td> <\/tr> <tr bgcolor=\"#DFE9FF\"> <td>Zabrze<\/td> <td>budowa ulicy Nowopaderewskiego<br>5 000 m<sup>2<\/sup><\/td> <td>Urz\u0105d Miasta Zabrze<\/td> <td>stabilizacja gruntu<\/td> <td>VIII - IX 2010<\/td> <\/tr> <tr bgcolor=\"#F2F0F1\"> <td><a title=\"galeria\" href=\"https:\/\/www.drocomplex.pl\/galeriaGG.html\">Giera\u0142towice<br>(5 zdj\u0119\u0107)<\/a><\/td> <td>Budowa ul. Granicznej<br>10 000 m<sup>2<\/sup><\/td> <td>Gmina Giera\u0142towice<\/td> <td>stabilizacja gruntu gliniastego<\/td> <td>VIII 2010<\/td> <\/tr> <tr bgcolor=\"#DFE9FF\"> <td>Jab\u0142onka<\/td> <td>budowa drogi ul. Sp\u00f3\u0142dzielcza<br>3 500 m<sup>2<\/sup><\/td> <td>Gmina Jab\u0142onka<\/td> <td>stabilizacja gruntu<\/td> <td>IX 2010<\/td> <\/tr> <tr bgcolor=\"#F2F0F1\"> <td>Tychy<\/td> <td>remont ulicy Urbanowickiej<\/td> <td>Urz\u0105d Miasta Tychy<\/td> <td>stabilizacja gruntu<\/td> <td>IX 2010<\/td> <\/tr> <tr bgcolor=\"#DFE9FF\"> <td>Dobra<\/td> <td>remont rynku<br>4 500 m<sup>2<\/sup><\/td> <td>Gmina Dobra<\/td> <td>stabilizacja gruntu gliniastego<\/td> <td>IX 2010<\/td> <\/tr> <tr bgcolor=\"#F2F0F1\"> <td>Lubie\u0144<\/td> <td>remont drogi gminnej Smugawa - Krzecz\u00f3w<br>3 500 m<sup>2<\/sup><\/td> <td>Gmina Lubie\u0144<\/td> <td>recykling asf.-betonu<br>+ podbudowy<\/td> <td>X 2010<\/td> <\/tr> <tr bgcolor=\"#DFE9FF\"> <td><a title=\"galeria\" href=\"https:\/\/www.drocomplex.pl\/galeriaWT.html\">Witowice - Ro\u017cn\u00f3w<br>(6 zdj\u0119\u0107)<\/a><\/td> <td>remont drogi powiatowej nr 1556 K<br>30 000 m<sup>2<\/sup><\/td> <td>Gmina Ro\u017cn\u00f3w<\/td> <td>recykling asf.-betonu<br>+ podbudowy<\/td> <td>X 2010 i V 2011<\/td> <\/tr> <tr bgcolor=\"#F2F0F1\"> <td>Rybnik<\/td> <td>remont drogi wojew\u00f3dzkiej nr 935 - ul. Raciborska<br>13 000 m<sup>2<\/sup><\/td> <td>Urz\u0105d Miasta Rybnik<\/td> <td>stabilizacja gruntu gliniastego<\/td> <td>VIII - XI 2010<\/td> <\/tr> <tr bgcolor=\"#DFE9FF\"> <td>Gliwice<\/td> <td>budowa hali i parking\u00f3w<br>17 500 m<sup>2<\/sup><\/td> <td>Leroy Merlin<\/td> <td>stabilizacja gruntu gliniastego<\/td> <td>X 2010<\/td> <\/tr> <\/tbody> <\/table>","_links":{"self":[{"href":"https:\/\/www.drocomplex.pl\/projekt\/wp-json\/wp\/v2\/pages\/578","targetHints":{"allow":["GET"]}}],"collection":[{"href":"https:\/\/www.drocomplex.pl\/projekt\/wp-json\/wp\/v2\/pages"}],"about":[{"href":"https:\/\/www.drocomplex.pl\/projekt\/wp-json\/wp\/v2\/types\/page"}],"author":[{"embeddable":true,"href":"https:\/\/www.drocomplex.pl\/projekt\/wp-json\/wp\/v2\/users\/2"}],"replies":[{"embeddable":true,"href":"https:\/\/www.drocomplex.pl\/projekt\/wp-json\/wp\/v2\/comments?post=578"}],"version-history":[{"count":4,"href":"https:\/\/www.drocomplex.pl\/projekt\/wp-json\/wp\/v2\/pages\/578\/revisions"}],"predecessor-version":[{"id":725,"href":"https:\/\/www.drocomplex.pl\/projekt\/wp-json\/wp\/v2\/pages\/578\/revisions\/725"}],"up":[{"embeddable":true,"href":"https:\/\/www.drocomplex.pl\/projekt\/wp-json\/wp\/v2\/pages\/515"}],"wp:attachment":[{"href":"https:\/\/www.drocomplex.pl\/projekt\/wp-json\/wp\/v2\/media?parent=578"}],"curies":[{"name":"wp","href":"https:\/\/api.w.org\/{rel}","templated":true}]}}