{"id":519,"date":"2022-04-04T15:19:22","date_gmt":"2022-04-04T13:19:22","guid":{"rendered":"https:\/\/www.drocomplex.pl\/projekt\/?page_id=519"},"modified":"2022-04-20T15:07:30","modified_gmt":"2022-04-20T13:07:30","slug":"lata-1999-2004","status":"publish","type":"page","link":"https:\/\/www.drocomplex.pl\/projekt\/realizacje\/lata-1999-2004\/","title":{"rendered":"Lata 1999 &#8211; 2004"},"content":{"rendered":"<!--themify_builder_content-->\n<div id=\"themify_builder_content-519\" data-postid=\"519\" class=\"themify_builder_content themify_builder_content-519 themify_builder tf_clear\">\n                    <div  data-lazy=\"1\" class=\"module_row themify_builder_row tb_ply2643 tb_first tf_w wow\" data-tf-animation=\"fadeIn\">\n                        <div class=\"row_inner col_align_top tb_col_count_1 tf_box tf_rel\">\n                        <div  data-lazy=\"1\" class=\"module_column tb-column col-full tb_kzmj645 first\">\n                            <\/div>\n                        <\/div>\n        <\/div>\n                        <div  data-lazy=\"1\" class=\"module_row themify_builder_row tb_416p650 tf_w wow\" data-tf-animation=\"fadeIn\">\n                        <div class=\"row_inner col_align_top tb_col_count_1 tf_box tf_rel\">\n                        <div  data-lazy=\"1\" class=\"module_column tb-column col-full tb_6g7a651 first\">\n                    <!-- module text -->\n<div  class=\"module module-text tb_3yvb645    wow\" data-tf-animation=\"fadeIn\" data-tf-animation_delay=\"0.5\" data-lazy=\"1\">\n        <div  class=\"tb_text_wrap\">\n        <h1>Lata 1999 &#8211; 2004<\/h1>\n    <\/div>\n<\/div>\n<!-- \/module text -->        <\/div>\n                        <\/div>\n        <\/div>\n                        <div  data-lazy=\"1\" class=\"module_row themify_builder_row tb_qjx6306 tf_w\">\n                        <div class=\"row_inner col_align_top tb_col_count_1 tf_box tf_rel\">\n                        <div  data-lazy=\"1\" class=\"module_column tb-column col-full tb_5vrq306 first\">\n                    <!-- module text -->\n<div  class=\"module module-text tb_5qsn851    wow\" data-tf-animation=\"fadeIn\" data-lazy=\"1\">\n        <div  class=\"tb_text_wrap\">\n        <table class=\"dol\">\n<tbody>\n<tr class=\"code\" bgcolor=\"#434343\">\n<td class=\"dol\">MIEJSCE<\/td>\n<td>ZADANIE<\/td>\n<td>INWESTOR<br>G\u0141\u00d3WNY WYKONAWCA<\/td>\n<td>PRZEDMIOT ROB\u00d3T<\/td>\n<td>TERMIN REALIZACJI<\/td>\n<\/tr>\n<tr bgcolor=\"#F2F0F1\">\n<td>Autostrada A4<br>Legnica \u2013 Wroc\u0142aw km 104\u00f7107<\/td>\n<td>remont odcinka A4<br>\u00a0 10 000 m<sup>2<\/sup><\/td>\n<td class=\"code1\">Generalna Dyrekcja Dr\u00f3g Publicznych Oddzia\u0142 P\u0142d.-Zach<\/td>\n<td>stabilizacja gliny piaszczystej i kamienia wapiennego<\/td>\n<td>IX \u2013 X 1999<\/td>\n<\/tr>\n<tr bgcolor=\"#DFE9FF\">\n<td>Port Lotniczy<br>Katowice-Pyrzowice<\/td>\n<td>p\u0142yta postojowa samolot\u00f3w<br>40 000 m<sup>2<\/sup><\/td>\n<td class=\"code1\">G\u00f3rno\u015bl\u0105skie Towarzystwo Lotnicze<\/td>\n<td>stabilizacja gliny piaszczystej i kamienia wapiennego<\/td>\n<td>VI \u2013 IX 2000<\/td>\n<\/tr>\n<tr bgcolor=\"#F2F0F1\">\n<td>\u015awi\u0119toch\u0142owice<\/td>\n<td>teren Centrum Handlowego<br>12 000 m<sup>2<\/sup><\/td>\n<td class=\"code1\">Echo-Investment<br>Kielce<\/td>\n<td>stabilizacja gruntu gliniastego<\/td>\n<td>VIII \u2013 X 2000<\/td>\n<\/tr>\n<tr bgcolor=\"#DFE9FF\">\n<td>Radzionk\u00f3w<\/td>\n<td>Baza Paliw IVG Terminal Silesia<br>\u00a0 25 000 m<sup>2<\/sup><\/td>\n<td class=\"code1\">Mostostal Zabrze Holding S.A.<\/td>\n<td>stabilizacja gruntu gliniastego<\/td>\n<td>VI \u2013 VIII 2001<\/td>\n<\/tr>\n<tr bgcolor=\"#F2F0F1\">\n<td>Sosnowiec<\/td>\n<td>Osiedle Domk\u00f3w Jednorodzinnych<br>pod\u0142o\u017ce fundament\u00f3w<\/td>\n<td class=\"code1\">Sp\u00f3\u0142dzielnia Mieszkaniowa \u201eNOWA&#8221;<\/td>\n<td>stabilizacja gruntu gliniastego<\/td>\n<td>VII \u2013 VIII 2001<\/td>\n<\/tr>\n<tr bgcolor=\"#DFE9FF\">\n<td>Katowice<\/td>\n<td>remont ul. Olimpijskiej<\/td>\n<td class=\"code1\">MZUM Katowice<\/td>\n<td>recykling asf.-betonu<br>+ podbudowy<\/td>\n<td>VIII 2001<\/td>\n<\/tr>\n<tr bgcolor=\"#F2F0F1\">\n<td>Laliki-Koniak\u00f3w<\/td>\n<td>remont drogi wojew\u00f3dzkiej nr 943<\/td>\n<td class=\"code1\">WZDP Katowice<\/td>\n<td>stabilizacja gruntu gliniastego + recykling asf.-betonu<\/td>\n<td>X 2001<\/td>\n<\/tr>\n<tr bgcolor=\"#DFE9FF\">\n<td>Wroc\u0142aw<\/td>\n<td>droga przywa\u0142owa<\/td>\n<td class=\"code1\">Regionalny Zarz\u0105d Melioracji i Urz\u0105dze\u0144 Wodnych Wroc\u0142aw<\/td>\n<td>stabilizacja gruntu gliniastego<\/td>\n<td>X 2001<\/td>\n<\/tr>\n<tr bgcolor=\"#F2F0F1\">\n<td>Chybie<\/td>\n<td>podtorze linii kolejowej<\/td>\n<td class=\"code1\">PLK ZLK Katowice<\/td>\n<td>stabilizacja gruntu gliniastego<\/td>\n<td>XI 2001<\/td>\n<\/tr>\n<tr bgcolor=\"#DFE9FF\">\n<td>Bielsko-Bia\u0142a<\/td>\n<td>Centrum Handlowe<br>32 000 m<sup>2<\/sup><\/td>\n<td class=\"code1\">Leroy Merlin<\/td>\n<td>stabilizacja gruntu gliniastego<\/td>\n<td>V \u2013 VI 2002<\/td>\n<\/tr>\n<tr bgcolor=\"#F2F0F1\">\n<td>Rybnik<\/td>\n<td>modernizacja ulicy<\/td>\n<td class=\"code1\">Urz\u0105d Miasta<\/td>\n<td>stabilizacja gruntu<\/td>\n<td>IV 2003<\/td>\n<\/tr>\n<tr bgcolor=\"#DFE9FF\">\n<td>Wroc\u0142aw<\/td>\n<td>Hala Handlowa<br>14 000 m<sup>2<\/sup><\/td>\n<td class=\"code1\">Leroy Merlin<\/td>\n<td>stabilizacja gruntu gliniastego<\/td>\n<td>V 2003<\/td>\n<\/tr>\n<tr bgcolor=\"#F2F0F1\">\n<td>Paw\u0142owice<\/td>\n<td>modernizacja ulic<\/td>\n<td class=\"code1\">Urz\u0105d Miasta<\/td>\n<td>recykling asf.-betonu<br>+ podbudowy<\/td>\n<td>VI \u2013 VII 2003<\/td>\n<\/tr>\n<tr bgcolor=\"#DFE9FF\">\n<td>Gliwice<\/td>\n<td>Hala fabryki<br>20 000 m<sup>2<\/sup><\/td>\n<td class=\"code1\">Martifer<\/td>\n<td>stabilizacja gruntu gliniastego<\/td>\n<td>XI \u2013 XII 2003<\/td>\n<\/tr>\n<tr bgcolor=\"#F2F0F1\">\n<td>Mielec<\/td>\n<td>Hala Handlowa<br>12 000 m<sup>2<\/sup><\/td>\n<td class=\"code1\">TESCO<\/td>\n<td>stabilizacja gruntu gliniastego<\/td>\n<td>IX 2004<\/td>\n<\/tr>\n<tr bgcolor=\"#DFE9FF\">\n<td>Nowy S\u0105cz<\/td>\n<td>Remont ul. Rejtana\/Husarska<br>5 500 m<sup>2<\/sup><\/td>\n<td class=\"code1\">Miejski Zarz\u0105d Dr\u00f3g Nowy S\u0105cz<\/td>\n<td>stabilizacja gruntu gliniastego<\/td>\n<td>X 2004<\/td>\n<\/tr>\n<tr bgcolor=\"#F2F0F1\">\n<td>Stary S\u0105cz<br>Go\u0142kowice Dolne<\/td>\n<td>Budowa Drogi Gminnej<\/td>\n<td class=\"code1\">Starostwo Powiatowe w Nowym S\u0105czu<\/td>\n<td>stabilizacja gruntu gliniastego<\/td>\n<td>X 2004<\/td>\n<\/tr>\n<tr bgcolor=\"#DFE9FF\">\n<td>Pielgrzymowice<\/td>\n<td>Przebudowa drogi dojazdowej do p\u00f3l<\/td>\n<td class=\"code1\">Urz\u0105d Gminy Paw\u0142owice<br>\u00a0<\/td>\n<td>stabilizacja gruntu gliniastego\u00a0<br>\u00a0\u00a0<\/td>\n<td>XI 2004<\/td>\n<\/tr>\n<\/tbody>\n<\/table>    <\/div>\n<\/div>\n<!-- \/module text -->        <\/div>\n                        <\/div>\n        <\/div>\n        <\/div>\n<!--\/themify_builder_content-->","protected":false},"excerpt":{"rendered":"<p>Lata 1999 &#8211; 2004 MIEJSCE ZADANIE INWESTORG\u0141\u00d3WNY WYKONAWCA PRZEDMIOT ROB\u00d3T TERMIN REALIZACJI Autostrada A4Legnica \u2013 Wroc\u0142aw km 104\u00f7107 remont odcinka A4\u00a0 10 000 m2 Generalna Dyrekcja Dr\u00f3g Publicznych Oddzia\u0142 P\u0142d.-Zach stabilizacja gliny piaszczystej i kamienia wapiennego IX \u2013 X 1999 Port LotniczyKatowice-Pyrzowice p\u0142yta postojowa samolot\u00f3w40 000 m2 G\u00f3rno\u015bl\u0105skie Towarzystwo Lotnicze stabilizacja gliny piaszczystej i kamienia [&hellip;]<\/p>\n","protected":false},"author":2,"featured_media":0,"parent":515,"menu_order":0,"comment_status":"closed","ping_status":"closed","template":"","meta":{"footnotes":""},"class_list":["post-519","page","type-page","status-publish","hentry","has-post-title","has-post-date","has-post-category","has-post-tag","has-post-comment","has-post-author",""],"builder_content":"<h1>Lata 1999 - 2004<\/h1>\n<table> <tbody> <tr bgcolor=\"#434343\"> <td>MIEJSCE<\/td> <td>ZADANIE<\/td> <td>INWESTOR<br>G\u0141\u00d3WNY WYKONAWCA<\/td> <td>PRZEDMIOT ROB\u00d3T<\/td> <td>TERMIN REALIZACJI<\/td> <\/tr> <tr bgcolor=\"#F2F0F1\"> <td>Autostrada A4<br>Legnica \u2013 Wroc\u0142aw km 104\u00f7107<\/td> <td>remont odcinka A4<br>\u00a0 10 000 m<sup>2<\/sup><\/td> <td>Generalna Dyrekcja Dr\u00f3g Publicznych Oddzia\u0142 P\u0142d.-Zach<\/td> <td>stabilizacja gliny piaszczystej i kamienia wapiennego<\/td> <td>IX \u2013 X 1999<\/td> <\/tr> <tr bgcolor=\"#DFE9FF\"> <td>Port Lotniczy<br>Katowice-Pyrzowice<\/td> <td>p\u0142yta postojowa samolot\u00f3w<br>40 000 m<sup>2<\/sup><\/td> <td>G\u00f3rno\u015bl\u0105skie Towarzystwo Lotnicze<\/td> <td>stabilizacja gliny piaszczystej i kamienia wapiennego<\/td> <td>VI \u2013 IX 2000<\/td> <\/tr> <tr bgcolor=\"#F2F0F1\"> <td>\u015awi\u0119toch\u0142owice<\/td> <td>teren Centrum Handlowego<br>12 000 m<sup>2<\/sup><\/td> <td>Echo-Investment<br>Kielce<\/td> <td>stabilizacja gruntu gliniastego<\/td> <td>VIII \u2013 X 2000<\/td> <\/tr> <tr bgcolor=\"#DFE9FF\"> <td>Radzionk\u00f3w<\/td> <td>Baza Paliw IVG Terminal Silesia<br>\u00a0 25 000 m<sup>2<\/sup><\/td> <td>Mostostal Zabrze Holding S.A.<\/td> <td>stabilizacja gruntu gliniastego<\/td> <td>VI \u2013 VIII 2001<\/td> <\/tr> <tr bgcolor=\"#F2F0F1\"> <td>Sosnowiec<\/td> <td>Osiedle Domk\u00f3w Jednorodzinnych<br>pod\u0142o\u017ce fundament\u00f3w<\/td> <td>Sp\u00f3\u0142dzielnia Mieszkaniowa \u201eNOWA\"<\/td> <td>stabilizacja gruntu gliniastego<\/td> <td>VII \u2013 VIII 2001<\/td> <\/tr> <tr bgcolor=\"#DFE9FF\"> <td>Katowice<\/td> <td>remont ul. Olimpijskiej<\/td> <td>MZUM Katowice<\/td> <td>recykling asf.-betonu<br>+ podbudowy<\/td> <td>VIII 2001<\/td> <\/tr> <tr bgcolor=\"#F2F0F1\"> <td>Laliki-Koniak\u00f3w<\/td> <td>remont drogi wojew\u00f3dzkiej nr 943<\/td> <td>WZDP Katowice<\/td> <td>stabilizacja gruntu gliniastego + recykling asf.-betonu<\/td> <td>X 2001<\/td> <\/tr> <tr bgcolor=\"#DFE9FF\"> <td>Wroc\u0142aw<\/td> <td>droga przywa\u0142owa<\/td> <td>Regionalny Zarz\u0105d Melioracji i Urz\u0105dze\u0144 Wodnych Wroc\u0142aw<\/td> <td>stabilizacja gruntu gliniastego<\/td> <td>X 2001<\/td> <\/tr> <tr bgcolor=\"#F2F0F1\"> <td>Chybie<\/td> <td>podtorze linii kolejowej<\/td> <td>PLK ZLK Katowice<\/td> <td>stabilizacja gruntu gliniastego<\/td> <td>XI 2001<\/td> <\/tr> <tr bgcolor=\"#DFE9FF\"> <td>Bielsko-Bia\u0142a<\/td> <td>Centrum Handlowe<br>32 000 m<sup>2<\/sup><\/td> <td>Leroy Merlin<\/td> <td>stabilizacja gruntu gliniastego<\/td> <td>V \u2013 VI 2002<\/td> <\/tr> <tr bgcolor=\"#F2F0F1\"> <td>Rybnik<\/td> <td>modernizacja ulicy<\/td> <td>Urz\u0105d Miasta<\/td> <td>stabilizacja gruntu<\/td> <td>IV 2003<\/td> <\/tr> <tr bgcolor=\"#DFE9FF\"> <td>Wroc\u0142aw<\/td> <td>Hala Handlowa<br>14 000 m<sup>2<\/sup><\/td> <td>Leroy Merlin<\/td> <td>stabilizacja gruntu gliniastego<\/td> <td>V 2003<\/td> <\/tr> <tr bgcolor=\"#F2F0F1\"> <td>Paw\u0142owice<\/td> <td>modernizacja ulic<\/td> <td>Urz\u0105d Miasta<\/td> <td>recykling asf.-betonu<br>+ podbudowy<\/td> <td>VI \u2013 VII 2003<\/td> <\/tr> <tr bgcolor=\"#DFE9FF\"> <td>Gliwice<\/td> <td>Hala fabryki<br>20 000 m<sup>2<\/sup><\/td> <td>Martifer<\/td> <td>stabilizacja gruntu gliniastego<\/td> <td>XI \u2013 XII 2003<\/td> <\/tr> <tr bgcolor=\"#F2F0F1\"> <td>Mielec<\/td> <td>Hala Handlowa<br>12 000 m<sup>2<\/sup><\/td> <td>TESCO<\/td> <td>stabilizacja gruntu gliniastego<\/td> <td>IX 2004<\/td> <\/tr> <tr bgcolor=\"#DFE9FF\"> <td>Nowy S\u0105cz<\/td> <td>Remont ul. Rejtana\/Husarska<br>5 500 m<sup>2<\/sup><\/td> <td>Miejski Zarz\u0105d Dr\u00f3g Nowy S\u0105cz<\/td> <td>stabilizacja gruntu gliniastego<\/td> <td>X 2004<\/td> <\/tr> <tr bgcolor=\"#F2F0F1\"> <td>Stary S\u0105cz<br>Go\u0142kowice Dolne<\/td> <td>Budowa Drogi Gminnej<\/td> <td>Starostwo Powiatowe w Nowym S\u0105czu<\/td> <td>stabilizacja gruntu gliniastego<\/td> <td>X 2004<\/td> <\/tr> <tr bgcolor=\"#DFE9FF\"> <td>Pielgrzymowice<\/td> <td>Przebudowa drogi dojazdowej do p\u00f3l<\/td> <td>Urz\u0105d Gminy Paw\u0142owice<br>\u00a0<\/td> <td>stabilizacja gruntu gliniastego\u00a0<br>\u00a0\u00a0<\/td> <td>XI 2004<\/td> <\/tr> <\/tbody> <\/table>","_links":{"self":[{"href":"https:\/\/www.drocomplex.pl\/projekt\/wp-json\/wp\/v2\/pages\/519","targetHints":{"allow":["GET"]}}],"collection":[{"href":"https:\/\/www.drocomplex.pl\/projekt\/wp-json\/wp\/v2\/pages"}],"about":[{"href":"https:\/\/www.drocomplex.pl\/projekt\/wp-json\/wp\/v2\/types\/page"}],"author":[{"embeddable":true,"href":"https:\/\/www.drocomplex.pl\/projekt\/wp-json\/wp\/v2\/users\/2"}],"replies":[{"embeddable":true,"href":"https:\/\/www.drocomplex.pl\/projekt\/wp-json\/wp\/v2\/comments?post=519"}],"version-history":[{"count":7,"href":"https:\/\/www.drocomplex.pl\/projekt\/wp-json\/wp\/v2\/pages\/519\/revisions"}],"predecessor-version":[{"id":723,"href":"https:\/\/www.drocomplex.pl\/projekt\/wp-json\/wp\/v2\/pages\/519\/revisions\/723"}],"up":[{"embeddable":true,"href":"https:\/\/www.drocomplex.pl\/projekt\/wp-json\/wp\/v2\/pages\/515"}],"wp:attachment":[{"href":"https:\/\/www.drocomplex.pl\/projekt\/wp-json\/wp\/v2\/media?parent=519"}],"curies":[{"name":"wp","href":"https:\/\/api.w.org\/{rel}","templated":true}]}}