{"id":487,"date":"2022-04-04T14:41:19","date_gmt":"2022-04-04T12:41:19","guid":{"rendered":"https:\/\/www.drocomplex.pl\/projekt\/?page_id=487"},"modified":"2022-04-26T09:28:05","modified_gmt":"2022-04-26T07:28:05","slug":"sprzet","status":"publish","type":"page","link":"https:\/\/www.drocomplex.pl\/projekt\/sprzet\/","title":{"rendered":"Sprz\u0119t"},"content":{"rendered":"<!--themify_builder_content-->\n<div id=\"themify_builder_content-487\" data-postid=\"487\" class=\"themify_builder_content themify_builder_content-487 themify_builder tf_clear\">\n                    <div  data-lazy=\"1\" class=\"module_row themify_builder_row tb_ply2643 tb_first tf_w wow\" data-tf-animation=\"fadeIn\">\n                        <div class=\"row_inner col_align_top tb_col_count_1 tf_box tf_rel\">\n                        <div  data-lazy=\"1\" class=\"module_column tb-column col-full tb_kzmj645 first\">\n                            <\/div>\n                        <\/div>\n        <\/div>\n                        <div  data-lazy=\"1\" class=\"module_row themify_builder_row tb_416p650 tf_w wow\" data-tf-animation=\"fadeIn\">\n                        <div class=\"row_inner col_align_top tb_col_count_1 tf_box tf_rel\">\n                        <div  data-lazy=\"1\" class=\"module_column tb-column col-full tb_6g7a651 first\">\n                    <!-- module text -->\n<div  class=\"module module-text tb_3yvb645    wow\" data-tf-animation=\"fadeIn\" data-tf-animation_delay=\"0.5\" data-lazy=\"1\">\n        <div  class=\"tb_text_wrap\">\n        <h1>Sprz\u0119t<\/h1>    <\/div>\n<\/div>\n<!-- \/module text -->        <\/div>\n                        <\/div>\n        <\/div>\n                        <div  data-lazy=\"1\" class=\"module_row themify_builder_row tb_t1km405 tf_w\">\n                        <div class=\"row_inner col_align_middle tb_col_count_2 tf_box tf_rel\">\n                        <div  data-lazy=\"1\" class=\"module_column tb-column col4-2 tb_ip3e405 first\">\n                    <!-- module icon -->\n<div  class=\"module module-icon tb_53fa358  normal none icon_vertical  wow\" data-tf-animation=\"fadeIn\" data-lazy=\"1\">\n            <div class=\"module-icon-item\">\n                                                                <em class=\"tf_box\" style=\"color:#398f2e\"><svg  class=\"tf_fa tf-ti-check-box\" aria-hidden=\"true\"><use href=\"#tf-ti-check-box\"><\/use><\/svg><\/em>\n                                                                            <span>Ci\u0105gnik Fendt 942 Vario<\/span>\n                                                            <\/div>\n            <div class=\"module-icon-item\">\n                                                                <em class=\"tf_box\" style=\"color:#398f2e\"><svg  class=\"tf_fa tf-ti-check-box\" aria-hidden=\"true\"><use href=\"#tf-ti-check-box\"><\/use><\/svg><\/em>\n                                                                            <span>Ci\u0105gniki Fendt 936 Vario<\/span>\n                                                            <\/div>\n            <div class=\"module-icon-item\">\n                                                                <em class=\"tf_box\" style=\"color:#398f2e\"><svg  class=\"tf_fa tf-ti-check-box\" aria-hidden=\"true\"><use href=\"#tf-ti-check-box\"><\/use><\/svg><\/em>\n                                                                            <span>Ci\u0105gnik Fendt 927 Vario<\/span>\n                                                            <\/div>\n            <div class=\"module-icon-item\">\n                                                                <em class=\"tf_box\" style=\"color:#398f2e\"><svg  class=\"tf_fa tf-ti-check-box\" aria-hidden=\"true\"><use href=\"#tf-ti-check-box\"><\/use><\/svg><\/em>\n                                                                            <span>Ci\u0105gnik Landini Landpower 165<\/span>\n                                                            <\/div>\n            <div class=\"module-icon-item\">\n                                                                <em class=\"tf_box\" style=\"color:#398f2e\"><svg  class=\"tf_fa tf-ti-check-box\" aria-hidden=\"true\"><use href=\"#tf-ti-check-box\"><\/use><\/svg><\/em>\n                                                                            <span>Recyklery: Stehr SBF 24, FG 650, FAE SSH 225, FAE STABI\/H, FAE MTH 225<\/span>\n                                                            <\/div>\n            <div class=\"module-icon-item\">\n                                                                <em class=\"tf_box\" style=\"color:#398f2e\"><svg  class=\"tf_fa tf-ti-check-box\" aria-hidden=\"true\"><use href=\"#tf-ti-check-box\"><\/use><\/svg><\/em>\n                                                                            <span>Rozsypywacze spoiw: X- Trail 9 i 12 m3<\/span>\n                                                            <\/div>\n            <div class=\"module-icon-item\">\n                                                                <em class=\"tf_box\" style=\"color:#398f2e\"><svg  class=\"tf_fa tf-ti-check-box\" aria-hidden=\"true\"><use href=\"#tf-ti-check-box\"><\/use><\/svg><\/em>\n                                                                            <span>R\u00f3wniarka HBM BG180TA-6 z systemem 3D Trimble oraz r\u00f3wniarka HBM BG 110 TA-5 z systemem 3D Trimble<\/span>\n                                                            <\/div>\n            <div class=\"module-icon-item\">\n                                                                <em class=\"tf_box\" style=\"color:#398f2e\"><svg  class=\"tf_fa tf-ti-check-box\" aria-hidden=\"true\"><use href=\"#tf-ti-check-box\"><\/use><\/svg><\/em>\n                                                                            <span>Walec wibracyjny HAMM 3414 HT, walec wibracyjny Caterpillar CS533E<\/span>\n                                                            <\/div>\n            <div class=\"module-icon-item\">\n                                                                <em class=\"tf_box\" style=\"color:#398f2e\"><svg  class=\"tf_fa tf-ti-check-box\" aria-hidden=\"true\"><use href=\"#tf-ti-check-box\"><\/use><\/svg><\/em>\n                                                                            <span>Walec ogumiony AMMAN ART 240<\/span>\n                                                            <\/div>\n            <div class=\"module-icon-item\">\n                                                                <em class=\"tf_box\" style=\"color:#398f2e\"><svg  class=\"tf_fa tf-ti-check-box\" aria-hidden=\"true\"><use href=\"#tf-ti-check-box\"><\/use><\/svg><\/em>\n                                                                            <span>Beczki na wod\u0119 Meprozet 6000 l i 5000 l<\/span>\n                                                            <\/div>\n            <div class=\"module-icon-item\">\n                                                                <em class=\"tf_box\" style=\"color:#398f2e\"><svg  class=\"tf_fa tf-ti-check-box\" aria-hidden=\"true\"><use href=\"#tf-ti-check-box\"><\/use><\/svg><\/em>\n                                                                            <span>mini koparka Takeuchi TB250-2 z g\u0142owic\u0105 frezuj\u0105c\u0105 FAE RC-25<\/span>\n                                                            <\/div>\n            <div class=\"module-icon-item\">\n                                                                <em class=\"tf_box\" style=\"color:#398f2e\"><svg  class=\"tf_fa tf-ti-check-box\" aria-hidden=\"true\"><use href=\"#tf-ti-check-box\"><\/use><\/svg><\/em>\n                                                                            <span>Ci\u0105gnik siod\u0142owy SCANIA z naczep\u0105 niskopodwoziow\u0105 MAX TRAILER MAX100<\/span>\n                                                            <\/div>\n            <div class=\"module-icon-item\">\n                                                                <em class=\"tf_box\" style=\"color:#398f2e\"><svg  class=\"tf_fa tf-ti-check-box\" aria-hidden=\"true\"><use href=\"#tf-ti-check-box\"><\/use><\/svg><\/em>\n                                                                            <span>Przyczepy niskopodwoziowe MULLER-MITTELTAL T3 oraz MEGA MPN<\/span>\n                                                            <\/div>\n    <\/div>\n<!-- \/module icon -->\n        <\/div>\n                    <div  data-lazy=\"1\" class=\"module_column tb-column col4-2 tb_w4v458 last\">\n                    <!-- module gallery -->\n<div  class=\"module gallery module-gallery tb_4i3i59 layout-grid   wow\" data-tf-animation=\"fadeIn\" data-lazy=\"1\">\n    <div class=\"module-gallery-grid\" style=\"--gald:2;--galt:2;--galm:2\">\n            <dl class=\"gallery-item\">\n            <dt class=\"gallery-icon\">\n            <a data-title=\"no\" title=\"\" href=\"https:\/\/www.drocomplex.pl\/projekt\/wp-content\/uploads\/2022\/04\/20201228_111433.jpg\" data-rel=\"tb_4i3i59\" class=\"themify_lightbox\"><img loading=\"lazy\" decoding=\"async\" src=\"https:\/\/www.drocomplex.pl\/projekt\/wp-content\/uploads\/2022\/04\/20201228_111433-600x310.jpg\" width=\"600\" height=\"310\" class=\"wp-post-image wp-image-680\" title=\"20201228_111433\" alt=\"20201228_111433\"><\/a>            <\/dt>\n                    <\/dl>\n            <dl class=\"gallery-item\">\n            <dt class=\"gallery-icon\">\n            <a data-title=\"no\" title=\"\" href=\"https:\/\/www.drocomplex.pl\/projekt\/wp-content\/uploads\/2022\/04\/20210219_101856.jpg\" data-rel=\"tb_4i3i59\" class=\"themify_lightbox\"><img loading=\"lazy\" decoding=\"async\" src=\"https:\/\/www.drocomplex.pl\/projekt\/wp-content\/uploads\/2022\/04\/20210219_101856-600x310.jpg\" width=\"600\" height=\"310\" class=\"wp-post-image wp-image-681\" title=\"20210219_101856\" alt=\"20210219_101856\"><\/a>            <\/dt>\n                    <\/dl>\n            <dl class=\"gallery-item\">\n            <dt class=\"gallery-icon\">\n            <a data-title=\"no\" title=\"\" href=\"https:\/\/www.drocomplex.pl\/projekt\/wp-content\/uploads\/2022\/04\/20210302_072937-1.jpg\" data-rel=\"tb_4i3i59\" class=\"themify_lightbox\"><img loading=\"lazy\" decoding=\"async\" src=\"https:\/\/www.drocomplex.pl\/projekt\/wp-content\/uploads\/2022\/04\/20210302_072937-1-600x310.jpg\" width=\"600\" height=\"310\" class=\"wp-post-image wp-image-682\" title=\"20210302_072937\" alt=\"20210302_072937\"><\/a>            <\/dt>\n                    <\/dl>\n            <dl class=\"gallery-item\">\n            <dt class=\"gallery-icon\">\n            <a data-title=\"no\" title=\"\" href=\"https:\/\/www.drocomplex.pl\/projekt\/wp-content\/uploads\/2022\/04\/20211008_085615-1.jpg\" data-rel=\"tb_4i3i59\" class=\"themify_lightbox\"><img loading=\"lazy\" decoding=\"async\" src=\"https:\/\/www.drocomplex.pl\/projekt\/wp-content\/uploads\/2022\/04\/20211008_085615-1-600x310.jpg\" width=\"600\" height=\"310\" class=\"wp-post-image wp-image-683\" title=\"20211008_085615\" alt=\"20211008_085615\"><\/a>            <\/dt>\n                    <\/dl>\n            <dl class=\"gallery-item\">\n            <dt class=\"gallery-icon\">\n            <a data-title=\"no\" title=\"\" href=\"https:\/\/www.drocomplex.pl\/projekt\/wp-content\/uploads\/2022\/04\/20190910_091347-1.jpg\" data-rel=\"tb_4i3i59\" class=\"themify_lightbox\"><img loading=\"lazy\" decoding=\"async\" src=\"https:\/\/www.drocomplex.pl\/projekt\/wp-content\/uploads\/2022\/04\/20190910_091347-1-600x310.jpg\" width=\"600\" height=\"310\" class=\"wp-post-image wp-image-684\" title=\"20190910_091347\" alt=\"20190910_091347\"><\/a>            <\/dt>\n                    <\/dl>\n            <dl class=\"gallery-item\">\n            <dt class=\"gallery-icon\">\n            <a data-title=\"no\" title=\"\" href=\"https:\/\/www.drocomplex.pl\/projekt\/wp-content\/uploads\/2022\/04\/20191105_082804-1.jpg\" data-rel=\"tb_4i3i59\" class=\"themify_lightbox\"><img loading=\"lazy\" decoding=\"async\" src=\"https:\/\/www.drocomplex.pl\/projekt\/wp-content\/uploads\/2022\/04\/20191105_082804-1-600x310.jpg\" width=\"600\" height=\"310\" class=\"wp-post-image wp-image-685\" title=\"20191105_082804\" alt=\"20191105_082804\"><\/a>            <\/dt>\n                    <\/dl>\n            <dl class=\"gallery-item\">\n            <dt class=\"gallery-icon\">\n            <a data-title=\"no\" title=\"\" href=\"https:\/\/www.drocomplex.pl\/projekt\/wp-content\/uploads\/2022\/04\/20201228_110946.jpg\" data-rel=\"tb_4i3i59\" class=\"themify_lightbox\"><img loading=\"lazy\" decoding=\"async\" src=\"https:\/\/www.drocomplex.pl\/projekt\/wp-content\/uploads\/2022\/04\/20201228_110946-600x310.jpg\" width=\"600\" height=\"310\" class=\"wp-post-image wp-image-686\" title=\"20201228_110946\" alt=\"20201228_110946\"><\/a>            <\/dt>\n                    <\/dl>\n            <dl class=\"gallery-item\">\n            <dt class=\"gallery-icon\">\n            <a data-title=\"no\" title=\"\" href=\"https:\/\/www.drocomplex.pl\/projekt\/wp-content\/uploads\/2022\/04\/20201228_111106.jpg\" data-rel=\"tb_4i3i59\" class=\"themify_lightbox\"><img loading=\"lazy\" decoding=\"async\" src=\"https:\/\/www.drocomplex.pl\/projekt\/wp-content\/uploads\/2022\/04\/20201228_111106-600x310.jpg\" width=\"600\" height=\"310\" class=\"wp-post-image wp-image-687\" title=\"20201228_111106\" alt=\"20201228_111106\"><\/a>            <\/dt>\n                    <\/dl>\n    <\/div>\n<\/div>\n<!-- \/module gallery -->        <\/div>\n                        <\/div>\n        <\/div>\n        <\/div>\n<!--\/themify_builder_content-->","protected":false},"excerpt":{"rendered":"<p>Sprz\u0119t Ci\u0105gnik Fendt 942 Vario Ci\u0105gniki Fendt 936 Vario Ci\u0105gnik Fendt 927 Vario Ci\u0105gnik Landini Landpower 165 Recyklery: Stehr SBF 24, FG 650, FAE SSH 225, FAE STABI\/H, FAE MTH 225 Rozsypywacze spoiw: X- Trail 9 i 12 m3 R\u00f3wniarka HBM BG180TA-6 z systemem 3D Trimble oraz r\u00f3wniarka HBM BG 110 TA-5 z systemem 3D [&hellip;]<\/p>\n","protected":false},"author":2,"featured_media":0,"parent":0,"menu_order":0,"comment_status":"closed","ping_status":"closed","template":"","meta":{"footnotes":""},"class_list":["post-487","page","type-page","status-publish","hentry","has-post-title","has-post-date","has-post-category","has-post-tag","has-post-comment","has-post-author",""],"builder_content":"<h1>Sprz\u0119t<\/h1>\n<em style=\"color:#398f2e\"><svg aria-hidden=\"true\"><use href=\"#tf-ti-check-box\"><\/use><\/svg><\/em> Ci\u0105gnik Fendt 942 Vario <em style=\"color:#398f2e\"><svg aria-hidden=\"true\"><use href=\"#tf-ti-check-box\"><\/use><\/svg><\/em> Ci\u0105gniki Fendt 936 Vario <em style=\"color:#398f2e\"><svg aria-hidden=\"true\"><use href=\"#tf-ti-check-box\"><\/use><\/svg><\/em> Ci\u0105gnik Fendt 927 Vario <em style=\"color:#398f2e\"><svg aria-hidden=\"true\"><use href=\"#tf-ti-check-box\"><\/use><\/svg><\/em> Ci\u0105gnik Landini Landpower 165 <em style=\"color:#398f2e\"><svg aria-hidden=\"true\"><use href=\"#tf-ti-check-box\"><\/use><\/svg><\/em> Recyklery: Stehr SBF 24, FG 650, FAE SSH 225, FAE STABI\/H, FAE MTH 225 <em style=\"color:#398f2e\"><svg aria-hidden=\"true\"><use href=\"#tf-ti-check-box\"><\/use><\/svg><\/em> Rozsypywacze spoiw: X- Trail 9 i 12 m3 <em style=\"color:#398f2e\"><svg aria-hidden=\"true\"><use href=\"#tf-ti-check-box\"><\/use><\/svg><\/em> R\u00f3wniarka HBM BG180TA-6 z systemem 3D Trimble oraz r\u00f3wniarka HBM BG 110 TA-5 z systemem 3D Trimble <em style=\"color:#398f2e\"><svg aria-hidden=\"true\"><use href=\"#tf-ti-check-box\"><\/use><\/svg><\/em> Walec wibracyjny HAMM 3414 HT, walec wibracyjny Caterpillar CS533E <em style=\"color:#398f2e\"><svg aria-hidden=\"true\"><use href=\"#tf-ti-check-box\"><\/use><\/svg><\/em> Walec ogumiony AMMAN ART 240 <em style=\"color:#398f2e\"><svg aria-hidden=\"true\"><use href=\"#tf-ti-check-box\"><\/use><\/svg><\/em> Beczki na wod\u0119 Meprozet 6000 l i 5000 l <em style=\"color:#398f2e\"><svg aria-hidden=\"true\"><use href=\"#tf-ti-check-box\"><\/use><\/svg><\/em> mini koparka Takeuchi TB250-2 z g\u0142owic\u0105 frezuj\u0105c\u0105 FAE RC-25 <em style=\"color:#398f2e\"><svg aria-hidden=\"true\"><use href=\"#tf-ti-check-box\"><\/use><\/svg><\/em> Ci\u0105gnik siod\u0142owy SCANIA z naczep\u0105 niskopodwoziow\u0105 MAX TRAILER MAX100 <em style=\"color:#398f2e\"><svg aria-hidden=\"true\"><use href=\"#tf-ti-check-box\"><\/use><\/svg><\/em> Przyczepy niskopodwoziowe MULLER-MITTELTAL T3 oraz MEGA MPN\n[gallery ids=\"680,681,682,683,684,685,686,687\"]","_links":{"self":[{"href":"https:\/\/www.drocomplex.pl\/projekt\/wp-json\/wp\/v2\/pages\/487","targetHints":{"allow":["GET"]}}],"collection":[{"href":"https:\/\/www.drocomplex.pl\/projekt\/wp-json\/wp\/v2\/pages"}],"about":[{"href":"https:\/\/www.drocomplex.pl\/projekt\/wp-json\/wp\/v2\/types\/page"}],"author":[{"embeddable":true,"href":"https:\/\/www.drocomplex.pl\/projekt\/wp-json\/wp\/v2\/users\/2"}],"replies":[{"embeddable":true,"href":"https:\/\/www.drocomplex.pl\/projekt\/wp-json\/wp\/v2\/comments?post=487"}],"version-history":[{"count":17,"href":"https:\/\/www.drocomplex.pl\/projekt\/wp-json\/wp\/v2\/pages\/487\/revisions"}],"predecessor-version":[{"id":768,"href":"https:\/\/www.drocomplex.pl\/projekt\/wp-json\/wp\/v2\/pages\/487\/revisions\/768"}],"wp:attachment":[{"href":"https:\/\/www.drocomplex.pl\/projekt\/wp-json\/wp\/v2\/media?parent=487"}],"curies":[{"name":"wp","href":"https:\/\/api.w.org\/{rel}","templated":true}]}}