{"id":309,"date":"2022-04-04T12:18:35","date_gmt":"2022-04-04T10:18:35","guid":{"rendered":"https:\/\/www.drocomplex.pl\/projekt\/?page_id=309"},"modified":"2022-04-21T15:45:35","modified_gmt":"2022-04-21T13:45:35","slug":"referencje","status":"publish","type":"page","link":"https:\/\/www.drocomplex.pl\/projekt\/referencje\/","title":{"rendered":"Referencje"},"content":{"rendered":"<!--themify_builder_content-->\n<div id=\"themify_builder_content-309\" data-postid=\"309\" class=\"themify_builder_content themify_builder_content-309 themify_builder tf_clear\">\n                    <div  data-lazy=\"1\" class=\"module_row themify_builder_row tb_ply2643 tb_first tf_w wow\" data-tf-animation=\"fadeIn\">\n                        <div class=\"row_inner col_align_top tb_col_count_1 tf_box tf_rel\">\n                        <div  data-lazy=\"1\" class=\"module_column tb-column col-full tb_kzmj645 first\">\n                            <\/div>\n                        <\/div>\n        <\/div>\n                        <div  data-lazy=\"1\" class=\"module_row themify_builder_row tb_416p650 tf_w wow\" data-tf-animation=\"fadeIn\">\n                        <div class=\"row_inner col_align_top tb_col_count_1 tf_box tf_rel\">\n                        <div  data-lazy=\"1\" class=\"module_column tb-column col-full tb_6g7a651 first\">\n                    <!-- module text -->\n<div  class=\"module module-text tb_3yvb645    wow\" data-tf-animation=\"fadeIn\" data-tf-animation_delay=\"0.5\" data-lazy=\"1\">\n        <div  class=\"tb_text_wrap\">\n        <h1>Referencje<\/h1>    <\/div>\n<\/div>\n<!-- \/module text -->        <\/div>\n                        <\/div>\n        <\/div>\n                        <div  data-lazy=\"1\" class=\"module_row themify_builder_row tb_0epo281 tf_w wow\" data-tf-animation=\"fadeIn\">\n                        <div class=\"row_inner direction_rtl col_align_middle tb_col_count_1 tf_box tf_rel\">\n                        <div  data-lazy=\"1\" class=\"module_column tb-column col-full tb_ohq1281 first\">\n                    <!-- module text -->\n<div  class=\"module module-text tb_riyz661  repeat  wow\" data-tf-animation=\"fadeIn\" data-tf-animation_delay=\"0.5\" data-lazy=\"1\">\n        <div  class=\"tb_text_wrap\">\n        <p>Od ponad 20 lat specjalizujemy si\u0119 w stabilizacji i osuszaniu grunt\u00f3w przy zastosowaniu tradycyjnych \u015brodk\u00f3w, jak cement czy wapno i nowoczesnych spoiw, w tym jonowymiennych i hydrofobowych.<br>Nasze kompetencje oraz terminowo\u015b\u0107 potwierdzaj\u0105 liczne referencje wystawione przez zleceniodawc\u00f3w z ca\u0142ego kraju. W\u015br\u00f3d nich znajduj\u0105 si\u0119 takie przedsi\u0119biorstwa jak Pekabex, Strabag, Drogopol, Budimex, Eurovia. Referencje wystawi\u0142y nam te\u017c firmy pracuj\u0105ce na rzecz modernizacji linii kolejowych, w tym PKP Polskie Linie Kolejowe, Siltor, PNI, ZUE, Trakcja, PORR.<br>Mamy wiele lat do\u015bwiadczenia w wykonaniu stabilizacji pod budow\u0119 dr\u00f3g, hal, parking\u00f3w, \u015bcie\u017cek rowerowych, wa\u0142\u00f3w powodziowych, podtorzy linii kolejowych, a nawet s\u0142up\u00f3w energetycznych. Cz\u0119\u015b\u0107 naszych referencji prezentujemy poni\u017cej:<\/p>    <\/div>\n<\/div>\n<!-- \/module text -->        <\/div>\n                        <\/div>\n        <\/div>\n                        <div  data-lazy=\"1\" class=\"module_row themify_builder_row tb_em89438 tf_w\">\n                        <div class=\"row_inner col_align_top tb_col_count_1 tf_box tf_rel\">\n                        <div  data-lazy=\"1\" class=\"module_column tb-column col-full tb_7q0z439 first\">\n                    <!-- module gallery -->\n<div  class=\"module gallery module-gallery tb_ca1754 layout-grid   wow\" data-tf-animation=\"fadeIn\" data-lazy=\"1\">\n    <div class=\"module-gallery-grid\" style=\"--gald:4;--galt:4;--galm:4\">\n            <dl class=\"gallery-item\">\n            <dt class=\"gallery-icon\">\n            <a data-title=\"no\" title=\"\" href=\"https:\/\/www.drocomplex.pl\/projekt\/wp-content\/uploads\/2022\/04\/referencje-PRDM.jpg\" data-rel=\"tb_ca1754\" class=\"themify_lightbox\"><img loading=\"lazy\" decoding=\"async\" width=\"744\" height=\"1051\" src=\"https:\/\/www.drocomplex.pl\/projekt\/wp-content\/uploads\/2022\/04\/referencje-PRDM.jpg\" class=\"wp-post-image wp-image-314\" title=\"referencje PRDM\" alt=\"referencje PRDM\" srcset=\"https:\/\/www.drocomplex.pl\/projekt\/wp-content\/uploads\/2022\/04\/referencje-PRDM.jpg 744w, https:\/\/www.drocomplex.pl\/projekt\/wp-content\/uploads\/2022\/04\/referencje-PRDM-212x300.jpg 212w, https:\/\/www.drocomplex.pl\/projekt\/wp-content\/uploads\/2022\/04\/referencje-PRDM-725x1024.jpg 725w, https:\/\/www.drocomplex.pl\/projekt\/wp-content\/uploads\/2022\/04\/referencje-PRDM-725x1024-141x200.jpg 141w\" sizes=\"auto, (max-width: 744px) 100vw, 744px\" \/><\/a>            <\/dt>\n                    <\/dl>\n            <dl class=\"gallery-item\">\n            <dt class=\"gallery-icon\">\n            <a data-title=\"no\" title=\"\" href=\"https:\/\/www.drocomplex.pl\/projekt\/wp-content\/uploads\/2022\/04\/Referencje-Siltor.jpg\" data-rel=\"tb_ca1754\" class=\"themify_lightbox\"><img loading=\"lazy\" decoding=\"async\" width=\"744\" height=\"1051\" src=\"https:\/\/www.drocomplex.pl\/projekt\/wp-content\/uploads\/2022\/04\/Referencje-Siltor.jpg\" class=\"wp-post-image wp-image-315\" title=\"Referencje Siltor\" alt=\"Referencje Siltor\" srcset=\"https:\/\/www.drocomplex.pl\/projekt\/wp-content\/uploads\/2022\/04\/Referencje-Siltor.jpg 744w, https:\/\/www.drocomplex.pl\/projekt\/wp-content\/uploads\/2022\/04\/Referencje-Siltor-212x300.jpg 212w, https:\/\/www.drocomplex.pl\/projekt\/wp-content\/uploads\/2022\/04\/Referencje-Siltor-725x1024.jpg 725w, https:\/\/www.drocomplex.pl\/projekt\/wp-content\/uploads\/2022\/04\/Referencje-Siltor-725x1024-141x200.jpg 141w\" sizes=\"auto, (max-width: 744px) 100vw, 744px\" \/><\/a>            <\/dt>\n                    <\/dl>\n            <dl class=\"gallery-item\">\n            <dt class=\"gallery-icon\">\n            <a data-title=\"no\" title=\"\" href=\"https:\/\/www.drocomplex.pl\/projekt\/wp-content\/uploads\/2022\/04\/Referencje-Strabag.jpg\" data-rel=\"tb_ca1754\" class=\"themify_lightbox\"><img loading=\"lazy\" decoding=\"async\" width=\"744\" height=\"1051\" src=\"https:\/\/www.drocomplex.pl\/projekt\/wp-content\/uploads\/2022\/04\/Referencje-Strabag.jpg\" class=\"wp-post-image wp-image-316\" title=\"Referencje Strabag\" alt=\"Referencje Strabag\" srcset=\"https:\/\/www.drocomplex.pl\/projekt\/wp-content\/uploads\/2022\/04\/Referencje-Strabag.jpg 744w, https:\/\/www.drocomplex.pl\/projekt\/wp-content\/uploads\/2022\/04\/Referencje-Strabag-212x300.jpg 212w, https:\/\/www.drocomplex.pl\/projekt\/wp-content\/uploads\/2022\/04\/Referencje-Strabag-725x1024.jpg 725w, https:\/\/www.drocomplex.pl\/projekt\/wp-content\/uploads\/2022\/04\/Referencje-Strabag-725x1024-141x200.jpg 141w\" sizes=\"auto, (max-width: 744px) 100vw, 744px\" \/><\/a>            <\/dt>\n                    <\/dl>\n            <dl class=\"gallery-item\">\n            <dt class=\"gallery-icon\">\n            <a data-title=\"no\" title=\"\" href=\"https:\/\/www.drocomplex.pl\/projekt\/wp-content\/uploads\/2022\/04\/Referencje-Trakcja.jpg\" data-rel=\"tb_ca1754\" class=\"themify_lightbox\"><img loading=\"lazy\" decoding=\"async\" width=\"744\" height=\"1051\" src=\"https:\/\/www.drocomplex.pl\/projekt\/wp-content\/uploads\/2022\/04\/Referencje-Trakcja.jpg\" class=\"wp-post-image wp-image-317\" title=\"Referencje Trakcja\" alt=\"Referencje Trakcja\" srcset=\"https:\/\/www.drocomplex.pl\/projekt\/wp-content\/uploads\/2022\/04\/Referencje-Trakcja.jpg 744w, https:\/\/www.drocomplex.pl\/projekt\/wp-content\/uploads\/2022\/04\/Referencje-Trakcja-212x300.jpg 212w, https:\/\/www.drocomplex.pl\/projekt\/wp-content\/uploads\/2022\/04\/Referencje-Trakcja-725x1024.jpg 725w, https:\/\/www.drocomplex.pl\/projekt\/wp-content\/uploads\/2022\/04\/Referencje-Trakcja-725x1024-141x200.jpg 141w\" sizes=\"auto, (max-width: 744px) 100vw, 744px\" \/><\/a>            <\/dt>\n                    <\/dl>\n            <dl class=\"gallery-item\">\n            <dt class=\"gallery-icon\">\n            <a data-title=\"no\" title=\"\" href=\"https:\/\/www.drocomplex.pl\/projekt\/wp-content\/uploads\/2022\/04\/Referencje-ZUE.jpg\" data-rel=\"tb_ca1754\" class=\"themify_lightbox\"><img loading=\"lazy\" decoding=\"async\" width=\"744\" height=\"1051\" src=\"https:\/\/www.drocomplex.pl\/projekt\/wp-content\/uploads\/2022\/04\/Referencje-ZUE.jpg\" class=\"wp-post-image wp-image-318\" title=\"Referencje ZUE\" alt=\"Referencje ZUE\" srcset=\"https:\/\/www.drocomplex.pl\/projekt\/wp-content\/uploads\/2022\/04\/Referencje-ZUE.jpg 744w, https:\/\/www.drocomplex.pl\/projekt\/wp-content\/uploads\/2022\/04\/Referencje-ZUE-212x300.jpg 212w, https:\/\/www.drocomplex.pl\/projekt\/wp-content\/uploads\/2022\/04\/Referencje-ZUE-725x1024.jpg 725w, https:\/\/www.drocomplex.pl\/projekt\/wp-content\/uploads\/2022\/04\/Referencje-ZUE-725x1024-141x200.jpg 141w\" sizes=\"auto, (max-width: 744px) 100vw, 744px\" \/><\/a>            <\/dt>\n                    <\/dl>\n            <dl class=\"gallery-item\">\n            <dt class=\"gallery-icon\">\n            <a data-title=\"no\" title=\"\" href=\"https:\/\/www.drocomplex.pl\/projekt\/wp-content\/uploads\/2022\/04\/Referencje-Drogopol.jpg\" data-rel=\"tb_ca1754\" class=\"themify_lightbox\"><img loading=\"lazy\" decoding=\"async\" width=\"744\" height=\"1051\" src=\"https:\/\/www.drocomplex.pl\/projekt\/wp-content\/uploads\/2022\/04\/Referencje-Drogopol.jpg\" class=\"wp-post-image wp-image-319\" title=\"Referencje Drogopol\" alt=\"Referencje Drogopol\" srcset=\"https:\/\/www.drocomplex.pl\/projekt\/wp-content\/uploads\/2022\/04\/Referencje-Drogopol.jpg 744w, https:\/\/www.drocomplex.pl\/projekt\/wp-content\/uploads\/2022\/04\/Referencje-Drogopol-212x300.jpg 212w, https:\/\/www.drocomplex.pl\/projekt\/wp-content\/uploads\/2022\/04\/Referencje-Drogopol-725x1024.jpg 725w, https:\/\/www.drocomplex.pl\/projekt\/wp-content\/uploads\/2022\/04\/Referencje-Drogopol-725x1024-141x200.jpg 141w\" sizes=\"auto, (max-width: 744px) 100vw, 744px\" \/><\/a>            <\/dt>\n                    <\/dl>\n            <dl class=\"gallery-item\">\n            <dt class=\"gallery-icon\">\n            <a data-title=\"no\" title=\"\" href=\"https:\/\/www.drocomplex.pl\/projekt\/wp-content\/uploads\/2022\/04\/Referencje-Eurovia.jpg\" data-rel=\"tb_ca1754\" class=\"themify_lightbox\"><img loading=\"lazy\" decoding=\"async\" width=\"744\" height=\"1051\" src=\"https:\/\/www.drocomplex.pl\/projekt\/wp-content\/uploads\/2022\/04\/Referencje-Eurovia.jpg\" class=\"wp-post-image wp-image-320\" title=\"Referencje Eurovia\" alt=\"Referencje Eurovia\" srcset=\"https:\/\/www.drocomplex.pl\/projekt\/wp-content\/uploads\/2022\/04\/Referencje-Eurovia.jpg 744w, https:\/\/www.drocomplex.pl\/projekt\/wp-content\/uploads\/2022\/04\/Referencje-Eurovia-212x300.jpg 212w, https:\/\/www.drocomplex.pl\/projekt\/wp-content\/uploads\/2022\/04\/Referencje-Eurovia-725x1024.jpg 725w, https:\/\/www.drocomplex.pl\/projekt\/wp-content\/uploads\/2022\/04\/Referencje-Eurovia-725x1024-141x200.jpg 141w\" sizes=\"auto, (max-width: 744px) 100vw, 744px\" \/><\/a>            <\/dt>\n                    <\/dl>\n            <dl class=\"gallery-item\">\n            <dt class=\"gallery-icon\">\n            <a data-title=\"no\" title=\"\" href=\"https:\/\/www.drocomplex.pl\/projekt\/wp-content\/uploads\/2022\/04\/Referencje-Pekabex.jpg\" data-rel=\"tb_ca1754\" class=\"themify_lightbox\"><img loading=\"lazy\" decoding=\"async\" width=\"744\" height=\"1051\" src=\"https:\/\/www.drocomplex.pl\/projekt\/wp-content\/uploads\/2022\/04\/Referencje-Pekabex.jpg\" class=\"wp-post-image wp-image-321\" title=\"Referencje Pekabex\" alt=\"Referencje Pekabex\" srcset=\"https:\/\/www.drocomplex.pl\/projekt\/wp-content\/uploads\/2022\/04\/Referencje-Pekabex.jpg 744w, https:\/\/www.drocomplex.pl\/projekt\/wp-content\/uploads\/2022\/04\/Referencje-Pekabex-212x300.jpg 212w, https:\/\/www.drocomplex.pl\/projekt\/wp-content\/uploads\/2022\/04\/Referencje-Pekabex-725x1024.jpg 725w, https:\/\/www.drocomplex.pl\/projekt\/wp-content\/uploads\/2022\/04\/Referencje-Pekabex-725x1024-141x200.jpg 141w\" sizes=\"auto, (max-width: 744px) 100vw, 744px\" \/><\/a>            <\/dt>\n                    <\/dl>\n    <\/div>\n<\/div>\n<!-- \/module gallery -->        <\/div>\n                        <\/div>\n        <\/div>\n        <\/div>\n<!--\/themify_builder_content-->","protected":false},"excerpt":{"rendered":"<p>Referencje Od ponad 20 lat specjalizujemy si\u0119 w stabilizacji i osuszaniu grunt\u00f3w przy zastosowaniu tradycyjnych \u015brodk\u00f3w, jak cement czy wapno i nowoczesnych spoiw, w tym jonowymiennych i hydrofobowych.Nasze kompetencje oraz terminowo\u015b\u0107 potwierdzaj\u0105 liczne referencje wystawione przez zleceniodawc\u00f3w z ca\u0142ego kraju. W\u015br\u00f3d nich znajduj\u0105 si\u0119 takie przedsi\u0119biorstwa jak Pekabex, Strabag, Drogopol, Budimex, Eurovia. Referencje wystawi\u0142y nam [&hellip;]<\/p>\n","protected":false},"author":2,"featured_media":0,"parent":0,"menu_order":0,"comment_status":"closed","ping_status":"closed","template":"","meta":{"footnotes":""},"class_list":["post-309","page","type-page","status-publish","hentry","has-post-title","has-post-date","has-post-category","has-post-tag","has-post-comment","has-post-author",""],"builder_content":"<h1>Referencje<\/h1>\n<p>Od ponad 20 lat specjalizujemy si\u0119 w stabilizacji i osuszaniu grunt\u00f3w przy zastosowaniu tradycyjnych \u015brodk\u00f3w, jak cement czy wapno i nowoczesnych spoiw, w tym jonowymiennych i hydrofobowych.<br>Nasze kompetencje oraz terminowo\u015b\u0107 potwierdzaj\u0105 liczne referencje wystawione przez zleceniodawc\u00f3w z ca\u0142ego kraju. W\u015br\u00f3d nich znajduj\u0105 si\u0119 takie przedsi\u0119biorstwa jak Pekabex, Strabag, Drogopol, Budimex, Eurovia. Referencje wystawi\u0142y nam te\u017c firmy pracuj\u0105ce na rzecz modernizacji linii kolejowych, w tym PKP Polskie Linie Kolejowe, Siltor, PNI, ZUE, Trakcja, PORR.<br>Mamy wiele lat do\u015bwiadczenia w wykonaniu stabilizacji pod budow\u0119 dr\u00f3g, hal, parking\u00f3w, \u015bcie\u017cek rowerowych, wa\u0142\u00f3w powodziowych, podtorzy linii kolejowych, a nawet s\u0142up\u00f3w energetycznych. Cz\u0119\u015b\u0107 naszych referencji prezentujemy poni\u017cej:<\/p>\n[gallery ids=\"314,315,316,317,318,319,320,321\"]","_links":{"self":[{"href":"https:\/\/www.drocomplex.pl\/projekt\/wp-json\/wp\/v2\/pages\/309","targetHints":{"allow":["GET"]}}],"collection":[{"href":"https:\/\/www.drocomplex.pl\/projekt\/wp-json\/wp\/v2\/pages"}],"about":[{"href":"https:\/\/www.drocomplex.pl\/projekt\/wp-json\/wp\/v2\/types\/page"}],"author":[{"embeddable":true,"href":"https:\/\/www.drocomplex.pl\/projekt\/wp-json\/wp\/v2\/users\/2"}],"replies":[{"embeddable":true,"href":"https:\/\/www.drocomplex.pl\/projekt\/wp-json\/wp\/v2\/comments?post=309"}],"version-history":[{"count":13,"href":"https:\/\/www.drocomplex.pl\/projekt\/wp-json\/wp\/v2\/pages\/309\/revisions"}],"predecessor-version":[{"id":742,"href":"https:\/\/www.drocomplex.pl\/projekt\/wp-json\/wp\/v2\/pages\/309\/revisions\/742"}],"wp:attachment":[{"href":"https:\/\/www.drocomplex.pl\/projekt\/wp-json\/wp\/v2\/media?parent=309"}],"curies":[{"name":"wp","href":"https:\/\/api.w.org\/{rel}","templated":true}]}}