{"id":292,"date":"2022-04-04T11:54:44","date_gmt":"2022-04-04T09:54:44","guid":{"rendered":"https:\/\/www.drocomplex.pl\/projekt\/?page_id=292"},"modified":"2022-04-20T15:05:34","modified_gmt":"2022-04-20T13:05:34","slug":"rekultywacja-gruntow","status":"publish","type":"page","link":"https:\/\/www.drocomplex.pl\/projekt\/oferta\/rekultywacja-gruntow\/","title":{"rendered":"Rekultywacja grunt\u00f3w"},"content":{"rendered":"<!--themify_builder_content-->\n<div id=\"themify_builder_content-292\" data-postid=\"292\" class=\"themify_builder_content themify_builder_content-292 themify_builder tf_clear\">\n                    <div  data-lazy=\"1\" class=\"module_row themify_builder_row tb_ply2643 tb_first tf_w wow\" data-tf-animation=\"fadeIn\">\n                        <div class=\"row_inner col_align_top tb_col_count_1 tf_box tf_rel\">\n                        <div  data-lazy=\"1\" class=\"module_column tb-column col-full tb_kzmj645 first\">\n                            <\/div>\n                        <\/div>\n        <\/div>\n                        <div  data-lazy=\"1\" class=\"module_row themify_builder_row tb_ydmi822 tf_w wow\" data-tf-animation=\"fadeIn\">\n            <span class=\"builder_row_cover tf_abs\"><\/span>            <div class=\"row_inner col_align_middle tb_col_count_2 tf_box tf_rel\">\n                        <div  data-lazy=\"1\" class=\"module_column tb-column col4-2 tb_57wx823 first\">\n                    <!-- module text -->\n<div  class=\"module module-text tb_mfeo672    wow\" data-tf-animation=\"fadeIn\" data-tf-animation_delay=\"0.5\" data-lazy=\"1\">\n        <div  class=\"tb_text_wrap\">\n        <h1>Rekultywacja grunt\u00f3w<\/h1>    <\/div>\n<\/div>\n<!-- \/module text -->        <\/div>\n                    <div  data-lazy=\"1\" class=\"module_column tb-column col4-2 tb_f9rc737 last\">\n                            <\/div>\n                        <\/div>\n        <\/div>\n                        <div  data-lazy=\"1\" class=\"module_row themify_builder_row tb_0epo281 tf_w wow\" data-tf-animation=\"fadeIn\">\n                        <div class=\"row_inner direction_rtl col_align_middle tb_col_count_2 tf_box tf_rel\">\n                        <div  data-lazy=\"1\" class=\"module_column tb-column col4-2 tb_gta3282 first\">\n                            <\/div>\n                    <div  data-lazy=\"1\" class=\"module_column tb-column col4-2 tb_ohq1281 last\">\n                    <!-- module text -->\n<div  class=\"module module-text tb_riyz661  repeat  wow\" data-tf-animation=\"fadeIn\" data-tf-animation_delay=\"0.5\" data-lazy=\"1\">\n        <div  class=\"tb_text_wrap\">\n        <p>Przeprowadzana przez nasz\u0105 firm\u0119 rekultywacja grunt\u00f3w to proces polegaj\u0105cy na przywr\u00f3ceniu do dalszego u\u017cytkowania teren\u00f3w le\u015bnych oraz rolnych, na kt\u00f3rych zako\u0144czono uprawy. S\u0105 to r\u00f3wnie\u017c czynno\u015bci realizowane w miejscach nieu\u017cytk\u00f3w oraz na obszarach dziko poro\u015bni\u0119tych samosiejkami, na kt\u00f3rych dopiero planowane jest rozpocz\u0119cie dzia\u0142alno\u015bci rolniczej.<\/p>    <\/div>\n<\/div>\n<!-- \/module text --><!-- module text -->\n<div  class=\"module module-text tb_czub32  repeat  wow\" data-tf-animation=\"fadeIn\" data-tf-animation_delay=\"0.5\" data-lazy=\"1\">\n        <div  class=\"tb_text_wrap\">\n        <p>Rekultywacja grunt\u00f3w jest mo\u017cliwa dzi\u0119ki zastosowaniu specjalistycznego sprz\u0119tu FAE SSH 225, kt\u00f3ry pozwala rozdrobni\u0107 pnie i karpiny, spulchni\u0107 zbit\u0105, przesuszon\u0105 gleb\u0119 czy skruszy\u0107 kamienie. Dzi\u0119ki temu pod\u0142o\u017ce w pe\u0142ni nadaje si\u0119 do wykorzystania i mo\u017cna przeznaczy\u0107 obszar do nowych cel\u00f3w.<br><\/p>    <\/div>\n<\/div>\n<!-- \/module text -->        <\/div>\n                        <\/div>\n        <\/div>\n                        <div  data-parallax-bg=\"desktop\" data-lazy=\"1\" class=\"module_row themify_builder_row tb_b7t3643 tf_w wow\" data-tf-animation=\"fadeIn\">\n                        <div class=\"row_inner col_align_top tb_col_count_1 tf_box tf_rel\">\n                        <div  data-lazy=\"1\" class=\"module_column tb-column col-full tb_w3on658 first\">\n                            <\/div>\n                        <\/div>\n        <\/div>\n                        <div  data-lazy=\"1\" class=\"module_row themify_builder_row tb_bheu643 tf_w wow\" data-tf-animation=\"fadeIn\">\n                        <div class=\"row_inner col_align_top tb_col_count_1 tf_box tf_rel\">\n                        <div  data-lazy=\"1\" class=\"module_column tb-column col-full tb_m3g8659 first\">\n                    <!-- module text -->\n<div  class=\"module module-text tb_0qn6568    wow\" data-tf-animation=\"fadeIn\" data-tf-animation_delay=\"0.5\" data-lazy=\"1\">\n        <div  class=\"tb_text_wrap\">\n        <h2 style=\"text-align: center;\">ZAGOSPODAROWANIE TEREN\u00d3W PRZYWR\u00d3CONYCH DO U\u017bYTKU<\/h2>\n<p>Nasze us\u0142ugi realizowane s\u0105 na obszarach o r\u00f3\u017cnym przeznaczeniu i historii. Rekultywujemy m.in. grunty, kt\u00f3re od lat nie by\u0142y u\u017cytkowane, przez co naros\u0142y na nich chwasty i samosiejki, trudne do wyplenienia bez specjalistycznych maszyn i urz\u0105dze\u0144. Zajmujemy si\u0119 r\u00f3wnie\u017c likwidacj\u0105 upraw w sytuacji przeznaczenia danego terenu na now\u0105 dzia\u0142alno\u015b\u0107 rolnicz\u0105, obsiania innymi gatunkami ro\u015blin czy po\u015bwi\u0119cenia obszaru na inne cele.<\/p>    <\/div>\n<\/div>\n<!-- \/module text -->        <\/div>\n                        <\/div>\n        <\/div>\n                        <div  data-lazy=\"1\" class=\"module_row themify_builder_row tb_41se956 tf_w wow\" data-tf-animation=\"fadeIn\">\n                        <div class=\"row_inner direction_rtl col_align_middle tb_col_count_2 tf_box tf_rel\">\n                        <div  data-lazy=\"1\" class=\"module_column tb-column col4-2 tb_7euq957 first\">\n                    <!-- module text -->\n<div  class=\"module module-text tb_mzk5363  repeat  wow\" data-tf-animation=\"fadeIn\" data-tf-animation_delay=\"0.5\" data-lazy=\"1\">\n        <div  class=\"tb_text_wrap\">\n        <h2>PRZYK\u0141ADOWE ZASTOSOWANIE REKULTYWACJI GRUNT\u00d3W TO:<\/h2>\n<ul>\n<li style=\"text-align: justify;\">przygotowanie terenu w sadach i szk\u00f3\u0142kach le\u015bnych,<\/li>\n<li style=\"text-align: justify;\">likwidacja upraw wierzby ameryka\u0144skiej, wikliny, itp.,<\/li>\n<li style=\"text-align: justify;\">likwidacja dzikich zasiew\u00f3w pod liniami energetycznymi,<\/li>\n<li style=\"text-align: justify;\">likwidacja samosiejek,<\/li>\n<li style=\"text-align: justify;\">budowa pas\u00f3w po\u017carowych wzd\u0142u\u017c torowisk,<\/li>\n<li style=\"text-align: justify;\">likwidacja dzikich zasiew\u00f3w na terenach melioracyjnych.<\/li>\n<\/ul>    <\/div>\n<\/div>\n<!-- \/module text -->        <\/div>\n                    <div  data-lazy=\"1\" class=\"module_column tb-column col4-2 tb_0tv8456 last\">\n                            <\/div>\n                        <\/div>\n        <\/div>\n                        <div  data-lazy=\"1\" class=\"module_row themify_builder_row tb_swcy119 tf_w wow\" data-tf-animation=\"fadeIn\">\n                        <div class=\"row_inner col_align_middle tb_col_count_2 tf_box tf_rel\">\n                        <div  data-lazy=\"1\" class=\"module_column tb-column col4-2 tb_kq71120 first\">\n                            <\/div>\n                    <div  data-lazy=\"1\" class=\"module_column tb-column col4-2 tb_p1oh120 last\">\n                    <!-- module text -->\n<div  class=\"module module-text tb_bdu5120  repeat  wow\" data-tf-animation=\"fadeIn\" data-tf-animation_delay=\"0.5\" data-lazy=\"1\">\n        <div  class=\"tb_text_wrap\">\n        <h2>ZALETY REKULTYWACJI GRUNT\u00d3W:<\/h2>\n<ul>\n<li style=\"text-align: justify;\">szybko\u015b\u0107 realizacji &#8211; do 2 ha na dzie\u0144,<\/li>\n<li style=\"text-align: justify;\">natychmiastowy efekt &#8211; zrekultywowane grunty, bez \u017cadnych dodatkowych nak\u0142ad\u00f3w, s\u0105 przygotowane pod upraw\u0119,<\/li>\n<li style=\"text-align: justify;\">ekologia &#8211; dzi\u0119ki dok\u0142adnemu zmieleniu wszelkich karpin, pni i cz\u0119\u015bci organicznych nie powstaj\u0105 \u017cadne odpady.<\/li>\n<\/ul>\n    <\/div>\n<\/div>\n<!-- \/module text -->        <\/div>\n                        <\/div>\n        <\/div>\n                        <div  data-lazy=\"1\" class=\"module_row themify_builder_row tb_f3cn308 tf_w wow\" data-tf-animation=\"fadeIn\">\n                        <div class=\"row_inner direction_rtl col_align_middle tb_col_count_2 tf_box tf_rel\">\n                        <div  data-lazy=\"1\" class=\"module_column tb-column col4-2 tb_udpg309 first\">\n                    <!-- module text -->\n<div  class=\"module module-text tb_sgc3964    wow\" data-tf-animation=\"fadeIn\" data-tf-animation_delay=\"0.5\" data-lazy=\"1\">\n        <div  class=\"tb_text_wrap\">\n        <h2>OBOWI\u0104ZUJ\u0104CE PRZEPISY PRAWNE<\/h2>\n<p>Nasze us\u0142ugi realizowane s\u0105 zgodnie z aktualnymi przepisami, zawartymi w ustawie z dnia 3 lutego 1995 roku o ochronie grunt\u00f3w rolnych i le\u015bnych, a tak\u017ce z dokumentami prawnymi dotycz\u0105cymi ochrony \u015brodowiska i gospodarowania odpadami.<\/p>    <\/div>\n<\/div>\n<!-- \/module text -->        <\/div>\n                    <div  data-lazy=\"1\" class=\"module_column tb-column col4-2 tb_whi8309 last\">\n                            <\/div>\n                        <\/div>\n        <\/div>\n                        <div  data-lazy=\"1\" class=\"module_row themify_builder_row tb_bowz916 tf_w\">\n                        <div class=\"row_inner col_align_top tb_col_count_1 tf_box tf_rel\">\n                        <div  data-lazy=\"1\" class=\"module_column tb-column col-full tb_jq8n916 first\">\n                    <!-- module text -->\n<div  class=\"module module-text tb_4d8u824    wow\" data-tf-animation=\"fadeIn\" data-tf-animation_delay=\"0.5\" data-lazy=\"1\">\n        <div  class=\"tb_text_wrap\">\n        <h2 style=\"text-align: center;\">PRZYK\u0141ADY REKULTYWACJI GRUNTU<\/h2>\n    <\/div>\n<\/div>\n<!-- \/module text -->        <\/div>\n                        <\/div>\n        <\/div>\n                        <div  data-lazy=\"1\" class=\"module_row themify_builder_row tb_pd31590 tf_w\">\n                        <div class=\"row_inner col_align_top tb_col_count_3 tf_box tf_rel\">\n                        <div  data-lazy=\"1\" class=\"module_column tb-column col3-1 tb_eibh591 first\">\n                    <!-- module image -->\n<div  class=\"module module-image tb_23v0553 image-center   auto_fullwidth tf_mw wow\" data-tf-animation=\"fadeIn\" data-lazy=\"1\">\n        <div class=\"image-wrap tf_rel tf_mw\">\n            <a href=\"https:\/\/www.drocomplex.pl\/projekt\/wp-content\/uploads\/2022\/04\/Przyklad2.jpg\" class=\"lightbox-builder themify_lightbox\">\n                   <img loading=\"lazy\" decoding=\"async\" width=\"1024\" height=\"576\" src=\"https:\/\/www.drocomplex.pl\/projekt\/wp-content\/uploads\/2022\/04\/Przyklad2.jpg\" class=\"wp-post-image wp-image-674\" title=\"Przyklad2\" alt=\"Przyklad2\" srcset=\"https:\/\/www.drocomplex.pl\/projekt\/wp-content\/uploads\/2022\/04\/Przyklad2.jpg 1024w, https:\/\/www.drocomplex.pl\/projekt\/wp-content\/uploads\/2022\/04\/Przyklad2-300x169.jpg 300w, https:\/\/www.drocomplex.pl\/projekt\/wp-content\/uploads\/2022\/04\/Przyklad2-768x432.jpg 768w\" sizes=\"auto, (max-width: 1024px) 100vw, 1024px\" \/>        <\/a>\n    \n        <\/div>\n    <!-- \/image-wrap -->\n    \n        <\/div>\n<!-- \/module image -->        <\/div>\n                    <div  data-lazy=\"1\" class=\"module_column tb-column col3-1 tb_qt67591\">\n                    <!-- module image -->\n<div  class=\"module module-image tb_66kc591 image-center   auto_fullwidth tf_mw wow\" data-tf-animation=\"fadeIn\" data-lazy=\"1\">\n        <div class=\"image-wrap tf_rel tf_mw\">\n            <a href=\"https:\/\/www.drocomplex.pl\/projekt\/wp-content\/uploads\/2022\/04\/Przyklad3.jpg\" class=\"lightbox-builder themify_lightbox\">\n                   <img loading=\"lazy\" decoding=\"async\" width=\"1024\" height=\"576\" src=\"https:\/\/www.drocomplex.pl\/projekt\/wp-content\/uploads\/2022\/04\/Przyklad3.jpg\" class=\"wp-post-image wp-image-675\" title=\"Przyklad3\" alt=\"Przyklad3\" srcset=\"https:\/\/www.drocomplex.pl\/projekt\/wp-content\/uploads\/2022\/04\/Przyklad3.jpg 1024w, https:\/\/www.drocomplex.pl\/projekt\/wp-content\/uploads\/2022\/04\/Przyklad3-300x169.jpg 300w, https:\/\/www.drocomplex.pl\/projekt\/wp-content\/uploads\/2022\/04\/Przyklad3-768x432.jpg 768w\" sizes=\"auto, (max-width: 1024px) 100vw, 1024px\" \/>        <\/a>\n    \n        <\/div>\n    <!-- \/image-wrap -->\n    \n        <\/div>\n<!-- \/module image -->        <\/div>\n                    <div  data-lazy=\"1\" class=\"module_column tb-column col3-1 tb_5f66591 last\">\n                    <!-- module image -->\n<div  class=\"module module-image tb_npn7840 image-center   auto_fullwidth tf_mw wow\" data-tf-animation=\"fadeIn\" data-lazy=\"1\">\n        <div class=\"image-wrap tf_rel tf_mw\">\n            <a href=\"https:\/\/www.drocomplex.pl\/projekt\/wp-content\/uploads\/2022\/04\/Przyklad4.jpg\" class=\"lightbox-builder themify_lightbox\">\n                   <img loading=\"lazy\" decoding=\"async\" width=\"1024\" height=\"576\" src=\"https:\/\/www.drocomplex.pl\/projekt\/wp-content\/uploads\/2022\/04\/Przyklad4.jpg\" class=\"wp-post-image wp-image-676\" title=\"Przyklad4\" alt=\"Przyklad4\" srcset=\"https:\/\/www.drocomplex.pl\/projekt\/wp-content\/uploads\/2022\/04\/Przyklad4.jpg 1024w, https:\/\/www.drocomplex.pl\/projekt\/wp-content\/uploads\/2022\/04\/Przyklad4-300x169.jpg 300w, https:\/\/www.drocomplex.pl\/projekt\/wp-content\/uploads\/2022\/04\/Przyklad4-768x432.jpg 768w\" sizes=\"auto, (max-width: 1024px) 100vw, 1024px\" \/>        <\/a>\n    \n        <\/div>\n    <!-- \/image-wrap -->\n    \n        <\/div>\n<!-- \/module image -->        <\/div>\n                        <\/div>\n        <\/div>\n        <\/div>\n<!--\/themify_builder_content-->","protected":false},"excerpt":{"rendered":"<p>Rekultywacja grunt\u00f3w Przeprowadzana przez nasz\u0105 firm\u0119 rekultywacja grunt\u00f3w to proces polegaj\u0105cy na przywr\u00f3ceniu do dalszego u\u017cytkowania teren\u00f3w le\u015bnych oraz rolnych, na kt\u00f3rych zako\u0144czono uprawy. S\u0105 to r\u00f3wnie\u017c czynno\u015bci realizowane w miejscach nieu\u017cytk\u00f3w oraz na obszarach dziko poro\u015bni\u0119tych samosiejkami, na kt\u00f3rych dopiero planowane jest rozpocz\u0119cie dzia\u0142alno\u015bci rolniczej. Rekultywacja grunt\u00f3w jest mo\u017cliwa dzi\u0119ki zastosowaniu specjalistycznego sprz\u0119tu FAE [&hellip;]<\/p>\n","protected":false},"author":2,"featured_media":0,"parent":252,"menu_order":0,"comment_status":"closed","ping_status":"closed","template":"","meta":{"footnotes":""},"class_list":["post-292","page","type-page","status-publish","hentry","has-post-title","has-post-date","has-post-category","has-post-tag","has-post-comment","has-post-author",""],"builder_content":"<h1>Rekultywacja grunt\u00f3w<\/h1>\n<p>Przeprowadzana przez nasz\u0105 firm\u0119 rekultywacja grunt\u00f3w to proces polegaj\u0105cy na przywr\u00f3ceniu do dalszego u\u017cytkowania teren\u00f3w le\u015bnych oraz rolnych, na kt\u00f3rych zako\u0144czono uprawy. S\u0105 to r\u00f3wnie\u017c czynno\u015bci realizowane w miejscach nieu\u017cytk\u00f3w oraz na obszarach dziko poro\u015bni\u0119tych samosiejkami, na kt\u00f3rych dopiero planowane jest rozpocz\u0119cie dzia\u0142alno\u015bci rolniczej.<\/p>\n<p>Rekultywacja grunt\u00f3w jest mo\u017cliwa dzi\u0119ki zastosowaniu specjalistycznego sprz\u0119tu FAE SSH 225, kt\u00f3ry pozwala rozdrobni\u0107 pnie i karpiny, spulchni\u0107 zbit\u0105, przesuszon\u0105 gleb\u0119 czy skruszy\u0107 kamienie. Dzi\u0119ki temu pod\u0142o\u017ce w pe\u0142ni nadaje si\u0119 do wykorzystania i mo\u017cna przeznaczy\u0107 obszar do nowych cel\u00f3w.<br><\/p>\n<h2 style=\"text-align: center;\">ZAGOSPODAROWANIE TEREN\u00d3W PRZYWR\u00d3CONYCH DO U\u017bYTKU<\/h2> <p>Nasze us\u0142ugi realizowane s\u0105 na obszarach o r\u00f3\u017cnym przeznaczeniu i historii. Rekultywujemy m.in. grunty, kt\u00f3re od lat nie by\u0142y u\u017cytkowane, przez co naros\u0142y na nich chwasty i samosiejki, trudne do wyplenienia bez specjalistycznych maszyn i urz\u0105dze\u0144. Zajmujemy si\u0119 r\u00f3wnie\u017c likwidacj\u0105 upraw w sytuacji przeznaczenia danego terenu na now\u0105 dzia\u0142alno\u015b\u0107 rolnicz\u0105, obsiania innymi gatunkami ro\u015blin czy po\u015bwi\u0119cenia obszaru na inne cele.<\/p>\n<h2>PRZYK\u0141ADOWE ZASTOSOWANIE REKULTYWACJI GRUNT\u00d3W TO:<\/h2> <ul> <li style=\"text-align: justify;\">przygotowanie terenu w sadach i szk\u00f3\u0142kach le\u015bnych,<\/li> <li style=\"text-align: justify;\">likwidacja upraw wierzby ameryka\u0144skiej, wikliny, itp.,<\/li> <li style=\"text-align: justify;\">likwidacja dzikich zasiew\u00f3w pod liniami energetycznymi,<\/li> <li style=\"text-align: justify;\">likwidacja samosiejek,<\/li> <li style=\"text-align: justify;\">budowa pas\u00f3w po\u017carowych wzd\u0142u\u017c torowisk,<\/li> <li style=\"text-align: justify;\">likwidacja dzikich zasiew\u00f3w na terenach melioracyjnych.<\/li> <\/ul>\n<h2>ZALETY REKULTYWACJI GRUNT\u00d3W:<\/h2> <ul> <li style=\"text-align: justify;\">szybko\u015b\u0107 realizacji - do 2 ha na dzie\u0144,<\/li> <li style=\"text-align: justify;\">natychmiastowy efekt - zrekultywowane grunty, bez \u017cadnych dodatkowych nak\u0142ad\u00f3w, s\u0105 przygotowane pod upraw\u0119,<\/li> <li style=\"text-align: justify;\">ekologia - dzi\u0119ki dok\u0142adnemu zmieleniu wszelkich karpin, pni i cz\u0119\u015bci organicznych nie powstaj\u0105 \u017cadne odpady.<\/li> <\/ul>\n<h2>OBOWI\u0104ZUJ\u0104CE PRZEPISY PRAWNE<\/h2> <p>Nasze us\u0142ugi realizowane s\u0105 zgodnie z aktualnymi przepisami, zawartymi w ustawie z dnia 3 lutego 1995 roku o ochronie grunt\u00f3w rolnych i le\u015bnych, a tak\u017ce z dokumentami prawnymi dotycz\u0105cymi ochrony \u015brodowiska i gospodarowania odpadami.<\/p>\n<h2 style=\"text-align: center;\">PRZYK\u0141ADY REKULTYWACJI GRUNTU<\/h2>\n<a href=\"https:\/\/www.drocomplex.pl\/projekt\/wp-content\/uploads\/2022\/04\/Przyklad2.jpg\"> <img src=\"https:\/\/www.drocomplex.pl\/projekt\/wp-content\/uploads\/2022\/04\/Przyklad2.jpg\" title=\"Przyklad2\" alt=\"Przyklad2\" srcset=\"https:\/\/www.drocomplex.pl\/projekt\/wp-content\/uploads\/2022\/04\/Przyklad2.jpg 1024w, https:\/\/www.drocomplex.pl\/projekt\/wp-content\/uploads\/2022\/04\/Przyklad2-300x169.jpg 300w, https:\/\/www.drocomplex.pl\/projekt\/wp-content\/uploads\/2022\/04\/Przyklad2-768x432.jpg 768w\" sizes=\"(max-width: 1024px) 100vw, 1024px\" \/> <\/a>\n<a href=\"https:\/\/www.drocomplex.pl\/projekt\/wp-content\/uploads\/2022\/04\/Przyklad3.jpg\"> <img src=\"https:\/\/www.drocomplex.pl\/projekt\/wp-content\/uploads\/2022\/04\/Przyklad3.jpg\" title=\"Przyklad3\" alt=\"Przyklad3\" srcset=\"https:\/\/www.drocomplex.pl\/projekt\/wp-content\/uploads\/2022\/04\/Przyklad3.jpg 1024w, https:\/\/www.drocomplex.pl\/projekt\/wp-content\/uploads\/2022\/04\/Przyklad3-300x169.jpg 300w, https:\/\/www.drocomplex.pl\/projekt\/wp-content\/uploads\/2022\/04\/Przyklad3-768x432.jpg 768w\" sizes=\"(max-width: 1024px) 100vw, 1024px\" \/> <\/a>\n<a href=\"https:\/\/www.drocomplex.pl\/projekt\/wp-content\/uploads\/2022\/04\/Przyklad4.jpg\"> <img src=\"https:\/\/www.drocomplex.pl\/projekt\/wp-content\/uploads\/2022\/04\/Przyklad4.jpg\" title=\"Przyklad4\" alt=\"Przyklad4\" srcset=\"https:\/\/www.drocomplex.pl\/projekt\/wp-content\/uploads\/2022\/04\/Przyklad4.jpg 1024w, https:\/\/www.drocomplex.pl\/projekt\/wp-content\/uploads\/2022\/04\/Przyklad4-300x169.jpg 300w, https:\/\/www.drocomplex.pl\/projekt\/wp-content\/uploads\/2022\/04\/Przyklad4-768x432.jpg 768w\" sizes=\"(max-width: 1024px) 100vw, 1024px\" \/> <\/a>","_links":{"self":[{"href":"https:\/\/www.drocomplex.pl\/projekt\/wp-json\/wp\/v2\/pages\/292","targetHints":{"allow":["GET"]}}],"collection":[{"href":"https:\/\/www.drocomplex.pl\/projekt\/wp-json\/wp\/v2\/pages"}],"about":[{"href":"https:\/\/www.drocomplex.pl\/projekt\/wp-json\/wp\/v2\/types\/page"}],"author":[{"embeddable":true,"href":"https:\/\/www.drocomplex.pl\/projekt\/wp-json\/wp\/v2\/users\/2"}],"replies":[{"embeddable":true,"href":"https:\/\/www.drocomplex.pl\/projekt\/wp-json\/wp\/v2\/comments?post=292"}],"version-history":[{"count":17,"href":"https:\/\/www.drocomplex.pl\/projekt\/wp-json\/wp\/v2\/pages\/292\/revisions"}],"predecessor-version":[{"id":721,"href":"https:\/\/www.drocomplex.pl\/projekt\/wp-json\/wp\/v2\/pages\/292\/revisions\/721"}],"up":[{"embeddable":true,"href":"https:\/\/www.drocomplex.pl\/projekt\/wp-json\/wp\/v2\/pages\/252"}],"wp:attachment":[{"href":"https:\/\/www.drocomplex.pl\/projekt\/wp-json\/wp\/v2\/media?parent=292"}],"curies":[{"name":"wp","href":"https:\/\/api.w.org\/{rel}","templated":true}]}}