{"id":277,"date":"2022-04-04T11:27:04","date_gmt":"2022-04-04T09:27:04","guid":{"rendered":"https:\/\/www.drocomplex.pl\/projekt\/?page_id=277"},"modified":"2022-04-21T16:08:23","modified_gmt":"2022-04-21T14:08:23","slug":"osuszanie-gruntu","status":"publish","type":"page","link":"https:\/\/www.drocomplex.pl\/projekt\/oferta\/osuszanie-gruntu\/","title":{"rendered":"Osuszanie gruntu"},"content":{"rendered":"<!--themify_builder_content-->\n<div id=\"themify_builder_content-277\" data-postid=\"277\" class=\"themify_builder_content themify_builder_content-277 themify_builder tf_clear\">\n                    <div  data-lazy=\"1\" class=\"module_row themify_builder_row tb_ply2643 tb_first tf_w wow\" data-tf-animation=\"fadeIn\">\n                        <div class=\"row_inner col_align_top tb_col_count_1 tf_box tf_rel\">\n                        <div  data-lazy=\"1\" class=\"module_column tb-column col-full tb_kzmj645 first\">\n                            <\/div>\n                        <\/div>\n        <\/div>\n                        <div  data-lazy=\"1\" class=\"module_row themify_builder_row tb_ydmi822 tf_w wow\" data-tf-animation=\"fadeIn\">\n            <span class=\"builder_row_cover tf_abs\"><\/span>            <div class=\"row_inner col_align_middle tb_col_count_2 tf_box tf_rel\">\n                        <div  data-lazy=\"1\" class=\"module_column tb-column col4-2 tb_57wx823 first\">\n                    <!-- module text -->\n<div  class=\"module module-text tb_mfeo672    wow\" data-tf-animation=\"fadeIn\" data-tf-animation_delay=\"0.5\" data-lazy=\"1\">\n        <div  class=\"tb_text_wrap\">\n        <h1>Osuszanie grunt\u00f3w<\/h1>    <\/div>\n<\/div>\n<!-- \/module text -->        <\/div>\n                    <div  data-lazy=\"1\" class=\"module_column tb-column col4-2 tb_f9rc737 last\">\n                            <\/div>\n                        <\/div>\n        <\/div>\n                        <div  data-lazy=\"1\" class=\"module_row themify_builder_row tb_0epo281 tf_w wow\" data-tf-animation=\"fadeIn\">\n                        <div class=\"row_inner direction_rtl col_align_middle tb_col_count_2 tf_box tf_rel\">\n                        <div  data-lazy=\"1\" class=\"module_column tb-column col4-2 tb_gta3282 first\">\n                            <\/div>\n                    <div  data-lazy=\"1\" class=\"module_column tb-column col4-2 tb_ohq1281 last\">\n                    <!-- module text -->\n<div  class=\"module module-text tb_riyz661  repeat  wow\" data-tf-animation=\"fadeIn\" data-tf-animation_delay=\"0.5\" data-lazy=\"1\">\n        <div  class=\"tb_text_wrap\">\n        <p>Proces ten polega na wprowadzeniu do wilgotnego pod\u0142o\u017ca, wapna palonego (CaO), kt\u00f3re silnie reaguje ze znajduj\u0105c\u0105 si\u0119 w nim wod\u0105. W procesie tym, zwanym hydratacj\u0105, wydzielaj\u0105 si\u0119 du\u017ce ilo\u015bci ciep\u0142a, co dodatkowo wp\u0142ywa na proces osuszania grunt\u00f3w. Przyjmuje si\u0119, \u017ce ka\u017cdy procent wapna dodany do pod\u0142o\u017ca, powoduje spadek jego wilgotno\u015bci o min. 1 \u00f7 5%. Wapno wysoko reaktywne, zmniejszaj\u0105c ilo\u015b\u0107 wody zaabsorbowan\u0105 przez cz\u0105stki pod\u0142o\u017ca, sprawia, i\u017c staje si\u0119 ono mniej plastyczne.<\/p>    <\/div>\n<\/div>\n<!-- \/module text --><!-- module text -->\n<div  class=\"module module-text tb_z52v539  repeat  wow\" data-tf-animation=\"fadeIn\" data-tf-animation_delay=\"0.5\" data-lazy=\"1\">\n        <div  class=\"tb_text_wrap\">\n        <p>Opr\u00f3cz wapna mo\u017cna stosowa\u0107 r\u00f3wnie\u017c dost\u0119pne na rynku mieszanki popio\u0142owo-wapienno-cementowe, kt\u00f3rych wodo\u017c\u0105dno\u015b\u0107 przekracza 50%. Technologia wykonania rob\u00f3t jest identyczna jak w przypadku stabilizacji pod\u0142o\u017ca. Problemem mo\u017ce by\u0107 jedynie wjazd ci\u0119\u017ckim sprz\u0119tem oraz dozowanie spoiwa do ca\u0142kowicie pozbawionego no\u015bno\u015bci i bardzo plastycznego gruntu.<\/p>    <\/div>\n<\/div>\n<!-- \/module text -->        <\/div>\n                        <\/div>\n        <\/div>\n                        <div  data-parallax-bg=\"desktop\" data-lazy=\"1\" class=\"module_row themify_builder_row tb_b7t3643 tf_w wow\" data-tf-animation=\"fadeIn\">\n                        <div class=\"row_inner col_align_top tb_col_count_1 tf_box tf_rel\">\n                        <div  data-lazy=\"1\" class=\"module_column tb-column col-full tb_w3on658 first\">\n                            <\/div>\n                        <\/div>\n        <\/div>\n                        <div  data-lazy=\"1\" class=\"module_row themify_builder_row tb_bheu643 tf_w wow\" data-tf-animation=\"fadeIn\">\n                        <div class=\"row_inner col_align_top tb_col_count_1 tf_box tf_rel\">\n                        <div  data-lazy=\"1\" class=\"module_column tb-column col-full tb_m3g8659 first\">\n                    <!-- module text -->\n<div  class=\"module module-text tb_0qn6568    wow\" data-tf-animation=\"fadeIn\" data-tf-animation_delay=\"0.5\" data-lazy=\"1\">\n        <div  class=\"tb_text_wrap\">\n        <h2>ZALETY OSUSZANIA GRUNTU SPOIWAMI:<\/h2>\n<ul>\n<li>natychmiastowy efekt,<\/li>\n<li>niskie koszty,<\/li>\n<li>walory ekologiczne,<\/li>\n<li>wzrost wytrzyma\u0142o\u015bci gruntu w d\u0142u\u017cszym okresie.<\/li>\n<\/ul>    <\/div>\n<\/div>\n<!-- \/module text -->        <\/div>\n                        <\/div>\n        <\/div>\n                        <div  data-lazy=\"1\" class=\"module_row themify_builder_row tb_wpel481 tf_w\">\n                        <div class=\"row_inner col_align_top tb_col_count_1 tf_box tf_rel\">\n                        <div  data-lazy=\"1\" class=\"module_column tb-column col-full tb_r30l481 first\">\n                    <!-- module text -->\n<div  class=\"module module-text tb_tr237  repeat  wow\" data-tf-animation=\"fadeIn\" data-tf-animation_delay=\"0.5\" data-lazy=\"1\">\n        <div  class=\"tb_text_wrap\">\n        <h2>Przyk\u0142ad osuszania gruntu wapnem na DW 933<\/h2>    <\/div>\n<\/div>\n<!-- \/module text --><!-- module gallery -->\n<div  class=\"module gallery module-gallery tb_b671370 layout-grid   wow\" data-tf-animation=\"fadeIn\" data-lazy=\"1\">\n    <div class=\"module-gallery-grid\" style=\"--gald:5;--galt:4;--galm:3\">\n            <dl class=\"gallery-item\">\n            <dt class=\"gallery-icon\">\n            <a data-title=\"no\" title=\"\" href=\"https:\/\/www.drocomplex.pl\/projekt\/wp-content\/uploads\/2022\/04\/01.jpg\" data-rel=\"tb_b671370\" class=\"themify_lightbox\"><img loading=\"lazy\" decoding=\"async\" src=\"https:\/\/www.drocomplex.pl\/projekt\/wp-content\/uploads\/2022\/04\/01-300x200.jpg\" width=\"300\" height=\"200\" class=\"wp-post-image wp-image-654\" title=\"01\" alt=\"01\"><\/a>            <\/dt>\n                    <\/dl>\n            <dl class=\"gallery-item\">\n            <dt class=\"gallery-icon\">\n            <a data-title=\"no\" title=\"\" href=\"https:\/\/www.drocomplex.pl\/projekt\/wp-content\/uploads\/2022\/04\/02.jpg\" data-rel=\"tb_b671370\" class=\"themify_lightbox\"><img loading=\"lazy\" decoding=\"async\" src=\"https:\/\/www.drocomplex.pl\/projekt\/wp-content\/uploads\/2022\/04\/02-300x200.jpg\" width=\"300\" height=\"200\" class=\"wp-post-image wp-image-655\" title=\"02\" alt=\"02\"><\/a>            <\/dt>\n                    <\/dl>\n            <dl class=\"gallery-item\">\n            <dt class=\"gallery-icon\">\n            <a data-title=\"no\" title=\"\" href=\"https:\/\/www.drocomplex.pl\/projekt\/wp-content\/uploads\/2022\/04\/03.jpg\" data-rel=\"tb_b671370\" class=\"themify_lightbox\"><img loading=\"lazy\" decoding=\"async\" src=\"https:\/\/www.drocomplex.pl\/projekt\/wp-content\/uploads\/2022\/04\/03-300x200.jpg\" width=\"300\" height=\"200\" class=\"wp-post-image wp-image-656\" title=\"03\" alt=\"03\"><\/a>            <\/dt>\n                    <\/dl>\n            <dl class=\"gallery-item\">\n            <dt class=\"gallery-icon\">\n            <a data-title=\"no\" title=\"\" href=\"https:\/\/www.drocomplex.pl\/projekt\/wp-content\/uploads\/2022\/04\/04.jpg\" data-rel=\"tb_b671370\" class=\"themify_lightbox\"><img loading=\"lazy\" decoding=\"async\" src=\"https:\/\/www.drocomplex.pl\/projekt\/wp-content\/uploads\/2022\/04\/04-300x200.jpg\" width=\"300\" height=\"200\" class=\"wp-post-image wp-image-652\" title=\"04\" alt=\"04\"><\/a>            <\/dt>\n                    <\/dl>\n            <dl class=\"gallery-item\">\n            <dt class=\"gallery-icon\">\n            <a data-title=\"no\" title=\"\" href=\"https:\/\/www.drocomplex.pl\/projekt\/wp-content\/uploads\/2022\/04\/05.jpg\" data-rel=\"tb_b671370\" class=\"themify_lightbox\"><img loading=\"lazy\" decoding=\"async\" src=\"https:\/\/www.drocomplex.pl\/projekt\/wp-content\/uploads\/2022\/04\/05-300x200.jpg\" width=\"300\" height=\"200\" class=\"wp-post-image wp-image-653\" title=\"05\" alt=\"05\"><\/a>            <\/dt>\n                    <\/dl>\n    <\/div>\n<\/div>\n<!-- \/module gallery -->        <\/div>\n                        <\/div>\n        <\/div>\n        <\/div>\n<!--\/themify_builder_content-->","protected":false},"excerpt":{"rendered":"<p>Osuszanie grunt\u00f3w Proces ten polega na wprowadzeniu do wilgotnego pod\u0142o\u017ca, wapna palonego (CaO), kt\u00f3re silnie reaguje ze znajduj\u0105c\u0105 si\u0119 w nim wod\u0105. W procesie tym, zwanym hydratacj\u0105, wydzielaj\u0105 si\u0119 du\u017ce ilo\u015bci ciep\u0142a, co dodatkowo wp\u0142ywa na proces osuszania grunt\u00f3w. Przyjmuje si\u0119, \u017ce ka\u017cdy procent wapna dodany do pod\u0142o\u017ca, powoduje spadek jego wilgotno\u015bci o min. 1 [&hellip;]<\/p>\n","protected":false},"author":2,"featured_media":0,"parent":252,"menu_order":0,"comment_status":"closed","ping_status":"closed","template":"","meta":{"footnotes":""},"class_list":["post-277","page","type-page","status-publish","hentry","has-post-title","has-post-date","has-post-category","has-post-tag","has-post-comment","has-post-author",""],"builder_content":"<h1>Osuszanie grunt\u00f3w<\/h1>\n<p>Proces ten polega na wprowadzeniu do wilgotnego pod\u0142o\u017ca, wapna palonego (CaO), kt\u00f3re silnie reaguje ze znajduj\u0105c\u0105 si\u0119 w nim wod\u0105. W procesie tym, zwanym hydratacj\u0105, wydzielaj\u0105 si\u0119 du\u017ce ilo\u015bci ciep\u0142a, co dodatkowo wp\u0142ywa na proces osuszania grunt\u00f3w. Przyjmuje si\u0119, \u017ce ka\u017cdy procent wapna dodany do pod\u0142o\u017ca, powoduje spadek jego wilgotno\u015bci o min. 1 \u00f7 5%. Wapno wysoko reaktywne, zmniejszaj\u0105c ilo\u015b\u0107 wody zaabsorbowan\u0105 przez cz\u0105stki pod\u0142o\u017ca, sprawia, i\u017c staje si\u0119 ono mniej plastyczne.<\/p>\n<p>Opr\u00f3cz wapna mo\u017cna stosowa\u0107 r\u00f3wnie\u017c dost\u0119pne na rynku mieszanki popio\u0142owo-wapienno-cementowe, kt\u00f3rych wodo\u017c\u0105dno\u015b\u0107 przekracza 50%. Technologia wykonania rob\u00f3t jest identyczna jak w przypadku stabilizacji pod\u0142o\u017ca. Problemem mo\u017ce by\u0107 jedynie wjazd ci\u0119\u017ckim sprz\u0119tem oraz dozowanie spoiwa do ca\u0142kowicie pozbawionego no\u015bno\u015bci i bardzo plastycznego gruntu.<\/p>\n<h2>ZALETY OSUSZANIA GRUNTU SPOIWAMI:<\/h2> <ul> <li>natychmiastowy efekt,<\/li> <li>niskie koszty,<\/li> <li>walory ekologiczne,<\/li> <li>wzrost wytrzyma\u0142o\u015bci gruntu w d\u0142u\u017cszym okresie.<\/li> <\/ul>\n<h2>Przyk\u0142ad osuszania gruntu wapnem na DW 933<\/h2>\n[gallery ids=\"654,655,656,652,653\"]","_links":{"self":[{"href":"https:\/\/www.drocomplex.pl\/projekt\/wp-json\/wp\/v2\/pages\/277","targetHints":{"allow":["GET"]}}],"collection":[{"href":"https:\/\/www.drocomplex.pl\/projekt\/wp-json\/wp\/v2\/pages"}],"about":[{"href":"https:\/\/www.drocomplex.pl\/projekt\/wp-json\/wp\/v2\/types\/page"}],"author":[{"embeddable":true,"href":"https:\/\/www.drocomplex.pl\/projekt\/wp-json\/wp\/v2\/users\/2"}],"replies":[{"embeddable":true,"href":"https:\/\/www.drocomplex.pl\/projekt\/wp-json\/wp\/v2\/comments?post=277"}],"version-history":[{"count":21,"href":"https:\/\/www.drocomplex.pl\/projekt\/wp-json\/wp\/v2\/pages\/277\/revisions"}],"predecessor-version":[{"id":763,"href":"https:\/\/www.drocomplex.pl\/projekt\/wp-json\/wp\/v2\/pages\/277\/revisions\/763"}],"up":[{"embeddable":true,"href":"https:\/\/www.drocomplex.pl\/projekt\/wp-json\/wp\/v2\/pages\/252"}],"wp:attachment":[{"href":"https:\/\/www.drocomplex.pl\/projekt\/wp-json\/wp\/v2\/media?parent=277"}],"curies":[{"name":"wp","href":"https:\/\/api.w.org\/{rel}","templated":true}]}}