{"id":252,"date":"2022-04-01T12:24:05","date_gmt":"2022-04-01T10:24:05","guid":{"rendered":"https:\/\/www.drocomplex.pl\/projekt\/?page_id=252"},"modified":"2025-02-03T16:09:50","modified_gmt":"2025-02-03T15:09:50","slug":"oferta","status":"publish","type":"page","link":"https:\/\/www.drocomplex.pl\/projekt\/oferta\/","title":{"rendered":"Oferta"},"content":{"rendered":"<!--themify_builder_content-->\n<div id=\"themify_builder_content-252\" data-postid=\"252\" class=\"themify_builder_content themify_builder_content-252 themify_builder tf_clear\">\n                    <div  data-lazy=\"1\" class=\"module_row themify_builder_row tb_ply2643 tb_first tf_w wow\" data-tf-animation=\"fadeIn\">\n                        <div class=\"row_inner col_align_top tb_col_count_1 tf_box tf_rel\">\n                        <div  data-lazy=\"1\" class=\"module_column tb-column col-full tb_kzmj645 first\">\n                            <\/div>\n                        <\/div>\n        <\/div>\n                        <div  data-lazy=\"1\" class=\"module_row themify_builder_row tb_416p650 tf_w wow\" data-tf-animation=\"fadeIn\">\n                        <div class=\"row_inner col_align_top tb_col_count_1 tf_box tf_rel\">\n                        <div  data-lazy=\"1\" class=\"module_column tb-column col-full tb_6g7a651 first\">\n                    <!-- module text -->\n<div  class=\"module module-text tb_3yvb645    wow\" data-tf-animation=\"fadeIn\" data-tf-animation_delay=\"0.5\" data-lazy=\"1\">\n        <div  class=\"tb_text_wrap\">\n        <h1>Oferta<\/h1>    <\/div>\n<\/div>\n<!-- \/module text -->        <\/div>\n                        <\/div>\n        <\/div>\n                        <div  data-lazy=\"1\" class=\"module_row themify_builder_row tb_0epo281 tf_w wow\" data-tf-animation=\"fadeIn\">\n                        <div class=\"row_inner col_align_middle tb_col_count_2 tf_box tf_rel\">\n                        <div  data-lazy=\"1\" class=\"module_column tb-column col4-2 tb_gta3282 first\">\n                    <!-- module image -->\n<div  class=\"module module-image tb_cv4o609 image-top   tf_mw\" data-lazy=\"1\">\n        <div class=\"image-wrap tf_rel tf_mw\">\n            <img loading=\"lazy\" decoding=\"async\" src=\"https:\/\/www.drocomplex.pl\/projekt\/wp-content\/uploads\/2022\/04\/20190531_111913-1024x498-600x400.jpg\" width=\"600\" height=\"400\" class=\"wp-post-image wp-image-540\" title=\"20190531_111913\" alt=\"20190531_111913\">    \n        <\/div>\n    <!-- \/image-wrap -->\n    \n        <\/div>\n<!-- \/module image -->        <\/div>\n                    <div  data-lazy=\"1\" class=\"module_column tb-column col4-2 tb_ohq1281 last\">\n                    <!-- module text -->\n<div  class=\"module module-text tb_riyz661    wow\" data-tf-animation=\"fadeIn\" data-tf-animation_delay=\"0.5\" data-lazy=\"1\">\n        <div  class=\"tb_text_wrap\">\n        <h2 style=\"text-align: left;\">WYKONAWSTWO<\/h2>\n<p>Wykonujemy kompleksowe roboty w zakresie:<\/p>\n<ul>\n<li>wzmacniania no\u015bno\u015bci pod\u0142o\u017cy i podbud\u00f3w pod drogi KR1-KR6, place, posadzki hal, p\u0142yty lotniska, nasypy, wa\u0142y powodziowe, itp. z zastosowaniem spoiw chemicznych oraz hydraulicznych,<\/li>\n<li>osuszania grunt\u00f3w z zastosowaniem spoiw hydraulicznych,<\/li>\n<li>kapitalnych remont\u00f3w i modernizacji nawierzchni asfalto-betonowych poprzez g\u0142\u0119boki recykling mas drogowych po\u0142\u0105czony z ich stabilizacj\u0105,<\/li>\n<li>rekultywacji grunt\u00f3w.<\/li>\n<\/ul>    <\/div>\n<\/div>\n<!-- \/module text -->        <\/div>\n                        <\/div>\n        <\/div>\n                        <div  data-parallax-bg=\"desktop\" data-lazy=\"1\" class=\"module_row themify_builder_row tb_b7t3643 tf_w wow\" data-tf-animation=\"fadeIn\">\n                        <div class=\"row_inner col_align_top tb_col_count_1 tf_box tf_rel\">\n                        <div  data-lazy=\"1\" class=\"module_column tb-column col-full tb_w3on658 first\">\n                            <\/div>\n                        <\/div>\n        <\/div>\n                        <div  data-lazy=\"1\" class=\"module_row themify_builder_row tb_bheu643 tf_w wow\" data-tf-animation=\"fadeIn\">\n                        <div class=\"row_inner col_align_top tb_col_count_1 tf_box tf_rel\">\n                        <div  data-lazy=\"1\" class=\"module_column tb-column col-full tb_m3g8659 first\">\n                    <!-- module text -->\n<div  class=\"module module-text tb_1sj5659    wow\" data-tf-animation=\"fadeIn\" data-tf-animation_delay=\"0.5\" data-lazy=\"1\">\n        <div  class=\"tb_text_wrap\">\n        <h2 style=\"text-align: center;\">WYNAJEM MASZYN<\/h2>\n<p>Oferujemy wynajem specjalistycznych zestaw\u00f3w maszyn wraz z do\u015bwiadczon\u0105 obs\u0142ug\u0105 operatorsk\u0105:<\/p>\n<ul>\n<li>ulepszanie i stabilizacja grunt\u00f3w: ci\u0105gniki marki Fendt i Ladini pracuj\u0105ce ze stabilizatorami Stehr, FG 650, FAE SSH 225, FAE STABI\/H, rozsypywaczami X- Trail 9 i 12 m3, oraz beczk\u0105 na wod\u0119 Meprozet 6000 l i 5000 l,<\/li>\n<li>recykling nawierzchni: ci\u0105gniki marki Fendt Vario 936 wsp\u00f3\u0142pracuj\u0105ce z recyklerem wielozadaniowym FAE MTH 225 oraz ci\u0105gniki Landini pracuj\u0105ce z rozsypywaczami X- Trail 9 i 12 m3, oraz beczk\u0105 na wod\u0119 Meprozet 6000 l (z mo\u017cliwo\u015bci\u0105 dawkowania wody bezpo\u015brednio na b\u0119ben recyklera).<\/li>\n<li>rekultywacja grunt\u00f3w: ci\u0105gniki marki Fendt Vario 936 wsp\u00f3\u0142pracuj\u0105ce z recyklerem wielozadaniowym FAE SSH 225.<\/li>\n<li>makroniwelacja: r\u00f3wniarka HBM BG180TA-6 z systemem 3D Trimble, r\u00f3wniarka HBM BG 110 TA-5 z systemem 3D Trimble, oraz walec stalowo-gumowy HAMM i ogumiony AMMAN.<\/li>\n<\/ul>\n    <\/div>\n<\/div>\n<!-- \/module text -->        <\/div>\n                        <\/div>\n        <\/div>\n                        <div  data-lazy=\"1\" class=\"module_row themify_builder_row tb_41se956 tf_w wow\" data-tf-animation=\"fadeIn\">\n                        <div class=\"row_inner col_align_middle tb_col_count_2 tf_box tf_rel\">\n                        <div  data-lazy=\"1\" class=\"module_column tb-column col4-2 tb_7euq957 first\">\n                    <!-- module text -->\n<div  class=\"module module-text tb_p5j0957    wow\" data-tf-animation=\"fadeIn\" data-tf-animation_delay=\"0.5\" data-lazy=\"1\">\n        <div  class=\"tb_text_wrap\">\n        <h2>WYDAJNO\u015a\u0106 MASZYN<\/h2>\n<p style=\"text-align: justify;\">Uzale\u017cniona jest od rodzaju gruntu, warunk\u00f3w i g\u0142\u0119boko\u015bci pracy i wynosi do 20.000 m<sup>2<\/sup>\/dzie\u0144.<br \/>\nProponujemy atrakcyjne ceny wynajmu, ka\u017cdorazowo negocjowane pod konkretne zadanie.<\/p>\n<p>Zapraszamy do wsp\u00f3\u0142pracy.<\/p>\n    <\/div>\n<\/div>\n<!-- \/module text -->        <\/div>\n                    <div  data-lazy=\"1\" class=\"module_column tb-column col4-2 tb_nhsa957 last\">\n                    <!-- module image -->\n<div  class=\"module module-image tb_wuyl127 image-top   tf_mw\" data-lazy=\"1\">\n        <div class=\"image-wrap tf_rel tf_mw\">\n            <img loading=\"lazy\" decoding=\"async\" src=\"https:\/\/www.drocomplex.pl\/projekt\/wp-content\/uploads\/2022\/04\/20210818_153801-1024x576-600x400.jpg\" width=\"600\" height=\"400\" class=\"wp-post-image wp-image-544\" title=\"20210818_153801\" alt=\"20210818_153801\">    \n        <\/div>\n    <!-- \/image-wrap -->\n    \n        <\/div>\n<!-- \/module image -->        <\/div>\n                        <\/div>\n        <\/div>\n        <\/div>\n<!--\/themify_builder_content-->","protected":false},"excerpt":{"rendered":"<p>Oferta<\/p>\n","protected":false},"author":2,"featured_media":0,"parent":0,"menu_order":0,"comment_status":"closed","ping_status":"closed","template":"","meta":{"footnotes":""},"class_list":["post-252","page","type-page","status-publish","hentry","has-post-title","has-post-date","has-post-category","has-post-tag","has-post-comment","has-post-author",""],"builder_content":"<h1>Oferta<\/h1>\n<img src=\"https:\/\/www.drocomplex.pl\/projekt\/wp-content\/uploads\/2022\/04\/20190531_111913-1024x498-600x400.jpg\" width=\"600\" height=\"400\" title=\"20190531_111913\" alt=\"20190531_111913\">\n<h2 style=\"text-align: left;\">WYKONAWSTWO<\/h2> <p>Wykonujemy kompleksowe roboty w zakresie:<\/p> <ul> <li>wzmacniania no\u015bno\u015bci pod\u0142o\u017cy i podbud\u00f3w pod drogi KR1-KR6, place, posadzki hal, p\u0142yty lotniska, nasypy, wa\u0142y powodziowe, itp. z zastosowaniem spoiw chemicznych oraz hydraulicznych,<\/li> <li>osuszania grunt\u00f3w z zastosowaniem spoiw hydraulicznych,<\/li> <li>kapitalnych remont\u00f3w i modernizacji nawierzchni asfalto-betonowych poprzez g\u0142\u0119boki recykling mas drogowych po\u0142\u0105czony z ich stabilizacj\u0105,<\/li> <li>rekultywacji grunt\u00f3w.<\/li> <\/ul>\n<h2 style=\"text-align: center;\">WYNAJEM MASZYN<\/h2> <p>Oferujemy wynajem specjalistycznych zestaw\u00f3w maszyn wraz z do\u015bwiadczon\u0105 obs\u0142ug\u0105 operatorsk\u0105:<\/p> <ul> <li>ulepszanie i stabilizacja grunt\u00f3w: ci\u0105gniki marki Fendt i Ladini pracuj\u0105ce ze stabilizatorami Stehr, FG 650, FAE SSH 225, FAE STABI\/H, rozsypywaczami X- Trail 9 i 12 m3, oraz beczk\u0105 na wod\u0119 Meprozet 6000 l i 5000 l,<\/li> <li>recykling nawierzchni: ci\u0105gniki marki Fendt Vario 936 wsp\u00f3\u0142pracuj\u0105ce z recyklerem wielozadaniowym FAE MTH 225 oraz ci\u0105gniki Landini pracuj\u0105ce z rozsypywaczami X- Trail 9 i 12 m3, oraz beczk\u0105 na wod\u0119 Meprozet 6000 l (z mo\u017cliwo\u015bci\u0105 dawkowania wody bezpo\u015brednio na b\u0119ben recyklera).<\/li> <li>rekultywacja grunt\u00f3w: ci\u0105gniki marki Fendt Vario 936 wsp\u00f3\u0142pracuj\u0105ce z recyklerem wielozadaniowym FAE SSH 225.<\/li> <li>makroniwelacja: r\u00f3wniarka HBM BG180TA-6 z systemem 3D Trimble, r\u00f3wniarka HBM BG 110 TA-5 z systemem 3D Trimble, oraz walec stalowo-gumowy HAMM i ogumiony AMMAN.<\/li> <\/ul>\n<h2>WYDAJNO\u015a\u0106 MASZYN<\/h2> <p style=\"text-align: justify;\">Uzale\u017cniona jest od rodzaju gruntu, warunk\u00f3w i g\u0142\u0119boko\u015bci pracy i wynosi do 20.000 m<sup>2<\/sup>\/dzie\u0144.<br \/> Proponujemy atrakcyjne ceny wynajmu, ka\u017cdorazowo negocjowane pod konkretne zadanie.<\/p> <p>Zapraszamy do wsp\u00f3\u0142pracy.<\/p>\n<img src=\"https:\/\/www.drocomplex.pl\/projekt\/wp-content\/uploads\/2022\/04\/20210818_153801-1024x576-600x400.jpg\" width=\"600\" height=\"400\" title=\"20210818_153801\" alt=\"20210818_153801\">","_links":{"self":[{"href":"https:\/\/www.drocomplex.pl\/projekt\/wp-json\/wp\/v2\/pages\/252","targetHints":{"allow":["GET"]}}],"collection":[{"href":"https:\/\/www.drocomplex.pl\/projekt\/wp-json\/wp\/v2\/pages"}],"about":[{"href":"https:\/\/www.drocomplex.pl\/projekt\/wp-json\/wp\/v2\/types\/page"}],"author":[{"embeddable":true,"href":"https:\/\/www.drocomplex.pl\/projekt\/wp-json\/wp\/v2\/users\/2"}],"replies":[{"embeddable":true,"href":"https:\/\/www.drocomplex.pl\/projekt\/wp-json\/wp\/v2\/comments?post=252"}],"version-history":[{"count":21,"href":"https:\/\/www.drocomplex.pl\/projekt\/wp-json\/wp\/v2\/pages\/252\/revisions"}],"predecessor-version":[{"id":2089,"href":"https:\/\/www.drocomplex.pl\/projekt\/wp-json\/wp\/v2\/pages\/252\/revisions\/2089"}],"wp:attachment":[{"href":"https:\/\/www.drocomplex.pl\/projekt\/wp-json\/wp\/v2\/media?parent=252"}],"curies":[{"name":"wp","href":"https:\/\/api.w.org\/{rel}","templated":true}]}}