{"id":228,"date":"2022-04-01T10:30:24","date_gmt":"2022-04-01T08:30:24","guid":{"rendered":"https:\/\/www.drocomplex.pl\/projekt\/?page_id=228"},"modified":"2022-04-20T15:04:23","modified_gmt":"2022-04-20T13:04:23","slug":"stabilizacja-gruntu","status":"publish","type":"page","link":"https:\/\/www.drocomplex.pl\/projekt\/oferta\/stabilizacja-gruntu\/","title":{"rendered":"Stabilizacja gruntu"},"content":{"rendered":"<!--themify_builder_content-->\n<div id=\"themify_builder_content-228\" data-postid=\"228\" class=\"themify_builder_content themify_builder_content-228 themify_builder tf_clear\">\n                    <div  data-lazy=\"1\" class=\"module_row themify_builder_row tb_ply2643 tb_first tf_w wow\" data-tf-animation=\"fadeIn\">\n                        <div class=\"row_inner col_align_top tb_col_count_1 tf_box tf_rel\">\n                        <div  data-lazy=\"1\" class=\"module_column tb-column col-full tb_kzmj645 first\">\n                            <\/div>\n                        <\/div>\n        <\/div>\n                        <div  data-lazy=\"1\" class=\"module_row themify_builder_row tb_ydmi822 tf_w wow\" data-tf-animation=\"fadeIn\">\n            <span class=\"builder_row_cover tf_abs\"><\/span>            <div class=\"row_inner col_align_middle tb_col_count_2 tf_box tf_rel\">\n                        <div  data-lazy=\"1\" class=\"module_column tb-column col4-2 tb_57wx823 first\">\n                    <!-- module text -->\n<div  class=\"module module-text tb_mfeo672    wow\" data-tf-animation=\"fadeIn\" data-tf-animation_delay=\"0.5\" data-lazy=\"1\">\n        <div  class=\"tb_text_wrap\">\n        <h1>Stabilizacja gruntu<\/h1>    <\/div>\n<\/div>\n<!-- \/module text -->        <\/div>\n                    <div  data-lazy=\"1\" class=\"module_column tb-column col4-2 tb_f9rc737 last\">\n                    <!-- module text -->\n<div  class=\"module module-text tb_3yvb645    wow\" data-tf-animation=\"fadeIn\" data-tf-animation_delay=\"0.5\" data-lazy=\"1\">\n        <div  class=\"tb_text_wrap\">\n        <p>Celem tego procesu jest doprowadzenie pod\u0142o\u017ca do stanu, w kt\u00f3rym jego parametry zwi\u0105zane z wytrzyma\u0142o\u015bci\u0105 i no\u015bno\u015bci\u0105 spe\u0142ni\u0105 zak\u0142adane wymagania projektowe. Stabilizacja gruntu cementem, b\u0105d\u017a innym spoiwem pozwala unikn\u0105\u0107 kosztownych wymian gruntu oraz zminimalizowa\u0107 tradycyjne warstwy z kruszywa.<\/p>    <\/div>\n<\/div>\n<!-- \/module text -->        <\/div>\n                        <\/div>\n        <\/div>\n                        <div  data-lazy=\"1\" class=\"module_row themify_builder_row tb_0epo281 tf_w wow\" data-tf-animation=\"fadeIn\">\n                        <div class=\"row_inner direction_rtl col_align_middle tb_col_count_2 tf_box tf_rel\">\n                        <div  data-lazy=\"1\" class=\"module_column tb-column col4-2 tb_gta3282 first\">\n                            <\/div>\n                    <div  data-lazy=\"1\" class=\"module_column tb-column col4-2 tb_ohq1281 last\">\n                    <!-- module text -->\n<div  class=\"module module-text tb_riyz661  repeat  wow\" data-tf-animation=\"fadeIn\" data-tf-animation_delay=\"0.5\" data-lazy=\"1\">\n        <div  class=\"tb_text_wrap\">\n        <h2 style=\"text-align: center;\">Na czym polega stabilizacja pod\u0142o\u017ca<\/h2>\n<p>Procesowi poddawane s\u0105 grunty rodzime, kt\u00f3rych pr\u00f3bka jest badana geotechnicznie w laboratorium, a wyniki test\u00f3w pozwalaj\u0105 okre\u015bli\u0107, optymaln\u0105 ilo\u015b\u0107 spoiwa potrzebn\u0105 w procesie stabilizacji gruntu, zgodnie z norm\u0105 PN-S-96012:1997. Wszystkie materia\u0142y, kt\u00f3re wykorzystujemy do przeprowadzania stabilizacji gruntu cementem czy innym spoiwem, spe\u0142niaj\u0105 jej wytyczne.<\/p>\n<p>Istniej\u0105 dwie metody przygotowania mieszanki do stabilizacji cementem: in situ oraz in place. Ten drugi spos\u00f3b wymaga wykorzystania maszyny stacjonarnej KMA. Jej praca kontrolowana jest elektronicznie, jednak wykonany produkt jak i materia\u0142y potrzebne do wykonania stabilizacji nale\u017cy przewie\u017a\u0107 na miejsce, co zwi\u0119ksza koszty ca\u0142ego procesu. Z tego powodu lepszym rozwi\u0105zaniem jest wykonanie stabilizacji pod\u0142o\u017ca na miejscu. W tym celu u\u017cywa si\u0119 specjalistycznych recykler\u00f3w, kt\u00f3re pracuj\u0105 dok\u0142adnie tam, gdzie prowadzone s\u0105 prace.<\/p>    <\/div>\n<\/div>\n<!-- \/module text -->        <\/div>\n                        <\/div>\n        <\/div>\n                        <div  data-parallax-bg=\"desktop\" data-lazy=\"1\" class=\"module_row themify_builder_row tb_b7t3643 tf_w wow\" data-tf-animation=\"fadeIn\">\n                        <div class=\"row_inner col_align_top tb_col_count_1 tf_box tf_rel\">\n                        <div  data-lazy=\"1\" class=\"module_column tb-column col-full tb_w3on658 first\">\n                            <\/div>\n                        <\/div>\n        <\/div>\n                        <div  data-lazy=\"1\" class=\"module_row themify_builder_row tb_bheu643 tf_w wow\" data-tf-animation=\"fadeIn\">\n                        <div class=\"row_inner col_align_top tb_col_count_1 tf_box tf_rel\">\n                        <div  data-lazy=\"1\" class=\"module_column tb-column col-full tb_m3g8659 first\">\n                    <!-- module text -->\n<div  class=\"module module-text tb_0qn6568    wow\" data-tf-animation=\"fadeIn\" data-tf-animation_delay=\"0.5\" data-lazy=\"1\">\n        <div  class=\"tb_text_wrap\">\n        <h2 style=\"text-align: center;\">Nowoczesne i ekologiczne stabilizowanie gruntu<\/h2>\n<p>Opracowane w laboratoriach i wdro\u017cone w budownictwie nowe komponenty, uzupe\u0142niaj\u0105ce dotychczasowe spoiwa, wprowadzaj\u0105 nas w now\u0105 er\u0119 stabilizacji gruntu. Chodzi tu o \u015brodki jonowymienne, czy hydrofobowe, kt\u00f3re obecnie sta\u0142y si\u0119 powszechnie wykorzystywane w procesie wzmacniania pod\u0142o\u017ca.<\/p>\n<p>Nasza firma korzysta mi\u0119dzy innymi z jonowymiennych dodatk\u00f3w takich jak Infracrete, Geocrete, Geosta, Roadbond En-1, UPD. Odpowiednie wykorzystanie tego typu komponent\u00f3w prowadzi do znacznego wzrostu wytrzyma\u0142o\u015bci na \u015bciskanie, zwi\u0119kszenia statycznego i dynamicznego modu\u0142u odkszta\u0142cenia, wytrzyma\u0142o\u015bci na zginanie oraz rozci\u0105ganie, a tak\u017ce powoduje wzrost mrozoodporno\u015bci bez powstania p\u0119kni\u0119\u0107. Z kolei ziarnisty dodatek hydrofobowy SiccaBASE zwi\u0119ksza w spos\u00f3b trwa\u0142y odporno\u015b\u0107 gruntu na absorpcj\u0119 kapilarn\u0105 wody.<\/p>\n    <\/div>\n<\/div>\n<!-- \/module text -->        <\/div>\n                        <\/div>\n        <\/div>\n                        <div  data-lazy=\"1\" class=\"module_row themify_builder_row tb_41se956 tf_w wow\" data-tf-animation=\"fadeIn\">\n                        <div class=\"row_inner direction_rtl col_align_middle tb_col_count_2 tf_box tf_rel\">\n                        <div  data-lazy=\"1\" class=\"module_column tb-column col4-2 tb_7euq957 first\">\n                    <!-- module text -->\n<div  class=\"module module-text tb_mzk5363  repeat  wow\" data-tf-animation=\"fadeIn\" data-tf-animation_delay=\"0.5\" data-lazy=\"1\">\n        <div  class=\"tb_text_wrap\">\n        <h2 style=\"text-align: center;\">Stabilizacja metod\u0105 mieszania na miejscu (in situ)<\/h2>\n<p style=\"text-align: justify;\">Jest to proces technologiczny polegaj\u0105cy na dozowaniu odpowiednio dobranego spoiwa, wed\u0142ug przygotowanej receptury laboratoryjnej, na uprzednio zniwelowanym do wymaganych rz\u0119dnych pod\u0142o\u017cu. Kolejnym etapem jest przejazd recyklera, kt\u00f3rego b\u0119ben miesza roz\u0142o\u017cone spoiwo wraz z pod\u0142o\u017cem na zadan\u0105 g\u0142\u0119boko\u015b\u0107 (zwykle 15 &#8211; 45 cm). Po przemieszaniu gruntu ze spoiwem uzyskujemy mieszank\u0119, kt\u00f3ra w nast\u0119pnej fazie prac podlega wa\u0142owaniu (zag\u0119szczaniu) i profilowaniu pod zadane cechy geometryczne. Ostatnim etapem prac jest piel\u0119gnacja ustabilizowanej warstwy, poprzez polewanie wod\u0105.<\/p>    <\/div>\n<\/div>\n<!-- \/module text -->        <div  data-lazy=\"1\" class=\"module_subrow themify_builder_sub_row tf_w col_align_top tb_col_count_2 tb_9fqj957 wow\" data-tf-animation=\"fadeIn\" data-tf-animation_delay=\"0.7\">\n                <div  data-lazy=\"1\" class=\"module_column sub_column col2-1 tb_0t55958 first\">\n                    <!-- module text -->\n<div  class=\"module module-text tb_fmia958   \" data-lazy=\"1\">\n        <div  class=\"tb_text_wrap\">\n        <p><strong>ZALETY<\/strong><\/p>\n<ul>\n<li>du\u017ca wydajno\u015b\u0107 i kr\u00f3tki czas realizacji,<\/li>\n<li>korzystny efekt ekonomiczny,<\/li>\n<li>walory ekologiczne,<\/li>\n<li>wysoka jako\u015b\u0107 i wieloletnia trwa\u0142o\u015b\u0107 produktu.<\/li>\n<\/ul>    <\/div>\n<\/div>\n<!-- \/module text -->        <\/div>\n                    <div  data-lazy=\"1\" class=\"module_column sub_column col2-1 tb_vooi958 last\">\n                    <!-- module text -->\n<div  class=\"module module-text tb_ziyg958   \" data-lazy=\"1\">\n        <div  class=\"tb_text_wrap\">\n        <p><strong>ZASTOSOWANIE<\/strong><\/p>\n<ul>\n<li>wzmacnianie i ulepszanie pod\u0142o\u017cy drogowych,<\/li>\n<li>budowa dr\u00f3g le\u015bnych i dojazdowych,<\/li>\n<li>budowa \u015bcie\u017cek rowerowych,<\/li>\n<li>wzmacnianie podtorzy kolejowych,<\/li>\n<li>budowa nasyp\u00f3w i wa\u0142\u00f3w powodziowych,<\/li>\n<li>wzmacnianie i ulepszanie gruntu pod p\u0142yty lotniska, posadzki hal, parkingi.<\/li>\n<\/ul>    <\/div>\n<\/div>\n<!-- \/module text -->        <\/div>\n                    <\/div>\n                <\/div>\n                    <div  data-lazy=\"1\" class=\"module_column tb-column col4-2 tb_nhsa957 last\">\n                            <\/div>\n                        <\/div>\n        <\/div>\n        <\/div>\n<!--\/themify_builder_content-->","protected":false},"excerpt":{"rendered":"<p>Stabilizacja gruntu Celem tego procesu jest doprowadzenie pod\u0142o\u017ca do stanu, w kt\u00f3rym jego parametry zwi\u0105zane z wytrzyma\u0142o\u015bci\u0105 i no\u015bno\u015bci\u0105 spe\u0142ni\u0105 zak\u0142adane wymagania projektowe. Stabilizacja gruntu cementem, b\u0105d\u017a innym spoiwem pozwala unikn\u0105\u0107 kosztownych wymian gruntu oraz zminimalizowa\u0107 tradycyjne warstwy z kruszywa. Na czym polega stabilizacja pod\u0142o\u017ca Procesowi poddawane s\u0105 grunty rodzime, kt\u00f3rych pr\u00f3bka jest badana geotechnicznie [&hellip;]<\/p>\n","protected":false},"author":2,"featured_media":0,"parent":252,"menu_order":0,"comment_status":"closed","ping_status":"closed","template":"","meta":{"footnotes":""},"class_list":["post-228","page","type-page","status-publish","hentry","has-post-title","has-post-date","has-post-category","has-post-tag","has-post-comment","has-post-author",""],"builder_content":"<h1>Stabilizacja gruntu<\/h1>\n<p>Celem tego procesu jest doprowadzenie pod\u0142o\u017ca do stanu, w kt\u00f3rym jego parametry zwi\u0105zane z wytrzyma\u0142o\u015bci\u0105 i no\u015bno\u015bci\u0105 spe\u0142ni\u0105 zak\u0142adane wymagania projektowe. Stabilizacja gruntu cementem, b\u0105d\u017a innym spoiwem pozwala unikn\u0105\u0107 kosztownych wymian gruntu oraz zminimalizowa\u0107 tradycyjne warstwy z kruszywa.<\/p>\n<h2 style=\"text-align: center;\">Na czym polega stabilizacja pod\u0142o\u017ca<\/h2> <p>Procesowi poddawane s\u0105 grunty rodzime, kt\u00f3rych pr\u00f3bka jest badana geotechnicznie w laboratorium, a wyniki test\u00f3w pozwalaj\u0105 okre\u015bli\u0107, optymaln\u0105 ilo\u015b\u0107 spoiwa potrzebn\u0105 w procesie stabilizacji gruntu, zgodnie z norm\u0105 PN-S-96012:1997. Wszystkie materia\u0142y, kt\u00f3re wykorzystujemy do przeprowadzania stabilizacji gruntu cementem czy innym spoiwem, spe\u0142niaj\u0105 jej wytyczne.<\/p> <p>Istniej\u0105 dwie metody przygotowania mieszanki do stabilizacji cementem: in situ oraz in place. Ten drugi spos\u00f3b wymaga wykorzystania maszyny stacjonarnej KMA. Jej praca kontrolowana jest elektronicznie, jednak wykonany produkt jak i materia\u0142y potrzebne do wykonania stabilizacji nale\u017cy przewie\u017a\u0107 na miejsce, co zwi\u0119ksza koszty ca\u0142ego procesu. Z tego powodu lepszym rozwi\u0105zaniem jest wykonanie stabilizacji pod\u0142o\u017ca na miejscu. W tym celu u\u017cywa si\u0119 specjalistycznych recykler\u00f3w, kt\u00f3re pracuj\u0105 dok\u0142adnie tam, gdzie prowadzone s\u0105 prace.<\/p>\n<h2 style=\"text-align: center;\">Nowoczesne i ekologiczne stabilizowanie gruntu<\/h2> <p>Opracowane w laboratoriach i wdro\u017cone w budownictwie nowe komponenty, uzupe\u0142niaj\u0105ce dotychczasowe spoiwa, wprowadzaj\u0105 nas w now\u0105 er\u0119 stabilizacji gruntu. Chodzi tu o \u015brodki jonowymienne, czy hydrofobowe, kt\u00f3re obecnie sta\u0142y si\u0119 powszechnie wykorzystywane w procesie wzmacniania pod\u0142o\u017ca.<\/p> <p>Nasza firma korzysta mi\u0119dzy innymi z jonowymiennych dodatk\u00f3w takich jak Infracrete, Geocrete, Geosta, Roadbond En-1, UPD. Odpowiednie wykorzystanie tego typu komponent\u00f3w prowadzi do znacznego wzrostu wytrzyma\u0142o\u015bci na \u015bciskanie, zwi\u0119kszenia statycznego i dynamicznego modu\u0142u odkszta\u0142cenia, wytrzyma\u0142o\u015bci na zginanie oraz rozci\u0105ganie, a tak\u017ce powoduje wzrost mrozoodporno\u015bci bez powstania p\u0119kni\u0119\u0107. Z kolei ziarnisty dodatek hydrofobowy SiccaBASE zwi\u0119ksza w spos\u00f3b trwa\u0142y odporno\u015b\u0107 gruntu na absorpcj\u0119 kapilarn\u0105 wody.<\/p>\n<h2 style=\"text-align: center;\">Stabilizacja metod\u0105 mieszania na miejscu (in situ)<\/h2> <p style=\"text-align: justify;\">Jest to proces technologiczny polegaj\u0105cy na dozowaniu odpowiednio dobranego spoiwa, wed\u0142ug przygotowanej receptury laboratoryjnej, na uprzednio zniwelowanym do wymaganych rz\u0119dnych pod\u0142o\u017cu. Kolejnym etapem jest przejazd recyklera, kt\u00f3rego b\u0119ben miesza roz\u0142o\u017cone spoiwo wraz z pod\u0142o\u017cem na zadan\u0105 g\u0142\u0119boko\u015b\u0107 (zwykle 15 - 45 cm). Po przemieszaniu gruntu ze spoiwem uzyskujemy mieszank\u0119, kt\u00f3ra w nast\u0119pnej fazie prac podlega wa\u0142owaniu (zag\u0119szczaniu) i profilowaniu pod zadane cechy geometryczne. Ostatnim etapem prac jest piel\u0119gnacja ustabilizowanej warstwy, poprzez polewanie wod\u0105.<\/p>\n<p><strong>ZALETY<\/strong><\/p> <ul> <li>du\u017ca wydajno\u015b\u0107 i kr\u00f3tki czas realizacji,<\/li> <li>korzystny efekt ekonomiczny,<\/li> <li>walory ekologiczne,<\/li> <li>wysoka jako\u015b\u0107 i wieloletnia trwa\u0142o\u015b\u0107 produktu.<\/li> <\/ul>\n<p><strong>ZASTOSOWANIE<\/strong><\/p> <ul> <li>wzmacnianie i ulepszanie pod\u0142o\u017cy drogowych,<\/li> <li>budowa dr\u00f3g le\u015bnych i dojazdowych,<\/li> <li>budowa \u015bcie\u017cek rowerowych,<\/li> <li>wzmacnianie podtorzy kolejowych,<\/li> <li>budowa nasyp\u00f3w i wa\u0142\u00f3w powodziowych,<\/li> <li>wzmacnianie i ulepszanie gruntu pod p\u0142yty lotniska, posadzki hal, parkingi.<\/li> <\/ul>","_links":{"self":[{"href":"https:\/\/www.drocomplex.pl\/projekt\/wp-json\/wp\/v2\/pages\/228","targetHints":{"allow":["GET"]}}],"collection":[{"href":"https:\/\/www.drocomplex.pl\/projekt\/wp-json\/wp\/v2\/pages"}],"about":[{"href":"https:\/\/www.drocomplex.pl\/projekt\/wp-json\/wp\/v2\/types\/page"}],"author":[{"embeddable":true,"href":"https:\/\/www.drocomplex.pl\/projekt\/wp-json\/wp\/v2\/users\/2"}],"replies":[{"embeddable":true,"href":"https:\/\/www.drocomplex.pl\/projekt\/wp-json\/wp\/v2\/comments?post=228"}],"version-history":[{"count":33,"href":"https:\/\/www.drocomplex.pl\/projekt\/wp-json\/wp\/v2\/pages\/228\/revisions"}],"predecessor-version":[{"id":719,"href":"https:\/\/www.drocomplex.pl\/projekt\/wp-json\/wp\/v2\/pages\/228\/revisions\/719"}],"up":[{"embeddable":true,"href":"https:\/\/www.drocomplex.pl\/projekt\/wp-json\/wp\/v2\/pages\/252"}],"wp:attachment":[{"href":"https:\/\/www.drocomplex.pl\/projekt\/wp-json\/wp\/v2\/media?parent=228"}],"curies":[{"name":"wp","href":"https:\/\/api.w.org\/{rel}","templated":true}]}}